{"id":61134,"date":"2026-01-30T15:33:54","date_gmt":"2026-01-30T14:33:54","guid":{"rendered":"https:\/\/itemm.fr\/itemm\/?post_type=product&#038;p=61134"},"modified":"2026-03-09T15:11:21","modified_gmt":"2026-03-09T14:11:21","slug":"maintenance-avancee-des-saxophones","status":"publish","type":"product","link":"https:\/\/itemm.fr\/itemm\/produit\/maintenance-avancee-des-saxophones\/","title":{"rendered":"Maintenance avanc\u00e9e des saxophones"},"content":{"rendered":"<p data-path-to-node=\"8\"><b data-path-to-node=\"8\" data-index-in-node=\"0\">Objectifs du perfectionnement :<\/b><\/p>\n<ol start=\"1\" data-path-to-node=\"9\">\n<li>\n<p data-path-to-node=\"9,0,0\"><b data-path-to-node=\"9,0,0\" data-index-in-node=\"0\">\u00c9tablir<\/b> un diagnostic m\u00e9thodologique et prioriser les interventions de maintenance.<\/p>\n<\/li>\n<li>\n<p data-path-to-node=\"9,1,0\"><b data-path-to-node=\"9,1,0\" data-index-in-node=\"0\">R\u00e9aliser<\/b> des sauvetages structurels complexes sur le bois et les composants m\u00e9caniques.<\/p>\n<\/li>\n<li>\n<p data-path-to-node=\"9,2,0\"><b data-path-to-node=\"9,2,0\" data-index-in-node=\"0\">Optimiser<\/b> l&#8217;\u00e9mission sonore par la ma\u00eetrise des techniques de tamponnage multi-mat\u00e9riaux.<\/p>\n<\/li>\n<li>\n<p data-path-to-node=\"9,3,0\"><b data-path-to-node=\"9,3,0\" data-index-in-node=\"0\">Assurer<\/b> la parfaite fonctionnalit\u00e9 m\u00e9canique de l&#8217;instrument et sa conformit\u00e9 aux diff\u00e9rents syst\u00e8mes de cl\u00e9tage.<\/p>\n<\/li>\n<\/ol>\n","protected":false},"excerpt":{"rendered":"<p>Ma\u00eetrisez les techniques avanc\u00e9es de lutherie vents : r\u00e9paration d&#8217;\u00e9clats, remplacement de ressorts et r\u00e9glages m\u00e9caniques. Formation individualis\u00e9e.<\/p>\n","protected":false},"featured_media":61136,"template":"","meta":{"_acf_changed":false},"product_brand":[],"product_cat":[3144],"product_tag":[3244,3247],"class_list":{"0":"post-61134","1":"product","2":"type-product","3":"status-publish","4":"has-post-thumbnail","6":"product_cat-instrument-a-vent","7":"product_tag-maintenance","8":"product_tag-saxophone","9":"description-off","11":"first","12":"instock","13":"shipping-taxable","14":"purchasable","15":"product-type-simple"},"acf":[],"yoast_head":"<!-- This site is optimized with the Yoast SEO plugin v27.5 - https:\/\/yoast.com\/product\/yoast-seo-wordpress\/ -->\n<title>Maintenance avanc\u00e9e des saxophones | Itemm -<\/title>\n<meta name=\"description\" content=\"Perfectionnez-vous en maintenance de saxophone : diagnostic, d\u00e9bosselage, remplacement de ressorts et bouchage de tampons cuir ou t\u00e9flon. Stage intensif\" \/>\n<meta name=\"robots\" content=\"index, follow, max-snippet:-1, max-image-preview:large, max-video-preview:-1\" \/>\n<link rel=\"canonical\" href=\"https:\/\/itemm.fr\/itemm\/produit\/maintenance-avancee-des-saxophones\/\" \/>\n<meta property=\"og:locale\" content=\"fr_FR\" \/>\n<meta property=\"og:type\" content=\"article\" \/>\n<meta property=\"og:title\" content=\"Maintenance avanc\u00e9e des saxophones | Itemm -\" \/>\n<meta property=\"og:description\" content=\"Perfectionnez-vous en maintenance de saxophone : diagnostic, d\u00e9bosselage, remplacement de ressorts et bouchage de tampons cuir ou t\u00e9flon. Stage intensif\" \/>\n<meta property=\"og:url\" content=\"https:\/\/itemm.fr\/itemm\/produit\/maintenance-avancee-des-saxophones\/\" \/>\n<meta property=\"og:site_name\" content=\"Itemm -\" \/>\n<meta property=\"article:publisher\" content=\"https:\/\/www.facebook.com\/itemm.lemans\" \/>\n<meta property=\"article:modified_time\" content=\"2026-03-09T14:11:21+00:00\" \/>\n<meta property=\"og:image\" content=\"https:\/\/itemm.fr\/itemm\/wp-content\/uploads\/2026\/01\/P1022042-scaled.jpg\" \/>\n\t<meta property=\"og:image:width\" content=\"2560\" \/>\n\t<meta property=\"og:image:height\" content=\"1442\" \/>\n\t<meta property=\"og:image:type\" content=\"image\/jpeg\" \/>\n<script type=\"application\/ld+json\" class=\"yoast-schema-graph\">{\"@context\":\"https:\\\/\\\/schema.org\",\"@graph\":[{\"@type\":\"WebPage\",\"@id\":\"https:\\\/\\\/itemm.fr\\\/itemm\\\/produit\\\/maintenance-avancee-des-saxophones\\\/\",\"url\":\"https:\\\/\\\/itemm.fr\\\/itemm\\\/produit\\\/maintenance-avancee-des-saxophones\\\/\",\"name\":\"Maintenance avanc\u00e9e des saxophones | Itemm -\",\"isPartOf\":{\"@id\":\"https:\\\/\\\/itemm.fr\\\/itemm\\\/#website\"},\"primaryImageOfPage\":{\"@id\":\"https:\\\/\\\/itemm.fr\\\/itemm\\\/produit\\\/maintenance-avancee-des-saxophones\\\/#primaryimage\"},\"image\":{\"@id\":\"https:\\\/\\\/itemm.fr\\\/itemm\\\/produit\\\/maintenance-avancee-des-saxophones\\\/#primaryimage\"},\"thumbnailUrl\":\"https:\\\/\\\/itemm.fr\\\/itemm\\\/wp-content\\\/uploads\\\/2026\\\/01\\\/P1022042-scaled.jpg\",\"datePublished\":\"2026-01-30T14:33:54+00:00\",\"dateModified\":\"2026-03-09T14:11:21+00:00\",\"description\":\"Perfectionnez-vous en maintenance de saxophone : diagnostic, d\u00e9bosselage, remplacement de ressorts et bouchage de tampons cuir ou t\u00e9flon. Stage intensif\",\"breadcrumb\":{\"@id\":\"https:\\\/\\\/itemm.fr\\\/itemm\\\/produit\\\/maintenance-avancee-des-saxophones\\\/#breadcrumb\"},\"inLanguage\":\"fr-FR\",\"potentialAction\":[{\"@type\":\"ReadAction\",\"target\":[\"https:\\\/\\\/itemm.fr\\\/itemm\\\/produit\\\/maintenance-avancee-des-saxophones\\\/\"]}]},{\"@type\":\"ImageObject\",\"inLanguage\":\"fr-FR\",\"@id\":\"https:\\\/\\\/itemm.fr\\\/itemm\\\/produit\\\/maintenance-avancee-des-saxophones\\\/#primaryimage\",\"url\":\"https:\\\/\\\/itemm.fr\\\/itemm\\\/wp-content\\\/uploads\\\/2026\\\/01\\\/P1022042-scaled.jpg\",\"contentUrl\":\"https:\\\/\\\/itemm.fr\\\/itemm\\\/wp-content\\\/uploads\\\/2026\\\/01\\\/P1022042-scaled.jpg\",\"width\":2000,\"height\":1127},{\"@type\":\"BreadcrumbList\",\"@id\":\"https:\\\/\\\/itemm.fr\\\/itemm\\\/produit\\\/maintenance-avancee-des-saxophones\\\/#breadcrumb\",\"itemListElement\":[{\"@type\":\"ListItem\",\"position\":1,\"name\":\"Accueil\",\"item\":\"https:\\\/\\\/itemm.fr\\\/itemm\\\/\"},{\"@type\":\"ListItem\",\"position\":2,\"name\":\"Produits\",\"item\":\"https:\\\/\\\/itemm.fr\\\/itemm\\\/shop\\\/\"},{\"@type\":\"ListItem\",\"position\":3,\"name\":\"Maintenance avanc\u00e9e des saxophones\"}]},{\"@type\":\"WebSite\",\"@id\":\"https:\\\/\\\/itemm.fr\\\/itemm\\\/#website\",\"url\":\"https:\\\/\\\/itemm.fr\\\/itemm\\\/\",\"name\":\"Itemm\",\"description\":\"Institut technologique europ\u00e9en des m\u00e9tiers de la musique au Mans (72)\",\"publisher\":{\"@id\":\"https:\\\/\\\/itemm.fr\\\/itemm\\\/#organization\"},\"potentialAction\":[{\"@type\":\"SearchAction\",\"target\":{\"@type\":\"EntryPoint\",\"urlTemplate\":\"https:\\\/\\\/itemm.fr\\\/itemm\\\/?s={search_term_string}\"},\"query-input\":{\"@type\":\"PropertyValueSpecification\",\"valueRequired\":true,\"valueName\":\"search_term_string\"}}],\"inLanguage\":\"fr-FR\"},{\"@type\":\"Organization\",\"@id\":\"https:\\\/\\\/itemm.fr\\\/itemm\\\/#organization\",\"name\":\"ITEMM\",\"alternateName\":\"ITEMM\",\"url\":\"https:\\\/\\\/itemm.fr\\\/itemm\\\/\",\"logo\":{\"@type\":\"ImageObject\",\"inLanguage\":\"fr-FR\",\"@id\":\"https:\\\/\\\/itemm.fr\\\/itemm\\\/#\\\/schema\\\/logo\\\/image\\\/\",\"url\":\"https:\\\/\\\/itemm.fr\\\/itemm\\\/wp-content\\\/uploads\\\/2021\\\/12\\\/logo-itemm-piano-on.png\",\"contentUrl\":\"https:\\\/\\\/itemm.fr\\\/itemm\\\/wp-content\\\/uploads\\\/2021\\\/12\\\/logo-itemm-piano-on.png\",\"width\":446,\"height\":294,\"caption\":\"ITEMM\"},\"image\":{\"@id\":\"https:\\\/\\\/itemm.fr\\\/itemm\\\/#\\\/schema\\\/logo\\\/image\\\/\"},\"sameAs\":[\"https:\\\/\\\/www.facebook.com\\\/itemm.lemans\",\"https:\\\/\\\/www.instagram.com\\\/itemmlemans\\\/\",\"https:\\\/\\\/www.linkedin.com\\\/in\\\/itemm\\\/\"]}]}<\/script>\n<!-- \/ Yoast SEO plugin. -->","yoast_head_json":{"title":"Maintenance avanc\u00e9e des saxophones | Itemm -","description":"Perfectionnez-vous en maintenance de saxophone : diagnostic, d\u00e9bosselage, remplacement de ressorts et bouchage de tampons cuir ou t\u00e9flon. Stage intensif","robots":{"index":"index","follow":"follow","max-snippet":"max-snippet:-1","max-image-preview":"max-image-preview:large","max-video-preview":"max-video-preview:-1"},"canonical":"https:\/\/itemm.fr\/itemm\/produit\/maintenance-avancee-des-saxophones\/","og_locale":"fr_FR","og_type":"article","og_title":"Maintenance avanc\u00e9e des saxophones | Itemm -","og_description":"Perfectionnez-vous en maintenance de saxophone : diagnostic, d\u00e9bosselage, remplacement de ressorts et bouchage de tampons cuir ou t\u00e9flon. Stage intensif","og_url":"https:\/\/itemm.fr\/itemm\/produit\/maintenance-avancee-des-saxophones\/","og_site_name":"Itemm -","article_publisher":"https:\/\/www.facebook.com\/itemm.lemans","article_modified_time":"2026-03-09T14:11:21+00:00","og_image":[{"width":2560,"height":1442,"url":"https:\/\/itemm.fr\/itemm\/wp-content\/uploads\/2026\/01\/P1022042-scaled.jpg","type":"image\/jpeg"}],"schema":{"@context":"https:\/\/schema.org","@graph":[{"@type":"WebPage","@id":"https:\/\/itemm.fr\/itemm\/produit\/maintenance-avancee-des-saxophones\/","url":"https:\/\/itemm.fr\/itemm\/produit\/maintenance-avancee-des-saxophones\/","name":"Maintenance avanc\u00e9e des saxophones | Itemm -","isPartOf":{"@id":"https:\/\/itemm.fr\/itemm\/#website"},"primaryImageOfPage":{"@id":"https:\/\/itemm.fr\/itemm\/produit\/maintenance-avancee-des-saxophones\/#primaryimage"},"image":{"@id":"https:\/\/itemm.fr\/itemm\/produit\/maintenance-avancee-des-saxophones\/#primaryimage"},"thumbnailUrl":"https:\/\/itemm.fr\/itemm\/wp-content\/uploads\/2026\/01\/P1022042-scaled.jpg","datePublished":"2026-01-30T14:33:54+00:00","dateModified":"2026-03-09T14:11:21+00:00","description":"Perfectionnez-vous en maintenance de saxophone : diagnostic, d\u00e9bosselage, remplacement de ressorts et bouchage de tampons cuir ou t\u00e9flon. Stage intensif","breadcrumb":{"@id":"https:\/\/itemm.fr\/itemm\/produit\/maintenance-avancee-des-saxophones\/#breadcrumb"},"inLanguage":"fr-FR","potentialAction":[{"@type":"ReadAction","target":["https:\/\/itemm.fr\/itemm\/produit\/maintenance-avancee-des-saxophones\/"]}]},{"@type":"ImageObject","inLanguage":"fr-FR","@id":"https:\/\/itemm.fr\/itemm\/produit\/maintenance-avancee-des-saxophones\/#primaryimage","url":"https:\/\/itemm.fr\/itemm\/wp-content\/uploads\/2026\/01\/P1022042-scaled.jpg","contentUrl":"https:\/\/itemm.fr\/itemm\/wp-content\/uploads\/2026\/01\/P1022042-scaled.jpg","width":2000,"height":1127},{"@type":"BreadcrumbList","@id":"https:\/\/itemm.fr\/itemm\/produit\/maintenance-avancee-des-saxophones\/#breadcrumb","itemListElement":[{"@type":"ListItem","position":1,"name":"Accueil","item":"https:\/\/itemm.fr\/itemm\/"},{"@type":"ListItem","position":2,"name":"Produits","item":"https:\/\/itemm.fr\/itemm\/shop\/"},{"@type":"ListItem","position":3,"name":"Maintenance avanc\u00e9e des saxophones"}]},{"@type":"WebSite","@id":"https:\/\/itemm.fr\/itemm\/#website","url":"https:\/\/itemm.fr\/itemm\/","name":"Itemm","description":"Institut technologique europ\u00e9en des m\u00e9tiers de la musique au Mans (72)","publisher":{"@id":"https:\/\/itemm.fr\/itemm\/#organization"},"potentialAction":[{"@type":"SearchAction","target":{"@type":"EntryPoint","urlTemplate":"https:\/\/itemm.fr\/itemm\/?s={search_term_string}"},"query-input":{"@type":"PropertyValueSpecification","valueRequired":true,"valueName":"search_term_string"}}],"inLanguage":"fr-FR"},{"@type":"Organization","@id":"https:\/\/itemm.fr\/itemm\/#organization","name":"ITEMM","alternateName":"ITEMM","url":"https:\/\/itemm.fr\/itemm\/","logo":{"@type":"ImageObject","inLanguage":"fr-FR","@id":"https:\/\/itemm.fr\/itemm\/#\/schema\/logo\/image\/","url":"https:\/\/itemm.fr\/itemm\/wp-content\/uploads\/2021\/12\/logo-itemm-piano-on.png","contentUrl":"https:\/\/itemm.fr\/itemm\/wp-content\/uploads\/2021\/12\/logo-itemm-piano-on.png","width":446,"height":294,"caption":"ITEMM"},"image":{"@id":"https:\/\/itemm.fr\/itemm\/#\/schema\/logo\/image\/"},"sameAs":["https:\/\/www.facebook.com\/itemm.lemans","https:\/\/www.instagram.com\/itemmlemans\/","https:\/\/www.linkedin.com\/in\/itemm\/"]}]}},"_links":{"self":[{"href":"https:\/\/itemm.fr\/itemm\/wp-json\/wp\/v2\/product\/61134","targetHints":{"allow":["GET"]}}],"collection":[{"href":"https:\/\/itemm.fr\/itemm\/wp-json\/wp\/v2\/product"}],"about":[{"href":"https:\/\/itemm.fr\/itemm\/wp-json\/wp\/v2\/types\/product"}],"version-history":[{"count":0,"href":"https:\/\/itemm.fr\/itemm\/wp-json\/wp\/v2\/product\/61134\/revisions"}],"wp:featuredmedia":[{"embeddable":true,"href":"https:\/\/itemm.fr\/itemm\/wp-json\/wp\/v2\/media\/61136"}],"wp:attachment":[{"href":"https:\/\/itemm.fr\/itemm\/wp-json\/wp\/v2\/media?parent=61134"}],"wp:term":[{"taxonomy":"product_brand","embeddable":true,"href":"https:\/\/itemm.fr\/itemm\/wp-json\/wp\/v2\/product_brand?post=61134"},{"taxonomy":"product_cat","embeddable":true,"href":"https:\/\/itemm.fr\/itemm\/wp-json\/wp\/v2\/product_cat?post=61134"},{"taxonomy":"product_tag","embeddable":true,"href":"https:\/\/itemm.fr\/itemm\/wp-json\/wp\/v2\/product_tag?post=61134"}],"curies":[{"name":"wp","href":"https:\/\/api.w.org\/{rel}","templated":true}]}}