{"id":61124,"date":"2026-01-30T14:59:57","date_gmt":"2026-01-30T13:59:57","guid":{"rendered":"https:\/\/itemm.fr\/itemm\/?post_type=product&#038;p=61124"},"modified":"2026-01-30T14:59:57","modified_gmt":"2026-01-30T13:59:57","slug":"maintenance-avancee-des-flutes-traversieres","status":"publish","type":"product","link":"https:\/\/itemm.fr\/itemm\/produit\/maintenance-avancee-des-flutes-traversieres\/","title":{"rendered":"Maintenance avanc\u00e9e des fl\u00fbtes traversi\u00e8res"},"content":{"rendered":"<p data-path-to-node=\"3\"><b data-path-to-node=\"3\" data-index-in-node=\"0\">Expertise en Maintenance et R\u00e9paration Avanc\u00e9e<\/b><\/p>\n<ul data-path-to-node=\"4\">\n<li>\n<p data-path-to-node=\"4,0,0\"><b data-path-to-node=\"4,0,0\" data-index-in-node=\"0\">Audit technique :<\/b> Ma\u00eetriser le diagnostic complet et la chronologie des points de contr\u00f4le d\u00e8s la r\u00e9ception.<\/p>\n<\/li>\n<li>\n<p data-path-to-node=\"4,1,0\"><b data-path-to-node=\"4,1,0\" data-index-in-node=\"0\">Interventions de pr\u00e9cision :<\/b> Restaurer le bois (fentes, \u00e9clats) et la m\u00e9canique (li\u00e8ges sur tour, remplacement de ressorts).<\/p>\n<\/li>\n<li>\n<p data-path-to-node=\"4,2,0\"><b data-path-to-node=\"4,2,0\" data-index-in-node=\"0\">\u00c9tanch\u00e9it\u00e9 haute performance :<\/b> Expertise en bouchage avec \u00e9tude comparative des mat\u00e9riaux (cuir, baudruche, t\u00e9flon).<\/p>\n<\/li>\n<li>\n<p data-path-to-node=\"4,3,0\"><b data-path-to-node=\"4,3,0\" data-index-in-node=\"0\">R\u00e9glages de pr\u00e9cision :<\/b> Synchronisation des corps, r\u00e9glages m\u00e9caniques fins et \u00e9tude des syst\u00e8mes sp\u00e9cifiques (Oehler, Full-Boehm).<\/p>\n<\/li>\n<\/ul>\n","protected":false},"excerpt":{"rendered":"<p>Perfectionnez votre expertise en maintenance d&#8217;instruments \u00e0 cl\u00e9tage via un parcours individualis\u00e9 (syst\u00e8me Boehm). Cette formation intensive couvre le bouchage de tampons et les interventions de pr\u00e9cision : r\u00e9paration du bois, d\u00e9bosselage et remplacement de ressorts aiguilles<\/p>\n","protected":false},"featured_media":61125,"template":"","meta":{"_acf_changed":false},"product_brand":[],"product_cat":[3144],"product_tag":[3246,3245],"class_list":{"0":"post-61124","1":"product","2":"type-product","3":"status-publish","4":"has-post-thumbnail","6":"product_cat-instrument-a-vent","7":"product_tag-flute-traversiere","8":"product_tag-maintence","9":"description-off","11":"first","12":"instock","13":"shipping-taxable","14":"purchasable","15":"product-type-simple"},"acf":[],"yoast_head":"<!-- This site is optimized with the Yoast SEO plugin v27.5 - https:\/\/yoast.com\/product\/yoast-seo-wordpress\/ -->\n<title>Maintenance avanc\u00e9e des fl\u00fbtes traversi\u00e8res | Itemm -<\/title>\n<meta name=\"robots\" content=\"index, follow, max-snippet:-1, max-image-preview:large, max-video-preview:-1\" \/>\n<link rel=\"canonical\" href=\"https:\/\/itemm.fr\/itemm\/produit\/maintenance-avancee-des-flutes-traversieres\/\" \/>\n<meta property=\"og:locale\" content=\"fr_FR\" \/>\n<meta property=\"og:type\" content=\"article\" \/>\n<meta property=\"og:title\" content=\"Maintenance avanc\u00e9e des fl\u00fbtes traversi\u00e8res | Itemm -\" \/>\n<meta property=\"og:description\" content=\"Perfectionnez votre expertise en maintenance d&#039;instruments \u00e0 cl\u00e9tage via un parcours individualis\u00e9 (syst\u00e8me Boehm). Cette formation intensive couvre le bouchage de tampons et les interventions de pr\u00e9cision : r\u00e9paration du bois, d\u00e9bosselage et remplacement de ressorts aiguilles\" \/>\n<meta property=\"og:url\" content=\"https:\/\/itemm.fr\/itemm\/produit\/maintenance-avancee-des-flutes-traversieres\/\" \/>\n<meta property=\"og:site_name\" content=\"Itemm -\" \/>\n<meta property=\"article:publisher\" content=\"https:\/\/www.facebook.com\/itemm.lemans\" \/>\n<meta property=\"og:image\" content=\"https:\/\/itemm.fr\/itemm\/wp-content\/uploads\/2026\/01\/P1044243-scaled.jpg\" \/>\n\t<meta property=\"og:image:width\" content=\"2560\" \/>\n\t<meta property=\"og:image:height\" content=\"1442\" \/>\n\t<meta property=\"og:image:type\" content=\"image\/jpeg\" \/>\n<script type=\"application\/ld+json\" class=\"yoast-schema-graph\">{\"@context\":\"https:\\\/\\\/schema.org\",\"@graph\":[{\"@type\":\"WebPage\",\"@id\":\"https:\\\/\\\/itemm.fr\\\/itemm\\\/produit\\\/maintenance-avancee-des-flutes-traversieres\\\/\",\"url\":\"https:\\\/\\\/itemm.fr\\\/itemm\\\/produit\\\/maintenance-avancee-des-flutes-traversieres\\\/\",\"name\":\"Maintenance avanc\u00e9e des fl\u00fbtes traversi\u00e8res | Itemm -\",\"isPartOf\":{\"@id\":\"https:\\\/\\\/itemm.fr\\\/itemm\\\/#website\"},\"primaryImageOfPage\":{\"@id\":\"https:\\\/\\\/itemm.fr\\\/itemm\\\/produit\\\/maintenance-avancee-des-flutes-traversieres\\\/#primaryimage\"},\"image\":{\"@id\":\"https:\\\/\\\/itemm.fr\\\/itemm\\\/produit\\\/maintenance-avancee-des-flutes-traversieres\\\/#primaryimage\"},\"thumbnailUrl\":\"https:\\\/\\\/itemm.fr\\\/itemm\\\/wp-content\\\/uploads\\\/2026\\\/01\\\/P1044243-scaled.jpg\",\"datePublished\":\"2026-01-30T13:59:57+00:00\",\"breadcrumb\":{\"@id\":\"https:\\\/\\\/itemm.fr\\\/itemm\\\/produit\\\/maintenance-avancee-des-flutes-traversieres\\\/#breadcrumb\"},\"inLanguage\":\"fr-FR\",\"potentialAction\":[{\"@type\":\"ReadAction\",\"target\":[\"https:\\\/\\\/itemm.fr\\\/itemm\\\/produit\\\/maintenance-avancee-des-flutes-traversieres\\\/\"]}]},{\"@type\":\"ImageObject\",\"inLanguage\":\"fr-FR\",\"@id\":\"https:\\\/\\\/itemm.fr\\\/itemm\\\/produit\\\/maintenance-avancee-des-flutes-traversieres\\\/#primaryimage\",\"url\":\"https:\\\/\\\/itemm.fr\\\/itemm\\\/wp-content\\\/uploads\\\/2026\\\/01\\\/P1044243-scaled.jpg\",\"contentUrl\":\"https:\\\/\\\/itemm.fr\\\/itemm\\\/wp-content\\\/uploads\\\/2026\\\/01\\\/P1044243-scaled.jpg\",\"width\":2000,\"height\":1127,\"caption\":\"Maintenance avanc\u00e9e des fl\u00fbtes traversi\u00e8res\"},{\"@type\":\"BreadcrumbList\",\"@id\":\"https:\\\/\\\/itemm.fr\\\/itemm\\\/produit\\\/maintenance-avancee-des-flutes-traversieres\\\/#breadcrumb\",\"itemListElement\":[{\"@type\":\"ListItem\",\"position\":1,\"name\":\"Accueil\",\"item\":\"https:\\\/\\\/itemm.fr\\\/itemm\\\/\"},{\"@type\":\"ListItem\",\"position\":2,\"name\":\"Produits\",\"item\":\"https:\\\/\\\/itemm.fr\\\/itemm\\\/shop\\\/\"},{\"@type\":\"ListItem\",\"position\":3,\"name\":\"Maintenance avanc\u00e9e des fl\u00fbtes traversi\u00e8res\"}]},{\"@type\":\"WebSite\",\"@id\":\"https:\\\/\\\/itemm.fr\\\/itemm\\\/#website\",\"url\":\"https:\\\/\\\/itemm.fr\\\/itemm\\\/\",\"name\":\"Itemm\",\"description\":\"Institut technologique europ\u00e9en des m\u00e9tiers de la musique au Mans (72)\",\"publisher\":{\"@id\":\"https:\\\/\\\/itemm.fr\\\/itemm\\\/#organization\"},\"potentialAction\":[{\"@type\":\"SearchAction\",\"target\":{\"@type\":\"EntryPoint\",\"urlTemplate\":\"https:\\\/\\\/itemm.fr\\\/itemm\\\/?s={search_term_string}\"},\"query-input\":{\"@type\":\"PropertyValueSpecification\",\"valueRequired\":true,\"valueName\":\"search_term_string\"}}],\"inLanguage\":\"fr-FR\"},{\"@type\":\"Organization\",\"@id\":\"https:\\\/\\\/itemm.fr\\\/itemm\\\/#organization\",\"name\":\"ITEMM\",\"alternateName\":\"ITEMM\",\"url\":\"https:\\\/\\\/itemm.fr\\\/itemm\\\/\",\"logo\":{\"@type\":\"ImageObject\",\"inLanguage\":\"fr-FR\",\"@id\":\"https:\\\/\\\/itemm.fr\\\/itemm\\\/#\\\/schema\\\/logo\\\/image\\\/\",\"url\":\"https:\\\/\\\/itemm.fr\\\/itemm\\\/wp-content\\\/uploads\\\/2021\\\/12\\\/logo-itemm-piano-on.png\",\"contentUrl\":\"https:\\\/\\\/itemm.fr\\\/itemm\\\/wp-content\\\/uploads\\\/2021\\\/12\\\/logo-itemm-piano-on.png\",\"width\":446,\"height\":294,\"caption\":\"ITEMM\"},\"image\":{\"@id\":\"https:\\\/\\\/itemm.fr\\\/itemm\\\/#\\\/schema\\\/logo\\\/image\\\/\"},\"sameAs\":[\"https:\\\/\\\/www.facebook.com\\\/itemm.lemans\",\"https:\\\/\\\/www.instagram.com\\\/itemmlemans\\\/\",\"https:\\\/\\\/www.linkedin.com\\\/in\\\/itemm\\\/\"]}]}<\/script>\n<!-- \/ Yoast SEO plugin. -->","yoast_head_json":{"title":"Maintenance avanc\u00e9e des fl\u00fbtes traversi\u00e8res | Itemm -","robots":{"index":"index","follow":"follow","max-snippet":"max-snippet:-1","max-image-preview":"max-image-preview:large","max-video-preview":"max-video-preview:-1"},"canonical":"https:\/\/itemm.fr\/itemm\/produit\/maintenance-avancee-des-flutes-traversieres\/","og_locale":"fr_FR","og_type":"article","og_title":"Maintenance avanc\u00e9e des fl\u00fbtes traversi\u00e8res | Itemm -","og_description":"Perfectionnez votre expertise en maintenance d'instruments \u00e0 cl\u00e9tage via un parcours individualis\u00e9 (syst\u00e8me Boehm). Cette formation intensive couvre le bouchage de tampons et les interventions de pr\u00e9cision : r\u00e9paration du bois, d\u00e9bosselage et remplacement de ressorts aiguilles","og_url":"https:\/\/itemm.fr\/itemm\/produit\/maintenance-avancee-des-flutes-traversieres\/","og_site_name":"Itemm -","article_publisher":"https:\/\/www.facebook.com\/itemm.lemans","og_image":[{"width":2560,"height":1442,"url":"https:\/\/itemm.fr\/itemm\/wp-content\/uploads\/2026\/01\/P1044243-scaled.jpg","type":"image\/jpeg"}],"schema":{"@context":"https:\/\/schema.org","@graph":[{"@type":"WebPage","@id":"https:\/\/itemm.fr\/itemm\/produit\/maintenance-avancee-des-flutes-traversieres\/","url":"https:\/\/itemm.fr\/itemm\/produit\/maintenance-avancee-des-flutes-traversieres\/","name":"Maintenance avanc\u00e9e des fl\u00fbtes traversi\u00e8res | Itemm -","isPartOf":{"@id":"https:\/\/itemm.fr\/itemm\/#website"},"primaryImageOfPage":{"@id":"https:\/\/itemm.fr\/itemm\/produit\/maintenance-avancee-des-flutes-traversieres\/#primaryimage"},"image":{"@id":"https:\/\/itemm.fr\/itemm\/produit\/maintenance-avancee-des-flutes-traversieres\/#primaryimage"},"thumbnailUrl":"https:\/\/itemm.fr\/itemm\/wp-content\/uploads\/2026\/01\/P1044243-scaled.jpg","datePublished":"2026-01-30T13:59:57+00:00","breadcrumb":{"@id":"https:\/\/itemm.fr\/itemm\/produit\/maintenance-avancee-des-flutes-traversieres\/#breadcrumb"},"inLanguage":"fr-FR","potentialAction":[{"@type":"ReadAction","target":["https:\/\/itemm.fr\/itemm\/produit\/maintenance-avancee-des-flutes-traversieres\/"]}]},{"@type":"ImageObject","inLanguage":"fr-FR","@id":"https:\/\/itemm.fr\/itemm\/produit\/maintenance-avancee-des-flutes-traversieres\/#primaryimage","url":"https:\/\/itemm.fr\/itemm\/wp-content\/uploads\/2026\/01\/P1044243-scaled.jpg","contentUrl":"https:\/\/itemm.fr\/itemm\/wp-content\/uploads\/2026\/01\/P1044243-scaled.jpg","width":2000,"height":1127,"caption":"Maintenance avanc\u00e9e des fl\u00fbtes traversi\u00e8res"},{"@type":"BreadcrumbList","@id":"https:\/\/itemm.fr\/itemm\/produit\/maintenance-avancee-des-flutes-traversieres\/#breadcrumb","itemListElement":[{"@type":"ListItem","position":1,"name":"Accueil","item":"https:\/\/itemm.fr\/itemm\/"},{"@type":"ListItem","position":2,"name":"Produits","item":"https:\/\/itemm.fr\/itemm\/shop\/"},{"@type":"ListItem","position":3,"name":"Maintenance avanc\u00e9e des fl\u00fbtes traversi\u00e8res"}]},{"@type":"WebSite","@id":"https:\/\/itemm.fr\/itemm\/#website","url":"https:\/\/itemm.fr\/itemm\/","name":"Itemm","description":"Institut technologique europ\u00e9en des m\u00e9tiers de la musique au Mans (72)","publisher":{"@id":"https:\/\/itemm.fr\/itemm\/#organization"},"potentialAction":[{"@type":"SearchAction","target":{"@type":"EntryPoint","urlTemplate":"https:\/\/itemm.fr\/itemm\/?s={search_term_string}"},"query-input":{"@type":"PropertyValueSpecification","valueRequired":true,"valueName":"search_term_string"}}],"inLanguage":"fr-FR"},{"@type":"Organization","@id":"https:\/\/itemm.fr\/itemm\/#organization","name":"ITEMM","alternateName":"ITEMM","url":"https:\/\/itemm.fr\/itemm\/","logo":{"@type":"ImageObject","inLanguage":"fr-FR","@id":"https:\/\/itemm.fr\/itemm\/#\/schema\/logo\/image\/","url":"https:\/\/itemm.fr\/itemm\/wp-content\/uploads\/2021\/12\/logo-itemm-piano-on.png","contentUrl":"https:\/\/itemm.fr\/itemm\/wp-content\/uploads\/2021\/12\/logo-itemm-piano-on.png","width":446,"height":294,"caption":"ITEMM"},"image":{"@id":"https:\/\/itemm.fr\/itemm\/#\/schema\/logo\/image\/"},"sameAs":["https:\/\/www.facebook.com\/itemm.lemans","https:\/\/www.instagram.com\/itemmlemans\/","https:\/\/www.linkedin.com\/in\/itemm\/"]}]}},"_links":{"self":[{"href":"https:\/\/itemm.fr\/itemm\/wp-json\/wp\/v2\/product\/61124","targetHints":{"allow":["GET"]}}],"collection":[{"href":"https:\/\/itemm.fr\/itemm\/wp-json\/wp\/v2\/product"}],"about":[{"href":"https:\/\/itemm.fr\/itemm\/wp-json\/wp\/v2\/types\/product"}],"version-history":[{"count":0,"href":"https:\/\/itemm.fr\/itemm\/wp-json\/wp\/v2\/product\/61124\/revisions"}],"wp:featuredmedia":[{"embeddable":true,"href":"https:\/\/itemm.fr\/itemm\/wp-json\/wp\/v2\/media\/61125"}],"wp:attachment":[{"href":"https:\/\/itemm.fr\/itemm\/wp-json\/wp\/v2\/media?parent=61124"}],"wp:term":[{"taxonomy":"product_brand","embeddable":true,"href":"https:\/\/itemm.fr\/itemm\/wp-json\/wp\/v2\/product_brand?post=61124"},{"taxonomy":"product_cat","embeddable":true,"href":"https:\/\/itemm.fr\/itemm\/wp-json\/wp\/v2\/product_cat?post=61124"},{"taxonomy":"product_tag","embeddable":true,"href":"https:\/\/itemm.fr\/itemm\/wp-json\/wp\/v2\/product_tag?post=61124"}],"curies":[{"name":"wp","href":"https:\/\/api.w.org\/{rel}","templated":true}]}}