{"id":61081,"date":"2026-01-22T15:44:35","date_gmt":"2026-01-22T14:44:35","guid":{"rendered":"https:\/\/itemm.fr\/itemm\/?post_type=product&#038;p=61081"},"modified":"2026-01-30T15:44:41","modified_gmt":"2026-01-30T14:44:41","slug":"reglage-des-guitares-acoustiques-et-electriques-niveau-1-2","status":"publish","type":"product","link":"https:\/\/itemm.fr\/itemm\/produit\/reglage-des-guitares-acoustiques-et-electriques-niveau-1-2\/","title":{"rendered":"R\u00e9glage des guitares acoustiques et \u00e9lectriques \u2013 niveau 1"},"content":{"rendered":"<div class=\"ng-tns-c4271708119-25\">\n<section id=\"processing-state-1\" class=\"processing-state_container ng-tns-c4271708119-25 is-gpi-avatar ng-trigger ng-trigger-processingStateShowHide ng-star-inserted is-done-processing\">\n<div id=\"processing-state-1-summary\" class=\"processing-state_details ng-trigger ng-trigger-menuExpansion ng-tns-c4271708119-25 is-gpi-avatar ng-star-inserted\" aria-hidden=\"true\">\n<div class=\"tool-summary ng-tns-c4271708119-25\">\n<div class=\"gds-body-l tool-summary-message ng-tns-c4271708119-25 ng-star-inserted\">\n<div class=\"ng-tns-c4271708119-25\">\n<div class=\"ng-tns-c4271708119-31\">\n<section id=\"processing-state-2\" class=\"processing-state_container ng-tns-c4271708119-31 is-gpi-avatar ng-trigger ng-trigger-processingStateShowHide ng-star-inserted is-done-processing\">\n<div id=\"processing-state-2-summary\" class=\"processing-state_details ng-trigger ng-trigger-menuExpansion ng-tns-c4271708119-31 is-gpi-avatar ng-star-inserted\" aria-hidden=\"true\">\n<div class=\"tool-summary ng-tns-c4271708119-31\">\n<div class=\"gds-body-l tool-summary-message ng-tns-c4271708119-31 ng-star-inserted\">\n<div class=\"ng-tns-c4271708119-31\">\n<div class=\"ng-tns-c4271708119-37\">\n<section id=\"processing-state-3\" class=\"processing-state_container ng-tns-c4271708119-37 is-gpi-avatar ng-trigger ng-trigger-processingStateShowHide ng-star-inserted is-done-processing\">\n<div id=\"processing-state-3-summary\" class=\"processing-state_details ng-trigger ng-trigger-menuExpansion ng-tns-c4271708119-37 is-gpi-avatar ng-star-inserted\" aria-hidden=\"true\">\n<h2 data-sourcepos=\"6:1-6:70\">Formation Intensive Guitare : Acoustique &amp; \u00c9lectrique (3 Jours)<\/h2>\n<p data-sourcepos=\"8:1-8:354\"><strong>Plongez au c\u0153ur de la guitare !<\/strong> Notre formation intensive de trois jours vous plonge dans l&#8217;univers complet de la <strong>guitare acoustique et \u00e9lectrique<\/strong>. Que vous soyez guitariste passionn\u00e9 ou professionnel, ce programme unique vous offre une <strong>connaissance approfondie de la guitare<\/strong>, de son histoire \u00e0 son entretien m\u00e9ticuleux et son r\u00e9glage pr\u00e9cis.<\/p>\n<p data-sourcepos=\"10:1-10:461\"><strong>D&#8217;abord, le premier jour explore l&#8217;histoire fascinante de la guitare.<\/strong> Nous retra\u00e7ons ses origines jusqu&#8217;aux mod\u00e8les embl\u00e9matiques d&#8217;aujourd&#8217;hui, qu&#8217;ils soient acoustiques ou \u00e9lectriques. Vous apprenez \u00e0 identifier les diff\u00e9rentes parties de l&#8217;instrument. Vous \u00e9valuez sa qualit\u00e9 et ma\u00eetrisez les techniques pour effectuer un contr\u00f4le rigoureux d\u00e8s sa r\u00e9ception. Ces bases essentielles vous donnent une compr\u00e9hension solide de la structure de chaque guitare.<\/p>\n<p data-sourcepos=\"12:1-12:464\"><strong>Ensuite, le deuxi\u00e8me jour se concentre enti\u00e8rement sur le r\u00e9glage pr\u00e9cis des guitares \u00e9lectriques.<\/strong> Que votre instrument poss\u00e8de un chevalet fixe ou un syst\u00e8me flottant, vous acqu\u00e9rez des comp\u00e9tences pratiques cruciales. Vous vous exercez \u00e0 r\u00e9gler le manche pour une action parfaite, puis ajustez la hauteur des cordes et positionnez id\u00e9alement les micros pour sculpter le son. Vous ma\u00eetrisez \u00e9galement les techniques pour contr\u00f4ler la justesse de l&#8217;instrument.<\/p>\n<p data-sourcepos=\"14:1-14:390\"><strong>Enfin, le troisi\u00e8me jour aborde les sp\u00e9cificit\u00e9s des guitares acoustiques et leur entretien.<\/strong> Vous apprenez des comp\u00e9tences cl\u00e9s comme le remplacement des sillets, \u00e9tape essentielle pour am\u00e9liorer le sustain. Nous vous guidons dans le choix des cordes id\u00e9ales. Surtout, vous ma\u00eetrisez les techniques d&#8217;entretien : prendre soin de la touche, entretenir les frettes, et prot\u00e9ger le vernis.<\/p>\n<p data-sourcepos=\"16:1-16:258\">Cette <strong>formation guitare acoustique et \u00e9lectrique<\/strong> vous donne les comp\u00e9tences pratiques n\u00e9cessaires pour un <strong>entretien et un r\u00e9glage complet de votre guitare<\/strong>. <strong>Ainsi, devenez pleinement autonome dans la gestion et l&#8217;optimisation de votre instrument !<\/strong><\/p>\n<\/div>\n<\/section>\n<\/div>\n<\/div>\n<\/div>\n<\/div>\n<\/div>\n<\/section>\n<\/div>\n<\/div>\n<\/div>\n<\/div>\n<\/div>\n<\/section>\n<\/div>\n","protected":false},"excerpt":{"rendered":"<p><strong>Formation intensive guitare acoustique \u00e9lectrique (3 jours) :<\/strong> Apprenez l&#8217;histoire, le r\u00e9glage pr\u00e9cis (manche, micros) et l&#8217;entretien essentiel (sillets, frettes) de votre instrument. <strong>Ma\u00eetrisez l&#8217;entretien de vos guitares !<\/strong><\/p>\n","protected":false},"featured_media":60528,"template":"","meta":{"_acf_changed":false},"product_brand":[],"product_cat":[3157],"product_tag":[],"class_list":{"0":"post-61081","1":"product","2":"type-product","3":"status-publish","4":"has-post-thumbnail","6":"product_cat-guitare","7":"description-off","9":"first","10":"instock","11":"virtual","12":"purchasable","13":"product-type-simple"},"acf":[],"yoast_head":"<!-- This site is optimized with the Yoast SEO plugin v27.3 - https:\/\/yoast.com\/product\/yoast-seo-wordpress\/ -->\n<title>R\u00e9glage des guitares acoustiques et \u00e9lectriques \u2013 niveau 1 | Itemm -<\/title>\n<meta name=\"description\" content=\"Formation acc\u00e9l\u00e9r\u00e9e de 3 jours guitare acoustique et \u00e9lectrique : histoire, r\u00e9glage (manche, micros), entretien (sillets, frettes).\" \/>\n<meta name=\"robots\" content=\"index, follow, max-snippet:-1, max-image-preview:large, max-video-preview:-1\" \/>\n<link rel=\"canonical\" href=\"https:\/\/itemm.fr\/itemm\/produit\/reglage-des-guitares-acoustiques-et-electriques-niveau-1-2\/\" \/>\n<meta property=\"og:locale\" content=\"fr_FR\" \/>\n<meta property=\"og:type\" content=\"article\" \/>\n<meta property=\"og:title\" content=\"R\u00e9glage des guitares acoustiques et \u00e9lectriques \u2013 niveau 1 | Itemm -\" \/>\n<meta property=\"og:description\" content=\"Formation acc\u00e9l\u00e9r\u00e9e de 3 jours guitare acoustique et \u00e9lectrique : histoire, r\u00e9glage (manche, micros), entretien (sillets, frettes).\" \/>\n<meta property=\"og:url\" content=\"https:\/\/itemm.fr\/itemm\/produit\/reglage-des-guitares-acoustiques-et-electriques-niveau-1-2\/\" \/>\n<meta property=\"og:site_name\" content=\"Itemm -\" \/>\n<meta property=\"article:publisher\" content=\"https:\/\/www.facebook.com\/itemm.lemans\" \/>\n<meta property=\"article:modified_time\" content=\"2026-01-30T14:44:41+00:00\" \/>\n<meta property=\"og:image\" content=\"https:\/\/itemm.fr\/itemm\/wp-content\/uploads\/2025\/02\/P1166403.jpg\" \/>\n\t<meta property=\"og:image:width\" content=\"2048\" \/>\n\t<meta property=\"og:image:height\" content=\"1154\" \/>\n\t<meta property=\"og:image:type\" content=\"image\/jpeg\" \/>\n<script type=\"application\/ld+json\" class=\"yoast-schema-graph\">{\"@context\":\"https:\\\/\\\/schema.org\",\"@graph\":[{\"@type\":\"WebPage\",\"@id\":\"https:\\\/\\\/itemm.fr\\\/itemm\\\/produit\\\/reglage-des-guitares-acoustiques-et-electriques-niveau-1-2\\\/\",\"url\":\"https:\\\/\\\/itemm.fr\\\/itemm\\\/produit\\\/reglage-des-guitares-acoustiques-et-electriques-niveau-1-2\\\/\",\"name\":\"R\u00e9glage des guitares acoustiques et \u00e9lectriques \u2013 niveau 1 | Itemm -\",\"isPartOf\":{\"@id\":\"https:\\\/\\\/itemm.fr\\\/itemm\\\/#website\"},\"primaryImageOfPage\":{\"@id\":\"https:\\\/\\\/itemm.fr\\\/itemm\\\/produit\\\/reglage-des-guitares-acoustiques-et-electriques-niveau-1-2\\\/#primaryimage\"},\"image\":{\"@id\":\"https:\\\/\\\/itemm.fr\\\/itemm\\\/produit\\\/reglage-des-guitares-acoustiques-et-electriques-niveau-1-2\\\/#primaryimage\"},\"thumbnailUrl\":\"https:\\\/\\\/itemm.fr\\\/itemm\\\/wp-content\\\/uploads\\\/2025\\\/02\\\/P1166403.jpg\",\"datePublished\":\"2026-01-22T14:44:35+00:00\",\"dateModified\":\"2026-01-30T14:44:41+00:00\",\"description\":\"Formation acc\u00e9l\u00e9r\u00e9e de 3 jours guitare acoustique et \u00e9lectrique : histoire, r\u00e9glage (manche, micros), entretien (sillets, frettes).\",\"breadcrumb\":{\"@id\":\"https:\\\/\\\/itemm.fr\\\/itemm\\\/produit\\\/reglage-des-guitares-acoustiques-et-electriques-niveau-1-2\\\/#breadcrumb\"},\"inLanguage\":\"fr-FR\",\"potentialAction\":[{\"@type\":\"ReadAction\",\"target\":[\"https:\\\/\\\/itemm.fr\\\/itemm\\\/produit\\\/reglage-des-guitares-acoustiques-et-electriques-niveau-1-2\\\/\"]}]},{\"@type\":\"ImageObject\",\"inLanguage\":\"fr-FR\",\"@id\":\"https:\\\/\\\/itemm.fr\\\/itemm\\\/produit\\\/reglage-des-guitares-acoustiques-et-electriques-niveau-1-2\\\/#primaryimage\",\"url\":\"https:\\\/\\\/itemm.fr\\\/itemm\\\/wp-content\\\/uploads\\\/2025\\\/02\\\/P1166403.jpg\",\"contentUrl\":\"https:\\\/\\\/itemm.fr\\\/itemm\\\/wp-content\\\/uploads\\\/2025\\\/02\\\/P1166403.jpg\",\"width\":2048,\"height\":1154,\"caption\":\"reglages guitares eclectriques\"},{\"@type\":\"BreadcrumbList\",\"@id\":\"https:\\\/\\\/itemm.fr\\\/itemm\\\/produit\\\/reglage-des-guitares-acoustiques-et-electriques-niveau-1-2\\\/#breadcrumb\",\"itemListElement\":[{\"@type\":\"ListItem\",\"position\":1,\"name\":\"Accueil\",\"item\":\"https:\\\/\\\/itemm.fr\\\/itemm\\\/\"},{\"@type\":\"ListItem\",\"position\":2,\"name\":\"Produits\",\"item\":\"https:\\\/\\\/itemm.fr\\\/itemm\\\/shop\\\/\"},{\"@type\":\"ListItem\",\"position\":3,\"name\":\"R\u00e9glage des guitares acoustiques et \u00e9lectriques \u2013 niveau 1\"}]},{\"@type\":\"WebSite\",\"@id\":\"https:\\\/\\\/itemm.fr\\\/itemm\\\/#website\",\"url\":\"https:\\\/\\\/itemm.fr\\\/itemm\\\/\",\"name\":\"Itemm\",\"description\":\"Institut technologique europ\u00e9en des m\u00e9tiers de la musique au Mans (72)\",\"publisher\":{\"@id\":\"https:\\\/\\\/itemm.fr\\\/itemm\\\/#organization\"},\"potentialAction\":[{\"@type\":\"SearchAction\",\"target\":{\"@type\":\"EntryPoint\",\"urlTemplate\":\"https:\\\/\\\/itemm.fr\\\/itemm\\\/?s={search_term_string}\"},\"query-input\":{\"@type\":\"PropertyValueSpecification\",\"valueRequired\":true,\"valueName\":\"search_term_string\"}}],\"inLanguage\":\"fr-FR\"},{\"@type\":\"Organization\",\"@id\":\"https:\\\/\\\/itemm.fr\\\/itemm\\\/#organization\",\"name\":\"ITEMM\",\"alternateName\":\"ITEMM\",\"url\":\"https:\\\/\\\/itemm.fr\\\/itemm\\\/\",\"logo\":{\"@type\":\"ImageObject\",\"inLanguage\":\"fr-FR\",\"@id\":\"https:\\\/\\\/itemm.fr\\\/itemm\\\/#\\\/schema\\\/logo\\\/image\\\/\",\"url\":\"https:\\\/\\\/itemm.fr\\\/itemm\\\/wp-content\\\/uploads\\\/2021\\\/12\\\/logo-itemm-piano-on.png\",\"contentUrl\":\"https:\\\/\\\/itemm.fr\\\/itemm\\\/wp-content\\\/uploads\\\/2021\\\/12\\\/logo-itemm-piano-on.png\",\"width\":446,\"height\":294,\"caption\":\"ITEMM\"},\"image\":{\"@id\":\"https:\\\/\\\/itemm.fr\\\/itemm\\\/#\\\/schema\\\/logo\\\/image\\\/\"},\"sameAs\":[\"https:\\\/\\\/www.facebook.com\\\/itemm.lemans\",\"https:\\\/\\\/www.instagram.com\\\/itemmlemans\\\/\",\"https:\\\/\\\/www.linkedin.com\\\/in\\\/itemm\\\/\"]}]}<\/script>\n<!-- \/ Yoast SEO plugin. -->","yoast_head_json":{"title":"R\u00e9glage des guitares acoustiques et \u00e9lectriques \u2013 niveau 1 | Itemm -","description":"Formation acc\u00e9l\u00e9r\u00e9e de 3 jours guitare acoustique et \u00e9lectrique : histoire, r\u00e9glage (manche, micros), entretien (sillets, frettes).","robots":{"index":"index","follow":"follow","max-snippet":"max-snippet:-1","max-image-preview":"max-image-preview:large","max-video-preview":"max-video-preview:-1"},"canonical":"https:\/\/itemm.fr\/itemm\/produit\/reglage-des-guitares-acoustiques-et-electriques-niveau-1-2\/","og_locale":"fr_FR","og_type":"article","og_title":"R\u00e9glage des guitares acoustiques et \u00e9lectriques \u2013 niveau 1 | Itemm -","og_description":"Formation acc\u00e9l\u00e9r\u00e9e de 3 jours guitare acoustique et \u00e9lectrique : histoire, r\u00e9glage (manche, micros), entretien (sillets, frettes).","og_url":"https:\/\/itemm.fr\/itemm\/produit\/reglage-des-guitares-acoustiques-et-electriques-niveau-1-2\/","og_site_name":"Itemm -","article_publisher":"https:\/\/www.facebook.com\/itemm.lemans","article_modified_time":"2026-01-30T14:44:41+00:00","og_image":[{"width":2048,"height":1154,"url":"https:\/\/itemm.fr\/itemm\/wp-content\/uploads\/2025\/02\/P1166403.jpg","type":"image\/jpeg"}],"schema":{"@context":"https:\/\/schema.org","@graph":[{"@type":"WebPage","@id":"https:\/\/itemm.fr\/itemm\/produit\/reglage-des-guitares-acoustiques-et-electriques-niveau-1-2\/","url":"https:\/\/itemm.fr\/itemm\/produit\/reglage-des-guitares-acoustiques-et-electriques-niveau-1-2\/","name":"R\u00e9glage des guitares acoustiques et \u00e9lectriques \u2013 niveau 1 | Itemm -","isPartOf":{"@id":"https:\/\/itemm.fr\/itemm\/#website"},"primaryImageOfPage":{"@id":"https:\/\/itemm.fr\/itemm\/produit\/reglage-des-guitares-acoustiques-et-electriques-niveau-1-2\/#primaryimage"},"image":{"@id":"https:\/\/itemm.fr\/itemm\/produit\/reglage-des-guitares-acoustiques-et-electriques-niveau-1-2\/#primaryimage"},"thumbnailUrl":"https:\/\/itemm.fr\/itemm\/wp-content\/uploads\/2025\/02\/P1166403.jpg","datePublished":"2026-01-22T14:44:35+00:00","dateModified":"2026-01-30T14:44:41+00:00","description":"Formation acc\u00e9l\u00e9r\u00e9e de 3 jours guitare acoustique et \u00e9lectrique : histoire, r\u00e9glage (manche, micros), entretien (sillets, frettes).","breadcrumb":{"@id":"https:\/\/itemm.fr\/itemm\/produit\/reglage-des-guitares-acoustiques-et-electriques-niveau-1-2\/#breadcrumb"},"inLanguage":"fr-FR","potentialAction":[{"@type":"ReadAction","target":["https:\/\/itemm.fr\/itemm\/produit\/reglage-des-guitares-acoustiques-et-electriques-niveau-1-2\/"]}]},{"@type":"ImageObject","inLanguage":"fr-FR","@id":"https:\/\/itemm.fr\/itemm\/produit\/reglage-des-guitares-acoustiques-et-electriques-niveau-1-2\/#primaryimage","url":"https:\/\/itemm.fr\/itemm\/wp-content\/uploads\/2025\/02\/P1166403.jpg","contentUrl":"https:\/\/itemm.fr\/itemm\/wp-content\/uploads\/2025\/02\/P1166403.jpg","width":2048,"height":1154,"caption":"reglages guitares eclectriques"},{"@type":"BreadcrumbList","@id":"https:\/\/itemm.fr\/itemm\/produit\/reglage-des-guitares-acoustiques-et-electriques-niveau-1-2\/#breadcrumb","itemListElement":[{"@type":"ListItem","position":1,"name":"Accueil","item":"https:\/\/itemm.fr\/itemm\/"},{"@type":"ListItem","position":2,"name":"Produits","item":"https:\/\/itemm.fr\/itemm\/shop\/"},{"@type":"ListItem","position":3,"name":"R\u00e9glage des guitares acoustiques et \u00e9lectriques \u2013 niveau 1"}]},{"@type":"WebSite","@id":"https:\/\/itemm.fr\/itemm\/#website","url":"https:\/\/itemm.fr\/itemm\/","name":"Itemm","description":"Institut technologique europ\u00e9en des m\u00e9tiers de la musique au Mans (72)","publisher":{"@id":"https:\/\/itemm.fr\/itemm\/#organization"},"potentialAction":[{"@type":"SearchAction","target":{"@type":"EntryPoint","urlTemplate":"https:\/\/itemm.fr\/itemm\/?s={search_term_string}"},"query-input":{"@type":"PropertyValueSpecification","valueRequired":true,"valueName":"search_term_string"}}],"inLanguage":"fr-FR"},{"@type":"Organization","@id":"https:\/\/itemm.fr\/itemm\/#organization","name":"ITEMM","alternateName":"ITEMM","url":"https:\/\/itemm.fr\/itemm\/","logo":{"@type":"ImageObject","inLanguage":"fr-FR","@id":"https:\/\/itemm.fr\/itemm\/#\/schema\/logo\/image\/","url":"https:\/\/itemm.fr\/itemm\/wp-content\/uploads\/2021\/12\/logo-itemm-piano-on.png","contentUrl":"https:\/\/itemm.fr\/itemm\/wp-content\/uploads\/2021\/12\/logo-itemm-piano-on.png","width":446,"height":294,"caption":"ITEMM"},"image":{"@id":"https:\/\/itemm.fr\/itemm\/#\/schema\/logo\/image\/"},"sameAs":["https:\/\/www.facebook.com\/itemm.lemans","https:\/\/www.instagram.com\/itemmlemans\/","https:\/\/www.linkedin.com\/in\/itemm\/"]}]}},"_links":{"self":[{"href":"https:\/\/itemm.fr\/itemm\/wp-json\/wp\/v2\/product\/61081","targetHints":{"allow":["GET"]}}],"collection":[{"href":"https:\/\/itemm.fr\/itemm\/wp-json\/wp\/v2\/product"}],"about":[{"href":"https:\/\/itemm.fr\/itemm\/wp-json\/wp\/v2\/types\/product"}],"version-history":[{"count":0,"href":"https:\/\/itemm.fr\/itemm\/wp-json\/wp\/v2\/product\/61081\/revisions"}],"wp:featuredmedia":[{"embeddable":true,"href":"https:\/\/itemm.fr\/itemm\/wp-json\/wp\/v2\/media\/60528"}],"wp:attachment":[{"href":"https:\/\/itemm.fr\/itemm\/wp-json\/wp\/v2\/media?parent=61081"}],"wp:term":[{"taxonomy":"product_brand","embeddable":true,"href":"https:\/\/itemm.fr\/itemm\/wp-json\/wp\/v2\/product_brand?post=61081"},{"taxonomy":"product_cat","embeddable":true,"href":"https:\/\/itemm.fr\/itemm\/wp-json\/wp\/v2\/product_cat?post=61081"},{"taxonomy":"product_tag","embeddable":true,"href":"https:\/\/itemm.fr\/itemm\/wp-json\/wp\/v2\/product_tag?post=61081"}],"curies":[{"name":"wp","href":"https:\/\/api.w.org\/{rel}","templated":true}]}}