{"id":60683,"date":"2025-12-04T14:41:38","date_gmt":"2025-12-04T13:41:38","guid":{"rendered":"https:\/\/itemm.fr\/itemm\/?post_type=product&#038;p=60683"},"modified":"2025-12-04T14:45:00","modified_gmt":"2025-12-04T13:45:00","slug":"maintenance-courante-des-clarinettes-saxophones-et-flutes-traversieres-3","status":"publish","type":"product","link":"https:\/\/itemm.fr\/itemm\/produit\/maintenance-courante-des-clarinettes-saxophones-et-flutes-traversieres-3\/","title":{"rendered":"Maintenance courante des clarinettes, saxophones et fl\u00fbtes traversi\u00e8res"},"content":{"rendered":"<p>Apprenez \u00e0 entretenir clarinettes, saxophones et fl\u00fbtes traversi\u00e8res gr\u00e2ce \u00e0 cette formation de 4 jours ! Destin\u00e9e aux musiciens et aux professionnels, elle vous permettra d&#8217;identifier les dysfonctionnements, de r\u00e9aliser des d\u00e9pannages d&#8217;urgence et de conseiller sur l&#8217;entretien de ces instruments.<\/p>\n<p>La premi\u00e8re journ\u00e9e explore le fonctionnement, les composants et les mat\u00e9riaux de chaque instrument. Vous apprendrez \u00e0 effectuer un contr\u00f4le m\u00e9thodique pour identifier les points de r\u00e9glage et de contr\u00f4le. La deuxi\u00e8me journ\u00e9e est consacr\u00e9e au d\u00e9montage, au nettoyage et au remontage, en insistant sur les techniques et les pr\u00e9cautions \u00e0 prendre.<\/p>\n<p>La troisi\u00e8me journ\u00e9e vous permettra de r\u00e9aliser des op\u00e9rations de maintenance simples, comme le remplacement de li\u00e8ges et de ressorts. Enfin, la quatri\u00e8me journ\u00e9e se concentre sur les r\u00e9glages et la d\u00e9tection des d\u00e9fauts de bouchage.<\/p>\n<p>\u00c0 l&#8217;issue de cette formation, vous poss\u00e9derez les bases pour assurer la maintenance courante de ces instruments \u00e0 vent.<\/p>\n","protected":false},"excerpt":{"rendered":"<p class=\"p1\">Identifier des dysfonctionnements sur une clarinette, une fl\u00fbte traversi\u00e8re ou un saxophone<\/p>\n<p class=\"p1\">Conna\u00eetre les techniques de base du r\u00e9glage et de la r\u00e9vision g\u00e9n\u00e9rale des instruments<\/p>\n","protected":false},"featured_media":60680,"template":"","meta":{"_acf_changed":false},"product_brand":[],"product_cat":[3144],"product_tag":[],"class_list":{"0":"post-60683","1":"product","2":"type-product","3":"status-publish","4":"has-post-thumbnail","6":"product_cat-instrument-a-vent","7":"description-off","9":"first","10":"instock","11":"virtual","12":"purchasable","13":"product-type-simple"},"acf":[],"yoast_head":"<!-- This site is optimized with the Yoast SEO plugin v27.6 - https:\/\/yoast.com\/product\/yoast-seo-wordpress\/ -->\n<title>Apprenez \u00e0 entretenir clarinettes, saxophones et fl\u00fbtes traversi\u00e8res<\/title>\n<meta name=\"description\" content=\"Apprenez \u00e0 entretenir clarinettes, saxophones et fl\u00fbtes traversi\u00e8res gr\u00e2ce \u00e0 cette formation de 4 jours ! Destin\u00e9e aux musiciens et aux professionnels...\" \/>\n<meta name=\"robots\" content=\"index, follow, max-snippet:-1, max-image-preview:large, max-video-preview:-1\" \/>\n<link rel=\"canonical\" href=\"https:\/\/itemm.fr\/itemm\/produit\/maintenance-courante-des-clarinettes-saxophones-et-flutes-traversieres-3\/\" \/>\n<meta property=\"og:locale\" content=\"fr_FR\" \/>\n<meta property=\"og:type\" content=\"article\" \/>\n<meta property=\"og:title\" content=\"Apprenez \u00e0 entretenir clarinettes, saxophones et fl\u00fbtes traversi\u00e8res\" \/>\n<meta property=\"og:description\" content=\"Apprenez \u00e0 entretenir clarinettes, saxophones et fl\u00fbtes traversi\u00e8res gr\u00e2ce \u00e0 cette formation de 4 jours ! Destin\u00e9e aux musiciens et aux professionnels...\" \/>\n<meta property=\"og:url\" content=\"https:\/\/itemm.fr\/itemm\/produit\/maintenance-courante-des-clarinettes-saxophones-et-flutes-traversieres-3\/\" \/>\n<meta property=\"og:site_name\" content=\"Itemm -\" \/>\n<meta property=\"article:publisher\" content=\"https:\/\/www.facebook.com\/itemm.lemans\" \/>\n<meta property=\"article:modified_time\" content=\"2025-12-04T13:45:00+00:00\" \/>\n<meta property=\"og:image\" content=\"https:\/\/itemm.fr\/itemm\/wp-content\/uploads\/2025\/12\/P1166103-scaled.jpg\" \/>\n\t<meta property=\"og:image:width\" content=\"2560\" \/>\n\t<meta property=\"og:image:height\" content=\"1442\" \/>\n\t<meta property=\"og:image:type\" content=\"image\/jpeg\" \/>\n<script type=\"application\/ld+json\" class=\"yoast-schema-graph\">{\"@context\":\"https:\\\/\\\/schema.org\",\"@graph\":[{\"@type\":\"WebPage\",\"@id\":\"https:\\\/\\\/itemm.fr\\\/itemm\\\/produit\\\/maintenance-courante-des-clarinettes-saxophones-et-flutes-traversieres-3\\\/\",\"url\":\"https:\\\/\\\/itemm.fr\\\/itemm\\\/produit\\\/maintenance-courante-des-clarinettes-saxophones-et-flutes-traversieres-3\\\/\",\"name\":\"Apprenez \u00e0 entretenir clarinettes, saxophones et fl\u00fbtes traversi\u00e8res\",\"isPartOf\":{\"@id\":\"https:\\\/\\\/itemm.fr\\\/itemm\\\/#website\"},\"primaryImageOfPage\":{\"@id\":\"https:\\\/\\\/itemm.fr\\\/itemm\\\/produit\\\/maintenance-courante-des-clarinettes-saxophones-et-flutes-traversieres-3\\\/#primaryimage\"},\"image\":{\"@id\":\"https:\\\/\\\/itemm.fr\\\/itemm\\\/produit\\\/maintenance-courante-des-clarinettes-saxophones-et-flutes-traversieres-3\\\/#primaryimage\"},\"thumbnailUrl\":\"https:\\\/\\\/itemm.fr\\\/itemm\\\/wp-content\\\/uploads\\\/2025\\\/12\\\/P1166103-scaled.jpg\",\"datePublished\":\"2025-12-04T13:41:38+00:00\",\"dateModified\":\"2025-12-04T13:45:00+00:00\",\"description\":\"Apprenez \u00e0 entretenir clarinettes, saxophones et fl\u00fbtes traversi\u00e8res gr\u00e2ce \u00e0 cette formation de 4 jours ! Destin\u00e9e aux musiciens et aux professionnels...\",\"breadcrumb\":{\"@id\":\"https:\\\/\\\/itemm.fr\\\/itemm\\\/produit\\\/maintenance-courante-des-clarinettes-saxophones-et-flutes-traversieres-3\\\/#breadcrumb\"},\"inLanguage\":\"fr-FR\",\"potentialAction\":[{\"@type\":\"ReadAction\",\"target\":[\"https:\\\/\\\/itemm.fr\\\/itemm\\\/produit\\\/maintenance-courante-des-clarinettes-saxophones-et-flutes-traversieres-3\\\/\"]}]},{\"@type\":\"ImageObject\",\"inLanguage\":\"fr-FR\",\"@id\":\"https:\\\/\\\/itemm.fr\\\/itemm\\\/produit\\\/maintenance-courante-des-clarinettes-saxophones-et-flutes-traversieres-3\\\/#primaryimage\",\"url\":\"https:\\\/\\\/itemm.fr\\\/itemm\\\/wp-content\\\/uploads\\\/2025\\\/12\\\/P1166103-scaled.jpg\",\"contentUrl\":\"https:\\\/\\\/itemm.fr\\\/itemm\\\/wp-content\\\/uploads\\\/2025\\\/12\\\/P1166103-scaled.jpg\",\"width\":2000,\"height\":1127,\"caption\":\"Maintenance courante des clarinettes, saxophones et fl\u00fbtes traversi\u00e8res\"},{\"@type\":\"BreadcrumbList\",\"@id\":\"https:\\\/\\\/itemm.fr\\\/itemm\\\/produit\\\/maintenance-courante-des-clarinettes-saxophones-et-flutes-traversieres-3\\\/#breadcrumb\",\"itemListElement\":[{\"@type\":\"ListItem\",\"position\":1,\"name\":\"Accueil\",\"item\":\"https:\\\/\\\/itemm.fr\\\/itemm\\\/\"},{\"@type\":\"ListItem\",\"position\":2,\"name\":\"Produits\",\"item\":\"https:\\\/\\\/itemm.fr\\\/itemm\\\/shop\\\/\"},{\"@type\":\"ListItem\",\"position\":3,\"name\":\"Maintenance courante des clarinettes, saxophones et fl\u00fbtes traversi\u00e8res\"}]},{\"@type\":\"WebSite\",\"@id\":\"https:\\\/\\\/itemm.fr\\\/itemm\\\/#website\",\"url\":\"https:\\\/\\\/itemm.fr\\\/itemm\\\/\",\"name\":\"Itemm\",\"description\":\"Institut technologique europ\u00e9en des m\u00e9tiers de la musique au Mans (72)\",\"publisher\":{\"@id\":\"https:\\\/\\\/itemm.fr\\\/itemm\\\/#organization\"},\"potentialAction\":[{\"@type\":\"SearchAction\",\"target\":{\"@type\":\"EntryPoint\",\"urlTemplate\":\"https:\\\/\\\/itemm.fr\\\/itemm\\\/?s={search_term_string}\"},\"query-input\":{\"@type\":\"PropertyValueSpecification\",\"valueRequired\":true,\"valueName\":\"search_term_string\"}}],\"inLanguage\":\"fr-FR\"},{\"@type\":\"Organization\",\"@id\":\"https:\\\/\\\/itemm.fr\\\/itemm\\\/#organization\",\"name\":\"ITEMM\",\"alternateName\":\"ITEMM\",\"url\":\"https:\\\/\\\/itemm.fr\\\/itemm\\\/\",\"logo\":{\"@type\":\"ImageObject\",\"inLanguage\":\"fr-FR\",\"@id\":\"https:\\\/\\\/itemm.fr\\\/itemm\\\/#\\\/schema\\\/logo\\\/image\\\/\",\"url\":\"https:\\\/\\\/itemm.fr\\\/itemm\\\/wp-content\\\/uploads\\\/2021\\\/12\\\/logo-itemm-piano-on.png\",\"contentUrl\":\"https:\\\/\\\/itemm.fr\\\/itemm\\\/wp-content\\\/uploads\\\/2021\\\/12\\\/logo-itemm-piano-on.png\",\"width\":446,\"height\":294,\"caption\":\"ITEMM\"},\"image\":{\"@id\":\"https:\\\/\\\/itemm.fr\\\/itemm\\\/#\\\/schema\\\/logo\\\/image\\\/\"},\"sameAs\":[\"https:\\\/\\\/www.facebook.com\\\/itemm.lemans\",\"https:\\\/\\\/www.instagram.com\\\/itemmlemans\\\/\",\"https:\\\/\\\/www.linkedin.com\\\/in\\\/itemm\\\/\"]}]}<\/script>\n<!-- \/ Yoast SEO plugin. -->","yoast_head_json":{"title":"Apprenez \u00e0 entretenir clarinettes, saxophones et fl\u00fbtes traversi\u00e8res","description":"Apprenez \u00e0 entretenir clarinettes, saxophones et fl\u00fbtes traversi\u00e8res gr\u00e2ce \u00e0 cette formation de 4 jours ! Destin\u00e9e aux musiciens et aux professionnels...","robots":{"index":"index","follow":"follow","max-snippet":"max-snippet:-1","max-image-preview":"max-image-preview:large","max-video-preview":"max-video-preview:-1"},"canonical":"https:\/\/itemm.fr\/itemm\/produit\/maintenance-courante-des-clarinettes-saxophones-et-flutes-traversieres-3\/","og_locale":"fr_FR","og_type":"article","og_title":"Apprenez \u00e0 entretenir clarinettes, saxophones et fl\u00fbtes traversi\u00e8res","og_description":"Apprenez \u00e0 entretenir clarinettes, saxophones et fl\u00fbtes traversi\u00e8res gr\u00e2ce \u00e0 cette formation de 4 jours ! Destin\u00e9e aux musiciens et aux professionnels...","og_url":"https:\/\/itemm.fr\/itemm\/produit\/maintenance-courante-des-clarinettes-saxophones-et-flutes-traversieres-3\/","og_site_name":"Itemm -","article_publisher":"https:\/\/www.facebook.com\/itemm.lemans","article_modified_time":"2025-12-04T13:45:00+00:00","og_image":[{"width":2560,"height":1442,"url":"https:\/\/itemm.fr\/itemm\/wp-content\/uploads\/2025\/12\/P1166103-scaled.jpg","type":"image\/jpeg"}],"schema":{"@context":"https:\/\/schema.org","@graph":[{"@type":"WebPage","@id":"https:\/\/itemm.fr\/itemm\/produit\/maintenance-courante-des-clarinettes-saxophones-et-flutes-traversieres-3\/","url":"https:\/\/itemm.fr\/itemm\/produit\/maintenance-courante-des-clarinettes-saxophones-et-flutes-traversieres-3\/","name":"Apprenez \u00e0 entretenir clarinettes, saxophones et fl\u00fbtes traversi\u00e8res","isPartOf":{"@id":"https:\/\/itemm.fr\/itemm\/#website"},"primaryImageOfPage":{"@id":"https:\/\/itemm.fr\/itemm\/produit\/maintenance-courante-des-clarinettes-saxophones-et-flutes-traversieres-3\/#primaryimage"},"image":{"@id":"https:\/\/itemm.fr\/itemm\/produit\/maintenance-courante-des-clarinettes-saxophones-et-flutes-traversieres-3\/#primaryimage"},"thumbnailUrl":"https:\/\/itemm.fr\/itemm\/wp-content\/uploads\/2025\/12\/P1166103-scaled.jpg","datePublished":"2025-12-04T13:41:38+00:00","dateModified":"2025-12-04T13:45:00+00:00","description":"Apprenez \u00e0 entretenir clarinettes, saxophones et fl\u00fbtes traversi\u00e8res gr\u00e2ce \u00e0 cette formation de 4 jours ! Destin\u00e9e aux musiciens et aux professionnels...","breadcrumb":{"@id":"https:\/\/itemm.fr\/itemm\/produit\/maintenance-courante-des-clarinettes-saxophones-et-flutes-traversieres-3\/#breadcrumb"},"inLanguage":"fr-FR","potentialAction":[{"@type":"ReadAction","target":["https:\/\/itemm.fr\/itemm\/produit\/maintenance-courante-des-clarinettes-saxophones-et-flutes-traversieres-3\/"]}]},{"@type":"ImageObject","inLanguage":"fr-FR","@id":"https:\/\/itemm.fr\/itemm\/produit\/maintenance-courante-des-clarinettes-saxophones-et-flutes-traversieres-3\/#primaryimage","url":"https:\/\/itemm.fr\/itemm\/wp-content\/uploads\/2025\/12\/P1166103-scaled.jpg","contentUrl":"https:\/\/itemm.fr\/itemm\/wp-content\/uploads\/2025\/12\/P1166103-scaled.jpg","width":2000,"height":1127,"caption":"Maintenance courante des clarinettes, saxophones et fl\u00fbtes traversi\u00e8res"},{"@type":"BreadcrumbList","@id":"https:\/\/itemm.fr\/itemm\/produit\/maintenance-courante-des-clarinettes-saxophones-et-flutes-traversieres-3\/#breadcrumb","itemListElement":[{"@type":"ListItem","position":1,"name":"Accueil","item":"https:\/\/itemm.fr\/itemm\/"},{"@type":"ListItem","position":2,"name":"Produits","item":"https:\/\/itemm.fr\/itemm\/shop\/"},{"@type":"ListItem","position":3,"name":"Maintenance courante des clarinettes, saxophones et fl\u00fbtes traversi\u00e8res"}]},{"@type":"WebSite","@id":"https:\/\/itemm.fr\/itemm\/#website","url":"https:\/\/itemm.fr\/itemm\/","name":"Itemm","description":"Institut technologique europ\u00e9en des m\u00e9tiers de la musique au Mans (72)","publisher":{"@id":"https:\/\/itemm.fr\/itemm\/#organization"},"potentialAction":[{"@type":"SearchAction","target":{"@type":"EntryPoint","urlTemplate":"https:\/\/itemm.fr\/itemm\/?s={search_term_string}"},"query-input":{"@type":"PropertyValueSpecification","valueRequired":true,"valueName":"search_term_string"}}],"inLanguage":"fr-FR"},{"@type":"Organization","@id":"https:\/\/itemm.fr\/itemm\/#organization","name":"ITEMM","alternateName":"ITEMM","url":"https:\/\/itemm.fr\/itemm\/","logo":{"@type":"ImageObject","inLanguage":"fr-FR","@id":"https:\/\/itemm.fr\/itemm\/#\/schema\/logo\/image\/","url":"https:\/\/itemm.fr\/itemm\/wp-content\/uploads\/2021\/12\/logo-itemm-piano-on.png","contentUrl":"https:\/\/itemm.fr\/itemm\/wp-content\/uploads\/2021\/12\/logo-itemm-piano-on.png","width":446,"height":294,"caption":"ITEMM"},"image":{"@id":"https:\/\/itemm.fr\/itemm\/#\/schema\/logo\/image\/"},"sameAs":["https:\/\/www.facebook.com\/itemm.lemans","https:\/\/www.instagram.com\/itemmlemans\/","https:\/\/www.linkedin.com\/in\/itemm\/"]}]}},"_links":{"self":[{"href":"https:\/\/itemm.fr\/itemm\/wp-json\/wp\/v2\/product\/60683","targetHints":{"allow":["GET"]}}],"collection":[{"href":"https:\/\/itemm.fr\/itemm\/wp-json\/wp\/v2\/product"}],"about":[{"href":"https:\/\/itemm.fr\/itemm\/wp-json\/wp\/v2\/types\/product"}],"version-history":[{"count":0,"href":"https:\/\/itemm.fr\/itemm\/wp-json\/wp\/v2\/product\/60683\/revisions"}],"wp:featuredmedia":[{"embeddable":true,"href":"https:\/\/itemm.fr\/itemm\/wp-json\/wp\/v2\/media\/60680"}],"wp:attachment":[{"href":"https:\/\/itemm.fr\/itemm\/wp-json\/wp\/v2\/media?parent=60683"}],"wp:term":[{"taxonomy":"product_brand","embeddable":true,"href":"https:\/\/itemm.fr\/itemm\/wp-json\/wp\/v2\/product_brand?post=60683"},{"taxonomy":"product_cat","embeddable":true,"href":"https:\/\/itemm.fr\/itemm\/wp-json\/wp\/v2\/product_cat?post=60683"},{"taxonomy":"product_tag","embeddable":true,"href":"https:\/\/itemm.fr\/itemm\/wp-json\/wp\/v2\/product_tag?post=60683"}],"curies":[{"name":"wp","href":"https:\/\/api.w.org\/{rel}","templated":true}]}}