{"id":58701,"date":"2025-06-10T13:41:43","date_gmt":"2025-06-10T11:41:43","guid":{"rendered":"https:\/\/itemm.fr\/itemm\/?post_type=product&#038;p=58701"},"modified":"2025-10-29T09:37:39","modified_gmt":"2025-10-29T08:37:39","slug":"piano-bloc-atelier-module-2-approfondissement-des-competences-sur-piano-a-queue-et-harmonisation","status":"publish","type":"product","link":"https:\/\/itemm.fr\/itemm\/produit\/piano-bloc-atelier-module-2-approfondissement-des-competences-sur-piano-a-queue-et-harmonisation\/","title":{"rendered":"BMA option piano &#8211; Bloc de Comp\u00e9tences Atelier &#8211; Module n\u00b02 : Approfondissement des comp\u00e9tences sur piano \u00e0 queue et harmonisation"},"content":{"rendered":"<div class=\"ng-tns-c4271708119-25\">\n<section id=\"processing-state-1\" class=\"processing-state_container ng-tns-c4271708119-25 is-gpi-avatar ng-trigger ng-trigger-processingStateShowHide ng-star-inserted is-done-processing\">\n<div id=\"processing-state-1-summary\" class=\"processing-state_details ng-trigger ng-trigger-menuExpansion ng-tns-c4271708119-25 is-gpi-avatar ng-star-inserted\" aria-hidden=\"true\">\n<div class=\"tool-summary ng-tns-c4271708119-25\">\n<div class=\"gds-body-l tool-summary-message ng-tns-c4271708119-25 ng-star-inserted\">\n<div class=\"ng-tns-c4271708119-25\">\n<div class=\"ng-tns-c4271708119-31\">\n<section id=\"processing-state-2\" class=\"processing-state_container ng-tns-c4271708119-31 is-gpi-avatar ng-trigger ng-trigger-processingStateShowHide ng-star-inserted is-done-processing\">\n<div id=\"processing-state-2-summary\" class=\"processing-state_details ng-trigger ng-trigger-menuExpansion ng-tns-c4271708119-31 is-gpi-avatar ng-star-inserted\" aria-hidden=\"true\">\n<div class=\"tool-summary ng-tns-c4271708119-31\">\n<div class=\"gds-body-l tool-summary-message ng-tns-c4271708119-31 ng-star-inserted\">\n<div class=\"ng-tns-c4271708119-31\">\n<div class=\"ng-tns-c4271708119-37\">\n<section id=\"processing-state-3\" class=\"processing-state_container ng-tns-c4271708119-37 is-gpi-avatar ng-trigger ng-trigger-processingStateShowHide ng-star-inserted is-done-processing\">\n<div id=\"processing-state-3-summary\" class=\"processing-state_details ng-trigger ng-trigger-menuExpansion ng-tns-c4271708119-37 is-gpi-avatar ng-star-inserted\" aria-hidden=\"true\">\n<p>Le bloc de comp\u00e9tences Piano du Brevet des M\u00e9tiers d&#8217;Art (BMA) est structur\u00e9 en quatre modules progressifs ax\u00e9s sur le piano \u00e0 queue.<\/p>\n<p>Le module d&#8217;accord couvre la posture, les m\u00e9thodes d&#8217;accord, les unissons et l&#8217;utilisation de logiciels audio.<\/p>\n<p>Il inclut \u00e9galement des \u00e9changes sur la pratique.<\/p>\n<p>Le 2\u00e8me module du bloc de comp\u00e9tence Atelier est sur l&#8217;approfondissement des comp\u00e9tences sur piano \u00e0 queue et harmonisation vise \u00e0 consolider les acquis du module d&#8217;initiation \u00e0 la prise en charge du piano \u00e0 queue.<\/p>\n<p>Il permet de d\u00e9velopper les comp\u00e9tences d&#8217;expertise d&#8217;harmonisation sp\u00e9cifiques au piano \u00e0 queue.<\/p>\n<p>L&#8217;ensemble de ces modules vise \u00e0 former des professionnels comp\u00e9tents en accord, r\u00e9glage et maintenance de pianos \u00e0 queue.<\/p>\n<\/div>\n<\/section>\n<\/div>\n<\/div>\n<\/div>\n<\/div>\n<\/div>\n<\/section>\n<\/div>\n<\/div>\n<\/div>\n<\/div>\n<\/div>\n<\/section>\n<\/div>\n","protected":false},"excerpt":{"rendered":"<p>Le bloc de comp\u00e9tences Piano niveau Brevet des M\u00e9tiers d\u2019Art (BMA) est compos\u00e9 de quatre modules compl\u00e9mentaires.<\/p>\n<p>Ils s\u2019inscrivent dans une logique de progression, visant \u00e0 ma\u00eetriser l\u2019accord, le r\u00e9glage et la maintenance sur le piano \u00e0 queue.<\/p>\n","protected":false},"featured_media":59717,"template":"","meta":{"_acf_changed":false},"product_brand":[],"product_cat":[3156],"product_tag":[3186,3226,3225],"class_list":{"0":"post-58701","1":"product","2":"type-product","3":"status-publish","4":"has-post-thumbnail","6":"product_cat-piano","7":"product_tag-bloc-de-competences","8":"product_tag-bma","9":"product_tag-piano","10":"description-off","12":"first","13":"instock","14":"virtual","15":"purchasable","16":"product-type-simple"},"acf":[],"yoast_head":"<!-- This site is optimized with the Yoast SEO plugin v27.5 - https:\/\/yoast.com\/product\/yoast-seo-wordpress\/ -->\n<title>BMA option piano - Bloc de Comp\u00e9tences Atelier - Module n\u00b02 : Approfondissement des comp\u00e9tences sur piano \u00e0 queue et harmonisation | Itemm -<\/title>\n<meta name=\"description\" content=\"D\u00e9couvrez le bloc de comp\u00e9tences Piano du BMA : modules progressifs sur l&#039;accord, le r\u00e9glage et l&#039;harmonisation des pianos \u00e0 queue pour devenir un expert. En savoir plus.\" \/>\n<meta name=\"robots\" content=\"index, follow, max-snippet:-1, max-image-preview:large, max-video-preview:-1\" \/>\n<link rel=\"canonical\" href=\"https:\/\/itemm.fr\/itemm\/produit\/piano-bloc-atelier-module-2-approfondissement-des-competences-sur-piano-a-queue-et-harmonisation\/\" \/>\n<meta property=\"og:locale\" content=\"fr_FR\" \/>\n<meta property=\"og:type\" content=\"article\" \/>\n<meta property=\"og:title\" content=\"BMA option piano - Bloc de Comp\u00e9tences Atelier - Module n\u00b02 : Approfondissement des comp\u00e9tences sur piano \u00e0 queue et harmonisation | Itemm -\" \/>\n<meta property=\"og:description\" content=\"D\u00e9couvrez le bloc de comp\u00e9tences Piano du BMA : modules progressifs sur l&#039;accord, le r\u00e9glage et l&#039;harmonisation des pianos \u00e0 queue pour devenir un expert. En savoir plus.\" \/>\n<meta property=\"og:url\" content=\"https:\/\/itemm.fr\/itemm\/produit\/piano-bloc-atelier-module-2-approfondissement-des-competences-sur-piano-a-queue-et-harmonisation\/\" \/>\n<meta property=\"og:site_name\" content=\"Itemm -\" \/>\n<meta property=\"article:publisher\" content=\"https:\/\/www.facebook.com\/itemm.lemans\" \/>\n<meta property=\"article:modified_time\" content=\"2025-10-29T08:37:39+00:00\" \/>\n<meta property=\"og:image\" content=\"https:\/\/itemm.fr\/itemm\/wp-content\/uploads\/2025\/09\/Formation-Technicien-Specialise-en-Piano-3.jpg\" \/>\n\t<meta property=\"og:image:width\" content=\"1024\" \/>\n\t<meta property=\"og:image:height\" content=\"577\" \/>\n\t<meta property=\"og:image:type\" content=\"image\/jpeg\" \/>\n<script type=\"application\/ld+json\" class=\"yoast-schema-graph\">{\"@context\":\"https:\\\/\\\/schema.org\",\"@graph\":[{\"@type\":\"WebPage\",\"@id\":\"https:\\\/\\\/itemm.fr\\\/itemm\\\/produit\\\/piano-bloc-atelier-module-2-approfondissement-des-competences-sur-piano-a-queue-et-harmonisation\\\/\",\"url\":\"https:\\\/\\\/itemm.fr\\\/itemm\\\/produit\\\/piano-bloc-atelier-module-2-approfondissement-des-competences-sur-piano-a-queue-et-harmonisation\\\/\",\"name\":\"BMA option piano - Bloc de Comp\u00e9tences Atelier - Module n\u00b02 : Approfondissement des comp\u00e9tences sur piano \u00e0 queue et harmonisation | Itemm -\",\"isPartOf\":{\"@id\":\"https:\\\/\\\/itemm.fr\\\/itemm\\\/#website\"},\"primaryImageOfPage\":{\"@id\":\"https:\\\/\\\/itemm.fr\\\/itemm\\\/produit\\\/piano-bloc-atelier-module-2-approfondissement-des-competences-sur-piano-a-queue-et-harmonisation\\\/#primaryimage\"},\"image\":{\"@id\":\"https:\\\/\\\/itemm.fr\\\/itemm\\\/produit\\\/piano-bloc-atelier-module-2-approfondissement-des-competences-sur-piano-a-queue-et-harmonisation\\\/#primaryimage\"},\"thumbnailUrl\":\"https:\\\/\\\/itemm.fr\\\/itemm\\\/wp-content\\\/uploads\\\/2025\\\/09\\\/Formation-Technicien-Specialise-en-Piano-3.jpg\",\"datePublished\":\"2025-06-10T11:41:43+00:00\",\"dateModified\":\"2025-10-29T08:37:39+00:00\",\"description\":\"D\u00e9couvrez le bloc de comp\u00e9tences Piano du BMA : modules progressifs sur l'accord, le r\u00e9glage et l'harmonisation des pianos \u00e0 queue pour devenir un expert. En savoir plus.\",\"breadcrumb\":{\"@id\":\"https:\\\/\\\/itemm.fr\\\/itemm\\\/produit\\\/piano-bloc-atelier-module-2-approfondissement-des-competences-sur-piano-a-queue-et-harmonisation\\\/#breadcrumb\"},\"inLanguage\":\"fr-FR\",\"potentialAction\":[{\"@type\":\"ReadAction\",\"target\":[\"https:\\\/\\\/itemm.fr\\\/itemm\\\/produit\\\/piano-bloc-atelier-module-2-approfondissement-des-competences-sur-piano-a-queue-et-harmonisation\\\/\"]}]},{\"@type\":\"ImageObject\",\"inLanguage\":\"fr-FR\",\"@id\":\"https:\\\/\\\/itemm.fr\\\/itemm\\\/produit\\\/piano-bloc-atelier-module-2-approfondissement-des-competences-sur-piano-a-queue-et-harmonisation\\\/#primaryimage\",\"url\":\"https:\\\/\\\/itemm.fr\\\/itemm\\\/wp-content\\\/uploads\\\/2025\\\/09\\\/Formation-Technicien-Specialise-en-Piano-3.jpg\",\"contentUrl\":\"https:\\\/\\\/itemm.fr\\\/itemm\\\/wp-content\\\/uploads\\\/2025\\\/09\\\/Formation-Technicien-Specialise-en-Piano-3.jpg\",\"width\":1024,\"height\":577},{\"@type\":\"BreadcrumbList\",\"@id\":\"https:\\\/\\\/itemm.fr\\\/itemm\\\/produit\\\/piano-bloc-atelier-module-2-approfondissement-des-competences-sur-piano-a-queue-et-harmonisation\\\/#breadcrumb\",\"itemListElement\":[{\"@type\":\"ListItem\",\"position\":1,\"name\":\"Accueil\",\"item\":\"https:\\\/\\\/itemm.fr\\\/itemm\\\/\"},{\"@type\":\"ListItem\",\"position\":2,\"name\":\"Produits\",\"item\":\"https:\\\/\\\/itemm.fr\\\/itemm\\\/shop\\\/\"},{\"@type\":\"ListItem\",\"position\":3,\"name\":\"BMA option piano &#8211; Bloc de Comp\u00e9tences Atelier &#8211; Module n\u00b02 : Approfondissement des comp\u00e9tences sur piano \u00e0 queue et harmonisation\"}]},{\"@type\":\"WebSite\",\"@id\":\"https:\\\/\\\/itemm.fr\\\/itemm\\\/#website\",\"url\":\"https:\\\/\\\/itemm.fr\\\/itemm\\\/\",\"name\":\"Itemm\",\"description\":\"Institut technologique europ\u00e9en des m\u00e9tiers de la musique au Mans (72)\",\"publisher\":{\"@id\":\"https:\\\/\\\/itemm.fr\\\/itemm\\\/#organization\"},\"potentialAction\":[{\"@type\":\"SearchAction\",\"target\":{\"@type\":\"EntryPoint\",\"urlTemplate\":\"https:\\\/\\\/itemm.fr\\\/itemm\\\/?s={search_term_string}\"},\"query-input\":{\"@type\":\"PropertyValueSpecification\",\"valueRequired\":true,\"valueName\":\"search_term_string\"}}],\"inLanguage\":\"fr-FR\"},{\"@type\":\"Organization\",\"@id\":\"https:\\\/\\\/itemm.fr\\\/itemm\\\/#organization\",\"name\":\"ITEMM\",\"alternateName\":\"ITEMM\",\"url\":\"https:\\\/\\\/itemm.fr\\\/itemm\\\/\",\"logo\":{\"@type\":\"ImageObject\",\"inLanguage\":\"fr-FR\",\"@id\":\"https:\\\/\\\/itemm.fr\\\/itemm\\\/#\\\/schema\\\/logo\\\/image\\\/\",\"url\":\"https:\\\/\\\/itemm.fr\\\/itemm\\\/wp-content\\\/uploads\\\/2021\\\/12\\\/logo-itemm-piano-on.png\",\"contentUrl\":\"https:\\\/\\\/itemm.fr\\\/itemm\\\/wp-content\\\/uploads\\\/2021\\\/12\\\/logo-itemm-piano-on.png\",\"width\":446,\"height\":294,\"caption\":\"ITEMM\"},\"image\":{\"@id\":\"https:\\\/\\\/itemm.fr\\\/itemm\\\/#\\\/schema\\\/logo\\\/image\\\/\"},\"sameAs\":[\"https:\\\/\\\/www.facebook.com\\\/itemm.lemans\",\"https:\\\/\\\/www.instagram.com\\\/itemmlemans\\\/\",\"https:\\\/\\\/www.linkedin.com\\\/in\\\/itemm\\\/\"]}]}<\/script>\n<!-- \/ Yoast SEO plugin. -->","yoast_head_json":{"title":"BMA option piano - Bloc de Comp\u00e9tences Atelier - Module n\u00b02 : Approfondissement des comp\u00e9tences sur piano \u00e0 queue et harmonisation | Itemm -","description":"D\u00e9couvrez le bloc de comp\u00e9tences Piano du BMA : modules progressifs sur l'accord, le r\u00e9glage et l'harmonisation des pianos \u00e0 queue pour devenir un expert. En savoir plus.","robots":{"index":"index","follow":"follow","max-snippet":"max-snippet:-1","max-image-preview":"max-image-preview:large","max-video-preview":"max-video-preview:-1"},"canonical":"https:\/\/itemm.fr\/itemm\/produit\/piano-bloc-atelier-module-2-approfondissement-des-competences-sur-piano-a-queue-et-harmonisation\/","og_locale":"fr_FR","og_type":"article","og_title":"BMA option piano - Bloc de Comp\u00e9tences Atelier - Module n\u00b02 : Approfondissement des comp\u00e9tences sur piano \u00e0 queue et harmonisation | Itemm -","og_description":"D\u00e9couvrez le bloc de comp\u00e9tences Piano du BMA : modules progressifs sur l'accord, le r\u00e9glage et l'harmonisation des pianos \u00e0 queue pour devenir un expert. En savoir plus.","og_url":"https:\/\/itemm.fr\/itemm\/produit\/piano-bloc-atelier-module-2-approfondissement-des-competences-sur-piano-a-queue-et-harmonisation\/","og_site_name":"Itemm -","article_publisher":"https:\/\/www.facebook.com\/itemm.lemans","article_modified_time":"2025-10-29T08:37:39+00:00","og_image":[{"width":1024,"height":577,"url":"https:\/\/itemm.fr\/itemm\/wp-content\/uploads\/2025\/09\/Formation-Technicien-Specialise-en-Piano-3.jpg","type":"image\/jpeg"}],"schema":{"@context":"https:\/\/schema.org","@graph":[{"@type":"WebPage","@id":"https:\/\/itemm.fr\/itemm\/produit\/piano-bloc-atelier-module-2-approfondissement-des-competences-sur-piano-a-queue-et-harmonisation\/","url":"https:\/\/itemm.fr\/itemm\/produit\/piano-bloc-atelier-module-2-approfondissement-des-competences-sur-piano-a-queue-et-harmonisation\/","name":"BMA option piano - Bloc de Comp\u00e9tences Atelier - Module n\u00b02 : Approfondissement des comp\u00e9tences sur piano \u00e0 queue et harmonisation | Itemm -","isPartOf":{"@id":"https:\/\/itemm.fr\/itemm\/#website"},"primaryImageOfPage":{"@id":"https:\/\/itemm.fr\/itemm\/produit\/piano-bloc-atelier-module-2-approfondissement-des-competences-sur-piano-a-queue-et-harmonisation\/#primaryimage"},"image":{"@id":"https:\/\/itemm.fr\/itemm\/produit\/piano-bloc-atelier-module-2-approfondissement-des-competences-sur-piano-a-queue-et-harmonisation\/#primaryimage"},"thumbnailUrl":"https:\/\/itemm.fr\/itemm\/wp-content\/uploads\/2025\/09\/Formation-Technicien-Specialise-en-Piano-3.jpg","datePublished":"2025-06-10T11:41:43+00:00","dateModified":"2025-10-29T08:37:39+00:00","description":"D\u00e9couvrez le bloc de comp\u00e9tences Piano du BMA : modules progressifs sur l'accord, le r\u00e9glage et l'harmonisation des pianos \u00e0 queue pour devenir un expert. En savoir plus.","breadcrumb":{"@id":"https:\/\/itemm.fr\/itemm\/produit\/piano-bloc-atelier-module-2-approfondissement-des-competences-sur-piano-a-queue-et-harmonisation\/#breadcrumb"},"inLanguage":"fr-FR","potentialAction":[{"@type":"ReadAction","target":["https:\/\/itemm.fr\/itemm\/produit\/piano-bloc-atelier-module-2-approfondissement-des-competences-sur-piano-a-queue-et-harmonisation\/"]}]},{"@type":"ImageObject","inLanguage":"fr-FR","@id":"https:\/\/itemm.fr\/itemm\/produit\/piano-bloc-atelier-module-2-approfondissement-des-competences-sur-piano-a-queue-et-harmonisation\/#primaryimage","url":"https:\/\/itemm.fr\/itemm\/wp-content\/uploads\/2025\/09\/Formation-Technicien-Specialise-en-Piano-3.jpg","contentUrl":"https:\/\/itemm.fr\/itemm\/wp-content\/uploads\/2025\/09\/Formation-Technicien-Specialise-en-Piano-3.jpg","width":1024,"height":577},{"@type":"BreadcrumbList","@id":"https:\/\/itemm.fr\/itemm\/produit\/piano-bloc-atelier-module-2-approfondissement-des-competences-sur-piano-a-queue-et-harmonisation\/#breadcrumb","itemListElement":[{"@type":"ListItem","position":1,"name":"Accueil","item":"https:\/\/itemm.fr\/itemm\/"},{"@type":"ListItem","position":2,"name":"Produits","item":"https:\/\/itemm.fr\/itemm\/shop\/"},{"@type":"ListItem","position":3,"name":"BMA option piano &#8211; Bloc de Comp\u00e9tences Atelier &#8211; Module n\u00b02 : Approfondissement des comp\u00e9tences sur piano \u00e0 queue et harmonisation"}]},{"@type":"WebSite","@id":"https:\/\/itemm.fr\/itemm\/#website","url":"https:\/\/itemm.fr\/itemm\/","name":"Itemm","description":"Institut technologique europ\u00e9en des m\u00e9tiers de la musique au Mans (72)","publisher":{"@id":"https:\/\/itemm.fr\/itemm\/#organization"},"potentialAction":[{"@type":"SearchAction","target":{"@type":"EntryPoint","urlTemplate":"https:\/\/itemm.fr\/itemm\/?s={search_term_string}"},"query-input":{"@type":"PropertyValueSpecification","valueRequired":true,"valueName":"search_term_string"}}],"inLanguage":"fr-FR"},{"@type":"Organization","@id":"https:\/\/itemm.fr\/itemm\/#organization","name":"ITEMM","alternateName":"ITEMM","url":"https:\/\/itemm.fr\/itemm\/","logo":{"@type":"ImageObject","inLanguage":"fr-FR","@id":"https:\/\/itemm.fr\/itemm\/#\/schema\/logo\/image\/","url":"https:\/\/itemm.fr\/itemm\/wp-content\/uploads\/2021\/12\/logo-itemm-piano-on.png","contentUrl":"https:\/\/itemm.fr\/itemm\/wp-content\/uploads\/2021\/12\/logo-itemm-piano-on.png","width":446,"height":294,"caption":"ITEMM"},"image":{"@id":"https:\/\/itemm.fr\/itemm\/#\/schema\/logo\/image\/"},"sameAs":["https:\/\/www.facebook.com\/itemm.lemans","https:\/\/www.instagram.com\/itemmlemans\/","https:\/\/www.linkedin.com\/in\/itemm\/"]}]}},"_links":{"self":[{"href":"https:\/\/itemm.fr\/itemm\/wp-json\/wp\/v2\/product\/58701","targetHints":{"allow":["GET"]}}],"collection":[{"href":"https:\/\/itemm.fr\/itemm\/wp-json\/wp\/v2\/product"}],"about":[{"href":"https:\/\/itemm.fr\/itemm\/wp-json\/wp\/v2\/types\/product"}],"version-history":[{"count":0,"href":"https:\/\/itemm.fr\/itemm\/wp-json\/wp\/v2\/product\/58701\/revisions"}],"wp:featuredmedia":[{"embeddable":true,"href":"https:\/\/itemm.fr\/itemm\/wp-json\/wp\/v2\/media\/59717"}],"wp:attachment":[{"href":"https:\/\/itemm.fr\/itemm\/wp-json\/wp\/v2\/media?parent=58701"}],"wp:term":[{"taxonomy":"product_brand","embeddable":true,"href":"https:\/\/itemm.fr\/itemm\/wp-json\/wp\/v2\/product_brand?post=58701"},{"taxonomy":"product_cat","embeddable":true,"href":"https:\/\/itemm.fr\/itemm\/wp-json\/wp\/v2\/product_cat?post=58701"},{"taxonomy":"product_tag","embeddable":true,"href":"https:\/\/itemm.fr\/itemm\/wp-json\/wp\/v2\/product_tag?post=58701"}],"curies":[{"name":"wp","href":"https:\/\/api.w.org\/{rel}","templated":true}]}}