{"id":57793,"date":"2025-02-25T09:14:54","date_gmt":"2025-02-25T08:14:54","guid":{"rendered":"https:\/\/itemm.fr\/itemm\/?post_type=product&#038;p=57793"},"modified":"2026-01-06T15:04:31","modified_gmt":"2026-01-06T14:04:31","slug":"accorder-regler-un-piano-a-queue","status":"publish","type":"product","link":"https:\/\/itemm.fr\/itemm\/produit\/accorder-regler-un-piano-a-queue\/","title":{"rendered":"BMA option piano &#8211; Bloc de Comp\u00e9tences Atelier &#8211; Module n\u00b01- Initiation &#8211; D\u00e9couvrir et appliquer l\u2019accord, le r\u00e9glage et la maintenance sur piano \u00e0 queue"},"content":{"rendered":"<div class=\"ng-tns-c4271708119-25\">\n<section id=\"processing-state-1\" class=\"processing-state_container ng-tns-c4271708119-25 is-gpi-avatar ng-trigger ng-trigger-processingStateShowHide ng-star-inserted is-done-processing\">\n<div id=\"processing-state-1-summary\" class=\"processing-state_details ng-trigger ng-trigger-menuExpansion ng-tns-c4271708119-25 is-gpi-avatar ng-star-inserted\" aria-hidden=\"true\">\n<div class=\"tool-summary ng-tns-c4271708119-25\">\n<div class=\"gds-body-l tool-summary-message ng-tns-c4271708119-25 ng-star-inserted\">\n<div class=\"ng-tns-c4271708119-25\">\n<div class=\"ng-tns-c4271708119-31\">\n<section id=\"processing-state-2\" class=\"processing-state_container ng-tns-c4271708119-31 is-gpi-avatar ng-trigger ng-trigger-processingStateShowHide ng-star-inserted is-done-processing\">\n<div id=\"processing-state-2-summary\" class=\"processing-state_details ng-trigger ng-trigger-menuExpansion ng-tns-c4271708119-31 is-gpi-avatar ng-star-inserted\" aria-hidden=\"true\">\n<div class=\"tool-summary ng-tns-c4271708119-31\">\n<div class=\"gds-body-l tool-summary-message ng-tns-c4271708119-31 ng-star-inserted\">\n<div class=\"ng-tns-c4271708119-31\">\n<div class=\"ng-tns-c4271708119-37\">\n<section id=\"processing-state-3\" class=\"processing-state_container ng-tns-c4271708119-37 is-gpi-avatar ng-trigger ng-trigger-processingStateShowHide ng-star-inserted is-done-processing\">\n<div id=\"processing-state-3-summary\" class=\"processing-state_details ng-trigger ng-trigger-menuExpansion ng-tns-c4271708119-37 is-gpi-avatar ng-star-inserted\" aria-hidden=\"true\">\n<p>Destin\u00e9 \u00e0 former des experts du piano \u00e0 queue, le bloc de comp\u00e9tences du BMA s&#8217;articule autour de trois axes majeurs.<\/p>\n<p>L\u2019accord combine d\u2019abord gestuelle, m\u00e9thodes acoustiques et support logiciel.<\/p>\n<p>Le volet r\u00e9glage approfondit ensuite l&#8217;harmonisation de l\u2019instrument et la gestion commerciale via la r\u00e9daction de devis.<\/p>\n<p>Enfin, la maintenance permet d\u2019apprendre \u00e0 identifier les pannes et \u00e0 remplacer les composants d\u00e9fectueux.<\/p>\n<p>Ce parcours complet assure une parfaite ma\u00eetrise de la maintenance technique et de la relation client.<\/p>\n<\/div>\n<\/section>\n<\/div>\n<\/div>\n<\/div>\n<\/div>\n<\/div>\n<\/section>\n<\/div>\n<\/div>\n<\/div>\n<\/div>\n<\/div>\n<\/section>\n<\/div>\n","protected":false},"excerpt":{"rendered":"<p>Perfectionnez votre ma\u00eetrise du piano \u00e0 queue gr\u00e2ce au bloc de comp\u00e9tences BMA. Ce cursus de quatre modules compl\u00e9mentaires vous guide \u00e9tape par \u00e9tape dans l\u2019apprentissage de l\u2019accord, du r\u00e9glage m\u00e9canique et de l\u2019entretien de haut niveau.<\/p>\n","protected":false},"featured_media":56669,"template":"","meta":{"_acf_changed":false},"product_brand":[],"product_cat":[3156],"product_tag":[3186,3226,3225],"class_list":{"0":"post-57793","1":"product","2":"type-product","3":"status-publish","4":"has-post-thumbnail","6":"product_cat-piano","7":"product_tag-bloc-de-competences","8":"product_tag-bma","9":"product_tag-piano","10":"description-off","12":"first","13":"instock","14":"virtual","15":"purchasable","16":"product-type-simple"},"acf":[],"yoast_head":"<!-- This site is optimized with the Yoast SEO plugin v27.5 - https:\/\/yoast.com\/product\/yoast-seo-wordpress\/ -->\n<title>BMA option piano - Bloc de Comp\u00e9tences Atelier - Module n\u00b01- Initiation - D\u00e9couvrir et appliquer l\u2019accord, le r\u00e9glage et la maintenance sur piano \u00e0 queue | Itemm -<\/title>\n<meta name=\"description\" content=\"Devenez expert du piano \u00e0 queue avec le bloc de comp\u00e9tences BMA. Ma\u00eetrisez l&#039;accord, le r\u00e9glage et la maintenance.Modules progressifs et professionnalisants\" \/>\n<meta name=\"robots\" content=\"index, follow, max-snippet:-1, max-image-preview:large, max-video-preview:-1\" \/>\n<link rel=\"canonical\" href=\"https:\/\/itemm.fr\/itemm\/produit\/accorder-regler-un-piano-a-queue\/\" \/>\n<meta property=\"og:locale\" content=\"fr_FR\" \/>\n<meta property=\"og:type\" content=\"article\" \/>\n<meta property=\"og:title\" content=\"BMA option piano - Bloc de Comp\u00e9tences Atelier - Module n\u00b01- Initiation - D\u00e9couvrir et appliquer l\u2019accord, le r\u00e9glage et la maintenance sur piano \u00e0 queue | Itemm -\" \/>\n<meta property=\"og:description\" content=\"Devenez expert du piano \u00e0 queue avec le bloc de comp\u00e9tences BMA. Ma\u00eetrisez l&#039;accord, le r\u00e9glage et la maintenance.Modules progressifs et professionnalisants\" \/>\n<meta property=\"og:url\" content=\"https:\/\/itemm.fr\/itemm\/produit\/accorder-regler-un-piano-a-queue\/\" \/>\n<meta property=\"og:site_name\" content=\"Itemm -\" \/>\n<meta property=\"article:publisher\" content=\"https:\/\/www.facebook.com\/itemm.lemans\" \/>\n<meta property=\"article:modified_time\" content=\"2026-01-06T14:04:31+00:00\" \/>\n<meta property=\"og:image\" content=\"https:\/\/itemm.fr\/itemm\/wp-content\/uploads\/2024\/02\/Decouvrir-et-appliquer-laccord-le-reglage-et-la-maintenance-sur-piano-a-queue.webp\" \/>\n\t<meta property=\"og:image:width\" content=\"2000\" \/>\n\t<meta property=\"og:image:height\" content=\"1127\" \/>\n\t<meta property=\"og:image:type\" content=\"image\/jpeg\" \/>\n<script type=\"application\/ld+json\" class=\"yoast-schema-graph\">{\"@context\":\"https:\\\/\\\/schema.org\",\"@graph\":[{\"@type\":\"WebPage\",\"@id\":\"https:\\\/\\\/itemm.fr\\\/itemm\\\/produit\\\/accorder-regler-un-piano-a-queue\\\/\",\"url\":\"https:\\\/\\\/itemm.fr\\\/itemm\\\/produit\\\/accorder-regler-un-piano-a-queue\\\/\",\"name\":\"BMA option piano - Bloc de Comp\u00e9tences Atelier - Module n\u00b01- Initiation - D\u00e9couvrir et appliquer l\u2019accord, le r\u00e9glage et la maintenance sur piano \u00e0 queue | Itemm -\",\"isPartOf\":{\"@id\":\"https:\\\/\\\/itemm.fr\\\/itemm\\\/#website\"},\"primaryImageOfPage\":{\"@id\":\"https:\\\/\\\/itemm.fr\\\/itemm\\\/produit\\\/accorder-regler-un-piano-a-queue\\\/#primaryimage\"},\"image\":{\"@id\":\"https:\\\/\\\/itemm.fr\\\/itemm\\\/produit\\\/accorder-regler-un-piano-a-queue\\\/#primaryimage\"},\"thumbnailUrl\":\"https:\\\/\\\/itemm.fr\\\/itemm\\\/wp-content\\\/uploads\\\/2024\\\/02\\\/Decouvrir-et-appliquer-laccord-le-reglage-et-la-maintenance-sur-piano-a-queue.webp\",\"datePublished\":\"2025-02-25T08:14:54+00:00\",\"dateModified\":\"2026-01-06T14:04:31+00:00\",\"description\":\"Devenez expert du piano \u00e0 queue avec le bloc de comp\u00e9tences BMA. Ma\u00eetrisez l'accord, le r\u00e9glage et la maintenance.Modules progressifs et professionnalisants\",\"breadcrumb\":{\"@id\":\"https:\\\/\\\/itemm.fr\\\/itemm\\\/produit\\\/accorder-regler-un-piano-a-queue\\\/#breadcrumb\"},\"inLanguage\":\"fr-FR\",\"potentialAction\":[{\"@type\":\"ReadAction\",\"target\":[\"https:\\\/\\\/itemm.fr\\\/itemm\\\/produit\\\/accorder-regler-un-piano-a-queue\\\/\"]}]},{\"@type\":\"ImageObject\",\"inLanguage\":\"fr-FR\",\"@id\":\"https:\\\/\\\/itemm.fr\\\/itemm\\\/produit\\\/accorder-regler-un-piano-a-queue\\\/#primaryimage\",\"url\":\"https:\\\/\\\/itemm.fr\\\/itemm\\\/wp-content\\\/uploads\\\/2024\\\/02\\\/Decouvrir-et-appliquer-laccord-le-reglage-et-la-maintenance-sur-piano-a-queue.webp\",\"contentUrl\":\"https:\\\/\\\/itemm.fr\\\/itemm\\\/wp-content\\\/uploads\\\/2024\\\/02\\\/Decouvrir-et-appliquer-laccord-le-reglage-et-la-maintenance-sur-piano-a-queue.webp\",\"width\":2000,\"height\":1127,\"caption\":\"Initiation - De\u0301couvrir et appliquer l'accord, le re\u0301glage et la maintenance sur piano a\u0300 queue\"},{\"@type\":\"BreadcrumbList\",\"@id\":\"https:\\\/\\\/itemm.fr\\\/itemm\\\/produit\\\/accorder-regler-un-piano-a-queue\\\/#breadcrumb\",\"itemListElement\":[{\"@type\":\"ListItem\",\"position\":1,\"name\":\"Accueil\",\"item\":\"https:\\\/\\\/itemm.fr\\\/itemm\\\/\"},{\"@type\":\"ListItem\",\"position\":2,\"name\":\"Produits\",\"item\":\"https:\\\/\\\/itemm.fr\\\/itemm\\\/shop\\\/\"},{\"@type\":\"ListItem\",\"position\":3,\"name\":\"BMA option piano &#8211; Bloc de Comp\u00e9tences Atelier &#8211; Module n\u00b01- Initiation &#8211; D\u00e9couvrir et appliquer l\u2019accord, le r\u00e9glage et la maintenance sur piano \u00e0 queue\"}]},{\"@type\":\"WebSite\",\"@id\":\"https:\\\/\\\/itemm.fr\\\/itemm\\\/#website\",\"url\":\"https:\\\/\\\/itemm.fr\\\/itemm\\\/\",\"name\":\"Itemm\",\"description\":\"Institut technologique europ\u00e9en des m\u00e9tiers de la musique au Mans (72)\",\"publisher\":{\"@id\":\"https:\\\/\\\/itemm.fr\\\/itemm\\\/#organization\"},\"potentialAction\":[{\"@type\":\"SearchAction\",\"target\":{\"@type\":\"EntryPoint\",\"urlTemplate\":\"https:\\\/\\\/itemm.fr\\\/itemm\\\/?s={search_term_string}\"},\"query-input\":{\"@type\":\"PropertyValueSpecification\",\"valueRequired\":true,\"valueName\":\"search_term_string\"}}],\"inLanguage\":\"fr-FR\"},{\"@type\":\"Organization\",\"@id\":\"https:\\\/\\\/itemm.fr\\\/itemm\\\/#organization\",\"name\":\"ITEMM\",\"alternateName\":\"ITEMM\",\"url\":\"https:\\\/\\\/itemm.fr\\\/itemm\\\/\",\"logo\":{\"@type\":\"ImageObject\",\"inLanguage\":\"fr-FR\",\"@id\":\"https:\\\/\\\/itemm.fr\\\/itemm\\\/#\\\/schema\\\/logo\\\/image\\\/\",\"url\":\"https:\\\/\\\/itemm.fr\\\/itemm\\\/wp-content\\\/uploads\\\/2021\\\/12\\\/logo-itemm-piano-on.png\",\"contentUrl\":\"https:\\\/\\\/itemm.fr\\\/itemm\\\/wp-content\\\/uploads\\\/2021\\\/12\\\/logo-itemm-piano-on.png\",\"width\":446,\"height\":294,\"caption\":\"ITEMM\"},\"image\":{\"@id\":\"https:\\\/\\\/itemm.fr\\\/itemm\\\/#\\\/schema\\\/logo\\\/image\\\/\"},\"sameAs\":[\"https:\\\/\\\/www.facebook.com\\\/itemm.lemans\",\"https:\\\/\\\/www.instagram.com\\\/itemmlemans\\\/\",\"https:\\\/\\\/www.linkedin.com\\\/in\\\/itemm\\\/\"]}]}<\/script>\n<!-- \/ Yoast SEO plugin. -->","yoast_head_json":{"title":"BMA option piano - Bloc de Comp\u00e9tences Atelier - Module n\u00b01- Initiation - D\u00e9couvrir et appliquer l\u2019accord, le r\u00e9glage et la maintenance sur piano \u00e0 queue | Itemm -","description":"Devenez expert du piano \u00e0 queue avec le bloc de comp\u00e9tences BMA. Ma\u00eetrisez l'accord, le r\u00e9glage et la maintenance.Modules progressifs et professionnalisants","robots":{"index":"index","follow":"follow","max-snippet":"max-snippet:-1","max-image-preview":"max-image-preview:large","max-video-preview":"max-video-preview:-1"},"canonical":"https:\/\/itemm.fr\/itemm\/produit\/accorder-regler-un-piano-a-queue\/","og_locale":"fr_FR","og_type":"article","og_title":"BMA option piano - Bloc de Comp\u00e9tences Atelier - Module n\u00b01- Initiation - D\u00e9couvrir et appliquer l\u2019accord, le r\u00e9glage et la maintenance sur piano \u00e0 queue | Itemm -","og_description":"Devenez expert du piano \u00e0 queue avec le bloc de comp\u00e9tences BMA. Ma\u00eetrisez l'accord, le r\u00e9glage et la maintenance.Modules progressifs et professionnalisants","og_url":"https:\/\/itemm.fr\/itemm\/produit\/accorder-regler-un-piano-a-queue\/","og_site_name":"Itemm -","article_publisher":"https:\/\/www.facebook.com\/itemm.lemans","article_modified_time":"2026-01-06T14:04:31+00:00","og_image":[{"width":2000,"height":1127,"url":"https:\/\/itemm.fr\/itemm\/wp-content\/uploads\/2024\/02\/Decouvrir-et-appliquer-laccord-le-reglage-et-la-maintenance-sur-piano-a-queue.webp","type":"image\/jpeg"}],"schema":{"@context":"https:\/\/schema.org","@graph":[{"@type":"WebPage","@id":"https:\/\/itemm.fr\/itemm\/produit\/accorder-regler-un-piano-a-queue\/","url":"https:\/\/itemm.fr\/itemm\/produit\/accorder-regler-un-piano-a-queue\/","name":"BMA option piano - Bloc de Comp\u00e9tences Atelier - Module n\u00b01- Initiation - D\u00e9couvrir et appliquer l\u2019accord, le r\u00e9glage et la maintenance sur piano \u00e0 queue | Itemm -","isPartOf":{"@id":"https:\/\/itemm.fr\/itemm\/#website"},"primaryImageOfPage":{"@id":"https:\/\/itemm.fr\/itemm\/produit\/accorder-regler-un-piano-a-queue\/#primaryimage"},"image":{"@id":"https:\/\/itemm.fr\/itemm\/produit\/accorder-regler-un-piano-a-queue\/#primaryimage"},"thumbnailUrl":"https:\/\/itemm.fr\/itemm\/wp-content\/uploads\/2024\/02\/Decouvrir-et-appliquer-laccord-le-reglage-et-la-maintenance-sur-piano-a-queue.webp","datePublished":"2025-02-25T08:14:54+00:00","dateModified":"2026-01-06T14:04:31+00:00","description":"Devenez expert du piano \u00e0 queue avec le bloc de comp\u00e9tences BMA. Ma\u00eetrisez l'accord, le r\u00e9glage et la maintenance.Modules progressifs et professionnalisants","breadcrumb":{"@id":"https:\/\/itemm.fr\/itemm\/produit\/accorder-regler-un-piano-a-queue\/#breadcrumb"},"inLanguage":"fr-FR","potentialAction":[{"@type":"ReadAction","target":["https:\/\/itemm.fr\/itemm\/produit\/accorder-regler-un-piano-a-queue\/"]}]},{"@type":"ImageObject","inLanguage":"fr-FR","@id":"https:\/\/itemm.fr\/itemm\/produit\/accorder-regler-un-piano-a-queue\/#primaryimage","url":"https:\/\/itemm.fr\/itemm\/wp-content\/uploads\/2024\/02\/Decouvrir-et-appliquer-laccord-le-reglage-et-la-maintenance-sur-piano-a-queue.webp","contentUrl":"https:\/\/itemm.fr\/itemm\/wp-content\/uploads\/2024\/02\/Decouvrir-et-appliquer-laccord-le-reglage-et-la-maintenance-sur-piano-a-queue.webp","width":2000,"height":1127,"caption":"Initiation - De\u0301couvrir et appliquer l'accord, le re\u0301glage et la maintenance sur piano a\u0300 queue"},{"@type":"BreadcrumbList","@id":"https:\/\/itemm.fr\/itemm\/produit\/accorder-regler-un-piano-a-queue\/#breadcrumb","itemListElement":[{"@type":"ListItem","position":1,"name":"Accueil","item":"https:\/\/itemm.fr\/itemm\/"},{"@type":"ListItem","position":2,"name":"Produits","item":"https:\/\/itemm.fr\/itemm\/shop\/"},{"@type":"ListItem","position":3,"name":"BMA option piano &#8211; Bloc de Comp\u00e9tences Atelier &#8211; Module n\u00b01- Initiation &#8211; D\u00e9couvrir et appliquer l\u2019accord, le r\u00e9glage et la maintenance sur piano \u00e0 queue"}]},{"@type":"WebSite","@id":"https:\/\/itemm.fr\/itemm\/#website","url":"https:\/\/itemm.fr\/itemm\/","name":"Itemm","description":"Institut technologique europ\u00e9en des m\u00e9tiers de la musique au Mans (72)","publisher":{"@id":"https:\/\/itemm.fr\/itemm\/#organization"},"potentialAction":[{"@type":"SearchAction","target":{"@type":"EntryPoint","urlTemplate":"https:\/\/itemm.fr\/itemm\/?s={search_term_string}"},"query-input":{"@type":"PropertyValueSpecification","valueRequired":true,"valueName":"search_term_string"}}],"inLanguage":"fr-FR"},{"@type":"Organization","@id":"https:\/\/itemm.fr\/itemm\/#organization","name":"ITEMM","alternateName":"ITEMM","url":"https:\/\/itemm.fr\/itemm\/","logo":{"@type":"ImageObject","inLanguage":"fr-FR","@id":"https:\/\/itemm.fr\/itemm\/#\/schema\/logo\/image\/","url":"https:\/\/itemm.fr\/itemm\/wp-content\/uploads\/2021\/12\/logo-itemm-piano-on.png","contentUrl":"https:\/\/itemm.fr\/itemm\/wp-content\/uploads\/2021\/12\/logo-itemm-piano-on.png","width":446,"height":294,"caption":"ITEMM"},"image":{"@id":"https:\/\/itemm.fr\/itemm\/#\/schema\/logo\/image\/"},"sameAs":["https:\/\/www.facebook.com\/itemm.lemans","https:\/\/www.instagram.com\/itemmlemans\/","https:\/\/www.linkedin.com\/in\/itemm\/"]}]}},"_links":{"self":[{"href":"https:\/\/itemm.fr\/itemm\/wp-json\/wp\/v2\/product\/57793","targetHints":{"allow":["GET"]}}],"collection":[{"href":"https:\/\/itemm.fr\/itemm\/wp-json\/wp\/v2\/product"}],"about":[{"href":"https:\/\/itemm.fr\/itemm\/wp-json\/wp\/v2\/types\/product"}],"version-history":[{"count":0,"href":"https:\/\/itemm.fr\/itemm\/wp-json\/wp\/v2\/product\/57793\/revisions"}],"wp:featuredmedia":[{"embeddable":true,"href":"https:\/\/itemm.fr\/itemm\/wp-json\/wp\/v2\/media\/56669"}],"wp:attachment":[{"href":"https:\/\/itemm.fr\/itemm\/wp-json\/wp\/v2\/media?parent=57793"}],"wp:term":[{"taxonomy":"product_brand","embeddable":true,"href":"https:\/\/itemm.fr\/itemm\/wp-json\/wp\/v2\/product_brand?post=57793"},{"taxonomy":"product_cat","embeddable":true,"href":"https:\/\/itemm.fr\/itemm\/wp-json\/wp\/v2\/product_cat?post=57793"},{"taxonomy":"product_tag","embeddable":true,"href":"https:\/\/itemm.fr\/itemm\/wp-json\/wp\/v2\/product_tag?post=57793"}],"curies":[{"name":"wp","href":"https:\/\/api.w.org\/{rel}","templated":true}]}}