{"id":9135,"date":"2012-06-25T10:53:12","date_gmt":"2012-06-25T08:53:12","guid":{"rendered":"https:\/\/itemm.fr\/itemm\/?page_id=9135"},"modified":"2026-02-17T16:42:17","modified_gmt":"2026-02-17T15:42:17","slug":"equipe-pedagogique","status":"publish","type":"page","link":"https:\/\/itemm.fr\/itemm\/equipe-pedagogique\/","title":{"rendered":"\u00c9quipe p\u00e9dagogique"},"content":{"rendered":"\t\t<div data-elementor-type=\"wp-post\" data-elementor-id=\"9135\" class=\"elementor elementor-9135\" data-elementor-post-type=\"page\">\n\t\t\t\t\t\t<section class=\"elementor-section elementor-top-section elementor-element elementor-element-00fad60 elementor-section-boxed elementor-section-height-default elementor-section-height-default\" data-id=\"00fad60\" data-element_type=\"section\" data-e-type=\"section\" data-settings=\"{&quot;ekit_has_onepagescroll_dot&quot;:&quot;yes&quot;}\">\n\t\t\t\t\t\t<div class=\"elementor-container elementor-column-gap-default\">\n\t\t\t\t\t<div class=\"elementor-column elementor-col-100 elementor-top-column elementor-element elementor-element-3be66b7\" data-id=\"3be66b7\" data-element_type=\"column\" data-e-type=\"column\">\n\t\t\t<div class=\"elementor-widget-wrap elementor-element-populated\">\n\t\t\t\t\t\t<div class=\"elementor-element elementor-element-9270c44 elementor-widget elementor-widget-text-editor\" data-id=\"9270c44\" data-element_type=\"widget\" data-e-type=\"widget\" data-settings=\"{&quot;ekit_we_effect_on&quot;:&quot;none&quot;}\" data-widget_type=\"text-editor.default\">\n\t\t\t\t\t\t\t\t\t<p>L\u2019\u00e9quipe p\u00e9dagogique de l\u2019ITEMM est compos\u00e9e d\u2019un groupe de formateurs permanents bas\u00e9s sur le campus de l\u2019Institut et d&#8217;une centaine de formateurs occasionnels issus du monde professionnel intervenant sur leurs points d\u2019expertise.<\/p><p>Ci-dessous, la liste des formateurs d\u00e9di\u00e9s \u00e0 l\u2019ITEMM et leur domaine d\u2019intervention\u00a0:<\/p>\t\t\t\t\t\t\t\t<\/div>\n\t\t\t\t<section class=\"elementor-section elementor-inner-section elementor-element elementor-element-cfe5382 elementor-section-boxed elementor-section-height-default elementor-section-height-default\" data-id=\"cfe5382\" data-element_type=\"section\" data-e-type=\"section\" data-settings=\"{&quot;ekit_has_onepagescroll_dot&quot;:&quot;yes&quot;}\">\n\t\t\t\t\t\t<div class=\"elementor-container elementor-column-gap-default\">\n\t\t\t\t\t<div class=\"elementor-column elementor-col-100 elementor-inner-column elementor-element elementor-element-9e970a9\" data-id=\"9e970a9\" data-element_type=\"column\" data-e-type=\"column\">\n\t\t\t<div class=\"elementor-widget-wrap elementor-element-populated\">\n\t\t\t\t\t\t<div class=\"elementor-element elementor-element-771c40f elementor-widget elementor-widget-text-editor\" data-id=\"771c40f\" data-element_type=\"widget\" data-e-type=\"widget\" data-settings=\"{&quot;ekit_we_effect_on&quot;:&quot;none&quot;}\" data-widget_type=\"text-editor.default\">\n\t\t\t\t\t\t\t\t\t<p><span style=\"color: #02575c;\"><strong>Section guitare<\/strong><\/span><\/p>\n<ul>\n<li><strong>Antoine SCHMITT<\/strong> &#8211;&nbsp;<em>Responsable de section et formateur r\u00e9f\u00e9rent&nbsp;des CAP guitare<\/em><br \/>antoine.schmitt@itemm.fr \/ 0243393917<\/li>\n<li><span style=\"font-weight: bold;\">Ludovic BARRIER<\/span> &#8211;<em>&nbsp;Formateur r\u00e9f\u00e9rent&nbsp;des BMA guitare<\/em><br \/>ludovic.barrier@itemm.fr \/ 0243393917<\/li>\n<\/ul>\n<p><span style=\"color: #02575c;\"><strong>Section Instruments \u00e0 vent<\/strong><\/span><\/p>\n<ul>\n<li><strong>Jacky MONTOIS<\/strong> &#8211;&nbsp;<em>Responsable de section et formateur r\u00e9f\u00e9rent CAP instruments \u00e0 vent <br \/>en 9 mois<\/em>&nbsp;<br \/>jacky.montois@itemm.fr \/ 0243393940<\/li>\n<li><strong>Juan ROMERO<\/strong>&nbsp;&#8211;&nbsp;<em>Formateur r\u00e9f\u00e9rent BMA instruments \u00e0 vent&nbsp;<br \/><\/em>juan.romero@itemm.fr \/ 0243393918<\/li>\n<li><strong>Ruben VAZQUEZ-DELGADO<\/strong> &#8211; <em>Formateur r\u00e9f\u00e9rent CAP instruments \u00e0 vent apprentissage<\/em>&nbsp; ruben.vazquez-delgado@itemm.fr \/ 0243393918<\/li>\n<\/ul>\n<p><span style=\"color: #02575c;\"><strong>Section Piano<\/strong><\/span><\/p>\n<ul>\n<li><strong>Virginie SENNE<\/strong>&nbsp;&#8211;&nbsp;<em style=\"word-spacing: normal;\">Responsable de section et formateur r\u00e9f\u00e9rent CAP piano en 9 mois<\/em><span style=\"word-spacing: normal;\">&nbsp;\/<br \/><\/span><em style=\"word-spacing: normal;\">virginie.senne@itemm.fr \/ 0243393913<\/em><\/li>\n<li><strong>Arnaud MINIAC<\/strong>&nbsp;&#8211;&nbsp;<em>Formateur r\u00e9f\u00e9rent CAP piano \/ arnaud.miniac@itemm.fr \/ 0243393914<\/em><\/li>\n<li><strong>Ma\u00ebl ROBICHON<\/strong>&nbsp;&#8211;&nbsp;<em>Formateur r\u00e9f\u00e9rent BMA piano \/ mael.robichon@itemm.fr \/ 0243393915<\/em><\/li>\n<\/ul>\n<p><span style=\"color: rgb(2, 87, 92);\"><span style=\"font-weight: 700;\">Section Technicien son<\/span><\/span><\/p><ul><li><span style=\"font-weight: 700;\">L\u00e9o-Loup REYNIER<\/span>&nbsp;&#8211;&nbsp;<em>Responsable de la section Son&nbsp;<br \/><\/em><em>leo-loup.reynier@itemm.fr<\/em><\/li><\/ul><p><span style=\"color: #02575c;\"><strong>Section Accord\u00e9on &#8211; pas de session cette ann\u00e9e<\/strong><\/span><\/p>\n<ul>\n<li><strong>Nad\u00e8ge LEFEUVRE-NICOLAS<\/strong>&nbsp;&#8211;&nbsp; R\u00e9f\u00e9rente section Accord\u00e9on<br \/>nadege.lefeuvre@itemm.fr<\/li>\n<\/ul>\n<p><span style=\"color: #02575c;\"><strong>Section Commerce &#8211; pas de session cette ann\u00e9e<\/strong><\/span><\/p>\n<ul>\n<li><strong>Contact : <\/strong>contact@itemm.fr<\/li><\/ul>\n<ul>\n<\/ul>\n<p><span style=\"color: #02575c;\"><strong>Mati\u00e8res g\u00e9n\u00e9rales et transversales<\/strong><\/span><\/p>\n<ul>\n<li><strong>J\u00e9r\u00e9my CABARET<\/strong> : <em>Formateur acoustique et \u00e9lectroacoustique \/ jeremy.cabaret@itemm.fr \/ 0243393942<\/em><\/li>\n<li><strong>Sophie LOISY<\/strong> : <em>Formatrice anglais \/ sophie.loisy@itemm.fr \/ 0243393915<\/em><\/li>\n<li><strong>L\u00e9o-Loup REYNIER<\/strong> : <em>Formateur acoustique, Math\u00e9matiques et sciences \/ leo-loup.reynier@itemm.fr<\/em><\/li>\n<li><span style=\"color: var(--the7-base-color); letter-spacing: var(--the7-base-letter-spacing); text-transform: var(--the7-base-text-transform); word-spacing: normal;\"><strong>Lionel BOUTAULT<\/strong> : <em>Formateur dessin technique et mod\u00e9lisation 3D \/ lionel.boutault@itemm.fr<\/em>&nbsp;<\/span><\/li>\n<li><strong>Nicolas GARNIER <\/strong>&nbsp;: <em>Formateur culture musicale (CAP, MUM et R\u00e9gie SON)<\/em><\/li>\n<li><strong>Benjamin B\u00c9DOUIN <\/strong>&nbsp;: <em>Formateur culture musicale (BMA)<\/em><\/li>\n<\/ul>\t\t\t\t\t\t\t\t<\/div>\n\t\t\t\t<div class=\"elementor-element elementor-element-5a95081 elementor-widget elementor-widget-text-editor\" data-id=\"5a95081\" data-element_type=\"widget\" data-e-type=\"widget\" data-settings=\"{&quot;ekit_we_effect_on&quot;:&quot;none&quot;}\" data-widget_type=\"text-editor.default\">\n\t\t\t\t\t\t\t\t\t<p><em>Liste mise \u00e0 jour le 15 avril 2025<\/em><\/p>\t\t\t\t\t\t\t\t<\/div>\n\t\t\t\t\t<\/div>\n\t\t<\/div>\n\t\t\t\t\t<\/div>\n\t\t<\/section>\n\t\t\t\t\t<\/div>\n\t\t<\/div>\n\t\t\t\t\t<\/div>\n\t\t<\/section>\n\t\t\t\t<\/div>\n\t\t","protected":false},"excerpt":{"rendered":"<p>L\u2019\u00e9quipe p\u00e9dagogique de l\u2019ITEMM est compos\u00e9e d\u2019un groupe de formateurs permanents bas\u00e9s sur le campus de l\u2019Institut et d&#8217;une centaine de formateurs occasionnels issus du monde professionnel intervenant sur leurs points d\u2019expertise. Ci-dessous, la liste des formateurs d\u00e9di\u00e9s \u00e0 l\u2019ITEMM et leur domaine d\u2019intervention\u00a0: Section guitare Antoine SCHMITT &#8211;&nbsp;Responsable de section et formateur r\u00e9f\u00e9rent&nbsp;des CAP&hellip;<\/p>\n","protected":false},"author":3004,"featured_media":0,"parent":0,"menu_order":0,"comment_status":"closed","ping_status":"open","template":"elementor_header_footer","meta":{"_acf_changed":false,"footnotes":""},"categories":[],"class_list":["post-9135","page","type-page","status-publish","hentry"],"acf":[],"yoast_head":"<!-- This site is optimized with the Yoast SEO plugin v27.3 - https:\/\/yoast.com\/product\/yoast-seo-wordpress\/ -->\n<title>\u00c9quipe p\u00e9dagogique | Itemm -<\/title>\n<meta name=\"robots\" content=\"index, follow, max-snippet:-1, max-image-preview:large, max-video-preview:-1\" \/>\n<link rel=\"canonical\" href=\"https:\/\/itemm.fr\/itemm\/equipe-pedagogique\/\" \/>\n<meta property=\"og:locale\" content=\"fr_FR\" \/>\n<meta property=\"og:type\" content=\"article\" \/>\n<meta property=\"og:title\" content=\"\u00c9quipe p\u00e9dagogique | Itemm -\" \/>\n<meta property=\"og:description\" content=\"L\u2019\u00e9quipe p\u00e9dagogique de l\u2019ITEMM est compos\u00e9e d\u2019un groupe de formateurs permanents bas\u00e9s sur le campus de l\u2019Institut et d&#8217;une centaine de formateurs occasionnels issus du monde professionnel intervenant sur leurs points d\u2019expertise. Ci-dessous, la liste des formateurs d\u00e9di\u00e9s \u00e0 l\u2019ITEMM et leur domaine d\u2019intervention\u00a0: Section guitare Antoine SCHMITT &#8211;&nbsp;Responsable de section et formateur r\u00e9f\u00e9rent&nbsp;des CAP&hellip;\" \/>\n<meta property=\"og:url\" content=\"https:\/\/itemm.fr\/itemm\/equipe-pedagogique\/\" \/>\n<meta property=\"og:site_name\" content=\"Itemm -\" \/>\n<meta property=\"article:publisher\" content=\"https:\/\/www.facebook.com\/itemm.lemans\" \/>\n<meta property=\"article:modified_time\" content=\"2026-02-17T15:42:17+00:00\" \/>\n<meta property=\"og:image\" content=\"https:\/\/itemm.fr\/itemm\/wp-content\/uploads\/2023\/02\/DRONE-ITEMM-\u00a9-BDVA-9.jpg\" \/>\n\t<meta property=\"og:image:width\" content=\"2048\" \/>\n\t<meta property=\"og:image:height\" content=\"1152\" \/>\n\t<meta property=\"og:image:type\" content=\"image\/jpeg\" \/>\n<script type=\"application\/ld+json\" class=\"yoast-schema-graph\">{\"@context\":\"https:\\\/\\\/schema.org\",\"@graph\":[{\"@type\":\"WebPage\",\"@id\":\"https:\\\/\\\/itemm.fr\\\/itemm\\\/equipe-pedagogique\\\/\",\"url\":\"https:\\\/\\\/itemm.fr\\\/itemm\\\/equipe-pedagogique\\\/\",\"name\":\"\u00c9quipe p\u00e9dagogique | Itemm -\",\"isPartOf\":{\"@id\":\"https:\\\/\\\/itemm.fr\\\/itemm\\\/#website\"},\"datePublished\":\"2012-06-25T08:53:12+00:00\",\"dateModified\":\"2026-02-17T15:42:17+00:00\",\"breadcrumb\":{\"@id\":\"https:\\\/\\\/itemm.fr\\\/itemm\\\/equipe-pedagogique\\\/#breadcrumb\"},\"inLanguage\":\"fr-FR\",\"potentialAction\":[{\"@type\":\"ReadAction\",\"target\":[\"https:\\\/\\\/itemm.fr\\\/itemm\\\/equipe-pedagogique\\\/\"]}]},{\"@type\":\"BreadcrumbList\",\"@id\":\"https:\\\/\\\/itemm.fr\\\/itemm\\\/equipe-pedagogique\\\/#breadcrumb\",\"itemListElement\":[{\"@type\":\"ListItem\",\"position\":1,\"name\":\"Accueil\",\"item\":\"https:\\\/\\\/itemm.fr\\\/itemm\\\/\"},{\"@type\":\"ListItem\",\"position\":2,\"name\":\"\u00c9quipe p\u00e9dagogique\"}]},{\"@type\":\"WebSite\",\"@id\":\"https:\\\/\\\/itemm.fr\\\/itemm\\\/#website\",\"url\":\"https:\\\/\\\/itemm.fr\\\/itemm\\\/\",\"name\":\"Itemm\",\"description\":\"Institut technologique europ\u00e9en des m\u00e9tiers de la musique au Mans (72)\",\"publisher\":{\"@id\":\"https:\\\/\\\/itemm.fr\\\/itemm\\\/#organization\"},\"potentialAction\":[{\"@type\":\"SearchAction\",\"target\":{\"@type\":\"EntryPoint\",\"urlTemplate\":\"https:\\\/\\\/itemm.fr\\\/itemm\\\/?s={search_term_string}\"},\"query-input\":{\"@type\":\"PropertyValueSpecification\",\"valueRequired\":true,\"valueName\":\"search_term_string\"}}],\"inLanguage\":\"fr-FR\"},{\"@type\":\"Organization\",\"@id\":\"https:\\\/\\\/itemm.fr\\\/itemm\\\/#organization\",\"name\":\"ITEMM\",\"alternateName\":\"ITEMM\",\"url\":\"https:\\\/\\\/itemm.fr\\\/itemm\\\/\",\"logo\":{\"@type\":\"ImageObject\",\"inLanguage\":\"fr-FR\",\"@id\":\"https:\\\/\\\/itemm.fr\\\/itemm\\\/#\\\/schema\\\/logo\\\/image\\\/\",\"url\":\"https:\\\/\\\/itemm.fr\\\/itemm\\\/wp-content\\\/uploads\\\/2021\\\/12\\\/logo-itemm-piano-on.png\",\"contentUrl\":\"https:\\\/\\\/itemm.fr\\\/itemm\\\/wp-content\\\/uploads\\\/2021\\\/12\\\/logo-itemm-piano-on.png\",\"width\":446,\"height\":294,\"caption\":\"ITEMM\"},\"image\":{\"@id\":\"https:\\\/\\\/itemm.fr\\\/itemm\\\/#\\\/schema\\\/logo\\\/image\\\/\"},\"sameAs\":[\"https:\\\/\\\/www.facebook.com\\\/itemm.lemans\",\"https:\\\/\\\/www.instagram.com\\\/itemmlemans\\\/\",\"https:\\\/\\\/www.linkedin.com\\\/in\\\/itemm\\\/\"]}]}<\/script>\n<!-- \/ Yoast SEO plugin. -->","yoast_head_json":{"title":"\u00c9quipe p\u00e9dagogique | Itemm -","robots":{"index":"index","follow":"follow","max-snippet":"max-snippet:-1","max-image-preview":"max-image-preview:large","max-video-preview":"max-video-preview:-1"},"canonical":"https:\/\/itemm.fr\/itemm\/equipe-pedagogique\/","og_locale":"fr_FR","og_type":"article","og_title":"\u00c9quipe p\u00e9dagogique | Itemm -","og_description":"L\u2019\u00e9quipe p\u00e9dagogique de l\u2019ITEMM est compos\u00e9e d\u2019un groupe de formateurs permanents bas\u00e9s sur le campus de l\u2019Institut et d&#8217;une centaine de formateurs occasionnels issus du monde professionnel intervenant sur leurs points d\u2019expertise. Ci-dessous, la liste des formateurs d\u00e9di\u00e9s \u00e0 l\u2019ITEMM et leur domaine d\u2019intervention\u00a0: Section guitare Antoine SCHMITT &#8211;&nbsp;Responsable de section et formateur r\u00e9f\u00e9rent&nbsp;des CAP&hellip;","og_url":"https:\/\/itemm.fr\/itemm\/equipe-pedagogique\/","og_site_name":"Itemm -","article_publisher":"https:\/\/www.facebook.com\/itemm.lemans","article_modified_time":"2026-02-17T15:42:17+00:00","og_image":[{"width":2048,"height":1152,"url":"https:\/\/itemm.fr\/itemm\/wp-content\/uploads\/2023\/02\/DRONE-ITEMM-\u00a9-BDVA-9.jpg","type":"image\/jpeg"}],"schema":{"@context":"https:\/\/schema.org","@graph":[{"@type":"WebPage","@id":"https:\/\/itemm.fr\/itemm\/equipe-pedagogique\/","url":"https:\/\/itemm.fr\/itemm\/equipe-pedagogique\/","name":"\u00c9quipe p\u00e9dagogique | Itemm -","isPartOf":{"@id":"https:\/\/itemm.fr\/itemm\/#website"},"datePublished":"2012-06-25T08:53:12+00:00","dateModified":"2026-02-17T15:42:17+00:00","breadcrumb":{"@id":"https:\/\/itemm.fr\/itemm\/equipe-pedagogique\/#breadcrumb"},"inLanguage":"fr-FR","potentialAction":[{"@type":"ReadAction","target":["https:\/\/itemm.fr\/itemm\/equipe-pedagogique\/"]}]},{"@type":"BreadcrumbList","@id":"https:\/\/itemm.fr\/itemm\/equipe-pedagogique\/#breadcrumb","itemListElement":[{"@type":"ListItem","position":1,"name":"Accueil","item":"https:\/\/itemm.fr\/itemm\/"},{"@type":"ListItem","position":2,"name":"\u00c9quipe p\u00e9dagogique"}]},{"@type":"WebSite","@id":"https:\/\/itemm.fr\/itemm\/#website","url":"https:\/\/itemm.fr\/itemm\/","name":"Itemm","description":"Institut technologique europ\u00e9en des m\u00e9tiers de la musique au Mans (72)","publisher":{"@id":"https:\/\/itemm.fr\/itemm\/#organization"},"potentialAction":[{"@type":"SearchAction","target":{"@type":"EntryPoint","urlTemplate":"https:\/\/itemm.fr\/itemm\/?s={search_term_string}"},"query-input":{"@type":"PropertyValueSpecification","valueRequired":true,"valueName":"search_term_string"}}],"inLanguage":"fr-FR"},{"@type":"Organization","@id":"https:\/\/itemm.fr\/itemm\/#organization","name":"ITEMM","alternateName":"ITEMM","url":"https:\/\/itemm.fr\/itemm\/","logo":{"@type":"ImageObject","inLanguage":"fr-FR","@id":"https:\/\/itemm.fr\/itemm\/#\/schema\/logo\/image\/","url":"https:\/\/itemm.fr\/itemm\/wp-content\/uploads\/2021\/12\/logo-itemm-piano-on.png","contentUrl":"https:\/\/itemm.fr\/itemm\/wp-content\/uploads\/2021\/12\/logo-itemm-piano-on.png","width":446,"height":294,"caption":"ITEMM"},"image":{"@id":"https:\/\/itemm.fr\/itemm\/#\/schema\/logo\/image\/"},"sameAs":["https:\/\/www.facebook.com\/itemm.lemans","https:\/\/www.instagram.com\/itemmlemans\/","https:\/\/www.linkedin.com\/in\/itemm\/"]}]}},"_links":{"self":[{"href":"https:\/\/itemm.fr\/itemm\/wp-json\/wp\/v2\/pages\/9135","targetHints":{"allow":["GET"]}}],"collection":[{"href":"https:\/\/itemm.fr\/itemm\/wp-json\/wp\/v2\/pages"}],"about":[{"href":"https:\/\/itemm.fr\/itemm\/wp-json\/wp\/v2\/types\/page"}],"author":[{"embeddable":true,"href":"https:\/\/itemm.fr\/itemm\/wp-json\/wp\/v2\/users\/3004"}],"replies":[{"embeddable":true,"href":"https:\/\/itemm.fr\/itemm\/wp-json\/wp\/v2\/comments?post=9135"}],"version-history":[{"count":0,"href":"https:\/\/itemm.fr\/itemm\/wp-json\/wp\/v2\/pages\/9135\/revisions"}],"wp:attachment":[{"href":"https:\/\/itemm.fr\/itemm\/wp-json\/wp\/v2\/media?parent=9135"}],"wp:term":[{"taxonomy":"category","embeddable":true,"href":"https:\/\/itemm.fr\/itemm\/wp-json\/wp\/v2\/categories?post=9135"}],"curies":[{"name":"wp","href":"https:\/\/api.w.org\/{rel}","templated":true}]}}