{"id":57117,"date":"2025-02-04T16:05:21","date_gmt":"2025-02-04T15:05:21","guid":{"rendered":"https:\/\/itemm.fr\/itemm\/?page_id=57117"},"modified":"2025-02-05T11:41:02","modified_gmt":"2025-02-05T10:41:02","slug":"panier","status":"publish","type":"page","link":"https:\/\/itemm.fr\/itemm\/panier\/","title":{"rendered":"panier"},"content":{"rendered":"\t\t<div data-elementor-type=\"wp-page\" data-elementor-id=\"57117\" class=\"elementor elementor-57117\" data-elementor-post-type=\"page\">\n\t\t\t\t\t\t<section class=\"elementor-section elementor-top-section elementor-element elementor-element-27cd8de elementor-section-boxed elementor-section-height-default elementor-section-height-default\" data-id=\"27cd8de\" data-element_type=\"section\" data-e-type=\"section\" data-settings=\"{&quot;ekit_has_onepagescroll_dot&quot;:&quot;yes&quot;}\">\n\t\t\t\t\t\t<div class=\"elementor-container elementor-column-gap-default\">\n\t\t\t\t\t<div class=\"elementor-column elementor-col-100 elementor-top-column elementor-element elementor-element-568736a\" data-id=\"568736a\" data-element_type=\"column\" data-e-type=\"column\">\n\t\t\t<div class=\"elementor-widget-wrap elementor-element-populated\">\n\t\t\t\t\t\t<div class=\"elementor-element elementor-element-114e658 e-checkout-layout-two-column elementor-widget elementor-widget-woocommerce-checkout-page\" data-id=\"114e658\" data-element_type=\"widget\" data-e-type=\"widget\" data-settings=\"{&quot;sticky_right_column&quot;:&quot;yes&quot;,&quot;ekit_we_effect_on&quot;:&quot;none&quot;}\" data-widget_type=\"woocommerce-checkout-page.multistep-checkout\">\n\t\t\t\t<div class=\"elementor-widget-container\">\n\t\t\t\t\t<div class=\"woocommerce\"><\/div>\t\t\t\t<\/div>\n\t\t\t\t<\/div>\n\t\t\t\t\t<\/div>\n\t\t<\/div>\n\t\t\t\t\t<\/div>\n\t\t<\/section>\n\t\t\t\t<\/div>\n\t\t","protected":false},"excerpt":{"rendered":"<p>D\u00e9tails de facturation Pr\u00e9nom&nbsp;* Nom&nbsp;* Date de naissance&nbsp;* Num\u00e9ro et nom de rue&nbsp;* Appartement, suite, unit\u00e9, etc.&nbsp;(facultatif) Code postal&nbsp;* Ville&nbsp;* T\u00e9l\u00e9phone&nbsp;* Adresse e-mail&nbsp;* Raison sociale&nbsp;* Adresse de l&#8217;entreprise&nbsp;* Code Postal&nbsp;* Ville&nbsp;* T\u00e9l\u00e9phone&nbsp;* Email de l&#8217;entreprise&nbsp;* Num\u00e9ro de SIRET&nbsp;(facultatif) Code NAF (ou APE)&nbsp;(facultatif) En cochant cette case, je confirme correspondre aux pr\u00e9requis exig\u00e9s par cette formation&nbsp;*&hellip;<\/p>\n","protected":false},"author":3004,"featured_media":0,"parent":0,"menu_order":0,"comment_status":"closed","ping_status":"closed","template":"","meta":{"_acf_changed":false,"footnotes":""},"categories":[],"class_list":["post-57117","page","type-page","status-publish","hentry"],"acf":[],"yoast_head":"<!-- This site is optimized with the Yoast SEO plugin v27.5 - https:\/\/yoast.com\/product\/yoast-seo-wordpress\/ -->\n<title>panier | Itemm -<\/title>\n<meta name=\"robots\" content=\"index, follow, max-snippet:-1, max-image-preview:large, max-video-preview:-1\" \/>\n<link rel=\"canonical\" href=\"https:\/\/itemm.fr\/itemm\/panier\/\" \/>\n<meta property=\"og:locale\" content=\"fr_FR\" \/>\n<meta property=\"og:type\" content=\"article\" \/>\n<meta property=\"og:title\" content=\"panier | Itemm -\" \/>\n<meta property=\"og:description\" content=\"D\u00e9tails de facturation Pr\u00e9nom&nbsp;* Nom&nbsp;* Date de naissance&nbsp;* Num\u00e9ro et nom de rue&nbsp;* Appartement, suite, unit\u00e9, etc.&nbsp;(facultatif) Code postal&nbsp;* Ville&nbsp;* T\u00e9l\u00e9phone&nbsp;* Adresse e-mail&nbsp;* Raison sociale&nbsp;* Adresse de l&#8217;entreprise&nbsp;* Code Postal&nbsp;* Ville&nbsp;* T\u00e9l\u00e9phone&nbsp;* Email de l&#8217;entreprise&nbsp;* Num\u00e9ro de SIRET&nbsp;(facultatif) Code NAF (ou APE)&nbsp;(facultatif) En cochant cette case, je confirme correspondre aux pr\u00e9requis exig\u00e9s par cette formation&nbsp;*&hellip;\" \/>\n<meta property=\"og:url\" content=\"https:\/\/itemm.fr\/itemm\/panier\/\" \/>\n<meta property=\"og:site_name\" content=\"Itemm -\" \/>\n<meta property=\"article:publisher\" content=\"https:\/\/www.facebook.com\/itemm.lemans\" \/>\n<meta property=\"article:modified_time\" content=\"2025-02-05T10:41:02+00:00\" \/>\n<meta property=\"og:image\" content=\"https:\/\/itemm.fr\/itemm\/wp-content\/plugins\/woocommerce-gateway-stripe\/assets\/images\/cards.svg\" \/>\n<script type=\"application\/ld+json\" class=\"yoast-schema-graph\">{\"@context\":\"https:\\\/\\\/schema.org\",\"@graph\":[{\"@type\":\"WebPage\",\"@id\":\"https:\\\/\\\/itemm.fr\\\/itemm\\\/panier\\\/\",\"url\":\"https:\\\/\\\/itemm.fr\\\/itemm\\\/panier\\\/\",\"name\":\"panier | Itemm -\",\"isPartOf\":{\"@id\":\"https:\\\/\\\/itemm.fr\\\/itemm\\\/#website\"},\"primaryImageOfPage\":{\"@id\":\"https:\\\/\\\/itemm.fr\\\/itemm\\\/panier\\\/#primaryimage\"},\"image\":{\"@id\":\"https:\\\/\\\/itemm.fr\\\/itemm\\\/panier\\\/#primaryimage\"},\"thumbnailUrl\":\"https:\\\/\\\/itemm.fr\\\/itemm\\\/wp-content\\\/plugins\\\/woocommerce-gateway-stripe\\\/assets\\\/images\\\/cards.svg\",\"datePublished\":\"2025-02-04T15:05:21+00:00\",\"dateModified\":\"2025-02-05T10:41:02+00:00\",\"breadcrumb\":{\"@id\":\"https:\\\/\\\/itemm.fr\\\/itemm\\\/panier\\\/#breadcrumb\"},\"inLanguage\":\"fr-FR\",\"potentialAction\":[{\"@type\":\"ReadAction\",\"target\":[\"https:\\\/\\\/itemm.fr\\\/itemm\\\/panier\\\/\"]}]},{\"@type\":\"ImageObject\",\"inLanguage\":\"fr-FR\",\"@id\":\"https:\\\/\\\/itemm.fr\\\/itemm\\\/panier\\\/#primaryimage\",\"url\":\"https:\\\/\\\/itemm.fr\\\/itemm\\\/wp-content\\\/plugins\\\/woocommerce-gateway-stripe\\\/assets\\\/images\\\/cards.svg\",\"contentUrl\":\"https:\\\/\\\/itemm.fr\\\/itemm\\\/wp-content\\\/plugins\\\/woocommerce-gateway-stripe\\\/assets\\\/images\\\/cards.svg\"},{\"@type\":\"BreadcrumbList\",\"@id\":\"https:\\\/\\\/itemm.fr\\\/itemm\\\/panier\\\/#breadcrumb\",\"itemListElement\":[{\"@type\":\"ListItem\",\"position\":1,\"name\":\"Accueil\",\"item\":\"https:\\\/\\\/itemm.fr\\\/itemm\\\/\"},{\"@type\":\"ListItem\",\"position\":2,\"name\":\"panier\"}]},{\"@type\":\"WebSite\",\"@id\":\"https:\\\/\\\/itemm.fr\\\/itemm\\\/#website\",\"url\":\"https:\\\/\\\/itemm.fr\\\/itemm\\\/\",\"name\":\"Itemm\",\"description\":\"Institut technologique europ\u00e9en des m\u00e9tiers de la musique au Mans (72)\",\"publisher\":{\"@id\":\"https:\\\/\\\/itemm.fr\\\/itemm\\\/#organization\"},\"potentialAction\":[{\"@type\":\"SearchAction\",\"target\":{\"@type\":\"EntryPoint\",\"urlTemplate\":\"https:\\\/\\\/itemm.fr\\\/itemm\\\/?s={search_term_string}\"},\"query-input\":{\"@type\":\"PropertyValueSpecification\",\"valueRequired\":true,\"valueName\":\"search_term_string\"}}],\"inLanguage\":\"fr-FR\"},{\"@type\":\"Organization\",\"@id\":\"https:\\\/\\\/itemm.fr\\\/itemm\\\/#organization\",\"name\":\"ITEMM\",\"alternateName\":\"ITEMM\",\"url\":\"https:\\\/\\\/itemm.fr\\\/itemm\\\/\",\"logo\":{\"@type\":\"ImageObject\",\"inLanguage\":\"fr-FR\",\"@id\":\"https:\\\/\\\/itemm.fr\\\/itemm\\\/#\\\/schema\\\/logo\\\/image\\\/\",\"url\":\"https:\\\/\\\/itemm.fr\\\/itemm\\\/wp-content\\\/uploads\\\/2021\\\/12\\\/logo-itemm-piano-on.png\",\"contentUrl\":\"https:\\\/\\\/itemm.fr\\\/itemm\\\/wp-content\\\/uploads\\\/2021\\\/12\\\/logo-itemm-piano-on.png\",\"width\":446,\"height\":294,\"caption\":\"ITEMM\"},\"image\":{\"@id\":\"https:\\\/\\\/itemm.fr\\\/itemm\\\/#\\\/schema\\\/logo\\\/image\\\/\"},\"sameAs\":[\"https:\\\/\\\/www.facebook.com\\\/itemm.lemans\",\"https:\\\/\\\/www.instagram.com\\\/itemmlemans\\\/\",\"https:\\\/\\\/www.linkedin.com\\\/in\\\/itemm\\\/\"]}]}<\/script>\n<!-- \/ Yoast SEO plugin. -->","yoast_head_json":{"title":"panier | Itemm -","robots":{"index":"index","follow":"follow","max-snippet":"max-snippet:-1","max-image-preview":"max-image-preview:large","max-video-preview":"max-video-preview:-1"},"canonical":"https:\/\/itemm.fr\/itemm\/panier\/","og_locale":"fr_FR","og_type":"article","og_title":"panier | Itemm -","og_description":"D\u00e9tails de facturation Pr\u00e9nom&nbsp;* Nom&nbsp;* Date de naissance&nbsp;* Num\u00e9ro et nom de rue&nbsp;* Appartement, suite, unit\u00e9, etc.&nbsp;(facultatif) Code postal&nbsp;* Ville&nbsp;* T\u00e9l\u00e9phone&nbsp;* Adresse e-mail&nbsp;* Raison sociale&nbsp;* Adresse de l&#8217;entreprise&nbsp;* Code Postal&nbsp;* Ville&nbsp;* T\u00e9l\u00e9phone&nbsp;* Email de l&#8217;entreprise&nbsp;* Num\u00e9ro de SIRET&nbsp;(facultatif) Code NAF (ou APE)&nbsp;(facultatif) En cochant cette case, je confirme correspondre aux pr\u00e9requis exig\u00e9s par cette formation&nbsp;*&hellip;","og_url":"https:\/\/itemm.fr\/itemm\/panier\/","og_site_name":"Itemm -","article_publisher":"https:\/\/www.facebook.com\/itemm.lemans","article_modified_time":"2025-02-05T10:41:02+00:00","og_image":[{"url":"https:\/\/itemm.fr\/itemm\/wp-content\/plugins\/woocommerce-gateway-stripe\/assets\/images\/cards.svg","type":"","width":"","height":""}],"schema":{"@context":"https:\/\/schema.org","@graph":[{"@type":"WebPage","@id":"https:\/\/itemm.fr\/itemm\/panier\/","url":"https:\/\/itemm.fr\/itemm\/panier\/","name":"panier | Itemm -","isPartOf":{"@id":"https:\/\/itemm.fr\/itemm\/#website"},"primaryImageOfPage":{"@id":"https:\/\/itemm.fr\/itemm\/panier\/#primaryimage"},"image":{"@id":"https:\/\/itemm.fr\/itemm\/panier\/#primaryimage"},"thumbnailUrl":"https:\/\/itemm.fr\/itemm\/wp-content\/plugins\/woocommerce-gateway-stripe\/assets\/images\/cards.svg","datePublished":"2025-02-04T15:05:21+00:00","dateModified":"2025-02-05T10:41:02+00:00","breadcrumb":{"@id":"https:\/\/itemm.fr\/itemm\/panier\/#breadcrumb"},"inLanguage":"fr-FR","potentialAction":[{"@type":"ReadAction","target":["https:\/\/itemm.fr\/itemm\/panier\/"]}]},{"@type":"ImageObject","inLanguage":"fr-FR","@id":"https:\/\/itemm.fr\/itemm\/panier\/#primaryimage","url":"https:\/\/itemm.fr\/itemm\/wp-content\/plugins\/woocommerce-gateway-stripe\/assets\/images\/cards.svg","contentUrl":"https:\/\/itemm.fr\/itemm\/wp-content\/plugins\/woocommerce-gateway-stripe\/assets\/images\/cards.svg"},{"@type":"BreadcrumbList","@id":"https:\/\/itemm.fr\/itemm\/panier\/#breadcrumb","itemListElement":[{"@type":"ListItem","position":1,"name":"Accueil","item":"https:\/\/itemm.fr\/itemm\/"},{"@type":"ListItem","position":2,"name":"panier"}]},{"@type":"WebSite","@id":"https:\/\/itemm.fr\/itemm\/#website","url":"https:\/\/itemm.fr\/itemm\/","name":"Itemm","description":"Institut technologique europ\u00e9en des m\u00e9tiers de la musique au Mans (72)","publisher":{"@id":"https:\/\/itemm.fr\/itemm\/#organization"},"potentialAction":[{"@type":"SearchAction","target":{"@type":"EntryPoint","urlTemplate":"https:\/\/itemm.fr\/itemm\/?s={search_term_string}"},"query-input":{"@type":"PropertyValueSpecification","valueRequired":true,"valueName":"search_term_string"}}],"inLanguage":"fr-FR"},{"@type":"Organization","@id":"https:\/\/itemm.fr\/itemm\/#organization","name":"ITEMM","alternateName":"ITEMM","url":"https:\/\/itemm.fr\/itemm\/","logo":{"@type":"ImageObject","inLanguage":"fr-FR","@id":"https:\/\/itemm.fr\/itemm\/#\/schema\/logo\/image\/","url":"https:\/\/itemm.fr\/itemm\/wp-content\/uploads\/2021\/12\/logo-itemm-piano-on.png","contentUrl":"https:\/\/itemm.fr\/itemm\/wp-content\/uploads\/2021\/12\/logo-itemm-piano-on.png","width":446,"height":294,"caption":"ITEMM"},"image":{"@id":"https:\/\/itemm.fr\/itemm\/#\/schema\/logo\/image\/"},"sameAs":["https:\/\/www.facebook.com\/itemm.lemans","https:\/\/www.instagram.com\/itemmlemans\/","https:\/\/www.linkedin.com\/in\/itemm\/"]}]}},"_links":{"self":[{"href":"https:\/\/itemm.fr\/itemm\/wp-json\/wp\/v2\/pages\/57117","targetHints":{"allow":["GET"]}}],"collection":[{"href":"https:\/\/itemm.fr\/itemm\/wp-json\/wp\/v2\/pages"}],"about":[{"href":"https:\/\/itemm.fr\/itemm\/wp-json\/wp\/v2\/types\/page"}],"author":[{"embeddable":true,"href":"https:\/\/itemm.fr\/itemm\/wp-json\/wp\/v2\/users\/3004"}],"replies":[{"embeddable":true,"href":"https:\/\/itemm.fr\/itemm\/wp-json\/wp\/v2\/comments?post=57117"}],"version-history":[{"count":0,"href":"https:\/\/itemm.fr\/itemm\/wp-json\/wp\/v2\/pages\/57117\/revisions"}],"wp:attachment":[{"href":"https:\/\/itemm.fr\/itemm\/wp-json\/wp\/v2\/media?parent=57117"}],"wp:term":[{"taxonomy":"category","embeddable":true,"href":"https:\/\/itemm.fr\/itemm\/wp-json\/wp\/v2\/categories?post=57117"}],"curies":[{"name":"wp","href":"https:\/\/api.w.org\/{rel}","templated":true}]}}