{"id":399,"date":"2012-02-08T09:02:57","date_gmt":"2012-02-08T09:02:57","guid":{"rendered":"https:\/\/itemm.fr\/itemm\/?page_id=399"},"modified":"2026-02-17T16:34:44","modified_gmt":"2026-02-17T15:34:44","slug":"conseil-dadministration","status":"publish","type":"page","link":"https:\/\/itemm.fr\/itemm\/conseil-dadministration\/","title":{"rendered":"Conseil d&#8217;administration"},"content":{"rendered":"\t\t<div data-elementor-type=\"wp-post\" data-elementor-id=\"399\" class=\"elementor elementor-399\" data-elementor-post-type=\"page\">\n\t\t\t\t\t\t<section class=\"elementor-section elementor-top-section elementor-element elementor-element-32ff255 elementor-section-boxed elementor-section-height-default elementor-section-height-default\" data-id=\"32ff255\" data-element_type=\"section\" data-e-type=\"section\" data-settings=\"{&quot;ekit_has_onepagescroll_dot&quot;:&quot;yes&quot;}\">\n\t\t\t\t\t\t<div class=\"elementor-container elementor-column-gap-default\">\n\t\t\t\t\t<div class=\"elementor-column elementor-col-100 elementor-top-column elementor-element elementor-element-40e14ae\" data-id=\"40e14ae\" data-element_type=\"column\" data-e-type=\"column\">\n\t\t\t<div class=\"elementor-widget-wrap elementor-element-populated\">\n\t\t\t\t\t\t<div class=\"elementor-element elementor-element-f53161c elementor-widget elementor-widget-text-editor\" data-id=\"f53161c\" data-element_type=\"widget\" data-e-type=\"widget\" data-settings=\"{&quot;ekit_we_effect_on&quot;:&quot;none&quot;}\" data-widget_type=\"text-editor.default\">\n\t\t\t\t\t\t\t\t\t<p>L\u2019institut Technologique Europ\u00e9en des M\u00e9tiers de la Musique regroupe au sein de son Conseil d\u2019Administration des repr\u00e9sentants \u00e0 l\u2019image de la pluridisciplinarit\u00e9 de ses missions. Le CA de l&#8217;ITEMM est compos\u00e9 de membres de droit, membres professionnels et membres actifs.<\/p>\t\t\t\t\t\t\t\t<\/div>\n\t\t\t\t<section class=\"elementor-section elementor-inner-section elementor-element elementor-element-d13713d elementor-section-boxed elementor-section-height-default elementor-section-height-default\" data-id=\"d13713d\" data-element_type=\"section\" data-e-type=\"section\" data-settings=\"{&quot;ekit_has_onepagescroll_dot&quot;:&quot;yes&quot;}\">\n\t\t\t\t\t\t<div class=\"elementor-container elementor-column-gap-default\">\n\t\t\t\t\t<div class=\"elementor-column elementor-col-50 elementor-inner-column elementor-element elementor-element-7441d8b\" data-id=\"7441d8b\" data-element_type=\"column\" data-e-type=\"column\">\n\t\t\t<div class=\"elementor-widget-wrap elementor-element-populated\">\n\t\t\t\t\t\t<div class=\"elementor-element elementor-element-4c0ce11 elementor-widget elementor-widget-text-editor\" data-id=\"4c0ce11\" data-element_type=\"widget\" data-e-type=\"widget\" data-settings=\"{&quot;ekit_we_effect_on&quot;:&quot;none&quot;}\" data-widget_type=\"text-editor.default\">\n\t\t\t\t\t\t\t\t\t<h4>Membres du bureau<\/h4><ul><li>Pr\u00e9sidente : Fabienne LAGARDE, Conseill\u00e8re municipale de la Ville du Mans<\/li><li>Tr\u00e9sorier : Georges ROUX, Pr\u00e9sident de la Chambre syndicale des m\u00e9tiers de la musique<\/li><li>Secr\u00e9taire : Vincent MORIN, G\u00e9rant de DESEVEDAVY PIANOS<\/li><\/ul>\t\t\t\t\t\t\t\t<\/div>\n\t\t\t\t\t<\/div>\n\t\t<\/div>\n\t\t\t\t<div class=\"elementor-column elementor-col-50 elementor-inner-column elementor-element elementor-element-91a37e2\" data-id=\"91a37e2\" data-element_type=\"column\" data-e-type=\"column\">\n\t\t\t<div class=\"elementor-widget-wrap elementor-element-populated\">\n\t\t\t\t\t\t<div class=\"elementor-element elementor-element-4216c60 elementor-widget elementor-widget-text-editor\" data-id=\"4216c60\" data-element_type=\"widget\" data-e-type=\"widget\" data-settings=\"{&quot;ekit_we_effect_on&quot;:&quot;none&quot;}\" data-widget_type=\"text-editor.default\">\n\t\t\t\t\t\t\t\t\t<h4>Membres de droit du conseil d\u2019administration<\/h4><ul><li>La Directrice g\u00e9n\u00e9rale de la cr\u00e9ation artistique &#8211; Minist\u00e8re charg\u00e9 de la Culture et de la Communication<\/li><li>Le Directeur g\u00e9n\u00e9ral des Entreprises \u2013 Minist\u00e8re charg\u00e9 de l\u2019Artisanat<\/li><li>Le Pr\u00e9fet de R\u00e9gion des Pays de la Loire<\/li><li>La Pr\u00e9sidente de la R\u00e9gion des Pays de la Loire<\/li><li>Le Pr\u00e9sident du Conseil d\u00e9partemental de la Sarthe<\/li><li>Le Pr\u00e9sident de Le Mans M\u00e9tropole<\/li><li>Le Maire du MANS<\/li><li>Le Pr\u00e9sident de Le Mans Universit\u00e9 ou son repr\u00e9sentant<\/li><li>Le pr\u00e9sident de la Chambre Syndicale de la Facture Instrumentale ou son repr\u00e9sentant<\/li><li>Le pr\u00e9sident d\u2019Europiano France ou son repr\u00e9sentant<\/li><li>Le pr\u00e9sident de l\u2019Union Nationale de Facture Instrumentale ou son repr\u00e9sentant<\/li><li>Le pr\u00e9sident de la Chambre Syndicale des M\u00e9tiers de la Musique ou son repr\u00e9sentant<\/li><li>Le pr\u00e9sident du Centre du Patrimoine de la Facture Instrumentale ou ou son repr\u00e9sentant<\/li><\/ul>\t\t\t\t\t\t\t\t<\/div>\n\t\t\t\t\t<\/div>\n\t\t<\/div>\n\t\t\t\t\t<\/div>\n\t\t<\/section>\n\t\t\t\t<div class=\"elementor-element elementor-element-33ca7f7 elementor-widget-divider--view-line elementor-widget elementor-widget-divider\" data-id=\"33ca7f7\" data-element_type=\"widget\" data-e-type=\"widget\" data-settings=\"{&quot;ekit_we_effect_on&quot;:&quot;none&quot;}\" data-widget_type=\"divider.default\">\n\t\t\t\t\t\t\t<div class=\"elementor-divider\">\n\t\t\t<span class=\"elementor-divider-separator\">\n\t\t\t\t\t\t<\/span>\n\t\t<\/div>\n\t\t\t\t\t\t<\/div>\n\t\t\t\t<section class=\"elementor-section elementor-inner-section elementor-element elementor-element-a8a6959 elementor-section-boxed elementor-section-height-default elementor-section-height-default\" data-id=\"a8a6959\" data-element_type=\"section\" data-e-type=\"section\" data-settings=\"{&quot;ekit_has_onepagescroll_dot&quot;:&quot;yes&quot;}\">\n\t\t\t\t\t\t<div class=\"elementor-container elementor-column-gap-default\">\n\t\t\t\t\t<div class=\"elementor-column elementor-col-50 elementor-inner-column elementor-element elementor-element-25219e1\" data-id=\"25219e1\" data-element_type=\"column\" data-e-type=\"column\">\n\t\t\t<div class=\"elementor-widget-wrap elementor-element-populated\">\n\t\t\t\t\t\t<div class=\"elementor-element elementor-element-a4d5646 elementor-widget elementor-widget-text-editor\" data-id=\"a4d5646\" data-element_type=\"widget\" data-e-type=\"widget\" data-settings=\"{&quot;ekit_we_effect_on&quot;:&quot;none&quot;}\" data-widget_type=\"text-editor.default\">\n\t\t\t\t\t\t\t\t\t<h4>Ils ont dirig\u00e9 l\u2019ITEMM<\/h4><p>1990 \u2013 1998 : Louis SINIGAGLIA<br \/>1998 \u2013 2008 : Vincent NIQUEUX<br \/>2008 \u2013 2013 : Franck FUMOLEAU<br \/>2013 \u2013 2015 : Paul-Antoine TUAL<br \/>2015 &#8211; 2018 : Jean-Charles DAVEAU<br \/><strong>Depuis mars 2020 :\u00a0 Carole LE RENDU<\/strong><\/p>\t\t\t\t\t\t\t\t<\/div>\n\t\t\t\t\t<\/div>\n\t\t<\/div>\n\t\t\t\t<div class=\"elementor-column elementor-col-50 elementor-inner-column elementor-element elementor-element-2e33ac0\" data-id=\"2e33ac0\" data-element_type=\"column\" data-e-type=\"column\">\n\t\t\t<div class=\"elementor-widget-wrap elementor-element-populated\">\n\t\t\t\t\t\t<div class=\"elementor-element elementor-element-ac17a03 elementor-widget elementor-widget-text-editor\" data-id=\"ac17a03\" data-element_type=\"widget\" data-e-type=\"widget\" data-settings=\"{&quot;ekit_we_effect_on&quot;:&quot;none&quot;}\" data-widget_type=\"text-editor.default\">\n\t\t\t\t\t\t\t\t\t<h4>Ils ont pr\u00e9sid\u00e9 l\u2019ITEMM<\/h4>\n<p>1990 \u2013 1997 : Jean RAMOUSSE<br \/>1997 \u2013 2003 : Eric VINASSAC<br \/>2003 \u2013 2013 : Michel MOLLARD<br \/>2013 \u2013 2016 : Marc-Olivier DUPIN<br \/>2016 \u2013 2018 : Ren\u00e9 MARTIN<br \/>2018 \u2013 2021 : Rachid EL GUERJOUMA<br \/><strong>Depuis juillet 2021 : Fabienne LAGARDE<\/strong><\/p>\t\t\t\t\t\t\t\t<\/div>\n\t\t\t\t\t<\/div>\n\t\t<\/div>\n\t\t\t\t\t<\/div>\n\t\t<\/section>\n\t\t\t\t\t<\/div>\n\t\t<\/div>\n\t\t\t\t\t<\/div>\n\t\t<\/section>\n\t\t\t\t<section class=\"elementor-section elementor-top-section elementor-element elementor-element-a8c133d elementor-section-boxed elementor-section-height-default elementor-section-height-default\" data-id=\"a8c133d\" data-element_type=\"section\" data-e-type=\"section\" data-settings=\"{&quot;ekit_has_onepagescroll_dot&quot;:&quot;yes&quot;}\">\n\t\t\t\t\t\t<div class=\"elementor-container elementor-column-gap-default\">\n\t\t\t\t\t<div class=\"elementor-column elementor-col-100 elementor-top-column elementor-element elementor-element-a38d545\" data-id=\"a38d545\" data-element_type=\"column\" data-e-type=\"column\">\n\t\t\t<div class=\"elementor-widget-wrap\">\n\t\t\t\t\t\t\t<\/div>\n\t\t<\/div>\n\t\t\t\t\t<\/div>\n\t\t<\/section>\n\t\t\t\t<\/div>\n\t\t","protected":false},"excerpt":{"rendered":"<p>L\u2019institut Technologique Europ\u00e9en des M\u00e9tiers de la Musique regroupe au sein de son Conseil d\u2019Administration des repr\u00e9sentants \u00e0 l\u2019image de la pluridisciplinarit\u00e9 de ses missions. Le CA de l&#8217;ITEMM est compos\u00e9 de membres de droit, membres professionnels et membres actifs. Membres du bureau Pr\u00e9sidente : Fabienne LAGARDE, Conseill\u00e8re municipale de la Ville du Mans Tr\u00e9sorier&hellip;<\/p>\n","protected":false},"author":3004,"featured_media":0,"parent":0,"menu_order":2,"comment_status":"closed","ping_status":"open","template":"","meta":{"_acf_changed":false,"footnotes":""},"categories":[],"class_list":["post-399","page","type-page","status-publish","hentry"],"acf":[],"yoast_head":"<!-- This site is optimized with the Yoast SEO plugin v27.4 - https:\/\/yoast.com\/product\/yoast-seo-wordpress\/ -->\n<title>Conseil d&#039;administration - Itemm<\/title>\n<meta name=\"description\" content=\"L\u2019institut technologique europ\u00e9en des m\u00e9tiers de la musique regroupe, au sein de son Conseil d\u2019Administration, des repr\u00e9sentants de ses partenaires publics...\" \/>\n<meta name=\"robots\" content=\"index, follow, max-snippet:-1, max-image-preview:large, max-video-preview:-1\" \/>\n<link rel=\"canonical\" href=\"https:\/\/itemm.fr\/itemm\/conseil-dadministration\/\" \/>\n<meta property=\"og:locale\" content=\"fr_FR\" \/>\n<meta property=\"og:type\" content=\"article\" \/>\n<meta property=\"og:title\" content=\"Conseil d&#039;administration - Itemm\" \/>\n<meta property=\"og:description\" content=\"L\u2019institut technologique europ\u00e9en des m\u00e9tiers de la musique regroupe, au sein de son Conseil d\u2019Administration, des repr\u00e9sentants de ses partenaires publics...\" \/>\n<meta property=\"og:url\" content=\"https:\/\/itemm.fr\/itemm\/conseil-dadministration\/\" \/>\n<meta property=\"og:site_name\" content=\"Itemm -\" \/>\n<meta property=\"article:publisher\" content=\"https:\/\/www.facebook.com\/itemm.lemans\" \/>\n<meta property=\"article:modified_time\" content=\"2026-02-17T15:34:44+00:00\" \/>\n<meta property=\"og:image\" content=\"https:\/\/itemm.fr\/itemm\/wp-content\/uploads\/2023\/02\/DRONE-ITEMM-\u00a9-BDVA-9.jpg\" \/>\n\t<meta property=\"og:image:width\" content=\"2048\" \/>\n\t<meta property=\"og:image:height\" content=\"1152\" \/>\n\t<meta property=\"og:image:type\" content=\"image\/jpeg\" \/>\n<script type=\"application\/ld+json\" class=\"yoast-schema-graph\">{\"@context\":\"https:\\\/\\\/schema.org\",\"@graph\":[{\"@type\":\"WebPage\",\"@id\":\"https:\\\/\\\/itemm.fr\\\/itemm\\\/conseil-dadministration\\\/\",\"url\":\"https:\\\/\\\/itemm.fr\\\/itemm\\\/conseil-dadministration\\\/\",\"name\":\"Conseil d'administration - Itemm\",\"isPartOf\":{\"@id\":\"https:\\\/\\\/itemm.fr\\\/itemm\\\/#website\"},\"datePublished\":\"2012-02-08T09:02:57+00:00\",\"dateModified\":\"2026-02-17T15:34:44+00:00\",\"description\":\"L\u2019institut technologique europ\u00e9en des m\u00e9tiers de la musique regroupe, au sein de son Conseil d\u2019Administration, des repr\u00e9sentants de ses partenaires publics...\",\"breadcrumb\":{\"@id\":\"https:\\\/\\\/itemm.fr\\\/itemm\\\/conseil-dadministration\\\/#breadcrumb\"},\"inLanguage\":\"fr-FR\",\"potentialAction\":[{\"@type\":\"ReadAction\",\"target\":[\"https:\\\/\\\/itemm.fr\\\/itemm\\\/conseil-dadministration\\\/\"]}]},{\"@type\":\"BreadcrumbList\",\"@id\":\"https:\\\/\\\/itemm.fr\\\/itemm\\\/conseil-dadministration\\\/#breadcrumb\",\"itemListElement\":[{\"@type\":\"ListItem\",\"position\":1,\"name\":\"Accueil\",\"item\":\"https:\\\/\\\/itemm.fr\\\/itemm\\\/\"},{\"@type\":\"ListItem\",\"position\":2,\"name\":\"Conseil d&#8217;administration\"}]},{\"@type\":\"WebSite\",\"@id\":\"https:\\\/\\\/itemm.fr\\\/itemm\\\/#website\",\"url\":\"https:\\\/\\\/itemm.fr\\\/itemm\\\/\",\"name\":\"Itemm\",\"description\":\"Institut technologique europ\u00e9en des m\u00e9tiers de la musique au Mans (72)\",\"publisher\":{\"@id\":\"https:\\\/\\\/itemm.fr\\\/itemm\\\/#organization\"},\"potentialAction\":[{\"@type\":\"SearchAction\",\"target\":{\"@type\":\"EntryPoint\",\"urlTemplate\":\"https:\\\/\\\/itemm.fr\\\/itemm\\\/?s={search_term_string}\"},\"query-input\":{\"@type\":\"PropertyValueSpecification\",\"valueRequired\":true,\"valueName\":\"search_term_string\"}}],\"inLanguage\":\"fr-FR\"},{\"@type\":\"Organization\",\"@id\":\"https:\\\/\\\/itemm.fr\\\/itemm\\\/#organization\",\"name\":\"ITEMM\",\"alternateName\":\"ITEMM\",\"url\":\"https:\\\/\\\/itemm.fr\\\/itemm\\\/\",\"logo\":{\"@type\":\"ImageObject\",\"inLanguage\":\"fr-FR\",\"@id\":\"https:\\\/\\\/itemm.fr\\\/itemm\\\/#\\\/schema\\\/logo\\\/image\\\/\",\"url\":\"https:\\\/\\\/itemm.fr\\\/itemm\\\/wp-content\\\/uploads\\\/2021\\\/12\\\/logo-itemm-piano-on.png\",\"contentUrl\":\"https:\\\/\\\/itemm.fr\\\/itemm\\\/wp-content\\\/uploads\\\/2021\\\/12\\\/logo-itemm-piano-on.png\",\"width\":446,\"height\":294,\"caption\":\"ITEMM\"},\"image\":{\"@id\":\"https:\\\/\\\/itemm.fr\\\/itemm\\\/#\\\/schema\\\/logo\\\/image\\\/\"},\"sameAs\":[\"https:\\\/\\\/www.facebook.com\\\/itemm.lemans\",\"https:\\\/\\\/www.instagram.com\\\/itemmlemans\\\/\",\"https:\\\/\\\/www.linkedin.com\\\/in\\\/itemm\\\/\"]}]}<\/script>\n<!-- \/ Yoast SEO plugin. -->","yoast_head_json":{"title":"Conseil d'administration - Itemm","description":"L\u2019institut technologique europ\u00e9en des m\u00e9tiers de la musique regroupe, au sein de son Conseil d\u2019Administration, des repr\u00e9sentants de ses partenaires publics...","robots":{"index":"index","follow":"follow","max-snippet":"max-snippet:-1","max-image-preview":"max-image-preview:large","max-video-preview":"max-video-preview:-1"},"canonical":"https:\/\/itemm.fr\/itemm\/conseil-dadministration\/","og_locale":"fr_FR","og_type":"article","og_title":"Conseil d'administration - Itemm","og_description":"L\u2019institut technologique europ\u00e9en des m\u00e9tiers de la musique regroupe, au sein de son Conseil d\u2019Administration, des repr\u00e9sentants de ses partenaires publics...","og_url":"https:\/\/itemm.fr\/itemm\/conseil-dadministration\/","og_site_name":"Itemm -","article_publisher":"https:\/\/www.facebook.com\/itemm.lemans","article_modified_time":"2026-02-17T15:34:44+00:00","og_image":[{"width":2048,"height":1152,"url":"https:\/\/itemm.fr\/itemm\/wp-content\/uploads\/2023\/02\/DRONE-ITEMM-\u00a9-BDVA-9.jpg","type":"image\/jpeg"}],"schema":{"@context":"https:\/\/schema.org","@graph":[{"@type":"WebPage","@id":"https:\/\/itemm.fr\/itemm\/conseil-dadministration\/","url":"https:\/\/itemm.fr\/itemm\/conseil-dadministration\/","name":"Conseil d'administration - Itemm","isPartOf":{"@id":"https:\/\/itemm.fr\/itemm\/#website"},"datePublished":"2012-02-08T09:02:57+00:00","dateModified":"2026-02-17T15:34:44+00:00","description":"L\u2019institut technologique europ\u00e9en des m\u00e9tiers de la musique regroupe, au sein de son Conseil d\u2019Administration, des repr\u00e9sentants de ses partenaires publics...","breadcrumb":{"@id":"https:\/\/itemm.fr\/itemm\/conseil-dadministration\/#breadcrumb"},"inLanguage":"fr-FR","potentialAction":[{"@type":"ReadAction","target":["https:\/\/itemm.fr\/itemm\/conseil-dadministration\/"]}]},{"@type":"BreadcrumbList","@id":"https:\/\/itemm.fr\/itemm\/conseil-dadministration\/#breadcrumb","itemListElement":[{"@type":"ListItem","position":1,"name":"Accueil","item":"https:\/\/itemm.fr\/itemm\/"},{"@type":"ListItem","position":2,"name":"Conseil d&#8217;administration"}]},{"@type":"WebSite","@id":"https:\/\/itemm.fr\/itemm\/#website","url":"https:\/\/itemm.fr\/itemm\/","name":"Itemm","description":"Institut technologique europ\u00e9en des m\u00e9tiers de la musique au Mans (72)","publisher":{"@id":"https:\/\/itemm.fr\/itemm\/#organization"},"potentialAction":[{"@type":"SearchAction","target":{"@type":"EntryPoint","urlTemplate":"https:\/\/itemm.fr\/itemm\/?s={search_term_string}"},"query-input":{"@type":"PropertyValueSpecification","valueRequired":true,"valueName":"search_term_string"}}],"inLanguage":"fr-FR"},{"@type":"Organization","@id":"https:\/\/itemm.fr\/itemm\/#organization","name":"ITEMM","alternateName":"ITEMM","url":"https:\/\/itemm.fr\/itemm\/","logo":{"@type":"ImageObject","inLanguage":"fr-FR","@id":"https:\/\/itemm.fr\/itemm\/#\/schema\/logo\/image\/","url":"https:\/\/itemm.fr\/itemm\/wp-content\/uploads\/2021\/12\/logo-itemm-piano-on.png","contentUrl":"https:\/\/itemm.fr\/itemm\/wp-content\/uploads\/2021\/12\/logo-itemm-piano-on.png","width":446,"height":294,"caption":"ITEMM"},"image":{"@id":"https:\/\/itemm.fr\/itemm\/#\/schema\/logo\/image\/"},"sameAs":["https:\/\/www.facebook.com\/itemm.lemans","https:\/\/www.instagram.com\/itemmlemans\/","https:\/\/www.linkedin.com\/in\/itemm\/"]}]}},"_links":{"self":[{"href":"https:\/\/itemm.fr\/itemm\/wp-json\/wp\/v2\/pages\/399","targetHints":{"allow":["GET"]}}],"collection":[{"href":"https:\/\/itemm.fr\/itemm\/wp-json\/wp\/v2\/pages"}],"about":[{"href":"https:\/\/itemm.fr\/itemm\/wp-json\/wp\/v2\/types\/page"}],"author":[{"embeddable":true,"href":"https:\/\/itemm.fr\/itemm\/wp-json\/wp\/v2\/users\/3004"}],"replies":[{"embeddable":true,"href":"https:\/\/itemm.fr\/itemm\/wp-json\/wp\/v2\/comments?post=399"}],"version-history":[{"count":0,"href":"https:\/\/itemm.fr\/itemm\/wp-json\/wp\/v2\/pages\/399\/revisions"}],"wp:attachment":[{"href":"https:\/\/itemm.fr\/itemm\/wp-json\/wp\/v2\/media?parent=399"}],"wp:term":[{"taxonomy":"category","embeddable":true,"href":"https:\/\/itemm.fr\/itemm\/wp-json\/wp\/v2\/categories?post=399"}],"curies":[{"name":"wp","href":"https:\/\/api.w.org\/{rel}","templated":true}]}}