{"id":24083,"date":"2020-12-10T15:41:18","date_gmt":"2020-12-10T14:41:18","guid":{"rendered":"https:\/\/itemm.fr\/itemm\/?page_id=24083"},"modified":"2026-02-09T14:24:59","modified_gmt":"2026-02-09T13:24:59","slug":"presentation-du-pole-recherche-et-innovation","status":"publish","type":"page","link":"https:\/\/itemm.fr\/itemm\/presentation-du-pole-recherche-et-innovation\/","title":{"rendered":"Pr\u00e9sentation du p\u00f4le recherche et innovation"},"content":{"rendered":"\t\t<div data-elementor-type=\"wp-page\" data-elementor-id=\"24083\" class=\"elementor elementor-24083\" data-elementor-post-type=\"page\">\n\t\t\t\t\t\t<section class=\"elementor-section elementor-top-section elementor-element elementor-element-a9c83e5 elementor-section-stretched elementor-section-boxed elementor-section-height-default elementor-section-height-default\" data-id=\"a9c83e5\" data-element_type=\"section\" data-e-type=\"section\" data-settings=\"{&quot;background_background&quot;:&quot;classic&quot;,&quot;stretch_section&quot;:&quot;section-stretched&quot;,&quot;ekit_has_onepagescroll_dot&quot;:&quot;yes&quot;}\">\n\t\t\t\t\t\t<div class=\"elementor-container elementor-column-gap-default\">\n\t\t\t\t\t<div class=\"elementor-column elementor-col-50 elementor-top-column elementor-element elementor-element-95b0da2\" data-id=\"95b0da2\" data-element_type=\"column\" data-e-type=\"column\">\n\t\t\t<div class=\"elementor-widget-wrap elementor-element-populated\">\n\t\t\t\t\t\t<div class=\"elementor-element elementor-element-ee9e85a elementor-widget elementor-widget-heading\" data-id=\"ee9e85a\" data-element_type=\"widget\" data-e-type=\"widget\" data-settings=\"{&quot;ekit_we_effect_on&quot;:&quot;none&quot;}\" data-widget_type=\"heading.default\">\n\t\t\t\t\t<h2 class=\"elementor-heading-title elementor-size-default\"> P\u00f4le Recherche et Innovation<\/h2>\t\t\t\t<\/div>\n\t\t\t\t<div class=\"elementor-element elementor-element-c1a6f57 elementor-widget elementor-widget-text-editor\" data-id=\"c1a6f57\" data-element_type=\"widget\" data-e-type=\"widget\" data-settings=\"{&quot;ekit_we_effect_on&quot;:&quot;none&quot;}\" data-widget_type=\"text-editor.default\">\n\t\t\t\t\t\t\t\t\t<p><b>L\u2019ITEMM accompagne les entreprises de la facture instrumentale et des m\u00e9tiers de la musique dans le but de d\u00e9velopper leurs produits et leurs services en lien avec l\u2019innovation.\u00a0<\/b><\/p><p><b>Des missions \u00e0 la fois pour l\u2019ensemble des fili\u00e8res et les entreprises individuelles structurent les 4 axes strat\u00e9giques :<\/b><\/p><ul><li>Le soutien \u00e0 la transition \u00e9cologique des fili\u00e8res m\u00e9tiers de la musique<\/li><li>Le d\u00e9veloppement et le transfert des m\u00e9thodes pour la transition technologique<\/li><li>Le d\u00e9veloppement de projets en lien avec la culture ; de la conservation du patrimoine au spectacle vivant<\/li><li>L\u2019accompagnement des entreprises dans leurs d\u00e9marches d\u2019innovation<\/li><\/ul><p>Espace de d\u00e9veloppement dot\u00e9 d\u2019\u00e9quipements sp\u00e9cialis\u00e9s de mesures, de simulations et d\u2019analyses sur les instruments et les mat\u00e9riaux, le p\u00f4le Recherche et Innovation agit comme un bureau d\u2019\u00e9tude mutualis\u00e9 pour la profession. Cette offre compl\u00e8te de prestations de services techniques et d\u2019expertise inclut \u00e9galement un accompagnement individuel des projets d\u2019innovation.<\/p><p>Le p\u00f4le Recherche et Innovation est anim\u00e9 par Alicia Deseille et J\u00e9r\u00e9my CABARET qui s\u2019associent r\u00e9guli\u00e8rement \u00e0 des interlocuteurs techniques et scientifiques en fonction des projets.<\/p><p><b>Contacts :<br \/><\/b><\/p><ul><li>Alicia Deseille Ing\u00e9nieure R&amp;D et responsable du P\u00f4le Recherche et Innovation, alicia.deseille@itemm.fr<\/li><li>J\u00e9r\u00e9my Cabaret, docteur, chercheur en acoustique et formateur,\u00a0 jeremy.cabaret@itemm.fr<\/li><\/ul>\t\t\t\t\t\t\t\t<\/div>\n\t\t\t\t\t<\/div>\n\t\t<\/div>\n\t\t\t\t<div class=\"elementor-column elementor-col-50 elementor-top-column elementor-element elementor-element-51d5d4b\" data-id=\"51d5d4b\" data-element_type=\"column\" data-e-type=\"column\">\n\t\t\t<div class=\"elementor-widget-wrap elementor-element-populated\">\n\t\t\t\t\t\t<div class=\"elementor-element elementor-element-ad9d1a1 elementor-widget elementor-widget-image\" data-id=\"ad9d1a1\" data-element_type=\"widget\" data-e-type=\"widget\" data-settings=\"{&quot;ekit_we_effect_on&quot;:&quot;none&quot;}\" data-widget_type=\"image.default\">\n\t\t\t\t\t\t\t\t\t\t\t\t\t\t\t<img decoding=\"async\" src=\"https:\/\/itemm.fr\/itemm\/wp-content\/uploads\/elementor\/thumbs\/P1288874-scaled-r3rdc4qiant3t39m2ewxl5ytwal02mw1357xc2wnb4.jpg\" title=\"Pr\u00e9sentation du p\u00f4le recherche et innovation &#8211; 1\" alt=\"Pr\u00e9sentation du p\u00f4le recherche et innovation - 1\" loading=\"lazy\" \/>\t\t\t\t\t\t\t\t\t\t\t\t\t\t\t<\/div>\n\t\t\t\t\t<\/div>\n\t\t<\/div>\n\t\t\t\t\t<\/div>\n\t\t<\/section>\n\t\t\t\t<section class=\"elementor-section elementor-top-section elementor-element elementor-element-1cd4781 elementor-section-boxed elementor-section-height-default elementor-section-height-default\" data-id=\"1cd4781\" data-element_type=\"section\" data-e-type=\"section\" data-settings=\"{&quot;ekit_has_onepagescroll_dot&quot;:&quot;yes&quot;}\">\n\t\t\t\t\t\t<div class=\"elementor-container elementor-column-gap-default\">\n\t\t\t\t\t<div class=\"elementor-column elementor-col-100 elementor-top-column elementor-element elementor-element-6aac39b\" data-id=\"6aac39b\" data-element_type=\"column\" data-e-type=\"column\">\n\t\t\t<div class=\"elementor-widget-wrap elementor-element-populated\">\n\t\t\t\t\t\t<div class=\"elementor-element elementor-element-9ebae8a elementor-widget elementor-widget-heading\" data-id=\"9ebae8a\" data-element_type=\"widget\" data-e-type=\"widget\" data-settings=\"{&quot;ekit_we_effect_on&quot;:&quot;none&quot;}\" data-widget_type=\"heading.default\">\n\t\t\t\t\t<h2 class=\"elementor-heading-title elementor-size-default\">Partenaires du P\u00f4le de Recherche et Innovation<\/h2>\t\t\t\t<\/div>\n\t\t\t\t<div class=\"elementor-element elementor-element-8ae1681 elementor-widget elementor-widget-html\" data-id=\"8ae1681\" data-element_type=\"widget\" data-e-type=\"widget\" data-settings=\"{&quot;ekit_we_effect_on&quot;:&quot;none&quot;}\" data-widget_type=\"html.default\">\n\t\t\t\t\t<iframe width=\"100%\" height=\"700px\" frameborder=\"0\" allowfullscreen src=\"\/\/umap.openstreetmap.fr\/fr\/map\/partenaires-du-pole_782380?scaleControl=false&miniMap=true&scrollWheelZoom=true&zoomControl=true&allowEdit=false&moreControl=false&searchControl=null&tilelayersControl=null&embedControl=null&datalayersControl=expanded&onLoadPanel=databrowser&captionBar=true&locateControl=null&datalayers=2314214%2C2314215%2C2314216%2C2314217#4\/46.74\/-2.77\"><\/iframe><p><a href=\"\/\/umap.openstreetmap.fr\/fr\/map\/partenaires-du-pole_782380\">Voir en plein \u00e9cran<\/a><\/p>\t\t\t\t<\/div>\n\t\t\t\t\t<\/div>\n\t\t<\/div>\n\t\t\t\t\t<\/div>\n\t\t<\/section>\n\t\t\t\t<section class=\"elementor-section elementor-top-section elementor-element elementor-element-c750414 elementor-section-boxed elementor-section-height-default elementor-section-height-default\" data-id=\"c750414\" data-element_type=\"section\" data-e-type=\"section\" data-settings=\"{&quot;ekit_has_onepagescroll_dot&quot;:&quot;yes&quot;}\">\n\t\t\t\t\t\t<div class=\"elementor-container elementor-column-gap-default\">\n\t\t\t\t\t<div class=\"elementor-column elementor-col-50 elementor-top-column elementor-element elementor-element-b6a670c\" data-id=\"b6a670c\" data-element_type=\"column\" data-e-type=\"column\">\n\t\t\t<div class=\"elementor-widget-wrap elementor-element-populated\">\n\t\t\t\t\t\t<div class=\"elementor-element elementor-element-c05d3f6 elementor-widget elementor-widget-text-editor\" data-id=\"c05d3f6\" data-element_type=\"widget\" data-e-type=\"widget\" data-settings=\"{&quot;ekit_we_effect_on&quot;:&quot;none&quot;}\" data-widget_type=\"text-editor.default\">\n\t\t\t\t\t\t\t\t\t<div class=\"elementor-element elementor-element-6d3be8d1 elementor-widget elementor-widget-text-editor\" data-id=\"6d3be8d1\" data-element_type=\"widget\" data-widget_type=\"text-editor.default\"><div class=\"elementor-widget-container\"><div class=\"elementor-text-editor elementor-clearfix\"><h4><strong>Partenaires publics<\/strong><\/h4><p>Nous sommes soutenus par :<\/p><ul><li>La Direction G\u00e9n\u00e9rale de l\u2019Entreprise (<a href=\"https:\/\/www.entreprises.gouv.fr\/dge\" target=\"_blank\" rel=\"noopener\">DGE<\/a>) \u2013 Minist\u00e8re de l\u2019\u00e9conomie et des finances<\/li><li>Le <a href=\"http:\/\/www.paysdelaloire.fr\/\" target=\"_blank\" rel=\"noopener\">Conseil r\u00e9gional des Pays de la Loire<\/a><\/li><\/ul><h4>Partenaires professionnels<\/h4><p>Nous d\u00e9veloppons notre action en lien avec les associations<br \/>professionnelles repr\u00e9sentatives du secteur \u00e9conomique fran\u00e7ais de la<br \/>facture instrumentale :<\/p><ul><li><a href=\"http:\/\/www.aladfi.com\/\" target=\"_blank\" rel=\"noopener\">Association des Luthiers et Archetiers pour le D\u00e9veloppement de la Facture Instrumentale (ALADFI)<\/a><\/li><li><a href=\"http:\/\/www.aplg.fr\/\" target=\"_blank\" rel=\"noopener\">Association professionnelle des luthiers artisans en guitares et autres cordes pinc\u00e9es (APLG)<\/a><\/li><li><a href=\"http:\/\/www.csfimusique.com\/\" target=\"_blank\" rel=\"noopener\">Chambre Syndicale de la Facture Instrumentale (CSFI)<\/a><\/li><li><a href=\"http:\/\/www.metiersdelamusique.org\/\" target=\"_blank\" rel=\"noopener\">Chambre Syndicale des M\u00e9tiers de la Musique (CSMM)<\/a><\/li><li><a href=\"https:\/\/europianofrance.org\/\" target=\"_blank\" rel=\"noopener\">Europiano France<\/a><\/li><li><a href=\"http:\/\/www.glaaf.fr\/\" target=\"_blank\" rel=\"noopener\">Groupement des Luthiers et Archetiers d\u2019Art de France (GLAAF)<\/a><\/li><li>Groupement des Sp\u00e9cialistes en Instruments \u00e0 Vent (GSIV)<\/li><li><a class=\"broken_link\" href=\"http:\/\/gpfo.free.fr\/\" target=\"_blank\" rel=\"noopener\">Groupement Professionnel des Facteurs d\u2019Orgues (GPFO)<\/a><\/li><li>Union de la Facture Instrumentale (UNFI)<\/li><\/ul><\/div><\/div><\/div><div class=\"elementor-element elementor-element-2eb51c94 elementor-position-top elementor-vertical-align-top elementor-widget elementor-widget-image-box\" data-id=\"2eb51c94\" data-element_type=\"widget\" data-widget_type=\"image-box.default\"><div class=\"elementor-widget-container\"><div class=\"elementor-image-box-wrapper\">\u00a0<\/div><\/div><\/div>\t\t\t\t\t\t\t\t<\/div>\n\t\t\t\t\t<\/div>\n\t\t<\/div>\n\t\t\t\t<div class=\"elementor-column elementor-col-50 elementor-top-column elementor-element elementor-element-b4716b8\" data-id=\"b4716b8\" data-element_type=\"column\" data-e-type=\"column\">\n\t\t\t<div class=\"elementor-widget-wrap elementor-element-populated\">\n\t\t\t\t\t\t<div class=\"elementor-element elementor-element-a3825da elementor-widget elementor-widget-text-editor\" data-id=\"a3825da\" data-element_type=\"widget\" data-e-type=\"widget\" data-settings=\"{&quot;ekit_we_effect_on&quot;:&quot;none&quot;}\" data-widget_type=\"text-editor.default\">\n\t\t\t\t\t\t\t\t\t<h4><strong>Partenaires scientifiques<\/strong><\/h4><p>Nous collaborons avec des laboratoires et des structures de recherche acad\u00e9mique pour la mise en place de projets d\u2019ing\u00e9nierie mutualis\u00e9e.<\/p><ul><li><a href=\"http:\/\/www.cttm-lemans.com\/fr\/index.html\" target=\"_blank\" rel=\"noopener\">Centre de transfert de technologie du Mans<\/a>, Le Mans<\/li><li><a href=\"http:\/\/www.cerfav.fr\/\" target=\"_blank\" rel=\"noopener\">Centre europ\u00e9en de recherche et de formation aux arts verriers<\/a>, Vannes-le-Ch\u00e2tel<\/li><li><a class=\"broken_link\" href=\"http:\/\/www.irccyn.ec-nantes.fr\/\" target=\"_blank\" rel=\"noopener\">\u00c9cole centrale de Nantes<\/a>, Ircynn, Nantes<\/li><li><a href=\"https:\/\/artsetmetiers.fr\/fr\/campus\/cluny\" target=\"_blank\" rel=\"noopener\">\u00c9cole nationale sup\u00e9rieure des arts et m\u00e9tiers de Cluny<\/a>, Cluny<\/li><li><a href=\"http:\/\/www.eseo.fr\/\" target=\"_blank\" rel=\"noopener\">\u00c9cole sup\u00e9rieure d\u2019\u00e9lectronique de l\u2019Ouest<\/a>, Angers<\/li><li><a href=\"http:\/\/ensim.univ-lemans.fr\/fr\/index.html\" target=\"_blank\" rel=\"noopener\">\u00c9cole nationale sup\u00e9rieure d\u2019ing\u00e9nieurs du Mans<\/a>, Le Mans<\/li><li><a href=\"http:\/\/www.ensta-paristech.fr\/fr\/palaiseau\" target=\"_blank\" rel=\"noopener\">Ensta ParisTech<\/a>, \u00c9cole nationale sup\u00e9rieure des techniques avanc\u00e9es, Palaiseau<\/li><li><a href=\"https:\/\/www.esb-campus.fr\/\" target=\"_blank\" rel=\"noopener\">\u00c9cole sup\u00e9rieure du bois<\/a>, Nantes<\/li><li>Groupe sp\u00e9cialis\u00e9 d\u2019acoustique musicale, <a href=\"http:\/\/sfa.asso.fr\/fr\/accueil\" target=\"_blank\" rel=\"noopener\">Soci\u00e9t\u00e9 Fran\u00e7aise d\u2019Acoustique<\/a>, Paris<\/li><li><a href=\"http:\/\/ifram.com\/\" target=\"_blank\" rel=\"noopener\">Institut de Formation et de Recherche pour les Artisanats des M\u00e9taux<\/a>, Villers-Ecalles<\/li><li><a href=\"http:\/\/www.ircam.fr\/\" target=\"_blank\" rel=\"noopener\">Institut de recherche et de coordination acoustique-musique<\/a>, Paris<\/li><li><a href=\"http:\/\/www.femto-st.fr\/\" target=\"_blank\" rel=\"noopener\">Institut Femto ST<\/a>, Universit\u00e9 de Besan\u00e7on, Besan\u00e7on<\/li><li><a href=\"http:\/\/www.dalembert.upmc.fr\/ijlrda\/\" target=\"_blank\" rel=\"noopener\">Institut Jean-Le-Rond-d\u2019Alembert<\/a>, \u00e9quipe Lutherie-Acoustique-Musique, Paris<\/li><li><a href=\"http:\/\/laum.univ-lemans.fr\/fr\/index.html\" target=\"_blank\" rel=\"noopener\">Laboratoire d\u2019Acoustique de l\u2019Universit\u00e9 du Maine<\/a>, Le Mans<\/li><li><a href=\"http:\/\/www.lms.polytechnique.fr\/\" target=\"_blank\" rel=\"noopener\">Laboratoire de m\u00e9canique des solides<\/a>, \u00c9cole polytechnique, Palaiseau<\/li><li><a href=\"http:\/\/www.lma.cnrs-mrs.fr\/\" target=\"_blank\" rel=\"noopener\">Laboratoire de m\u00e9canique et d\u2019acoustique CNRS<\/a>, Marseille<\/li><li><a href=\"http:\/\/www.lmgc.univ-montp2.fr\/\" target=\"_blank\" rel=\"noopener\">Laboratoire de m\u00e9canique et de g\u00e9nie civil<\/a>, Montpellier<\/li><li>Le Mans Acoustique (<a class=\"broken_link\" href=\"http:\/\/www.lemans-acoustique.fr\/fr\/index.html\" target=\"_blank\" rel=\"noopener\">LMAC<\/a>)<\/li><li><a href=\"https:\/\/philharmoniedeparis.fr\/fr\" target=\"_blank\" rel=\"noopener\">Mus\u00e9e de la musique<\/a>, cit\u00e9 de la musique de la Villette, Paris<\/li><li><a href=\"https:\/\/www.telecom-paris.fr\" target=\"_blank\" rel=\"noopener\">T\u00e9l\u00e9com ParisTech<\/a>, \u00c9cole nationale sup\u00e9rieure des t\u00e9l\u00e9communications, Paris<\/li><\/ul>\t\t\t\t\t\t\t\t<\/div>\n\t\t\t\t\t<\/div>\n\t\t<\/div>\n\t\t\t\t\t<\/div>\n\t\t<\/section>\n\t\t\t\t<\/div>\n\t\t","protected":false},"excerpt":{"rendered":"<p>P\u00f4le Recherche et Innovation L\u2019ITEMM accompagne les entreprises de la facture instrumentale et des m\u00e9tiers de la musique dans le but de d\u00e9velopper leurs produits et leurs services en lien avec l\u2019innovation.\u00a0 Des missions \u00e0 la fois pour l\u2019ensemble des fili\u00e8res et les entreprises individuelles structurent les 4 axes strat\u00e9giques : Le soutien \u00e0 la&hellip;<\/p>\n","protected":false},"author":3004,"featured_media":0,"parent":0,"menu_order":0,"comment_status":"closed","ping_status":"closed","template":"","meta":{"_acf_changed":false,"footnotes":""},"categories":[],"class_list":["post-24083","page","type-page","status-publish","hentry"],"acf":[],"yoast_head":"<!-- This site is optimized with the Yoast SEO plugin v27.5 - https:\/\/yoast.com\/product\/yoast-seo-wordpress\/ -->\n<title>Pr\u00e9sentation du p\u00f4le recherche et innovation | Itemm -<\/title>\n<meta name=\"robots\" content=\"index, follow, max-snippet:-1, max-image-preview:large, max-video-preview:-1\" \/>\n<link rel=\"canonical\" href=\"https:\/\/itemm.fr\/itemm\/presentation-du-pole-recherche-et-innovation\/\" \/>\n<meta property=\"og:locale\" content=\"fr_FR\" \/>\n<meta property=\"og:type\" content=\"article\" \/>\n<meta property=\"og:title\" content=\"Pr\u00e9sentation du p\u00f4le recherche et innovation | Itemm -\" \/>\n<meta property=\"og:description\" content=\"P\u00f4le Recherche et Innovation L\u2019ITEMM accompagne les entreprises de la facture instrumentale et des m\u00e9tiers de la musique dans le but de d\u00e9velopper leurs produits et leurs services en lien avec l\u2019innovation.\u00a0 Des missions \u00e0 la fois pour l\u2019ensemble des fili\u00e8res et les entreprises individuelles structurent les 4 axes strat\u00e9giques : Le soutien \u00e0 la&hellip;\" \/>\n<meta property=\"og:url\" content=\"https:\/\/itemm.fr\/itemm\/presentation-du-pole-recherche-et-innovation\/\" \/>\n<meta property=\"og:site_name\" content=\"Itemm -\" \/>\n<meta property=\"article:publisher\" content=\"https:\/\/www.facebook.com\/itemm.lemans\" \/>\n<meta property=\"article:modified_time\" content=\"2026-02-09T13:24:59+00:00\" \/>\n<meta property=\"og:image\" content=\"https:\/\/itemm.fr\/itemm\/wp-content\/uploads\/elementor\/thumbs\/P1288874-scaled-r3rdc4qiant3t39m2ewxl5ytwal02mw1357xc2wnb4.jpg\" \/>\n<script type=\"application\/ld+json\" class=\"yoast-schema-graph\">{\"@context\":\"https:\\\/\\\/schema.org\",\"@graph\":[{\"@type\":\"WebPage\",\"@id\":\"https:\\\/\\\/itemm.fr\\\/itemm\\\/presentation-du-pole-recherche-et-innovation\\\/\",\"url\":\"https:\\\/\\\/itemm.fr\\\/itemm\\\/presentation-du-pole-recherche-et-innovation\\\/\",\"name\":\"Pr\u00e9sentation du p\u00f4le recherche et innovation | Itemm -\",\"isPartOf\":{\"@id\":\"https:\\\/\\\/itemm.fr\\\/itemm\\\/#website\"},\"primaryImageOfPage\":{\"@id\":\"https:\\\/\\\/itemm.fr\\\/itemm\\\/presentation-du-pole-recherche-et-innovation\\\/#primaryimage\"},\"image\":{\"@id\":\"https:\\\/\\\/itemm.fr\\\/itemm\\\/presentation-du-pole-recherche-et-innovation\\\/#primaryimage\"},\"thumbnailUrl\":\"https:\\\/\\\/itemm.fr\\\/itemm\\\/wp-content\\\/uploads\\\/elementor\\\/thumbs\\\/P1288874-scaled-r3rdc4qiant3t39m2ewxl5ytwal02mw1357xc2wnb4.jpg\",\"datePublished\":\"2020-12-10T14:41:18+00:00\",\"dateModified\":\"2026-02-09T13:24:59+00:00\",\"breadcrumb\":{\"@id\":\"https:\\\/\\\/itemm.fr\\\/itemm\\\/presentation-du-pole-recherche-et-innovation\\\/#breadcrumb\"},\"inLanguage\":\"fr-FR\",\"potentialAction\":[{\"@type\":\"ReadAction\",\"target\":[\"https:\\\/\\\/itemm.fr\\\/itemm\\\/presentation-du-pole-recherche-et-innovation\\\/\"]}]},{\"@type\":\"ImageObject\",\"inLanguage\":\"fr-FR\",\"@id\":\"https:\\\/\\\/itemm.fr\\\/itemm\\\/presentation-du-pole-recherche-et-innovation\\\/#primaryimage\",\"url\":\"https:\\\/\\\/itemm.fr\\\/itemm\\\/wp-content\\\/uploads\\\/elementor\\\/thumbs\\\/P1288874-scaled-r3rdc4qiant3t39m2ewxl5ytwal02mw1357xc2wnb4.jpg\",\"contentUrl\":\"https:\\\/\\\/itemm.fr\\\/itemm\\\/wp-content\\\/uploads\\\/elementor\\\/thumbs\\\/P1288874-scaled-r3rdc4qiant3t39m2ewxl5ytwal02mw1357xc2wnb4.jpg\"},{\"@type\":\"BreadcrumbList\",\"@id\":\"https:\\\/\\\/itemm.fr\\\/itemm\\\/presentation-du-pole-recherche-et-innovation\\\/#breadcrumb\",\"itemListElement\":[{\"@type\":\"ListItem\",\"position\":1,\"name\":\"Accueil\",\"item\":\"https:\\\/\\\/itemm.fr\\\/itemm\\\/\"},{\"@type\":\"ListItem\",\"position\":2,\"name\":\"Pr\u00e9sentation du p\u00f4le recherche et innovation\"}]},{\"@type\":\"WebSite\",\"@id\":\"https:\\\/\\\/itemm.fr\\\/itemm\\\/#website\",\"url\":\"https:\\\/\\\/itemm.fr\\\/itemm\\\/\",\"name\":\"Itemm\",\"description\":\"Institut technologique europ\u00e9en des m\u00e9tiers de la musique au Mans (72)\",\"publisher\":{\"@id\":\"https:\\\/\\\/itemm.fr\\\/itemm\\\/#organization\"},\"potentialAction\":[{\"@type\":\"SearchAction\",\"target\":{\"@type\":\"EntryPoint\",\"urlTemplate\":\"https:\\\/\\\/itemm.fr\\\/itemm\\\/?s={search_term_string}\"},\"query-input\":{\"@type\":\"PropertyValueSpecification\",\"valueRequired\":true,\"valueName\":\"search_term_string\"}}],\"inLanguage\":\"fr-FR\"},{\"@type\":\"Organization\",\"@id\":\"https:\\\/\\\/itemm.fr\\\/itemm\\\/#organization\",\"name\":\"ITEMM\",\"alternateName\":\"ITEMM\",\"url\":\"https:\\\/\\\/itemm.fr\\\/itemm\\\/\",\"logo\":{\"@type\":\"ImageObject\",\"inLanguage\":\"fr-FR\",\"@id\":\"https:\\\/\\\/itemm.fr\\\/itemm\\\/#\\\/schema\\\/logo\\\/image\\\/\",\"url\":\"https:\\\/\\\/itemm.fr\\\/itemm\\\/wp-content\\\/uploads\\\/2021\\\/12\\\/logo-itemm-piano-on.png\",\"contentUrl\":\"https:\\\/\\\/itemm.fr\\\/itemm\\\/wp-content\\\/uploads\\\/2021\\\/12\\\/logo-itemm-piano-on.png\",\"width\":446,\"height\":294,\"caption\":\"ITEMM\"},\"image\":{\"@id\":\"https:\\\/\\\/itemm.fr\\\/itemm\\\/#\\\/schema\\\/logo\\\/image\\\/\"},\"sameAs\":[\"https:\\\/\\\/www.facebook.com\\\/itemm.lemans\",\"https:\\\/\\\/www.instagram.com\\\/itemmlemans\\\/\",\"https:\\\/\\\/www.linkedin.com\\\/in\\\/itemm\\\/\"]}]}<\/script>\n<!-- \/ Yoast SEO plugin. -->","yoast_head_json":{"title":"Pr\u00e9sentation du p\u00f4le recherche et innovation | Itemm -","robots":{"index":"index","follow":"follow","max-snippet":"max-snippet:-1","max-image-preview":"max-image-preview:large","max-video-preview":"max-video-preview:-1"},"canonical":"https:\/\/itemm.fr\/itemm\/presentation-du-pole-recherche-et-innovation\/","og_locale":"fr_FR","og_type":"article","og_title":"Pr\u00e9sentation du p\u00f4le recherche et innovation | Itemm -","og_description":"P\u00f4le Recherche et Innovation L\u2019ITEMM accompagne les entreprises de la facture instrumentale et des m\u00e9tiers de la musique dans le but de d\u00e9velopper leurs produits et leurs services en lien avec l\u2019innovation.\u00a0 Des missions \u00e0 la fois pour l\u2019ensemble des fili\u00e8res et les entreprises individuelles structurent les 4 axes strat\u00e9giques : Le soutien \u00e0 la&hellip;","og_url":"https:\/\/itemm.fr\/itemm\/presentation-du-pole-recherche-et-innovation\/","og_site_name":"Itemm -","article_publisher":"https:\/\/www.facebook.com\/itemm.lemans","article_modified_time":"2026-02-09T13:24:59+00:00","og_image":[{"url":"https:\/\/itemm.fr\/itemm\/wp-content\/uploads\/elementor\/thumbs\/P1288874-scaled-r3rdc4qiant3t39m2ewxl5ytwal02mw1357xc2wnb4.jpg","type":"","width":"","height":""}],"schema":{"@context":"https:\/\/schema.org","@graph":[{"@type":"WebPage","@id":"https:\/\/itemm.fr\/itemm\/presentation-du-pole-recherche-et-innovation\/","url":"https:\/\/itemm.fr\/itemm\/presentation-du-pole-recherche-et-innovation\/","name":"Pr\u00e9sentation du p\u00f4le recherche et innovation | Itemm -","isPartOf":{"@id":"https:\/\/itemm.fr\/itemm\/#website"},"primaryImageOfPage":{"@id":"https:\/\/itemm.fr\/itemm\/presentation-du-pole-recherche-et-innovation\/#primaryimage"},"image":{"@id":"https:\/\/itemm.fr\/itemm\/presentation-du-pole-recherche-et-innovation\/#primaryimage"},"thumbnailUrl":"https:\/\/itemm.fr\/itemm\/wp-content\/uploads\/elementor\/thumbs\/P1288874-scaled-r3rdc4qiant3t39m2ewxl5ytwal02mw1357xc2wnb4.jpg","datePublished":"2020-12-10T14:41:18+00:00","dateModified":"2026-02-09T13:24:59+00:00","breadcrumb":{"@id":"https:\/\/itemm.fr\/itemm\/presentation-du-pole-recherche-et-innovation\/#breadcrumb"},"inLanguage":"fr-FR","potentialAction":[{"@type":"ReadAction","target":["https:\/\/itemm.fr\/itemm\/presentation-du-pole-recherche-et-innovation\/"]}]},{"@type":"ImageObject","inLanguage":"fr-FR","@id":"https:\/\/itemm.fr\/itemm\/presentation-du-pole-recherche-et-innovation\/#primaryimage","url":"https:\/\/itemm.fr\/itemm\/wp-content\/uploads\/elementor\/thumbs\/P1288874-scaled-r3rdc4qiant3t39m2ewxl5ytwal02mw1357xc2wnb4.jpg","contentUrl":"https:\/\/itemm.fr\/itemm\/wp-content\/uploads\/elementor\/thumbs\/P1288874-scaled-r3rdc4qiant3t39m2ewxl5ytwal02mw1357xc2wnb4.jpg"},{"@type":"BreadcrumbList","@id":"https:\/\/itemm.fr\/itemm\/presentation-du-pole-recherche-et-innovation\/#breadcrumb","itemListElement":[{"@type":"ListItem","position":1,"name":"Accueil","item":"https:\/\/itemm.fr\/itemm\/"},{"@type":"ListItem","position":2,"name":"Pr\u00e9sentation du p\u00f4le recherche et innovation"}]},{"@type":"WebSite","@id":"https:\/\/itemm.fr\/itemm\/#website","url":"https:\/\/itemm.fr\/itemm\/","name":"Itemm","description":"Institut technologique europ\u00e9en des m\u00e9tiers de la musique au Mans (72)","publisher":{"@id":"https:\/\/itemm.fr\/itemm\/#organization"},"potentialAction":[{"@type":"SearchAction","target":{"@type":"EntryPoint","urlTemplate":"https:\/\/itemm.fr\/itemm\/?s={search_term_string}"},"query-input":{"@type":"PropertyValueSpecification","valueRequired":true,"valueName":"search_term_string"}}],"inLanguage":"fr-FR"},{"@type":"Organization","@id":"https:\/\/itemm.fr\/itemm\/#organization","name":"ITEMM","alternateName":"ITEMM","url":"https:\/\/itemm.fr\/itemm\/","logo":{"@type":"ImageObject","inLanguage":"fr-FR","@id":"https:\/\/itemm.fr\/itemm\/#\/schema\/logo\/image\/","url":"https:\/\/itemm.fr\/itemm\/wp-content\/uploads\/2021\/12\/logo-itemm-piano-on.png","contentUrl":"https:\/\/itemm.fr\/itemm\/wp-content\/uploads\/2021\/12\/logo-itemm-piano-on.png","width":446,"height":294,"caption":"ITEMM"},"image":{"@id":"https:\/\/itemm.fr\/itemm\/#\/schema\/logo\/image\/"},"sameAs":["https:\/\/www.facebook.com\/itemm.lemans","https:\/\/www.instagram.com\/itemmlemans\/","https:\/\/www.linkedin.com\/in\/itemm\/"]}]}},"_links":{"self":[{"href":"https:\/\/itemm.fr\/itemm\/wp-json\/wp\/v2\/pages\/24083","targetHints":{"allow":["GET"]}}],"collection":[{"href":"https:\/\/itemm.fr\/itemm\/wp-json\/wp\/v2\/pages"}],"about":[{"href":"https:\/\/itemm.fr\/itemm\/wp-json\/wp\/v2\/types\/page"}],"author":[{"embeddable":true,"href":"https:\/\/itemm.fr\/itemm\/wp-json\/wp\/v2\/users\/3004"}],"replies":[{"embeddable":true,"href":"https:\/\/itemm.fr\/itemm\/wp-json\/wp\/v2\/comments?post=24083"}],"version-history":[{"count":0,"href":"https:\/\/itemm.fr\/itemm\/wp-json\/wp\/v2\/pages\/24083\/revisions"}],"wp:attachment":[{"href":"https:\/\/itemm.fr\/itemm\/wp-json\/wp\/v2\/media?parent=24083"}],"wp:term":[{"taxonomy":"category","embeddable":true,"href":"https:\/\/itemm.fr\/itemm\/wp-json\/wp\/v2\/categories?post=24083"}],"curies":[{"name":"wp","href":"https:\/\/api.w.org\/{rel}","templated":true}]}}