{"id":22817,"date":"2020-12-04T08:49:01","date_gmt":"2020-12-04T07:49:01","guid":{"rendered":"https:\/\/itemm.fr\/itemm\/?page_id=22817"},"modified":"2025-10-15T10:31:28","modified_gmt":"2025-10-15T08:31:28","slug":"accueil-des-personnes-en-situation-de-handicap","status":"publish","type":"page","link":"https:\/\/itemm.fr\/itemm\/campus-itemm\/accueil-des-personnes-en-situation-de-handicap\/","title":{"rendered":"Accueil des personnes en situation de handicap"},"content":{"rendered":"\t\t<div data-elementor-type=\"wp-page\" data-elementor-id=\"22817\" class=\"elementor elementor-22817\" data-elementor-post-type=\"page\">\n\t\t\t\t\t\t<section class=\"elementor-section elementor-top-section elementor-element elementor-element-44c2a9c elementor-section-stretched elementor-section-boxed elementor-section-height-default elementor-section-height-default\" data-id=\"44c2a9c\" data-element_type=\"section\" data-e-type=\"section\" data-settings=\"{&quot;stretch_section&quot;:&quot;section-stretched&quot;,&quot;background_background&quot;:&quot;classic&quot;,&quot;ekit_has_onepagescroll_dot&quot;:&quot;yes&quot;}\">\n\t\t\t\t\t\t<div class=\"elementor-container elementor-column-gap-default\">\n\t\t\t\t\t<div class=\"elementor-column elementor-col-50 elementor-top-column elementor-element elementor-element-8688e96\" data-id=\"8688e96\" data-element_type=\"column\" data-e-type=\"column\">\n\t\t\t<div class=\"elementor-widget-wrap elementor-element-populated\">\n\t\t\t\t\t\t<div class=\"elementor-element elementor-element-5d56aa3 elementor-widget elementor-widget-heading\" data-id=\"5d56aa3\" data-element_type=\"widget\" data-e-type=\"widget\" data-settings=\"{&quot;ekit_we_effect_on&quot;:&quot;none&quot;}\" data-widget_type=\"heading.default\">\n\t\t\t\t\t<h2 class=\"elementor-heading-title elementor-size-default\">Personnes en situation <br>de handicap<\/h2>\t\t\t\t<\/div>\n\t\t\t\t<div class=\"elementor-element elementor-element-711b4771 elementor-widget elementor-widget-text-editor\" data-id=\"711b4771\" data-element_type=\"widget\" data-e-type=\"widget\" data-settings=\"{&quot;ekit_we_effect_on&quot;:&quot;none&quot;}\" data-widget_type=\"text-editor.default\">\n\t\t\t\t\t\t\t\t\t<p><strong>Le r\u00e9f\u00e9rent handicap de l\u2019ITEMM accompagne l\u2019ensemble des b\u00e9n\u00e9ficiaires dans leurs d\u00e9marches et fait en sorte qu\u2019ils puissent acc\u00e9der \u00e0 la formation dans les meilleures conditions possibles, notamment par la prise en compte de leur handicap. Cet accompagnement se traduit par :<\/strong><\/p>\t\t\t\t\t\t\t\t<\/div>\n\t\t\t\t\t<\/div>\n\t\t<\/div>\n\t\t\t\t<div class=\"elementor-column elementor-col-50 elementor-top-column elementor-element elementor-element-8f0dec5\" data-id=\"8f0dec5\" data-element_type=\"column\" data-e-type=\"column\">\n\t\t\t<div class=\"elementor-widget-wrap elementor-element-populated\">\n\t\t\t\t\t\t<div class=\"elementor-element elementor-element-559bd95 elementor-widget elementor-widget-heading\" data-id=\"559bd95\" data-element_type=\"widget\" data-e-type=\"widget\" data-settings=\"{&quot;ekit_we_effect_on&quot;:&quot;none&quot;}\" data-widget_type=\"heading.default\">\n\t\t\t\t\t<h3 class=\"elementor-heading-title elementor-size-default\">Pour plus de renseignements<\/h3>\t\t\t\t<\/div>\n\t\t\t\t<div class=\"elementor-element elementor-element-a69cde5 elementor-widget elementor-widget-text-editor\" data-id=\"a69cde5\" data-element_type=\"widget\" data-e-type=\"widget\" data-settings=\"{&quot;ekit_we_effect_on&quot;:&quot;none&quot;}\" data-widget_type=\"text-editor.default\">\n\t\t\t\t\t\t\t\t\t<p><strong>Veuillez contacter<\/strong>\u00a0:<\/p><p>referent-handicap@itemm.fr \/ 02 43 39 39 00<\/p>\t\t\t\t\t\t\t\t<\/div>\n\t\t\t\t\t<\/div>\n\t\t<\/div>\n\t\t\t\t\t<\/div>\n\t\t<\/section>\n\t\t\t\t<section class=\"elementor-section elementor-top-section elementor-element elementor-element-4d77d4c elementor-section-boxed elementor-section-height-default elementor-section-height-default\" data-id=\"4d77d4c\" data-element_type=\"section\" data-e-type=\"section\" data-settings=\"{&quot;ekit_has_onepagescroll_dot&quot;:&quot;yes&quot;}\">\n\t\t\t\t\t\t<div class=\"elementor-container elementor-column-gap-default\">\n\t\t\t\t\t<div class=\"elementor-column elementor-col-50 elementor-top-column elementor-element elementor-element-92bbf86\" data-id=\"92bbf86\" data-element_type=\"column\" data-e-type=\"column\">\n\t\t\t<div class=\"elementor-widget-wrap elementor-element-populated\">\n\t\t\t\t\t\t<div class=\"elementor-element elementor-element-2b535180 elementor-widget elementor-widget-heading\" data-id=\"2b535180\" data-element_type=\"widget\" data-e-type=\"widget\" data-settings=\"{&quot;ekit_we_effect_on&quot;:&quot;none&quot;}\" data-widget_type=\"heading.default\">\n\t\t\t\t\t<h4 class=\"elementor-heading-title elementor-size-default\"> Un accueil personnalis\u00e9 <\/h4>\t\t\t\t<\/div>\n\t\t\t\t<div class=\"elementor-element elementor-element-346c3822 elementor-widget elementor-widget-text-editor\" data-id=\"346c3822\" data-element_type=\"widget\" data-e-type=\"widget\" data-settings=\"{&quot;ekit_we_effect_on&quot;:&quot;none&quot;}\" data-widget_type=\"text-editor.default\">\n\t\t\t\t\t\t\t\t\t<p>En amont de l\u2019entr\u00e9e en formation\u00a0<\/p><ul><li>Portes Ouvertes\u00a0<\/li><li>Rendez-vous individuel : t\u00e9l\u00e9phonique et\/ou sur site\u00a0<\/li><\/ul><p>\u00c0 l\u2019entr\u00e9e en formation\u00a0<\/p><ul><li>Intervention du r\u00e9f\u00e9rent handicap \u00e0 chaque r\u00e9union de rentr\u00e9e\u00a0<\/li><li>Rendez-vous avec le r\u00e9f\u00e9rent handicap sur demande de l\u2019\u00e9l\u00e8ve, de la famille<\/li><\/ul>\t\t\t\t\t\t\t\t<\/div>\n\t\t\t\t<div class=\"elementor-element elementor-element-6fc845ae elementor-widget elementor-widget-heading\" data-id=\"6fc845ae\" data-element_type=\"widget\" data-e-type=\"widget\" data-settings=\"{&quot;ekit_we_effect_on&quot;:&quot;none&quot;}\" data-widget_type=\"heading.default\">\n\t\t\t\t\t<h4 class=\"elementor-heading-title elementor-size-default\">Des \u00e9changes avec les parties prenantes durant la formation<\/h4>\t\t\t\t<\/div>\n\t\t\t\t<div class=\"elementor-element elementor-element-82d32f0 elementor-widget elementor-widget-text-editor\" data-id=\"82d32f0\" data-element_type=\"widget\" data-e-type=\"widget\" data-settings=\"{&quot;ekit_we_effect_on&quot;:&quot;none&quot;}\" data-widget_type=\"text-editor.default\">\n\t\t\t\t\t\t\t\t\t<ul><li>Sensibilisation de l\u2019\u00e9quipe p\u00e9dagogique et administrative\u00a0<\/li><li>Sensibilisation des employeurs avec l\u2019accord du jeune ou\/et de sa famille\u00a0<\/li><li>\u00c9change avec l\u2019\u00e9tablissement d\u2019origine si besoin<\/li><\/ul>\t\t\t\t\t\t\t\t<\/div>\n\t\t\t\t<div class=\"elementor-element elementor-element-8e01bde elementor-widget elementor-widget-image\" data-id=\"8e01bde\" data-element_type=\"widget\" data-e-type=\"widget\" data-settings=\"{&quot;ekit_we_effect_on&quot;:&quot;none&quot;}\" data-widget_type=\"image.default\">\n\t\t\t\t\t\t\t\t\t\t\t\t\t\t\t<img fetchpriority=\"high\" decoding=\"async\" width=\"1024\" height=\"917\" src=\"https:\/\/itemm.fr\/itemm\/wp-content\/uploads\/2023\/02\/undraw_Road_sign_re_3kc3-1024x917.png\" class=\"attachment-large size-large wp-image-47190\" alt=\"\" srcset=\"https:\/\/itemm.fr\/itemm\/wp-content\/uploads\/2023\/02\/undraw_Road_sign_re_3kc3-1024x917.png 1024w, https:\/\/itemm.fr\/itemm\/wp-content\/uploads\/2023\/02\/undraw_Road_sign_re_3kc3-600x537.png 600w, https:\/\/itemm.fr\/itemm\/wp-content\/uploads\/2023\/02\/undraw_Road_sign_re_3kc3-300x269.png 300w, https:\/\/itemm.fr\/itemm\/wp-content\/uploads\/2023\/02\/undraw_Road_sign_re_3kc3-768x688.png 768w, https:\/\/itemm.fr\/itemm\/wp-content\/uploads\/2023\/02\/undraw_Road_sign_re_3kc3.png 1032w\" sizes=\"(max-width: 1024px) 100vw, 1024px\" \/>\t\t\t\t\t\t\t\t\t\t\t\t\t\t\t<\/div>\n\t\t\t\t\t<\/div>\n\t\t<\/div>\n\t\t\t\t<div class=\"elementor-column elementor-col-50 elementor-top-column elementor-element elementor-element-e332288\" data-id=\"e332288\" data-element_type=\"column\" data-e-type=\"column\">\n\t\t\t<div class=\"elementor-widget-wrap elementor-element-populated\">\n\t\t\t\t\t\t<div class=\"elementor-element elementor-element-d7ced1b elementor-widget elementor-widget-heading\" data-id=\"d7ced1b\" data-element_type=\"widget\" data-e-type=\"widget\" data-settings=\"{&quot;ekit_we_effect_on&quot;:&quot;none&quot;}\" data-widget_type=\"heading.default\">\n\t\t\t\t\t<h4 class=\"elementor-heading-title elementor-size-default\"> Un accompagnement dans les d\u00e9marches administratives <\/h4>\t\t\t\t<\/div>\n\t\t\t\t<div class=\"elementor-element elementor-element-3163b98d elementor-widget elementor-widget-text-editor\" data-id=\"3163b98d\" data-element_type=\"widget\" data-e-type=\"widget\" data-settings=\"{&quot;ekit_we_effect_on&quot;:&quot;none&quot;}\" data-widget_type=\"text-editor.default\">\n\t\t\t\t\t\t\t\t\t<ul><li>Reconnaissance de la situation de handicap\u00a0<\/li><li>Demandes de prestation de compensation du handicap (actes de la vie quotidienne)\u00a0<\/li><li>Dossiers de demande d\u2019am\u00e9nagement sp\u00e9cifique (dur\u00e9e du contrat, financement de mat\u00e9riel, transport)\u00a0<\/li><li>Formalisation de la demande d\u2019am\u00e9nagement pour les examens si besoin<\/li><\/ul>\t\t\t\t\t\t\t\t<\/div>\n\t\t\t\t<div class=\"elementor-element elementor-element-163c5f8 elementor-widget elementor-widget-heading\" data-id=\"163c5f8\" data-element_type=\"widget\" data-e-type=\"widget\" data-settings=\"{&quot;ekit_we_effect_on&quot;:&quot;none&quot;}\" data-widget_type=\"heading.default\">\n\t\t\t\t\t<h4 class=\"elementor-heading-title elementor-size-default\">Un parcours de formation adapt\u00e9 et contractualis\u00e9 <\/h4>\t\t\t\t<\/div>\n\t\t\t\t<div class=\"elementor-element elementor-element-747da9a elementor-widget elementor-widget-text-editor\" data-id=\"747da9a\" data-element_type=\"widget\" data-e-type=\"widget\" data-settings=\"{&quot;ekit_we_effect_on&quot;:&quot;none&quot;}\" data-widget_type=\"text-editor.default\">\n\t\t\t\t\t\t\t\t\t<ul><li>Prise en compte de la situation individuelle\u00a0<\/li><li>Adaptation du parcours en fonction des besoins\u00a0<\/li><li>Information possible sur ces adaptations aupr\u00e8s de l\u2019employeur\u00a0<\/li><li>Suivi du parcours et ajustements en fonction de l\u2019\u00e9volution des besoins<\/li><\/ul>\t\t\t\t\t\t\t\t<\/div>\n\t\t\t\t\t<\/div>\n\t\t<\/div>\n\t\t\t\t\t<\/div>\n\t\t<\/section>\n\t\t\t\t<section class=\"elementor-section elementor-top-section elementor-element elementor-element-1cfa1ef1 elementor-section-boxed elementor-section-height-default elementor-section-height-default\" data-id=\"1cfa1ef1\" data-element_type=\"section\" data-e-type=\"section\" data-settings=\"{&quot;ekit_has_onepagescroll_dot&quot;:&quot;yes&quot;}\">\n\t\t\t\t\t\t<div class=\"elementor-container elementor-column-gap-default\">\n\t\t\t\t\t<div class=\"elementor-column elementor-col-66 elementor-top-column elementor-element elementor-element-73eae95c\" data-id=\"73eae95c\" data-element_type=\"column\" data-e-type=\"column\">\n\t\t\t<div class=\"elementor-widget-wrap\">\n\t\t\t\t\t\t\t<\/div>\n\t\t<\/div>\n\t\t\t\t<div class=\"elementor-column elementor-col-33 elementor-top-column elementor-element elementor-element-654fccca\" data-id=\"654fccca\" data-element_type=\"column\" data-e-type=\"column\">\n\t\t\t<div class=\"elementor-widget-wrap elementor-element-populated\">\n\t\t\t\t\t\t<section class=\"elementor-section elementor-inner-section elementor-element elementor-element-eeb162a ekit-sticky--top elementor-section-boxed elementor-section-height-default elementor-section-height-default\" data-id=\"eeb162a\" data-element_type=\"section\" data-e-type=\"section\" data-settings=\"{&quot;ekit_sticky&quot;:&quot;top&quot;,&quot;ekit_sticky_offset&quot;:{&quot;unit&quot;:&quot;px&quot;,&quot;size&quot;:100,&quot;sizes&quot;:[]},&quot;ekit_sticky_effect_offset&quot;:{&quot;unit&quot;:&quot;px&quot;,&quot;size&quot;:56,&quot;sizes&quot;:[]},&quot;ekit_sticky_offset_tablet&quot;:{&quot;unit&quot;:&quot;px&quot;,&quot;size&quot;:&quot;&quot;,&quot;sizes&quot;:[]},&quot;ekit_sticky_offset_mobile&quot;:{&quot;unit&quot;:&quot;px&quot;,&quot;size&quot;:&quot;&quot;,&quot;sizes&quot;:[]},&quot;ekit_sticky_on_desktop&quot;:&quot;desktop&quot;,&quot;ekit_sticky_on_tablet&quot;:&quot;tablet&quot;,&quot;ekit_sticky_on_mobile&quot;:&quot;mobile&quot;,&quot;ekit_sticky_effect_offset_tablet&quot;:{&quot;unit&quot;:&quot;px&quot;,&quot;size&quot;:&quot;&quot;,&quot;sizes&quot;:[]},&quot;ekit_sticky_effect_offset_mobile&quot;:{&quot;unit&quot;:&quot;px&quot;,&quot;size&quot;:&quot;&quot;,&quot;sizes&quot;:[]},&quot;ekit_has_onepagescroll_dot&quot;:&quot;yes&quot;}\">\n\t\t\t\t\t\t<div class=\"elementor-container elementor-column-gap-default\">\n\t\t\t\t\t<div class=\"elementor-column elementor-col-100 elementor-inner-column elementor-element elementor-element-3a6b228\" data-id=\"3a6b228\" data-element_type=\"column\" data-e-type=\"column\">\n\t\t\t<div class=\"elementor-widget-wrap\">\n\t\t\t\t\t\t\t<\/div>\n\t\t<\/div>\n\t\t\t\t\t<\/div>\n\t\t<\/section>\n\t\t\t\t\t<\/div>\n\t\t<\/div>\n\t\t\t\t\t<\/div>\n\t\t<\/section>\n\t\t\t\t<\/div>\n\t\t","protected":false},"excerpt":{"rendered":"<p>Personnes en situation de handicap Le r\u00e9f\u00e9rent handicap de l\u2019ITEMM accompagne l\u2019ensemble des b\u00e9n\u00e9ficiaires dans leurs d\u00e9marches et fait en sorte qu\u2019ils puissent acc\u00e9der \u00e0 la formation dans les meilleures conditions possibles, notamment par la prise en compte de leur handicap. Cet accompagnement se traduit par : Pour plus de renseignements Veuillez contacter\u00a0: referent-handicap@itemm.fr \/&hellip;<\/p>\n","protected":false},"author":3004,"featured_media":0,"parent":17130,"menu_order":0,"comment_status":"closed","ping_status":"closed","template":"elementor_header_footer","meta":{"_acf_changed":false,"footnotes":""},"categories":[],"class_list":["post-22817","page","type-page","status-publish","hentry"],"acf":[],"yoast_head":"<!-- This site is optimized with the Yoast SEO plugin v27.3 - https:\/\/yoast.com\/product\/yoast-seo-wordpress\/ -->\n<title>Accueil des personnes en situation de handicap | Itemm -<\/title>\n<meta name=\"robots\" content=\"index, follow, max-snippet:-1, max-image-preview:large, max-video-preview:-1\" \/>\n<link rel=\"canonical\" href=\"https:\/\/itemm.fr\/itemm\/campus-itemm\/accueil-des-personnes-en-situation-de-handicap\/\" \/>\n<meta property=\"og:locale\" content=\"fr_FR\" \/>\n<meta property=\"og:type\" content=\"article\" \/>\n<meta property=\"og:title\" content=\"Accueil des personnes en situation de handicap | Itemm -\" \/>\n<meta property=\"og:description\" content=\"Personnes en situation de handicap Le r\u00e9f\u00e9rent handicap de l\u2019ITEMM accompagne l\u2019ensemble des b\u00e9n\u00e9ficiaires dans leurs d\u00e9marches et fait en sorte qu\u2019ils puissent acc\u00e9der \u00e0 la formation dans les meilleures conditions possibles, notamment par la prise en compte de leur handicap. Cet accompagnement se traduit par : Pour plus de renseignements Veuillez contacter\u00a0: referent-handicap@itemm.fr \/&hellip;\" \/>\n<meta property=\"og:url\" content=\"https:\/\/itemm.fr\/itemm\/campus-itemm\/accueil-des-personnes-en-situation-de-handicap\/\" \/>\n<meta property=\"og:site_name\" content=\"Itemm -\" \/>\n<meta property=\"article:publisher\" content=\"https:\/\/www.facebook.com\/itemm.lemans\" \/>\n<meta property=\"article:modified_time\" content=\"2025-10-15T08:31:28+00:00\" \/>\n<meta property=\"og:image\" content=\"https:\/\/itemm.fr\/itemm\/wp-content\/uploads\/2023\/02\/undraw_Road_sign_re_3kc3-1024x917.png\" \/>\n<script type=\"application\/ld+json\" class=\"yoast-schema-graph\">{\"@context\":\"https:\\\/\\\/schema.org\",\"@graph\":[{\"@type\":\"WebPage\",\"@id\":\"https:\\\/\\\/itemm.fr\\\/itemm\\\/campus-itemm\\\/accueil-des-personnes-en-situation-de-handicap\\\/\",\"url\":\"https:\\\/\\\/itemm.fr\\\/itemm\\\/campus-itemm\\\/accueil-des-personnes-en-situation-de-handicap\\\/\",\"name\":\"Accueil des personnes en situation de handicap | Itemm -\",\"isPartOf\":{\"@id\":\"https:\\\/\\\/itemm.fr\\\/itemm\\\/#website\"},\"primaryImageOfPage\":{\"@id\":\"https:\\\/\\\/itemm.fr\\\/itemm\\\/campus-itemm\\\/accueil-des-personnes-en-situation-de-handicap\\\/#primaryimage\"},\"image\":{\"@id\":\"https:\\\/\\\/itemm.fr\\\/itemm\\\/campus-itemm\\\/accueil-des-personnes-en-situation-de-handicap\\\/#primaryimage\"},\"thumbnailUrl\":\"https:\\\/\\\/itemm.fr\\\/itemm\\\/wp-content\\\/uploads\\\/2023\\\/02\\\/undraw_Road_sign_re_3kc3-1024x917.png\",\"datePublished\":\"2020-12-04T07:49:01+00:00\",\"dateModified\":\"2025-10-15T08:31:28+00:00\",\"breadcrumb\":{\"@id\":\"https:\\\/\\\/itemm.fr\\\/itemm\\\/campus-itemm\\\/accueil-des-personnes-en-situation-de-handicap\\\/#breadcrumb\"},\"inLanguage\":\"fr-FR\",\"potentialAction\":[{\"@type\":\"ReadAction\",\"target\":[\"https:\\\/\\\/itemm.fr\\\/itemm\\\/campus-itemm\\\/accueil-des-personnes-en-situation-de-handicap\\\/\"]}]},{\"@type\":\"ImageObject\",\"inLanguage\":\"fr-FR\",\"@id\":\"https:\\\/\\\/itemm.fr\\\/itemm\\\/campus-itemm\\\/accueil-des-personnes-en-situation-de-handicap\\\/#primaryimage\",\"url\":\"https:\\\/\\\/itemm.fr\\\/itemm\\\/wp-content\\\/uploads\\\/2023\\\/02\\\/undraw_Road_sign_re_3kc3.png\",\"contentUrl\":\"https:\\\/\\\/itemm.fr\\\/itemm\\\/wp-content\\\/uploads\\\/2023\\\/02\\\/undraw_Road_sign_re_3kc3.png\",\"width\":1032,\"height\":924},{\"@type\":\"BreadcrumbList\",\"@id\":\"https:\\\/\\\/itemm.fr\\\/itemm\\\/campus-itemm\\\/accueil-des-personnes-en-situation-de-handicap\\\/#breadcrumb\",\"itemListElement\":[{\"@type\":\"ListItem\",\"position\":1,\"name\":\"Accueil\",\"item\":\"https:\\\/\\\/itemm.fr\\\/itemm\\\/\"},{\"@type\":\"ListItem\",\"position\":2,\"name\":\"campus ITEMM\",\"item\":\"https:\\\/\\\/itemm.fr\\\/itemm\\\/campus-itemm\\\/\"},{\"@type\":\"ListItem\",\"position\":3,\"name\":\"Accueil des personnes en situation de handicap\"}]},{\"@type\":\"WebSite\",\"@id\":\"https:\\\/\\\/itemm.fr\\\/itemm\\\/#website\",\"url\":\"https:\\\/\\\/itemm.fr\\\/itemm\\\/\",\"name\":\"Itemm\",\"description\":\"Institut technologique europ\u00e9en des m\u00e9tiers de la musique au Mans (72)\",\"publisher\":{\"@id\":\"https:\\\/\\\/itemm.fr\\\/itemm\\\/#organization\"},\"potentialAction\":[{\"@type\":\"SearchAction\",\"target\":{\"@type\":\"EntryPoint\",\"urlTemplate\":\"https:\\\/\\\/itemm.fr\\\/itemm\\\/?s={search_term_string}\"},\"query-input\":{\"@type\":\"PropertyValueSpecification\",\"valueRequired\":true,\"valueName\":\"search_term_string\"}}],\"inLanguage\":\"fr-FR\"},{\"@type\":\"Organization\",\"@id\":\"https:\\\/\\\/itemm.fr\\\/itemm\\\/#organization\",\"name\":\"ITEMM\",\"alternateName\":\"ITEMM\",\"url\":\"https:\\\/\\\/itemm.fr\\\/itemm\\\/\",\"logo\":{\"@type\":\"ImageObject\",\"inLanguage\":\"fr-FR\",\"@id\":\"https:\\\/\\\/itemm.fr\\\/itemm\\\/#\\\/schema\\\/logo\\\/image\\\/\",\"url\":\"https:\\\/\\\/itemm.fr\\\/itemm\\\/wp-content\\\/uploads\\\/2021\\\/12\\\/logo-itemm-piano-on.png\",\"contentUrl\":\"https:\\\/\\\/itemm.fr\\\/itemm\\\/wp-content\\\/uploads\\\/2021\\\/12\\\/logo-itemm-piano-on.png\",\"width\":446,\"height\":294,\"caption\":\"ITEMM\"},\"image\":{\"@id\":\"https:\\\/\\\/itemm.fr\\\/itemm\\\/#\\\/schema\\\/logo\\\/image\\\/\"},\"sameAs\":[\"https:\\\/\\\/www.facebook.com\\\/itemm.lemans\",\"https:\\\/\\\/www.instagram.com\\\/itemmlemans\\\/\",\"https:\\\/\\\/www.linkedin.com\\\/in\\\/itemm\\\/\"]}]}<\/script>\n<!-- \/ Yoast SEO plugin. -->","yoast_head_json":{"title":"Accueil des personnes en situation de handicap | Itemm -","robots":{"index":"index","follow":"follow","max-snippet":"max-snippet:-1","max-image-preview":"max-image-preview:large","max-video-preview":"max-video-preview:-1"},"canonical":"https:\/\/itemm.fr\/itemm\/campus-itemm\/accueil-des-personnes-en-situation-de-handicap\/","og_locale":"fr_FR","og_type":"article","og_title":"Accueil des personnes en situation de handicap | Itemm -","og_description":"Personnes en situation de handicap Le r\u00e9f\u00e9rent handicap de l\u2019ITEMM accompagne l\u2019ensemble des b\u00e9n\u00e9ficiaires dans leurs d\u00e9marches et fait en sorte qu\u2019ils puissent acc\u00e9der \u00e0 la formation dans les meilleures conditions possibles, notamment par la prise en compte de leur handicap. Cet accompagnement se traduit par : Pour plus de renseignements Veuillez contacter\u00a0: referent-handicap@itemm.fr \/&hellip;","og_url":"https:\/\/itemm.fr\/itemm\/campus-itemm\/accueil-des-personnes-en-situation-de-handicap\/","og_site_name":"Itemm -","article_publisher":"https:\/\/www.facebook.com\/itemm.lemans","article_modified_time":"2025-10-15T08:31:28+00:00","og_image":[{"url":"https:\/\/itemm.fr\/itemm\/wp-content\/uploads\/2023\/02\/undraw_Road_sign_re_3kc3-1024x917.png","type":"","width":"","height":""}],"schema":{"@context":"https:\/\/schema.org","@graph":[{"@type":"WebPage","@id":"https:\/\/itemm.fr\/itemm\/campus-itemm\/accueil-des-personnes-en-situation-de-handicap\/","url":"https:\/\/itemm.fr\/itemm\/campus-itemm\/accueil-des-personnes-en-situation-de-handicap\/","name":"Accueil des personnes en situation de handicap | Itemm -","isPartOf":{"@id":"https:\/\/itemm.fr\/itemm\/#website"},"primaryImageOfPage":{"@id":"https:\/\/itemm.fr\/itemm\/campus-itemm\/accueil-des-personnes-en-situation-de-handicap\/#primaryimage"},"image":{"@id":"https:\/\/itemm.fr\/itemm\/campus-itemm\/accueil-des-personnes-en-situation-de-handicap\/#primaryimage"},"thumbnailUrl":"https:\/\/itemm.fr\/itemm\/wp-content\/uploads\/2023\/02\/undraw_Road_sign_re_3kc3-1024x917.png","datePublished":"2020-12-04T07:49:01+00:00","dateModified":"2025-10-15T08:31:28+00:00","breadcrumb":{"@id":"https:\/\/itemm.fr\/itemm\/campus-itemm\/accueil-des-personnes-en-situation-de-handicap\/#breadcrumb"},"inLanguage":"fr-FR","potentialAction":[{"@type":"ReadAction","target":["https:\/\/itemm.fr\/itemm\/campus-itemm\/accueil-des-personnes-en-situation-de-handicap\/"]}]},{"@type":"ImageObject","inLanguage":"fr-FR","@id":"https:\/\/itemm.fr\/itemm\/campus-itemm\/accueil-des-personnes-en-situation-de-handicap\/#primaryimage","url":"https:\/\/itemm.fr\/itemm\/wp-content\/uploads\/2023\/02\/undraw_Road_sign_re_3kc3.png","contentUrl":"https:\/\/itemm.fr\/itemm\/wp-content\/uploads\/2023\/02\/undraw_Road_sign_re_3kc3.png","width":1032,"height":924},{"@type":"BreadcrumbList","@id":"https:\/\/itemm.fr\/itemm\/campus-itemm\/accueil-des-personnes-en-situation-de-handicap\/#breadcrumb","itemListElement":[{"@type":"ListItem","position":1,"name":"Accueil","item":"https:\/\/itemm.fr\/itemm\/"},{"@type":"ListItem","position":2,"name":"campus ITEMM","item":"https:\/\/itemm.fr\/itemm\/campus-itemm\/"},{"@type":"ListItem","position":3,"name":"Accueil des personnes en situation de handicap"}]},{"@type":"WebSite","@id":"https:\/\/itemm.fr\/itemm\/#website","url":"https:\/\/itemm.fr\/itemm\/","name":"Itemm","description":"Institut technologique europ\u00e9en des m\u00e9tiers de la musique au Mans (72)","publisher":{"@id":"https:\/\/itemm.fr\/itemm\/#organization"},"potentialAction":[{"@type":"SearchAction","target":{"@type":"EntryPoint","urlTemplate":"https:\/\/itemm.fr\/itemm\/?s={search_term_string}"},"query-input":{"@type":"PropertyValueSpecification","valueRequired":true,"valueName":"search_term_string"}}],"inLanguage":"fr-FR"},{"@type":"Organization","@id":"https:\/\/itemm.fr\/itemm\/#organization","name":"ITEMM","alternateName":"ITEMM","url":"https:\/\/itemm.fr\/itemm\/","logo":{"@type":"ImageObject","inLanguage":"fr-FR","@id":"https:\/\/itemm.fr\/itemm\/#\/schema\/logo\/image\/","url":"https:\/\/itemm.fr\/itemm\/wp-content\/uploads\/2021\/12\/logo-itemm-piano-on.png","contentUrl":"https:\/\/itemm.fr\/itemm\/wp-content\/uploads\/2021\/12\/logo-itemm-piano-on.png","width":446,"height":294,"caption":"ITEMM"},"image":{"@id":"https:\/\/itemm.fr\/itemm\/#\/schema\/logo\/image\/"},"sameAs":["https:\/\/www.facebook.com\/itemm.lemans","https:\/\/www.instagram.com\/itemmlemans\/","https:\/\/www.linkedin.com\/in\/itemm\/"]}]}},"_links":{"self":[{"href":"https:\/\/itemm.fr\/itemm\/wp-json\/wp\/v2\/pages\/22817","targetHints":{"allow":["GET"]}}],"collection":[{"href":"https:\/\/itemm.fr\/itemm\/wp-json\/wp\/v2\/pages"}],"about":[{"href":"https:\/\/itemm.fr\/itemm\/wp-json\/wp\/v2\/types\/page"}],"author":[{"embeddable":true,"href":"https:\/\/itemm.fr\/itemm\/wp-json\/wp\/v2\/users\/3004"}],"replies":[{"embeddable":true,"href":"https:\/\/itemm.fr\/itemm\/wp-json\/wp\/v2\/comments?post=22817"}],"version-history":[{"count":0,"href":"https:\/\/itemm.fr\/itemm\/wp-json\/wp\/v2\/pages\/22817\/revisions"}],"up":[{"embeddable":true,"href":"https:\/\/itemm.fr\/itemm\/wp-json\/wp\/v2\/pages\/17130"}],"wp:attachment":[{"href":"https:\/\/itemm.fr\/itemm\/wp-json\/wp\/v2\/media?parent=22817"}],"wp:term":[{"taxonomy":"category","embeddable":true,"href":"https:\/\/itemm.fr\/itemm\/wp-json\/wp\/v2\/categories?post=22817"}],"curies":[{"name":"wp","href":"https:\/\/api.w.org\/{rel}","templated":true}]}}