{"id":22761,"date":"2020-12-03T09:07:19","date_gmt":"2020-12-03T08:07:19","guid":{"rendered":"https:\/\/itemm.fr\/itemm\/?page_id=22761"},"modified":"2024-05-24T17:21:37","modified_gmt":"2024-05-24T15:21:37","slug":"formation-alternance-financement","status":"publish","type":"page","link":"https:\/\/itemm.fr\/itemm\/financements-et-aides\/formation-alternance-financement\/","title":{"rendered":"formation alternance"},"content":{"rendered":"\t\t<div data-elementor-type=\"wp-page\" data-elementor-id=\"22761\" class=\"elementor elementor-22761\" data-elementor-post-type=\"page\">\n\t\t\t\t\t\t<section class=\"elementor-section elementor-top-section elementor-element elementor-element-3782bcd5 elementor-section-boxed elementor-section-height-default elementor-section-height-default\" data-id=\"3782bcd5\" data-element_type=\"section\" data-e-type=\"section\" data-settings=\"{&quot;ekit_has_onepagescroll_dot&quot;:&quot;yes&quot;}\">\n\t\t\t\t\t\t<div class=\"elementor-container elementor-column-gap-default\">\n\t\t\t\t\t<div class=\"elementor-column elementor-col-66 elementor-top-column elementor-element elementor-element-547cb5a4\" data-id=\"547cb5a4\" data-element_type=\"column\" data-e-type=\"column\">\n\t\t\t<div class=\"elementor-widget-wrap elementor-element-populated\">\n\t\t\t\t\t\t<div class=\"elementor-element elementor-element-a11df9c elementor-widget elementor-widget-heading\" data-id=\"a11df9c\" data-element_type=\"widget\" data-e-type=\"widget\" data-settings=\"{&quot;ekit_we_effect_on&quot;:&quot;none&quot;}\" data-widget_type=\"heading.default\">\n\t\t\t\t\t<h2 class=\"elementor-heading-title elementor-size-default\">Financement pour les formations en alternance<\/h2>\t\t\t\t<\/div>\n\t\t\t\t<div class=\"elementor-element elementor-element-4d35f990 elementor-widget elementor-widget-text-editor\" data-id=\"4d35f990\" data-element_type=\"widget\" data-e-type=\"widget\" data-settings=\"{&quot;ekit_we_effect_on&quot;:&quot;none&quot;}\" data-widget_type=\"text-editor.default\">\n\t\t\t\t\t\t\t\t\t<p><strong><b>L\u2019alternance repr\u00e9sente un syst\u00e8me o\u00f9 le financement de la formation est pris en charge par une entreprise qui forme un alternant une partie du temps, soit via un contrat d\u2019apprentissage, soit via un contrat de professionnalisation.<\/b><\/strong><\/p><p>Cette option est donc avantageuse pour le candidat qui :<\/p><ul><li aria-level=\"1\">re\u00e7oit un salaire mensuel de la part de l\u2019entreprise d\u2019accueil\u00a0<\/li><li aria-level=\"1\">n\u2019engage que peu de d\u00e9penses personnelles dans sa formation<\/li><\/ul><p><b>Frais de scolarit\u00e9 demand\u00e9s \u00e0 l\u2019ITEMM<\/b><\/p><ul><li aria-level=\"1\">L&#8217;achat d\u2019une mallette d\u2019outillage est \u00e0 pr\u00e9voir.<\/li><\/ul><p><b>Avantages fiscaux en contrat d\u2019apprentissage<\/b><\/p><ul><li aria-level=\"1\">Les revenus de l\u2019apprenti sont exon\u00e9r\u00e9s de l\u2019imp\u00f4t sur le revenu dans la limite du montant annuel du SMIC. Cet avantage s\u2019applique au foyer fiscal des parents lorsque l\u2019apprenti y est rattach\u00e9.\u00a0<\/li><li aria-level=\"1\">Les parents per\u00e7oivent les allocations familiales jusqu\u2019aux 20 ans de l\u2019apprenti, si sa r\u00e9mun\u00e9ration ne d\u00e9passe pas\u00a0 78 % du SMIC net.<\/li><\/ul><p><a href=\"https:\/\/itemm.fr\/itemm\/modalites-de-formation\/formation-en-alternance\/contrat-dapprentissage\/#elementor-toc__heading-anchor-6\">Consulter la grille des salaires des apprentis<\/a><\/p><p><b>Avantages fiscaux en contrat de professionnalisation<\/b><\/p><ul><li aria-level=\"1\">Dans le cadre d\u2019un contrat de professionnalisation, il n\u2019existe pas d\u2019exon\u00e9ration ni d\u2019abattement fiscal de principe : la d\u00e9claration de l\u2019ensemble des revenus touch\u00e9s au cours d\u2019une ann\u00e9e civile est obligatoire.<\/li><li aria-level=\"1\">L\u2019imposition sera fonction du montant per\u00e7u.<\/li><\/ul><p><a href=\"https:\/\/itemm.fr\/itemm\/modalites-de-formation\/formation-en-alternance\/contrat-de-professionnalisation\/#elementor-toc__heading-anchor-6\">Consulter la grille des salaires des contrats de professionnalisation<\/a><\/p>\t\t\t\t\t\t\t\t<\/div>\n\t\t\t\t\t<\/div>\n\t\t<\/div>\n\t\t\t\t<div class=\"elementor-column elementor-col-33 elementor-top-column elementor-element elementor-element-69c2fa7\" data-id=\"69c2fa7\" data-element_type=\"column\" data-e-type=\"column\">\n\t\t\t<div class=\"elementor-widget-wrap elementor-element-populated\">\n\t\t\t\t\t\t<div class=\"elementor-element elementor-element-4a93745 elementor-widget elementor-widget-image\" data-id=\"4a93745\" data-element_type=\"widget\" data-e-type=\"widget\" data-settings=\"{&quot;ekit_we_effect_on&quot;:&quot;none&quot;}\" data-widget_type=\"image.default\">\n\t\t\t\t\t\t\t\t\t\t\t\t\t\t\t<img fetchpriority=\"high\" decoding=\"async\" width=\"1024\" height=\"827\" src=\"https:\/\/itemm.fr\/itemm\/wp-content\/uploads\/2022\/04\/214042-1024x827.jpg\" class=\"attachment-large size-large wp-image-36344\" alt=\"\" srcset=\"https:\/\/itemm.fr\/itemm\/wp-content\/uploads\/2022\/04\/214042-1024x827.jpg.webp 1024w, https:\/\/itemm.fr\/itemm\/wp-content\/uploads\/2022\/04\/214042-600x485.jpg.webp 600w, https:\/\/itemm.fr\/itemm\/wp-content\/uploads\/2022\/04\/214042-300x242.jpg.webp 300w, https:\/\/itemm.fr\/itemm\/wp-content\/uploads\/2022\/04\/214042-768x621.jpg.webp 768w, https:\/\/itemm.fr\/itemm\/wp-content\/uploads\/2022\/04\/214042-1536x1241.jpg.webp 1536w, https:\/\/itemm.fr\/itemm\/wp-content\/uploads\/2022\/04\/214042-2048x1655.jpg.webp 2048w\" sizes=\"(max-width: 1024px) 100vw, 1024px\" \/>\t\t\t\t\t\t\t\t\t\t\t\t\t\t\t<\/div>\n\t\t\t\t\t<\/div>\n\t\t<\/div>\n\t\t\t\t\t<\/div>\n\t\t<\/section>\n\t\t\t\t<section class=\"elementor-section elementor-top-section elementor-element elementor-element-e639954 elementor-section-stretched elementor-section-boxed elementor-section-height-default elementor-section-height-default\" data-id=\"e639954\" data-element_type=\"section\" data-e-type=\"section\" data-settings=\"{&quot;stretch_section&quot;:&quot;section-stretched&quot;,&quot;background_background&quot;:&quot;classic&quot;,&quot;ekit_has_onepagescroll_dot&quot;:&quot;yes&quot;}\">\n\t\t\t\t\t\t<div class=\"elementor-container elementor-column-gap-default\">\n\t\t\t\t\t<div class=\"elementor-column elementor-col-66 elementor-top-column elementor-element elementor-element-d5e4ccc\" data-id=\"d5e4ccc\" data-element_type=\"column\" data-e-type=\"column\">\n\t\t\t<div class=\"elementor-widget-wrap elementor-element-populated\">\n\t\t\t\t\t\t<div class=\"elementor-element elementor-element-1addf3b elementor-widget elementor-widget-heading\" data-id=\"1addf3b\" data-element_type=\"widget\" data-e-type=\"widget\" data-settings=\"{&quot;ekit_we_effect_on&quot;:&quot;none&quot;}\" data-widget_type=\"heading.default\">\n\t\t\t\t\t<h2 class=\"elementor-heading-title elementor-size-default\">Aides<\/h2>\t\t\t\t<\/div>\n\t\t\t\t<div class=\"elementor-element elementor-element-a030cb7 elementor-widget elementor-widget-heading\" data-id=\"a030cb7\" data-element_type=\"widget\" data-e-type=\"widget\" data-settings=\"{&quot;ekit_we_effect_on&quot;:&quot;none&quot;}\" data-widget_type=\"heading.default\">\n\t\t\t\t\t<h3 class=\"elementor-heading-title elementor-size-default\">Contrat d\u2019apprentissage<\/h3>\t\t\t\t<\/div>\n\t\t\t\t<div class=\"elementor-element elementor-element-0923f14 elementor-widget elementor-widget-text-editor\" data-id=\"0923f14\" data-element_type=\"widget\" data-e-type=\"widget\" data-settings=\"{&quot;ekit_we_effect_on&quot;:&quot;none&quot;}\" data-widget_type=\"text-editor.default\">\n\t\t\t\t\t\t\t\t\t<h4><b>Aide au financement du Permis B<\/b><\/h4>\n<p>Aide financi\u00e8re de 500 \u20ac.<\/p>\n<p>Conditions d\u2019acc\u00e8s :&nbsp;<\/p>\n<ul>\n<li aria-level=\"1\">\u00catre titulaire d\u2019un contrat d\u2019apprentissage<\/li>\n<li aria-level=\"1\">Avoir entre 18 et 30 ans<\/li>\n<li aria-level=\"1\">\u00catre engag\u00e9 dans la pr\u00e9paration du permis B&nbsp;<\/li>\n<\/ul>\n<p>Pour tout savoir sur les d\u00e9marches \u00e0 faire : consulter le <a href=\"https:\/\/www.alternance.emploi.gouv.fr\/portail_alternance\/jcms\/leader_10001\/cfa-aide-au-financement-du-permis-de-conduire-b\">Portail de l\u2019Alternance<\/a><\/p>\n<h4><b>Aides au logement<\/b><\/h4>\n<p>Mobili-Jeune : prise en charge d\u2019une partie du loyer durant l\u2019alternance.&nbsp;<\/p>\n<ul>\n<li aria-level=\"1\">Demande \u00e0 faire sur le site d\u2019<a href=\"https:\/\/www.actionlogement.fr\/l-aide-mobili-jeune\">Action Logement<\/a><\/li>\n<li aria-level=\"1\">Aide \u00e9ventuellement cumulable avec d\u2019autres aides au logement.<\/li>\n<li aria-level=\"1\">Des aides peuvent \u00eatre attribu\u00e9es en fonction des crit\u00e8res sociaux.<\/li>\n<li aria-level=\"1\">Action Logement a repris l\u2019<a href=\"https:\/\/www.visale.fr\/\">aide Visale<\/a> ou caution locative \u00e9tudiante pour se porter garant pour le logement. Infos et demande en ligne : <a href=\"https:\/\/www.visale.fr\/\">https:\/\/www.visale.fr\/<\/a><\/li>\n<\/ul>\n<h4><b>Panorama des aides<\/b><\/h4>\n<p><b>Carif-oref Pays de la Loire : <\/b><a href=\"https:\/\/pro.choisirmonmetier-paysdelaloire.fr\/ContentMedia\/OPDL\/ARTICLES\/2020\/Dispositifs-et-aides-financieres2\"><b>cliquez ici<\/b><\/a><\/p>\n<p><strong>APL ou ALS<\/strong> <br \/>Selon les ressources et le logement de chacun.<br \/><span style=\"background-color: var( --e-global-color-the7_general_content_boxes_bg_color ); color: var(--the7-base-color); letter-spacing: var(--the7-base-letter-spacing); text-transform: var(--the7-base-text-transform); word-spacing: normal;\">Panorama des aides sur le site carif-oref Pays de la Loire : cliquer ici (<\/span><a href=\"https:\/\/pro.choisirmonmetier-paysdelaloire.fr\/ContentMedia\/OPDL\/ARTICLES\/2020\/Dispositifs-et-aides-financieres2\" style=\"background-color: var( --e-global-color-the7_general_content_boxes_bg_color ); font-family: ; font-size: ; font-style: ; font-variant-ligatures: ; font-variant-caps: ; font-weight: ; letter-spacing: var(--the7-base-letter-spacing); text-transform: var(--the7-base-text-transform); word-spacing: normal;\">https:\/\/pro.choisirmonmetier-paysdelaloire.fr\/ContentMedia\/OPDL\/ARTICLES\/2020\/Dispositifs-et-aides-financieres2<\/a><span style=\"background-color: var( --e-global-color-the7_general_content_boxes_bg_color ); color: var(--the7-base-color); letter-spacing: var(--the7-base-letter-spacing); text-transform: var(--the7-base-text-transform); word-spacing: normal;\">)<\/span><\/p>\t\t\t\t\t\t\t\t<\/div>\n\t\t\t\t\t<\/div>\n\t\t<\/div>\n\t\t\t\t<div class=\"elementor-column elementor-col-33 elementor-top-column elementor-element elementor-element-4d73708\" data-id=\"4d73708\" data-element_type=\"column\" data-e-type=\"column\">\n\t\t\t<div class=\"elementor-widget-wrap elementor-element-populated\">\n\t\t\t\t\t\t<div class=\"elementor-element elementor-element-7beb96a elementor-widget elementor-widget-heading\" data-id=\"7beb96a\" data-element_type=\"widget\" data-e-type=\"widget\" data-settings=\"{&quot;ekit_we_effect_on&quot;:&quot;none&quot;}\" data-widget_type=\"heading.default\">\n\t\t\t\t\t<h3 class=\"elementor-heading-title elementor-size-default\">Contrat de professionnalisation <\/h3>\t\t\t\t<\/div>\n\t\t\t\t<div class=\"elementor-element elementor-element-aad5476 elementor-widget elementor-widget-text-editor\" data-id=\"aad5476\" data-element_type=\"widget\" data-e-type=\"widget\" data-settings=\"{&quot;ekit_we_effect_on&quot;:&quot;none&quot;}\" data-widget_type=\"text-editor.default\">\n\t\t\t\t\t\t\t\t\t<h4><b>Aides au logement<\/b><\/h4><p>Mobili-Jeune : prise en charge d\u2019une partie du loyer durant l\u2019alternance.\u00a0<\/p><p>(voir ci-contre, m\u00eames conditions que pour le contrat d\u2019apprentissage)<\/p><h4><b>Panorama des aides<\/b><\/h4><p><b>Carif-oref Pays de la Loire : <\/b><a href=\"https:\/\/pro.choisirmonmetier-paysdelaloire.fr\/ContentMedia\/OPDL\/ARTICLES\/2020\/Dispositifs-et-aides-financieres2\"><b>cliquez ici<\/b><\/a><\/p><p><strong>APL ou ALS<\/strong> <br \/>selon les ressources et le logement de chacun.e Panorama des aides sur le site carif-oref Pays de la Loire : cliquer ici (<a href=\"https:\/\/pro.choisirmonmetier-paysdelaloire.fr\/ContentMedia\/OPDL\/ARTICLES\/2020\/Dispositifs-et-aides-financieres2\">https:\/\/pro.choisirmonmetier-paysdelaloire.fr\/ContentMedia\/OPDL\/ARTICLES\/2020\/Dispositifs-et-aides-financieres2<\/a>)<\/p>\t\t\t\t\t\t\t\t<\/div>\n\t\t\t\t<div class=\"elementor-element elementor-element-f6b9bbc elementor-widget elementor-widget-image\" data-id=\"f6b9bbc\" data-element_type=\"widget\" data-e-type=\"widget\" data-settings=\"{&quot;ekit_we_effect_on&quot;:&quot;none&quot;}\" data-widget_type=\"image.default\">\n\t\t\t\t\t\t\t\t\t\t\t\t\t\t\t<img fetchpriority=\"high\" decoding=\"async\" width=\"1024\" height=\"827\" src=\"https:\/\/itemm.fr\/itemm\/wp-content\/uploads\/2022\/04\/214042-1024x827.jpg\" class=\"attachment-large size-large wp-image-36344\" alt=\"\" srcset=\"https:\/\/itemm.fr\/itemm\/wp-content\/uploads\/2022\/04\/214042-1024x827.jpg.webp 1024w, https:\/\/itemm.fr\/itemm\/wp-content\/uploads\/2022\/04\/214042-600x485.jpg.webp 600w, https:\/\/itemm.fr\/itemm\/wp-content\/uploads\/2022\/04\/214042-300x242.jpg.webp 300w, https:\/\/itemm.fr\/itemm\/wp-content\/uploads\/2022\/04\/214042-768x621.jpg.webp 768w, https:\/\/itemm.fr\/itemm\/wp-content\/uploads\/2022\/04\/214042-1536x1241.jpg.webp 1536w, https:\/\/itemm.fr\/itemm\/wp-content\/uploads\/2022\/04\/214042-2048x1655.jpg.webp 2048w\" sizes=\"(max-width: 1024px) 100vw, 1024px\" \/>\t\t\t\t\t\t\t\t\t\t\t\t\t\t\t<\/div>\n\t\t\t\t<div class=\"elementor-element elementor-element-257dfb9 elementor-widget elementor-widget-text-editor\" data-id=\"257dfb9\" data-element_type=\"widget\" data-e-type=\"widget\" data-settings=\"{&quot;ekit_we_effect_on&quot;:&quot;none&quot;}\" data-widget_type=\"text-editor.default\">\n\t\t\t\t\t\t\t\t\t<p><em>informations actualis\u00e9es en f\u00e9vrier 2023<\/em><\/p>\t\t\t\t\t\t\t\t<\/div>\n\t\t\t\t\t<\/div>\n\t\t<\/div>\n\t\t\t\t\t<\/div>\n\t\t<\/section>\n\t\t\t\t<\/div>\n\t\t","protected":false},"excerpt":{"rendered":"<p>Financement pour les formations en alternance L\u2019alternance repr\u00e9sente un syst\u00e8me o\u00f9 le financement de la formation est pris en charge par une entreprise qui forme un alternant une partie du temps, soit via un contrat d\u2019apprentissage, soit via un contrat de professionnalisation. Cette option est donc avantageuse pour le candidat qui : re\u00e7oit un salaire&hellip;<\/p>\n","protected":false},"author":3004,"featured_media":0,"parent":22748,"menu_order":0,"comment_status":"closed","ping_status":"closed","template":"elementor_header_footer","meta":{"_acf_changed":false,"footnotes":""},"categories":[],"class_list":["post-22761","page","type-page","status-publish","hentry"],"acf":[],"yoast_head":"<!-- This site is optimized with the Yoast SEO plugin v27.3 - https:\/\/yoast.com\/product\/yoast-seo-wordpress\/ -->\n<title>formation alternance | Itemm -<\/title>\n<meta name=\"robots\" content=\"index, follow, max-snippet:-1, max-image-preview:large, max-video-preview:-1\" \/>\n<link rel=\"canonical\" href=\"https:\/\/itemm.fr\/itemm\/financements-et-aides\/formation-alternance-financement\/\" \/>\n<meta property=\"og:locale\" content=\"fr_FR\" \/>\n<meta property=\"og:type\" content=\"article\" \/>\n<meta property=\"og:title\" content=\"formation alternance | Itemm -\" \/>\n<meta property=\"og:description\" content=\"Financement pour les formations en alternance L\u2019alternance repr\u00e9sente un syst\u00e8me o\u00f9 le financement de la formation est pris en charge par une entreprise qui forme un alternant une partie du temps, soit via un contrat d\u2019apprentissage, soit via un contrat de professionnalisation. Cette option est donc avantageuse pour le candidat qui : re\u00e7oit un salaire&hellip;\" \/>\n<meta property=\"og:url\" content=\"https:\/\/itemm.fr\/itemm\/financements-et-aides\/formation-alternance-financement\/\" \/>\n<meta property=\"og:site_name\" content=\"Itemm -\" \/>\n<meta property=\"article:publisher\" content=\"https:\/\/www.facebook.com\/itemm.lemans\" \/>\n<meta property=\"article:modified_time\" content=\"2024-05-24T15:21:37+00:00\" \/>\n<meta property=\"og:image\" content=\"https:\/\/itemm.fr\/itemm\/wp-content\/uploads\/2022\/04\/214042-1024x827.jpg\" \/>\n<script type=\"application\/ld+json\" class=\"yoast-schema-graph\">{\"@context\":\"https:\\\/\\\/schema.org\",\"@graph\":[{\"@type\":\"WebPage\",\"@id\":\"https:\\\/\\\/itemm.fr\\\/itemm\\\/financements-et-aides\\\/formation-alternance-financement\\\/\",\"url\":\"https:\\\/\\\/itemm.fr\\\/itemm\\\/financements-et-aides\\\/formation-alternance-financement\\\/\",\"name\":\"formation alternance | Itemm -\",\"isPartOf\":{\"@id\":\"https:\\\/\\\/itemm.fr\\\/itemm\\\/#website\"},\"primaryImageOfPage\":{\"@id\":\"https:\\\/\\\/itemm.fr\\\/itemm\\\/financements-et-aides\\\/formation-alternance-financement\\\/#primaryimage\"},\"image\":{\"@id\":\"https:\\\/\\\/itemm.fr\\\/itemm\\\/financements-et-aides\\\/formation-alternance-financement\\\/#primaryimage\"},\"thumbnailUrl\":\"https:\\\/\\\/itemm.fr\\\/itemm\\\/wp-content\\\/uploads\\\/2022\\\/04\\\/214042-1024x827.jpg\",\"datePublished\":\"2020-12-03T08:07:19+00:00\",\"dateModified\":\"2024-05-24T15:21:37+00:00\",\"breadcrumb\":{\"@id\":\"https:\\\/\\\/itemm.fr\\\/itemm\\\/financements-et-aides\\\/formation-alternance-financement\\\/#breadcrumb\"},\"inLanguage\":\"fr-FR\",\"potentialAction\":[{\"@type\":\"ReadAction\",\"target\":[\"https:\\\/\\\/itemm.fr\\\/itemm\\\/financements-et-aides\\\/formation-alternance-financement\\\/\"]}]},{\"@type\":\"ImageObject\",\"inLanguage\":\"fr-FR\",\"@id\":\"https:\\\/\\\/itemm.fr\\\/itemm\\\/financements-et-aides\\\/formation-alternance-financement\\\/#primaryimage\",\"url\":\"https:\\\/\\\/itemm.fr\\\/itemm\\\/wp-content\\\/uploads\\\/2022\\\/04\\\/214042.jpg\",\"contentUrl\":\"https:\\\/\\\/itemm.fr\\\/itemm\\\/wp-content\\\/uploads\\\/2022\\\/04\\\/214042.jpg\",\"width\":2084,\"height\":1684},{\"@type\":\"BreadcrumbList\",\"@id\":\"https:\\\/\\\/itemm.fr\\\/itemm\\\/financements-et-aides\\\/formation-alternance-financement\\\/#breadcrumb\",\"itemListElement\":[{\"@type\":\"ListItem\",\"position\":1,\"name\":\"Accueil\",\"item\":\"https:\\\/\\\/itemm.fr\\\/itemm\\\/\"},{\"@type\":\"ListItem\",\"position\":2,\"name\":\"Financements et aides\",\"item\":\"https:\\\/\\\/itemm.fr\\\/itemm\\\/financements-et-aides\\\/\"},{\"@type\":\"ListItem\",\"position\":3,\"name\":\"formation alternance\"}]},{\"@type\":\"WebSite\",\"@id\":\"https:\\\/\\\/itemm.fr\\\/itemm\\\/#website\",\"url\":\"https:\\\/\\\/itemm.fr\\\/itemm\\\/\",\"name\":\"Itemm\",\"description\":\"Institut technologique europ\u00e9en des m\u00e9tiers de la musique au Mans (72)\",\"publisher\":{\"@id\":\"https:\\\/\\\/itemm.fr\\\/itemm\\\/#organization\"},\"potentialAction\":[{\"@type\":\"SearchAction\",\"target\":{\"@type\":\"EntryPoint\",\"urlTemplate\":\"https:\\\/\\\/itemm.fr\\\/itemm\\\/?s={search_term_string}\"},\"query-input\":{\"@type\":\"PropertyValueSpecification\",\"valueRequired\":true,\"valueName\":\"search_term_string\"}}],\"inLanguage\":\"fr-FR\"},{\"@type\":\"Organization\",\"@id\":\"https:\\\/\\\/itemm.fr\\\/itemm\\\/#organization\",\"name\":\"ITEMM\",\"alternateName\":\"ITEMM\",\"url\":\"https:\\\/\\\/itemm.fr\\\/itemm\\\/\",\"logo\":{\"@type\":\"ImageObject\",\"inLanguage\":\"fr-FR\",\"@id\":\"https:\\\/\\\/itemm.fr\\\/itemm\\\/#\\\/schema\\\/logo\\\/image\\\/\",\"url\":\"https:\\\/\\\/itemm.fr\\\/itemm\\\/wp-content\\\/uploads\\\/2021\\\/12\\\/logo-itemm-piano-on.png\",\"contentUrl\":\"https:\\\/\\\/itemm.fr\\\/itemm\\\/wp-content\\\/uploads\\\/2021\\\/12\\\/logo-itemm-piano-on.png\",\"width\":446,\"height\":294,\"caption\":\"ITEMM\"},\"image\":{\"@id\":\"https:\\\/\\\/itemm.fr\\\/itemm\\\/#\\\/schema\\\/logo\\\/image\\\/\"},\"sameAs\":[\"https:\\\/\\\/www.facebook.com\\\/itemm.lemans\",\"https:\\\/\\\/www.instagram.com\\\/itemmlemans\\\/\",\"https:\\\/\\\/www.linkedin.com\\\/in\\\/itemm\\\/\"]}]}<\/script>\n<!-- \/ Yoast SEO plugin. -->","yoast_head_json":{"title":"formation alternance | Itemm -","robots":{"index":"index","follow":"follow","max-snippet":"max-snippet:-1","max-image-preview":"max-image-preview:large","max-video-preview":"max-video-preview:-1"},"canonical":"https:\/\/itemm.fr\/itemm\/financements-et-aides\/formation-alternance-financement\/","og_locale":"fr_FR","og_type":"article","og_title":"formation alternance | Itemm -","og_description":"Financement pour les formations en alternance L\u2019alternance repr\u00e9sente un syst\u00e8me o\u00f9 le financement de la formation est pris en charge par une entreprise qui forme un alternant une partie du temps, soit via un contrat d\u2019apprentissage, soit via un contrat de professionnalisation. Cette option est donc avantageuse pour le candidat qui : re\u00e7oit un salaire&hellip;","og_url":"https:\/\/itemm.fr\/itemm\/financements-et-aides\/formation-alternance-financement\/","og_site_name":"Itemm -","article_publisher":"https:\/\/www.facebook.com\/itemm.lemans","article_modified_time":"2024-05-24T15:21:37+00:00","og_image":[{"url":"https:\/\/itemm.fr\/itemm\/wp-content\/uploads\/2022\/04\/214042-1024x827.jpg","type":"","width":"","height":""}],"schema":{"@context":"https:\/\/schema.org","@graph":[{"@type":"WebPage","@id":"https:\/\/itemm.fr\/itemm\/financements-et-aides\/formation-alternance-financement\/","url":"https:\/\/itemm.fr\/itemm\/financements-et-aides\/formation-alternance-financement\/","name":"formation alternance | Itemm -","isPartOf":{"@id":"https:\/\/itemm.fr\/itemm\/#website"},"primaryImageOfPage":{"@id":"https:\/\/itemm.fr\/itemm\/financements-et-aides\/formation-alternance-financement\/#primaryimage"},"image":{"@id":"https:\/\/itemm.fr\/itemm\/financements-et-aides\/formation-alternance-financement\/#primaryimage"},"thumbnailUrl":"https:\/\/itemm.fr\/itemm\/wp-content\/uploads\/2022\/04\/214042-1024x827.jpg","datePublished":"2020-12-03T08:07:19+00:00","dateModified":"2024-05-24T15:21:37+00:00","breadcrumb":{"@id":"https:\/\/itemm.fr\/itemm\/financements-et-aides\/formation-alternance-financement\/#breadcrumb"},"inLanguage":"fr-FR","potentialAction":[{"@type":"ReadAction","target":["https:\/\/itemm.fr\/itemm\/financements-et-aides\/formation-alternance-financement\/"]}]},{"@type":"ImageObject","inLanguage":"fr-FR","@id":"https:\/\/itemm.fr\/itemm\/financements-et-aides\/formation-alternance-financement\/#primaryimage","url":"https:\/\/itemm.fr\/itemm\/wp-content\/uploads\/2022\/04\/214042.jpg","contentUrl":"https:\/\/itemm.fr\/itemm\/wp-content\/uploads\/2022\/04\/214042.jpg","width":2084,"height":1684},{"@type":"BreadcrumbList","@id":"https:\/\/itemm.fr\/itemm\/financements-et-aides\/formation-alternance-financement\/#breadcrumb","itemListElement":[{"@type":"ListItem","position":1,"name":"Accueil","item":"https:\/\/itemm.fr\/itemm\/"},{"@type":"ListItem","position":2,"name":"Financements et aides","item":"https:\/\/itemm.fr\/itemm\/financements-et-aides\/"},{"@type":"ListItem","position":3,"name":"formation alternance"}]},{"@type":"WebSite","@id":"https:\/\/itemm.fr\/itemm\/#website","url":"https:\/\/itemm.fr\/itemm\/","name":"Itemm","description":"Institut technologique europ\u00e9en des m\u00e9tiers de la musique au Mans (72)","publisher":{"@id":"https:\/\/itemm.fr\/itemm\/#organization"},"potentialAction":[{"@type":"SearchAction","target":{"@type":"EntryPoint","urlTemplate":"https:\/\/itemm.fr\/itemm\/?s={search_term_string}"},"query-input":{"@type":"PropertyValueSpecification","valueRequired":true,"valueName":"search_term_string"}}],"inLanguage":"fr-FR"},{"@type":"Organization","@id":"https:\/\/itemm.fr\/itemm\/#organization","name":"ITEMM","alternateName":"ITEMM","url":"https:\/\/itemm.fr\/itemm\/","logo":{"@type":"ImageObject","inLanguage":"fr-FR","@id":"https:\/\/itemm.fr\/itemm\/#\/schema\/logo\/image\/","url":"https:\/\/itemm.fr\/itemm\/wp-content\/uploads\/2021\/12\/logo-itemm-piano-on.png","contentUrl":"https:\/\/itemm.fr\/itemm\/wp-content\/uploads\/2021\/12\/logo-itemm-piano-on.png","width":446,"height":294,"caption":"ITEMM"},"image":{"@id":"https:\/\/itemm.fr\/itemm\/#\/schema\/logo\/image\/"},"sameAs":["https:\/\/www.facebook.com\/itemm.lemans","https:\/\/www.instagram.com\/itemmlemans\/","https:\/\/www.linkedin.com\/in\/itemm\/"]}]}},"_links":{"self":[{"href":"https:\/\/itemm.fr\/itemm\/wp-json\/wp\/v2\/pages\/22761","targetHints":{"allow":["GET"]}}],"collection":[{"href":"https:\/\/itemm.fr\/itemm\/wp-json\/wp\/v2\/pages"}],"about":[{"href":"https:\/\/itemm.fr\/itemm\/wp-json\/wp\/v2\/types\/page"}],"author":[{"embeddable":true,"href":"https:\/\/itemm.fr\/itemm\/wp-json\/wp\/v2\/users\/3004"}],"replies":[{"embeddable":true,"href":"https:\/\/itemm.fr\/itemm\/wp-json\/wp\/v2\/comments?post=22761"}],"version-history":[{"count":0,"href":"https:\/\/itemm.fr\/itemm\/wp-json\/wp\/v2\/pages\/22761\/revisions"}],"up":[{"embeddable":true,"href":"https:\/\/itemm.fr\/itemm\/wp-json\/wp\/v2\/pages\/22748"}],"wp:attachment":[{"href":"https:\/\/itemm.fr\/itemm\/wp-json\/wp\/v2\/media?parent=22761"}],"wp:term":[{"taxonomy":"category","embeddable":true,"href":"https:\/\/itemm.fr\/itemm\/wp-json\/wp\/v2\/categories?post=22761"}],"curies":[{"name":"wp","href":"https:\/\/api.w.org\/{rel}","templated":true}]}}