{"id":22750,"date":"2020-12-02T17:41:45","date_gmt":"2020-12-02T16:41:45","guid":{"rendered":"https:\/\/itemm.fr\/itemm\/?page_id=22750"},"modified":"2026-02-09T14:16:17","modified_gmt":"2026-02-09T13:16:17","slug":"formation-intensive-en-9-mois","status":"publish","type":"page","link":"https:\/\/itemm.fr\/itemm\/financements-et-aides\/formation-intensive-en-9-mois\/","title":{"rendered":"formation intensive en 9 mois"},"content":{"rendered":"\t\t<div data-elementor-type=\"wp-page\" data-elementor-id=\"22750\" class=\"elementor elementor-22750\" data-elementor-post-type=\"page\">\n\t\t\t\t\t\t<section class=\"elementor-section elementor-top-section elementor-element elementor-element-31cf8d34 elementor-section-boxed elementor-section-height-default elementor-section-height-default\" data-id=\"31cf8d34\" data-element_type=\"section\" data-e-type=\"section\" data-settings=\"{&quot;ekit_has_onepagescroll_dot&quot;:&quot;yes&quot;}\">\n\t\t\t\t\t\t<div class=\"elementor-container elementor-column-gap-default\">\n\t\t\t\t\t<div class=\"elementor-column elementor-col-66 elementor-top-column elementor-element elementor-element-4e8c6fd8\" data-id=\"4e8c6fd8\" data-element_type=\"column\" data-e-type=\"column\">\n\t\t\t<div class=\"elementor-widget-wrap elementor-element-populated\">\n\t\t\t\t\t\t<div class=\"elementor-element elementor-element-faeb6de elementor-widget elementor-widget-heading\" data-id=\"faeb6de\" data-element_type=\"widget\" data-e-type=\"widget\" data-settings=\"{&quot;ekit_we_effect_on&quot;:&quot;none&quot;}\" data-widget_type=\"heading.default\">\n\t\t\t\t\t<h2 class=\"elementor-heading-title elementor-size-default\">Financement pour les formations en 9 mois<\/h2>\t\t\t\t<\/div>\n\t\t\t\t<div class=\"elementor-element elementor-element-4b36edad elementor-widget elementor-widget-text-editor\" data-id=\"4b36edad\" data-element_type=\"widget\" data-e-type=\"widget\" data-settings=\"{&quot;ekit_we_effect_on&quot;:&quot;none&quot;}\" data-widget_type=\"text-editor.default\">\n\t\t\t\t\t\t\t\t\t<p><span style=\"font-weight: 400;\">Les\u00a0 formations r\u00e9alis\u00e9es en 9 mois sont payantes.<\/span><\/p><p>Le candidat peut auto-financer sa formation ou engager des d\u00e9marches de prise en charge du co\u00fbt de formation.<\/p><p><span style=\"font-weight: 400;\">La Cellule Financement de l\u2019ITEMM accompagne les candidats dans leurs recherches et d\u00e9marches.<\/span><span style=\"color: var(--the7-base-color); letter-spacing: var(--the7-base-letter-spacing); text-transform: var(--the7-base-text-transform); word-spacing: normal;\">\u00a0<\/span><\/p>\t\t\t\t\t\t\t\t<\/div>\n\t\t\t\t<div class=\"elementor-element elementor-element-d277b48 elementor-widget elementor-widget-heading\" data-id=\"d277b48\" data-element_type=\"widget\" data-e-type=\"widget\" data-settings=\"{&quot;ekit_we_effect_on&quot;:&quot;none&quot;}\" data-widget_type=\"heading.default\">\n\t\t\t\t\t<h4 class=\"elementor-heading-title elementor-size-default\">Quelles sont les possibilit\u00e9s de financement en fonction du statut des candidats ?\n\n<\/h4>\t\t\t\t<\/div>\n\t\t\t\t<div class=\"elementor-element elementor-element-ce21757 elementor-widget elementor-widget-text-editor\" data-id=\"ce21757\" data-element_type=\"widget\" data-e-type=\"widget\" data-settings=\"{&quot;ekit_we_effect_on&quot;:&quot;none&quot;}\" data-widget_type=\"text-editor.default\">\n\t\t\t\t\t\t\t\t\t<ul><li><span style=\"font-weight: 400;\">Compte personnel de formation (CPF) : Toutes les personnes ayant acquis des droits \u00e0 la formation peuvent mobiliser leur CPF en se rendant sur le site <a href=\"http:\/\/www.moncompteformation.gouv.fr\">www.moncompteformation.gouv.fr<\/a>.<br \/>Possibilit\u00e9 pour un demandeur d\u2019emploi d\u2019un abondement par P\u00f4le Emploi.\u00a0<\/span><\/li><li>Salari\u00e9s du secteur Priv\u00e9 en CDI ou en CDD : se rapprocher de <a href=\"https:\/\/www.transitionspro.fr\/\">Transitions-Pro <\/a>(anciennement le Fong\u00e9cif).<\/li><li>Salari\u00e9s du Service Public : se renseigner aupr\u00e8s du service Ressources Humaines.<\/li><li>Salari\u00e9s int\u00e9rimaires : se rapprocher du <a href=\"https:\/\/www.faftt.fr\/site\/j_6\/fr\/accueil\">FAF-TT <\/a>et de l&#8217;agence d&#8217;int\u00e9rim (employeur).<\/li><li>Agents hospitaliers : se rapprocher de l&#8217;<a href=\"https:\/\/www.anfh.fr\/\">ANFH.<\/a><\/li><li>Entrepreneurs des secteurs Commerce, Industrie et Services \u00a0: se rapprocher de l&#8217;<a href=\"https:\/\/communication-agefice.fr\/\">AGEFICE<\/a>.<\/li><li>Artisans, ind\u00e9pendants, intermittents du spectacle : se rapprocher de l\u2019<a href=\"https:\/\/communication-agefice.fr\/\">AGEFICE,<\/a> du <a href=\"https:\/\/www.fafcea.com\/\">FAFCEA<\/a>, l\u2019<a href=\"https:\/\/www.afdas.com\/\">AFDAS<\/a>.<\/li><li>Demandeurs d&#8217;emploi : si -26 ans et ne percevant pas d&#8217;allocation de retour \u00e0 l\u2019emploi (ARE), se rapprocher de la <a href=\"https:\/\/www.mission-locale.fr\/\">Mission Locale<\/a> la plus proche du domicile.<\/li><li>Demandeurs d&#8217;emploi : si + 26 ans, se rapprocher de son conseiller<a href=\"https:\/\/www.pole-emploi.fr\/accueil\/\"> P\u00f4le-Emploi<\/a>.<\/li><li>B\u00e9n\u00e9ficiaire du RSA : se rapprocher de l&#8217;assistante sociale<\/li><li>Personnes en situation de handicap : se rapprocher de l&#8217;<a href=\"https:\/\/www.agefiph.fr\/\">AGEFIPH<\/a>.<\/li><\/ul><p>Les demandes d\u2019aide au financement doivent \u00eatre r\u00e9alis\u00e9es au plus tard 3 mois avant l\u2019entr\u00e9e en formation. Les organismes financeurs sont les seuls d\u00e9cideurs.\u00a0<\/p><div>\u00a0<\/div><div>\u00a0<\/div>\t\t\t\t\t\t\t\t<\/div>\n\t\t\t\t\t<\/div>\n\t\t<\/div>\n\t\t\t\t<div class=\"elementor-column elementor-col-33 elementor-top-column elementor-element elementor-element-5122d4b5\" data-id=\"5122d4b5\" data-element_type=\"column\" data-e-type=\"column\">\n\t\t\t<div class=\"elementor-widget-wrap elementor-element-populated\">\n\t\t\t\t\t\t<div class=\"elementor-element elementor-element-d0459f9 elementor-widget elementor-widget-image\" data-id=\"d0459f9\" data-element_type=\"widget\" data-e-type=\"widget\" data-settings=\"{&quot;ekit_we_effect_on&quot;:&quot;none&quot;}\" data-widget_type=\"image.default\">\n\t\t\t\t\t\t\t\t\t\t\t\t\t\t\t<img fetchpriority=\"high\" decoding=\"async\" width=\"1024\" height=\"827\" src=\"https:\/\/itemm.fr\/itemm\/wp-content\/uploads\/2022\/04\/214042-1024x827.jpg\" class=\"attachment-large size-large wp-image-36344\" alt=\"\" srcset=\"https:\/\/itemm.fr\/itemm\/wp-content\/uploads\/2022\/04\/214042-1024x827.jpg 1024w, https:\/\/itemm.fr\/itemm\/wp-content\/uploads\/2022\/04\/214042-600x485.jpg 600w, https:\/\/itemm.fr\/itemm\/wp-content\/uploads\/2022\/04\/214042-300x242.jpg 300w, https:\/\/itemm.fr\/itemm\/wp-content\/uploads\/2022\/04\/214042-768x621.jpg 768w, https:\/\/itemm.fr\/itemm\/wp-content\/uploads\/2022\/04\/214042-1536x1241.jpg 1536w, https:\/\/itemm.fr\/itemm\/wp-content\/uploads\/2022\/04\/214042-2048x1655.jpg 2048w\" sizes=\"(max-width: 1024px) 100vw, 1024px\" \/>\t\t\t\t\t\t\t\t\t\t\t\t\t\t\t<\/div>\n\t\t\t\t<div class=\"elementor-element elementor-element-1972844 elementor-widget elementor-widget-text-editor\" data-id=\"1972844\" data-element_type=\"widget\" data-e-type=\"widget\" data-settings=\"{&quot;ekit_we_effect_on&quot;:&quot;none&quot;}\" data-widget_type=\"text-editor.default\">\n\t\t\t\t\t\t\t\t\t<p><strong>Pour toute information compl\u00e9mentaire, contacter la Cellule Financement.<\/strong><br \/><strong>Contact\u00a0 : Sylvie DUBOIS au 02 43 39 39 30<br \/><span style=\"color: #ffeeb2;\"><a style=\"color: #ffeeb2;\" href=\"mailto:formation.continue@itemm.fr\">formation.continue@itemm.fr<\/a><\/span><\/strong><\/p>\t\t\t\t\t\t\t\t<\/div>\n\t\t\t\t\t<\/div>\n\t\t<\/div>\n\t\t\t\t\t<\/div>\n\t\t<\/section>\n\t\t\t\t<\/div>\n\t\t","protected":false},"excerpt":{"rendered":"<p>Financement pour les formations en 9 mois Les\u00a0 formations r\u00e9alis\u00e9es en 9 mois sont payantes. Le candidat peut auto-financer sa formation ou engager des d\u00e9marches de prise en charge du co\u00fbt de formation. La Cellule Financement de l\u2019ITEMM accompagne les candidats dans leurs recherches et d\u00e9marches.\u00a0 Quelles sont les possibilit\u00e9s de financement en fonction du&hellip;<\/p>\n","protected":false},"author":3004,"featured_media":0,"parent":22748,"menu_order":0,"comment_status":"closed","ping_status":"closed","template":"elementor_header_footer","meta":{"_acf_changed":false,"footnotes":""},"categories":[],"class_list":["post-22750","page","type-page","status-publish","hentry"],"acf":[],"yoast_head":"<!-- This site is optimized with the Yoast SEO plugin v27.3 - https:\/\/yoast.com\/product\/yoast-seo-wordpress\/ -->\n<title>formation intensive en 9 mois | Itemm -<\/title>\n<meta name=\"robots\" content=\"index, follow, max-snippet:-1, max-image-preview:large, max-video-preview:-1\" \/>\n<link rel=\"canonical\" href=\"https:\/\/itemm.fr\/itemm\/financements-et-aides\/formation-intensive-en-9-mois\/\" \/>\n<meta property=\"og:locale\" content=\"fr_FR\" \/>\n<meta property=\"og:type\" content=\"article\" \/>\n<meta property=\"og:title\" content=\"formation intensive en 9 mois | Itemm -\" \/>\n<meta property=\"og:description\" content=\"Financement pour les formations en 9 mois Les\u00a0 formations r\u00e9alis\u00e9es en 9 mois sont payantes. Le candidat peut auto-financer sa formation ou engager des d\u00e9marches de prise en charge du co\u00fbt de formation. La Cellule Financement de l\u2019ITEMM accompagne les candidats dans leurs recherches et d\u00e9marches.\u00a0 Quelles sont les possibilit\u00e9s de financement en fonction du&hellip;\" \/>\n<meta property=\"og:url\" content=\"https:\/\/itemm.fr\/itemm\/financements-et-aides\/formation-intensive-en-9-mois\/\" \/>\n<meta property=\"og:site_name\" content=\"Itemm -\" \/>\n<meta property=\"article:publisher\" content=\"https:\/\/www.facebook.com\/itemm.lemans\" \/>\n<meta property=\"article:modified_time\" content=\"2026-02-09T13:16:17+00:00\" \/>\n<meta property=\"og:image\" content=\"https:\/\/itemm.fr\/itemm\/wp-content\/uploads\/2022\/04\/214042.jpg\" \/>\n\t<meta property=\"og:image:width\" content=\"2084\" \/>\n\t<meta property=\"og:image:height\" content=\"1684\" \/>\n\t<meta property=\"og:image:type\" content=\"image\/jpeg\" \/>\n<script type=\"application\/ld+json\" class=\"yoast-schema-graph\">{\"@context\":\"https:\\\/\\\/schema.org\",\"@graph\":[{\"@type\":\"WebPage\",\"@id\":\"https:\\\/\\\/itemm.fr\\\/itemm\\\/financements-et-aides\\\/formation-intensive-en-9-mois\\\/\",\"url\":\"https:\\\/\\\/itemm.fr\\\/itemm\\\/financements-et-aides\\\/formation-intensive-en-9-mois\\\/\",\"name\":\"formation intensive en 9 mois | Itemm -\",\"isPartOf\":{\"@id\":\"https:\\\/\\\/itemm.fr\\\/itemm\\\/#website\"},\"primaryImageOfPage\":{\"@id\":\"https:\\\/\\\/itemm.fr\\\/itemm\\\/financements-et-aides\\\/formation-intensive-en-9-mois\\\/#primaryimage\"},\"image\":{\"@id\":\"https:\\\/\\\/itemm.fr\\\/itemm\\\/financements-et-aides\\\/formation-intensive-en-9-mois\\\/#primaryimage\"},\"thumbnailUrl\":\"https:\\\/\\\/itemm.fr\\\/itemm\\\/wp-content\\\/uploads\\\/2022\\\/04\\\/214042-1024x827.jpg\",\"datePublished\":\"2020-12-02T16:41:45+00:00\",\"dateModified\":\"2026-02-09T13:16:17+00:00\",\"breadcrumb\":{\"@id\":\"https:\\\/\\\/itemm.fr\\\/itemm\\\/financements-et-aides\\\/formation-intensive-en-9-mois\\\/#breadcrumb\"},\"inLanguage\":\"fr-FR\",\"potentialAction\":[{\"@type\":\"ReadAction\",\"target\":[\"https:\\\/\\\/itemm.fr\\\/itemm\\\/financements-et-aides\\\/formation-intensive-en-9-mois\\\/\"]}]},{\"@type\":\"ImageObject\",\"inLanguage\":\"fr-FR\",\"@id\":\"https:\\\/\\\/itemm.fr\\\/itemm\\\/financements-et-aides\\\/formation-intensive-en-9-mois\\\/#primaryimage\",\"url\":\"https:\\\/\\\/itemm.fr\\\/itemm\\\/wp-content\\\/uploads\\\/2022\\\/04\\\/214042.jpg\",\"contentUrl\":\"https:\\\/\\\/itemm.fr\\\/itemm\\\/wp-content\\\/uploads\\\/2022\\\/04\\\/214042.jpg\",\"width\":2084,\"height\":1684},{\"@type\":\"BreadcrumbList\",\"@id\":\"https:\\\/\\\/itemm.fr\\\/itemm\\\/financements-et-aides\\\/formation-intensive-en-9-mois\\\/#breadcrumb\",\"itemListElement\":[{\"@type\":\"ListItem\",\"position\":1,\"name\":\"Accueil\",\"item\":\"https:\\\/\\\/itemm.fr\\\/itemm\\\/\"},{\"@type\":\"ListItem\",\"position\":2,\"name\":\"Financements et aides\",\"item\":\"https:\\\/\\\/itemm.fr\\\/itemm\\\/financements-et-aides\\\/\"},{\"@type\":\"ListItem\",\"position\":3,\"name\":\"formation intensive en 9 mois\"}]},{\"@type\":\"WebSite\",\"@id\":\"https:\\\/\\\/itemm.fr\\\/itemm\\\/#website\",\"url\":\"https:\\\/\\\/itemm.fr\\\/itemm\\\/\",\"name\":\"Itemm\",\"description\":\"Institut technologique europ\u00e9en des m\u00e9tiers de la musique au Mans (72)\",\"publisher\":{\"@id\":\"https:\\\/\\\/itemm.fr\\\/itemm\\\/#organization\"},\"potentialAction\":[{\"@type\":\"SearchAction\",\"target\":{\"@type\":\"EntryPoint\",\"urlTemplate\":\"https:\\\/\\\/itemm.fr\\\/itemm\\\/?s={search_term_string}\"},\"query-input\":{\"@type\":\"PropertyValueSpecification\",\"valueRequired\":true,\"valueName\":\"search_term_string\"}}],\"inLanguage\":\"fr-FR\"},{\"@type\":\"Organization\",\"@id\":\"https:\\\/\\\/itemm.fr\\\/itemm\\\/#organization\",\"name\":\"ITEMM\",\"alternateName\":\"ITEMM\",\"url\":\"https:\\\/\\\/itemm.fr\\\/itemm\\\/\",\"logo\":{\"@type\":\"ImageObject\",\"inLanguage\":\"fr-FR\",\"@id\":\"https:\\\/\\\/itemm.fr\\\/itemm\\\/#\\\/schema\\\/logo\\\/image\\\/\",\"url\":\"https:\\\/\\\/itemm.fr\\\/itemm\\\/wp-content\\\/uploads\\\/2021\\\/12\\\/logo-itemm-piano-on.png\",\"contentUrl\":\"https:\\\/\\\/itemm.fr\\\/itemm\\\/wp-content\\\/uploads\\\/2021\\\/12\\\/logo-itemm-piano-on.png\",\"width\":446,\"height\":294,\"caption\":\"ITEMM\"},\"image\":{\"@id\":\"https:\\\/\\\/itemm.fr\\\/itemm\\\/#\\\/schema\\\/logo\\\/image\\\/\"},\"sameAs\":[\"https:\\\/\\\/www.facebook.com\\\/itemm.lemans\",\"https:\\\/\\\/www.instagram.com\\\/itemmlemans\\\/\",\"https:\\\/\\\/www.linkedin.com\\\/in\\\/itemm\\\/\"]}]}<\/script>\n<!-- \/ Yoast SEO plugin. -->","yoast_head_json":{"title":"formation intensive en 9 mois | Itemm -","robots":{"index":"index","follow":"follow","max-snippet":"max-snippet:-1","max-image-preview":"max-image-preview:large","max-video-preview":"max-video-preview:-1"},"canonical":"https:\/\/itemm.fr\/itemm\/financements-et-aides\/formation-intensive-en-9-mois\/","og_locale":"fr_FR","og_type":"article","og_title":"formation intensive en 9 mois | Itemm -","og_description":"Financement pour les formations en 9 mois Les\u00a0 formations r\u00e9alis\u00e9es en 9 mois sont payantes. Le candidat peut auto-financer sa formation ou engager des d\u00e9marches de prise en charge du co\u00fbt de formation. La Cellule Financement de l\u2019ITEMM accompagne les candidats dans leurs recherches et d\u00e9marches.\u00a0 Quelles sont les possibilit\u00e9s de financement en fonction du&hellip;","og_url":"https:\/\/itemm.fr\/itemm\/financements-et-aides\/formation-intensive-en-9-mois\/","og_site_name":"Itemm -","article_publisher":"https:\/\/www.facebook.com\/itemm.lemans","article_modified_time":"2026-02-09T13:16:17+00:00","og_image":[{"width":2084,"height":1684,"url":"https:\/\/itemm.fr\/itemm\/wp-content\/uploads\/2022\/04\/214042.jpg","type":"image\/jpeg"}],"schema":{"@context":"https:\/\/schema.org","@graph":[{"@type":"WebPage","@id":"https:\/\/itemm.fr\/itemm\/financements-et-aides\/formation-intensive-en-9-mois\/","url":"https:\/\/itemm.fr\/itemm\/financements-et-aides\/formation-intensive-en-9-mois\/","name":"formation intensive en 9 mois | Itemm -","isPartOf":{"@id":"https:\/\/itemm.fr\/itemm\/#website"},"primaryImageOfPage":{"@id":"https:\/\/itemm.fr\/itemm\/financements-et-aides\/formation-intensive-en-9-mois\/#primaryimage"},"image":{"@id":"https:\/\/itemm.fr\/itemm\/financements-et-aides\/formation-intensive-en-9-mois\/#primaryimage"},"thumbnailUrl":"https:\/\/itemm.fr\/itemm\/wp-content\/uploads\/2022\/04\/214042-1024x827.jpg","datePublished":"2020-12-02T16:41:45+00:00","dateModified":"2026-02-09T13:16:17+00:00","breadcrumb":{"@id":"https:\/\/itemm.fr\/itemm\/financements-et-aides\/formation-intensive-en-9-mois\/#breadcrumb"},"inLanguage":"fr-FR","potentialAction":[{"@type":"ReadAction","target":["https:\/\/itemm.fr\/itemm\/financements-et-aides\/formation-intensive-en-9-mois\/"]}]},{"@type":"ImageObject","inLanguage":"fr-FR","@id":"https:\/\/itemm.fr\/itemm\/financements-et-aides\/formation-intensive-en-9-mois\/#primaryimage","url":"https:\/\/itemm.fr\/itemm\/wp-content\/uploads\/2022\/04\/214042.jpg","contentUrl":"https:\/\/itemm.fr\/itemm\/wp-content\/uploads\/2022\/04\/214042.jpg","width":2084,"height":1684},{"@type":"BreadcrumbList","@id":"https:\/\/itemm.fr\/itemm\/financements-et-aides\/formation-intensive-en-9-mois\/#breadcrumb","itemListElement":[{"@type":"ListItem","position":1,"name":"Accueil","item":"https:\/\/itemm.fr\/itemm\/"},{"@type":"ListItem","position":2,"name":"Financements et aides","item":"https:\/\/itemm.fr\/itemm\/financements-et-aides\/"},{"@type":"ListItem","position":3,"name":"formation intensive en 9 mois"}]},{"@type":"WebSite","@id":"https:\/\/itemm.fr\/itemm\/#website","url":"https:\/\/itemm.fr\/itemm\/","name":"Itemm","description":"Institut technologique europ\u00e9en des m\u00e9tiers de la musique au Mans (72)","publisher":{"@id":"https:\/\/itemm.fr\/itemm\/#organization"},"potentialAction":[{"@type":"SearchAction","target":{"@type":"EntryPoint","urlTemplate":"https:\/\/itemm.fr\/itemm\/?s={search_term_string}"},"query-input":{"@type":"PropertyValueSpecification","valueRequired":true,"valueName":"search_term_string"}}],"inLanguage":"fr-FR"},{"@type":"Organization","@id":"https:\/\/itemm.fr\/itemm\/#organization","name":"ITEMM","alternateName":"ITEMM","url":"https:\/\/itemm.fr\/itemm\/","logo":{"@type":"ImageObject","inLanguage":"fr-FR","@id":"https:\/\/itemm.fr\/itemm\/#\/schema\/logo\/image\/","url":"https:\/\/itemm.fr\/itemm\/wp-content\/uploads\/2021\/12\/logo-itemm-piano-on.png","contentUrl":"https:\/\/itemm.fr\/itemm\/wp-content\/uploads\/2021\/12\/logo-itemm-piano-on.png","width":446,"height":294,"caption":"ITEMM"},"image":{"@id":"https:\/\/itemm.fr\/itemm\/#\/schema\/logo\/image\/"},"sameAs":["https:\/\/www.facebook.com\/itemm.lemans","https:\/\/www.instagram.com\/itemmlemans\/","https:\/\/www.linkedin.com\/in\/itemm\/"]}]}},"_links":{"self":[{"href":"https:\/\/itemm.fr\/itemm\/wp-json\/wp\/v2\/pages\/22750","targetHints":{"allow":["GET"]}}],"collection":[{"href":"https:\/\/itemm.fr\/itemm\/wp-json\/wp\/v2\/pages"}],"about":[{"href":"https:\/\/itemm.fr\/itemm\/wp-json\/wp\/v2\/types\/page"}],"author":[{"embeddable":true,"href":"https:\/\/itemm.fr\/itemm\/wp-json\/wp\/v2\/users\/3004"}],"replies":[{"embeddable":true,"href":"https:\/\/itemm.fr\/itemm\/wp-json\/wp\/v2\/comments?post=22750"}],"version-history":[{"count":0,"href":"https:\/\/itemm.fr\/itemm\/wp-json\/wp\/v2\/pages\/22750\/revisions"}],"up":[{"embeddable":true,"href":"https:\/\/itemm.fr\/itemm\/wp-json\/wp\/v2\/pages\/22748"}],"wp:attachment":[{"href":"https:\/\/itemm.fr\/itemm\/wp-json\/wp\/v2\/media?parent=22750"}],"wp:term":[{"taxonomy":"category","embeddable":true,"href":"https:\/\/itemm.fr\/itemm\/wp-json\/wp\/v2\/categories?post=22750"}],"curies":[{"name":"wp","href":"https:\/\/api.w.org\/{rel}","templated":true}]}}