{"id":22427,"date":"2020-11-30T16:11:22","date_gmt":"2020-11-30T15:11:22","guid":{"rendered":"https:\/\/itemm.fr\/itemm\/?page_id=22427"},"modified":"2020-12-01T11:16:31","modified_gmt":"2020-12-01T10:16:31","slug":"formations-proposees-par-le-pole","status":"publish","type":"page","link":"https:\/\/itemm.fr\/itemm\/pole-dinnovation\/formations-proposees-par-le-pole\/","title":{"rendered":"Formations propos\u00e9es par le p\u00f4le"},"content":{"rendered":"\t\t<div data-elementor-type=\"wp-page\" data-elementor-id=\"22427\" class=\"elementor elementor-22427\" data-elementor-post-type=\"page\">\n\t\t\t\t\t\t<section class=\"elementor-section elementor-top-section elementor-element elementor-element-6052fb96 elementor-section-boxed elementor-section-height-default elementor-section-height-default\" data-id=\"6052fb96\" data-element_type=\"section\" data-e-type=\"section\" data-settings=\"{&quot;ekit_has_onepagescroll_dot&quot;:&quot;yes&quot;}\">\n\t\t\t\t\t\t<div class=\"elementor-container elementor-column-gap-default\">\n\t\t\t\t\t<div class=\"elementor-column elementor-col-100 elementor-top-column elementor-element elementor-element-6a1e48cc\" data-id=\"6a1e48cc\" data-element_type=\"column\" data-e-type=\"column\">\n\t\t\t<div class=\"elementor-widget-wrap elementor-element-populated\">\n\t\t\t\t\t\t<div class=\"elementor-element elementor-element-59e917c9 elementor-widget elementor-widget-text-editor\" data-id=\"59e917c9\" data-element_type=\"widget\" data-e-type=\"widget\" data-settings=\"{&quot;ekit_we_effect_on&quot;:&quot;none&quot;}\" data-widget_type=\"text-editor.default\">\n\t\t\t\t\t\t\t\t\t<div class=\"elementor-element elementor-element-3a9196e1 elementor-widget elementor-widget-text-editor\" data-id=\"3a9196e1\" data-element_type=\"widget\" data-widget_type=\"text-editor.default\"><div class=\"elementor-widget-container\"><div class=\"elementor-text-editor elementor-clearfix\"><p><strong>En 2019, le P\u00f4le d\u2019Innovation accompagne les entreprises de la facture instrumentale avec une offre de formation \u00e9largie sur des sessions de 2 \u00e0 7 jours. L\u2019acoustique au service de la lutherie, l\u2019utilisation de nouvelles plateformes collaboratives ou encore l\u2019exp\u00e9rimentation seront abord\u00e9es lors des formations. <\/strong><\/p><p><strong>L\u2019ITEMM vous offre toujours un accompagnement personnalis\u00e9 dans le montage de vos dossiers de formation pour vous faciliter l\u2019acc\u00e8s \u00e0 ces nouvelles comp\u00e9tences. Ces formations innovantes confirment les missions de diffusion de l\u2019innovation de l\u2019ITEMM. <br \/><\/strong><\/p><\/div><\/div><\/div>\t\t\t\t\t\t\t\t<\/div>\n\t\t\t\t\t<\/div>\n\t\t<\/div>\n\t\t\t\t\t<\/div>\n\t\t<\/section>\n\t\t\t\t<section class=\"elementor-section elementor-top-section elementor-element elementor-element-ed41778 elementor-section-boxed elementor-section-height-default elementor-section-height-default\" data-id=\"ed41778\" data-element_type=\"section\" data-e-type=\"section\" data-settings=\"{&quot;ekit_has_onepagescroll_dot&quot;:&quot;yes&quot;}\">\n\t\t\t\t\t\t<div class=\"elementor-container elementor-column-gap-default\">\n\t\t\t\t\t<div class=\"elementor-column elementor-col-100 elementor-top-column elementor-element elementor-element-1e7b37d\" data-id=\"1e7b37d\" data-element_type=\"column\" data-e-type=\"column\">\n\t\t\t<div class=\"elementor-widget-wrap\">\n\t\t\t\t\t\t\t<\/div>\n\t\t<\/div>\n\t\t\t\t\t<\/div>\n\t\t<\/section>\n\t\t\t\t<\/div>\n\t\t","protected":false},"excerpt":{"rendered":"<p>En 2019, le P\u00f4le d\u2019Innovation accompagne les entreprises de la facture instrumentale avec une offre de formation \u00e9largie sur des sessions de 2 \u00e0 7 jours. L\u2019acoustique au service de la lutherie, l\u2019utilisation de nouvelles plateformes collaboratives ou encore l\u2019exp\u00e9rimentation seront abord\u00e9es lors des formations. L\u2019ITEMM vous offre toujours un accompagnement personnalis\u00e9 dans le montage&hellip;<\/p>\n","protected":false},"author":3004,"featured_media":0,"parent":21015,"menu_order":0,"comment_status":"closed","ping_status":"closed","template":"elementor_header_footer","meta":{"_acf_changed":false,"footnotes":""},"categories":[],"class_list":["post-22427","page","type-page","status-publish","hentry"],"acf":[],"yoast_head":"<!-- This site is optimized with the Yoast SEO plugin v27.3 - https:\/\/yoast.com\/product\/yoast-seo-wordpress\/ -->\n<title>Formations propos\u00e9es par le p\u00f4le | Itemm -<\/title>\n<meta name=\"robots\" content=\"index, follow, max-snippet:-1, max-image-preview:large, max-video-preview:-1\" \/>\n<link rel=\"canonical\" href=\"https:\/\/itemm.fr\/itemm\/pole-dinnovation\/formations-proposees-par-le-pole\/\" \/>\n<meta property=\"og:locale\" content=\"fr_FR\" \/>\n<meta property=\"og:type\" content=\"article\" \/>\n<meta property=\"og:title\" content=\"Formations propos\u00e9es par le p\u00f4le | Itemm -\" \/>\n<meta property=\"og:description\" content=\"En 2019, le P\u00f4le d\u2019Innovation accompagne les entreprises de la facture instrumentale avec une offre de formation \u00e9largie sur des sessions de 2 \u00e0 7 jours. L\u2019acoustique au service de la lutherie, l\u2019utilisation de nouvelles plateformes collaboratives ou encore l\u2019exp\u00e9rimentation seront abord\u00e9es lors des formations. L\u2019ITEMM vous offre toujours un accompagnement personnalis\u00e9 dans le montage&hellip;\" \/>\n<meta property=\"og:url\" content=\"https:\/\/itemm.fr\/itemm\/pole-dinnovation\/formations-proposees-par-le-pole\/\" \/>\n<meta property=\"og:site_name\" content=\"Itemm -\" \/>\n<meta property=\"article:publisher\" content=\"https:\/\/www.facebook.com\/itemm.lemans\" \/>\n<meta property=\"article:modified_time\" content=\"2020-12-01T10:16:31+00:00\" \/>\n<meta property=\"og:image\" content=\"https:\/\/itemm.fr\/itemm\/wp-content\/uploads\/2023\/02\/DRONE-ITEMM-\u00a9-BDVA-9.jpg\" \/>\n\t<meta property=\"og:image:width\" content=\"2048\" \/>\n\t<meta property=\"og:image:height\" content=\"1152\" \/>\n\t<meta property=\"og:image:type\" content=\"image\/jpeg\" \/>\n<script type=\"application\/ld+json\" class=\"yoast-schema-graph\">{\"@context\":\"https:\\\/\\\/schema.org\",\"@graph\":[{\"@type\":\"WebPage\",\"@id\":\"https:\\\/\\\/itemm.fr\\\/itemm\\\/pole-dinnovation\\\/formations-proposees-par-le-pole\\\/\",\"url\":\"https:\\\/\\\/itemm.fr\\\/itemm\\\/pole-dinnovation\\\/formations-proposees-par-le-pole\\\/\",\"name\":\"Formations propos\u00e9es par le p\u00f4le | Itemm -\",\"isPartOf\":{\"@id\":\"https:\\\/\\\/itemm.fr\\\/itemm\\\/#website\"},\"datePublished\":\"2020-11-30T15:11:22+00:00\",\"dateModified\":\"2020-12-01T10:16:31+00:00\",\"breadcrumb\":{\"@id\":\"https:\\\/\\\/itemm.fr\\\/itemm\\\/pole-dinnovation\\\/formations-proposees-par-le-pole\\\/#breadcrumb\"},\"inLanguage\":\"fr-FR\",\"potentialAction\":[{\"@type\":\"ReadAction\",\"target\":[\"https:\\\/\\\/itemm.fr\\\/itemm\\\/pole-dinnovation\\\/formations-proposees-par-le-pole\\\/\"]}]},{\"@type\":\"BreadcrumbList\",\"@id\":\"https:\\\/\\\/itemm.fr\\\/itemm\\\/pole-dinnovation\\\/formations-proposees-par-le-pole\\\/#breadcrumb\",\"itemListElement\":[{\"@type\":\"ListItem\",\"position\":1,\"name\":\"Accueil\",\"item\":\"https:\\\/\\\/itemm.fr\\\/itemm\\\/\"},{\"@type\":\"ListItem\",\"position\":2,\"name\":\"P\u00f4le d&rsquo;innovation\",\"item\":\"https:\\\/\\\/itemm.fr\\\/itemm\\\/pole-dinnovation\\\/\"},{\"@type\":\"ListItem\",\"position\":3,\"name\":\"Formations propos\u00e9es par le p\u00f4le\"}]},{\"@type\":\"WebSite\",\"@id\":\"https:\\\/\\\/itemm.fr\\\/itemm\\\/#website\",\"url\":\"https:\\\/\\\/itemm.fr\\\/itemm\\\/\",\"name\":\"Itemm\",\"description\":\"Institut technologique europ\u00e9en des m\u00e9tiers de la musique au Mans (72)\",\"publisher\":{\"@id\":\"https:\\\/\\\/itemm.fr\\\/itemm\\\/#organization\"},\"potentialAction\":[{\"@type\":\"SearchAction\",\"target\":{\"@type\":\"EntryPoint\",\"urlTemplate\":\"https:\\\/\\\/itemm.fr\\\/itemm\\\/?s={search_term_string}\"},\"query-input\":{\"@type\":\"PropertyValueSpecification\",\"valueRequired\":true,\"valueName\":\"search_term_string\"}}],\"inLanguage\":\"fr-FR\"},{\"@type\":\"Organization\",\"@id\":\"https:\\\/\\\/itemm.fr\\\/itemm\\\/#organization\",\"name\":\"ITEMM\",\"alternateName\":\"ITEMM\",\"url\":\"https:\\\/\\\/itemm.fr\\\/itemm\\\/\",\"logo\":{\"@type\":\"ImageObject\",\"inLanguage\":\"fr-FR\",\"@id\":\"https:\\\/\\\/itemm.fr\\\/itemm\\\/#\\\/schema\\\/logo\\\/image\\\/\",\"url\":\"https:\\\/\\\/itemm.fr\\\/itemm\\\/wp-content\\\/uploads\\\/2021\\\/12\\\/logo-itemm-piano-on.png\",\"contentUrl\":\"https:\\\/\\\/itemm.fr\\\/itemm\\\/wp-content\\\/uploads\\\/2021\\\/12\\\/logo-itemm-piano-on.png\",\"width\":446,\"height\":294,\"caption\":\"ITEMM\"},\"image\":{\"@id\":\"https:\\\/\\\/itemm.fr\\\/itemm\\\/#\\\/schema\\\/logo\\\/image\\\/\"},\"sameAs\":[\"https:\\\/\\\/www.facebook.com\\\/itemm.lemans\",\"https:\\\/\\\/www.instagram.com\\\/itemmlemans\\\/\",\"https:\\\/\\\/www.linkedin.com\\\/in\\\/itemm\\\/\"]}]}<\/script>\n<!-- \/ Yoast SEO plugin. -->","yoast_head_json":{"title":"Formations propos\u00e9es par le p\u00f4le | Itemm -","robots":{"index":"index","follow":"follow","max-snippet":"max-snippet:-1","max-image-preview":"max-image-preview:large","max-video-preview":"max-video-preview:-1"},"canonical":"https:\/\/itemm.fr\/itemm\/pole-dinnovation\/formations-proposees-par-le-pole\/","og_locale":"fr_FR","og_type":"article","og_title":"Formations propos\u00e9es par le p\u00f4le | Itemm -","og_description":"En 2019, le P\u00f4le d\u2019Innovation accompagne les entreprises de la facture instrumentale avec une offre de formation \u00e9largie sur des sessions de 2 \u00e0 7 jours. L\u2019acoustique au service de la lutherie, l\u2019utilisation de nouvelles plateformes collaboratives ou encore l\u2019exp\u00e9rimentation seront abord\u00e9es lors des formations. L\u2019ITEMM vous offre toujours un accompagnement personnalis\u00e9 dans le montage&hellip;","og_url":"https:\/\/itemm.fr\/itemm\/pole-dinnovation\/formations-proposees-par-le-pole\/","og_site_name":"Itemm -","article_publisher":"https:\/\/www.facebook.com\/itemm.lemans","article_modified_time":"2020-12-01T10:16:31+00:00","og_image":[{"width":2048,"height":1152,"url":"https:\/\/itemm.fr\/itemm\/wp-content\/uploads\/2023\/02\/DRONE-ITEMM-\u00a9-BDVA-9.jpg","type":"image\/jpeg"}],"schema":{"@context":"https:\/\/schema.org","@graph":[{"@type":"WebPage","@id":"https:\/\/itemm.fr\/itemm\/pole-dinnovation\/formations-proposees-par-le-pole\/","url":"https:\/\/itemm.fr\/itemm\/pole-dinnovation\/formations-proposees-par-le-pole\/","name":"Formations propos\u00e9es par le p\u00f4le | Itemm -","isPartOf":{"@id":"https:\/\/itemm.fr\/itemm\/#website"},"datePublished":"2020-11-30T15:11:22+00:00","dateModified":"2020-12-01T10:16:31+00:00","breadcrumb":{"@id":"https:\/\/itemm.fr\/itemm\/pole-dinnovation\/formations-proposees-par-le-pole\/#breadcrumb"},"inLanguage":"fr-FR","potentialAction":[{"@type":"ReadAction","target":["https:\/\/itemm.fr\/itemm\/pole-dinnovation\/formations-proposees-par-le-pole\/"]}]},{"@type":"BreadcrumbList","@id":"https:\/\/itemm.fr\/itemm\/pole-dinnovation\/formations-proposees-par-le-pole\/#breadcrumb","itemListElement":[{"@type":"ListItem","position":1,"name":"Accueil","item":"https:\/\/itemm.fr\/itemm\/"},{"@type":"ListItem","position":2,"name":"P\u00f4le d&rsquo;innovation","item":"https:\/\/itemm.fr\/itemm\/pole-dinnovation\/"},{"@type":"ListItem","position":3,"name":"Formations propos\u00e9es par le p\u00f4le"}]},{"@type":"WebSite","@id":"https:\/\/itemm.fr\/itemm\/#website","url":"https:\/\/itemm.fr\/itemm\/","name":"Itemm","description":"Institut technologique europ\u00e9en des m\u00e9tiers de la musique au Mans (72)","publisher":{"@id":"https:\/\/itemm.fr\/itemm\/#organization"},"potentialAction":[{"@type":"SearchAction","target":{"@type":"EntryPoint","urlTemplate":"https:\/\/itemm.fr\/itemm\/?s={search_term_string}"},"query-input":{"@type":"PropertyValueSpecification","valueRequired":true,"valueName":"search_term_string"}}],"inLanguage":"fr-FR"},{"@type":"Organization","@id":"https:\/\/itemm.fr\/itemm\/#organization","name":"ITEMM","alternateName":"ITEMM","url":"https:\/\/itemm.fr\/itemm\/","logo":{"@type":"ImageObject","inLanguage":"fr-FR","@id":"https:\/\/itemm.fr\/itemm\/#\/schema\/logo\/image\/","url":"https:\/\/itemm.fr\/itemm\/wp-content\/uploads\/2021\/12\/logo-itemm-piano-on.png","contentUrl":"https:\/\/itemm.fr\/itemm\/wp-content\/uploads\/2021\/12\/logo-itemm-piano-on.png","width":446,"height":294,"caption":"ITEMM"},"image":{"@id":"https:\/\/itemm.fr\/itemm\/#\/schema\/logo\/image\/"},"sameAs":["https:\/\/www.facebook.com\/itemm.lemans","https:\/\/www.instagram.com\/itemmlemans\/","https:\/\/www.linkedin.com\/in\/itemm\/"]}]}},"_links":{"self":[{"href":"https:\/\/itemm.fr\/itemm\/wp-json\/wp\/v2\/pages\/22427","targetHints":{"allow":["GET"]}}],"collection":[{"href":"https:\/\/itemm.fr\/itemm\/wp-json\/wp\/v2\/pages"}],"about":[{"href":"https:\/\/itemm.fr\/itemm\/wp-json\/wp\/v2\/types\/page"}],"author":[{"embeddable":true,"href":"https:\/\/itemm.fr\/itemm\/wp-json\/wp\/v2\/users\/3004"}],"replies":[{"embeddable":true,"href":"https:\/\/itemm.fr\/itemm\/wp-json\/wp\/v2\/comments?post=22427"}],"version-history":[{"count":0,"href":"https:\/\/itemm.fr\/itemm\/wp-json\/wp\/v2\/pages\/22427\/revisions"}],"up":[{"embeddable":true,"href":"https:\/\/itemm.fr\/itemm\/wp-json\/wp\/v2\/pages\/21015"}],"wp:attachment":[{"href":"https:\/\/itemm.fr\/itemm\/wp-json\/wp\/v2\/media?parent=22427"}],"wp:term":[{"taxonomy":"category","embeddable":true,"href":"https:\/\/itemm.fr\/itemm\/wp-json\/wp\/v2\/categories?post=22427"}],"curies":[{"name":"wp","href":"https:\/\/api.w.org\/{rel}","templated":true}]}}