{"id":22169,"date":"2020-11-24T15:03:56","date_gmt":"2020-11-24T14:03:56","guid":{"rendered":"https:\/\/itemm.fr\/itemm\/?page_id=22169"},"modified":"2025-11-21T15:13:03","modified_gmt":"2025-11-21T14:13:03","slug":"accompagnements-et-services","status":"publish","type":"page","link":"https:\/\/itemm.fr\/itemm\/campus-itemm\/accompagnements-et-services\/","title":{"rendered":"Accompagnements et services"},"content":{"rendered":"\t\t<div data-elementor-type=\"wp-page\" data-elementor-id=\"22169\" class=\"elementor elementor-22169\" data-elementor-post-type=\"page\">\n\t\t\t\t\t\t<section class=\"elementor-section elementor-top-section elementor-element elementor-element-4ab1692 elementor-section-stretched elementor-section-boxed elementor-section-height-default elementor-section-height-default\" data-id=\"4ab1692\" data-element_type=\"section\" data-e-type=\"section\" data-settings=\"{&quot;stretch_section&quot;:&quot;section-stretched&quot;,&quot;background_background&quot;:&quot;classic&quot;,&quot;ekit_has_onepagescroll_dot&quot;:&quot;yes&quot;}\">\n\t\t\t\t\t\t<div class=\"elementor-container elementor-column-gap-default\">\n\t\t\t\t\t<div class=\"elementor-column elementor-col-50 elementor-top-column elementor-element elementor-element-34cf44b\" data-id=\"34cf44b\" data-element_type=\"column\" data-e-type=\"column\">\n\t\t\t<div class=\"elementor-widget-wrap elementor-element-populated\">\n\t\t\t\t\t\t<div class=\"elementor-element elementor-element-77bc938 elementor-widget elementor-widget-heading\" data-id=\"77bc938\" data-element_type=\"widget\" data-e-type=\"widget\" data-settings=\"{&quot;ekit_we_effect_on&quot;:&quot;none&quot;}\" data-widget_type=\"heading.default\">\n\t\t\t\t\t<h2 class=\"elementor-heading-title elementor-size-default\">Accompagnements et services<\/h2>\t\t\t\t<\/div>\n\t\t\t\t<div class=\"elementor-element elementor-element-77d0a2fb elementor-widget elementor-widget-text-editor\" data-id=\"77d0a2fb\" data-element_type=\"widget\" data-e-type=\"widget\" data-settings=\"{&quot;ekit_we_effect_on&quot;:&quot;none&quot;}\" data-widget_type=\"text-editor.default\">\n\t\t\t\t\t\t\t\t\t<p><strong>L\u2019ITEMM met en place un suivi personnalis\u00e9 pour chaque apprenant. Cet accompagnement intervient \u00e0 plusieurs moments de la formation et se traduit par diff\u00e9rentes actions.<\/strong><\/p>\t\t\t\t\t\t\t\t<\/div>\n\t\t\t\t\t<\/div>\n\t\t<\/div>\n\t\t\t\t<div class=\"elementor-column elementor-col-50 elementor-top-column elementor-element elementor-element-853aa5f\" data-id=\"853aa5f\" data-element_type=\"column\" data-e-type=\"column\">\n\t\t\t<div class=\"elementor-widget-wrap elementor-element-populated\">\n\t\t\t\t\t\t<div class=\"elementor-element elementor-element-53ee1bc elementor-widget elementor-widget-image\" data-id=\"53ee1bc\" data-element_type=\"widget\" data-e-type=\"widget\" data-settings=\"{&quot;ekit_we_effect_on&quot;:&quot;none&quot;}\" data-widget_type=\"image.default\">\n\t\t\t\t\t\t\t\t\t\t\t\t\t\t\t<img fetchpriority=\"high\" decoding=\"async\" width=\"1024\" height=\"673\" src=\"https:\/\/itemm.fr\/itemm\/wp-content\/uploads\/2023\/02\/undraw_Educator_re_ju47-1024x673.png\" class=\"attachment-large size-large wp-image-47202\" alt=\"\" srcset=\"https:\/\/itemm.fr\/itemm\/wp-content\/uploads\/2023\/02\/undraw_Educator_re_ju47-1024x673.png 1024w, https:\/\/itemm.fr\/itemm\/wp-content\/uploads\/2023\/02\/undraw_Educator_re_ju47-600x394.png 600w, https:\/\/itemm.fr\/itemm\/wp-content\/uploads\/2023\/02\/undraw_Educator_re_ju47-300x197.png 300w, https:\/\/itemm.fr\/itemm\/wp-content\/uploads\/2023\/02\/undraw_Educator_re_ju47-768x505.png 768w, https:\/\/itemm.fr\/itemm\/wp-content\/uploads\/2023\/02\/undraw_Educator_re_ju47.png 1091w\" sizes=\"(max-width: 1024px) 100vw, 1024px\" \/>\t\t\t\t\t\t\t\t\t\t\t\t\t\t\t<\/div>\n\t\t\t\t\t<\/div>\n\t\t<\/div>\n\t\t\t\t\t<\/div>\n\t\t<\/section>\n\t\t\t\t<section class=\"elementor-section elementor-top-section elementor-element elementor-element-32c19e4 elementor-section-boxed elementor-section-height-default elementor-section-height-default\" data-id=\"32c19e4\" data-element_type=\"section\" data-e-type=\"section\" data-settings=\"{&quot;ekit_has_onepagescroll_dot&quot;:&quot;yes&quot;}\">\n\t\t\t\t\t\t<div class=\"elementor-container elementor-column-gap-default\">\n\t\t\t\t\t<div class=\"elementor-column elementor-col-50 elementor-top-column elementor-element elementor-element-5d50ab6\" data-id=\"5d50ab6\" data-element_type=\"column\" data-e-type=\"column\">\n\t\t\t<div class=\"elementor-widget-wrap elementor-element-populated\">\n\t\t\t\t\t\t<div class=\"elementor-element elementor-element-5849f095 elementor-widget elementor-widget-heading\" data-id=\"5849f095\" data-element_type=\"widget\" data-e-type=\"widget\" data-settings=\"{&quot;ekit_we_effect_on&quot;:&quot;none&quot;}\" data-widget_type=\"heading.default\">\n\t\t\t\t\t<h4 class=\"elementor-heading-title elementor-size-default\">Pour les apprentis  <\/h4>\t\t\t\t<\/div>\n\t\t\t\t<div class=\"elementor-element elementor-element-1d9996a elementor-widget elementor-widget-text-editor\" data-id=\"1d9996a\" data-element_type=\"widget\" data-e-type=\"widget\" data-settings=\"{&quot;ekit_we_effect_on&quot;:&quot;none&quot;}\" data-widget_type=\"text-editor.default\">\n\t\t\t\t\t\t\t\t\t<p><strong>1. Proposer une formation professionnalisante en collaboration avec l\u2019entreprise<\/strong><br \/>Le CFA assure la formation g\u00e9n\u00e9rale, technique, th\u00e9orique et pratique des apprenti.e.s et pr\u00e9pare les candidats aux dipl\u00f4mes vis\u00e9s. L\u2019ITEMM v\u00e9rifie la compl\u00e9mentarit\u00e9 de la formation dispens\u00e9e et celle assur\u00e9e en entreprise.<\/p><p><strong>2. Assurer un suivi personnalis\u00e9 durant tout le parcours\u00a0<\/strong><br \/>La Cellule apprentissage \/ alternance est en lien avec les candidats d\u00e8s leurs premiers contacts avec le CFA. Elle les guide dans le processus d\u2019inscription, la recherche de contrats, les accompagne en cas de rupture de contrats et les guide sur la poursuite d\u2019\u00e9tudes \u00e9ventuelles.<br \/>l\u2019ITEMM d\u00e9signe pour chaque apprenti un formateur charg\u00e9 d\u2019assurer la liaison avec l\u2019entreprise. Cet accompagnement se traduit \u00e9galement par la r\u00e9daction d&#8217;un livret d\u2019apprentissage t\u00e9moignant de la progression de l\u2019alternant.<\/p><p><strong>3. Accompagner l\u2019accueil des alternants en entreprise <br \/><\/strong><\/p><ul><li>L\u2019ITEMM et l&#8217;entreprise d\u2019accueil sont en contact r\u00e9gulier ; ensemble ils suivent l\u2019assiduit\u00e9, le travail et la progression de l\u2019alternant.<\/li><li>Des appels en entreprise sont effectu\u00e9s.<\/li><li>Une aide aux d\u00e9marches administratives est propos\u00e9e aux entreprises.\u00a0<\/li><\/ul>\t\t\t\t\t\t\t\t<\/div>\n\t\t\t\t\t<\/div>\n\t\t<\/div>\n\t\t\t\t<div class=\"elementor-column elementor-col-50 elementor-top-column elementor-element elementor-element-40c9063\" data-id=\"40c9063\" data-element_type=\"column\" data-e-type=\"column\">\n\t\t\t<div class=\"elementor-widget-wrap elementor-element-populated\">\n\t\t\t\t\t\t<div class=\"elementor-element elementor-element-ebf5bb7 elementor-widget elementor-widget-heading\" data-id=\"ebf5bb7\" data-element_type=\"widget\" data-e-type=\"widget\" data-settings=\"{&quot;ekit_we_effect_on&quot;:&quot;none&quot;}\" data-widget_type=\"heading.default\">\n\t\t\t\t\t<h4 class=\"elementor-heading-title elementor-size-default\">Pour les \u00e9tudiants en formation intensive en 9 mois\n<\/h4>\t\t\t\t<\/div>\n\t\t\t\t<div class=\"elementor-element elementor-element-4319c0c elementor-widget elementor-widget-text-editor\" data-id=\"4319c0c\" data-element_type=\"widget\" data-e-type=\"widget\" data-settings=\"{&quot;ekit_we_effect_on&quot;:&quot;none&quot;}\" data-widget_type=\"text-editor.default\">\n\t\t\t\t\t\t\t\t\t<p><strong>1. Proposer des formations professionnalisantes comprenant des stages en entreprises<\/strong><\/p><p>Les cursus propos\u00e9s en modalit\u00e9 \u201cformation initiale&#8221; pr\u00e9voient de longs temps d\u2019immersion en entreprise afin de familiariser les apprenants au monde du travail.<\/p><p><strong>2. Faciliter le financement des formations<\/strong><\/p><p>La cellule financement accompagne les candidats dans leur recherche d&#8217;organismes ressources en fonction des situations individuelles.<\/p>\t\t\t\t\t\t\t\t<\/div>\n\t\t\t\t<div class=\"elementor-element elementor-element-d7fed5f elementor-widget elementor-widget-heading\" data-id=\"d7fed5f\" data-element_type=\"widget\" data-e-type=\"widget\" data-settings=\"{&quot;ekit_we_effect_on&quot;:&quot;none&quot;}\" data-widget_type=\"heading.default\">\n\t\t\t\t\t<h4 class=\"elementor-heading-title elementor-size-default\">Accueil et accompagnement des personnes en situation de handicap\n<\/h4>\t\t\t\t<\/div>\n\t\t\t\t<div class=\"elementor-element elementor-element-55684f1 elementor-widget elementor-widget-text-editor\" data-id=\"55684f1\" data-element_type=\"widget\" data-e-type=\"widget\" data-settings=\"{&quot;ekit_we_effect_on&quot;:&quot;none&quot;}\" data-widget_type=\"text-editor.default\">\n\t\t\t\t\t\t\t\t\t<p>Le r\u00e9f\u00e9rent handicap de L\u2019ITEMM accompagne les personnes en situation de handicap durant tout le parcours de formation :<\/p><ul><li>sensibilisation et \u00e9changes avec les parties prenantes de la formation (\u00e9quipe p\u00e9dagogique, administrative, entreprise, partenaires\u2026)<\/li><li>adaptation du parcours de formation aux besoins de chacun<\/li><li>accompagnement aux d\u00e9marches administratives\u2026<\/li><\/ul><p><strong><span style=\"color: #000000;\"><a style=\"color: #000000;\" href=\"https:\/\/itemm.fr\/itemm\/campus-itemm\/accueil-des-personnes-en-situation-de-handicap\">En savoir plus<\/a><\/span><span style=\"color: #ff0000;\"><br \/><\/span><\/strong><\/p>\t\t\t\t\t\t\t\t<\/div>\n\t\t\t\t\t<\/div>\n\t\t<\/div>\n\t\t\t\t\t<\/div>\n\t\t<\/section>\n\t\t\t\t<section class=\"elementor-section elementor-top-section elementor-element elementor-element-4b63a1a elementor-section-stretched elementor-section-boxed elementor-section-height-default elementor-section-height-default\" data-id=\"4b63a1a\" data-element_type=\"section\" data-e-type=\"section\" data-settings=\"{&quot;stretch_section&quot;:&quot;section-stretched&quot;,&quot;background_background&quot;:&quot;classic&quot;,&quot;ekit_has_onepagescroll_dot&quot;:&quot;yes&quot;}\">\n\t\t\t\t\t\t<div class=\"elementor-container elementor-column-gap-default\">\n\t\t\t\t\t<div class=\"elementor-column elementor-col-50 elementor-top-column elementor-element elementor-element-3451416\" data-id=\"3451416\" data-element_type=\"column\" data-e-type=\"column\">\n\t\t\t<div class=\"elementor-widget-wrap elementor-element-populated\">\n\t\t\t\t\t\t<div class=\"elementor-element elementor-element-2a849b6 elementor-widget elementor-widget-heading\" data-id=\"2a849b6\" data-element_type=\"widget\" data-e-type=\"widget\" data-settings=\"{&quot;ekit_we_effect_on&quot;:&quot;none&quot;}\" data-widget_type=\"heading.default\">\n\t\t\t\t\t<h3 class=\"elementor-heading-title elementor-size-default\">Carte d\u2019\u00e9tudiant des m\u00e9tiers pour les alternants\n<\/h3>\t\t\t\t<\/div>\n\t\t\t\t<div class=\"elementor-element elementor-element-310c8cb elementor-widget elementor-widget-text-editor\" data-id=\"310c8cb\" data-element_type=\"widget\" data-e-type=\"widget\" data-settings=\"{&quot;ekit_we_effect_on&quot;:&quot;none&quot;}\" data-widget_type=\"text-editor.default\">\n\t\t\t\t\t\t\t\t\t<p>D\u00e9livr\u00e9e par l\u2019ITEMM, cette carte permet l\u2019acc\u00e8s aux m\u00eames avantages qu\u2019aux d\u00e9tenteurs d\u2019une \u00ab carte \u00e9tudiant \u00bb classique : r\u00e9ductions tarifaires, acc\u00e8s aux restaurants universitaires au tarif social et au logement universitaire dans les zones o\u00f9 l\u2019offre n\u2019est pas satur\u00e9e par la demande \u00e9tudiante.&nbsp;<\/p>\n<p><strong>Cette carte est gratuite et valable sur tout le territoire national<\/strong>.&nbsp;<\/p>\t\t\t\t\t\t\t\t<\/div>\n\t\t\t\t\t<\/div>\n\t\t<\/div>\n\t\t\t\t<div class=\"elementor-column elementor-col-50 elementor-top-column elementor-element elementor-element-09a309d\" data-id=\"09a309d\" data-element_type=\"column\" data-e-type=\"column\">\n\t\t\t<div class=\"elementor-widget-wrap elementor-element-populated\">\n\t\t\t\t\t\t<div class=\"elementor-element elementor-element-f9d5d53 elementor-widget elementor-widget-heading\" data-id=\"f9d5d53\" data-element_type=\"widget\" data-e-type=\"widget\" data-settings=\"{&quot;ekit_we_effect_on&quot;:&quot;none&quot;}\" data-widget_type=\"heading.default\">\n\t\t\t\t\t<h3 class=\"elementor-heading-title elementor-size-default\">Carte d\u2019\u00e9tudiant ITEMM pour les \u00e9tudiants hors contrat d'apprentissage et contrat pro <\/h3>\t\t\t\t<\/div>\n\t\t\t\t<div class=\"elementor-element elementor-element-ce70226 elementor-widget elementor-widget-text-editor\" data-id=\"ce70226\" data-element_type=\"widget\" data-e-type=\"widget\" data-settings=\"{&quot;ekit_we_effect_on&quot;:&quot;none&quot;}\" data-widget_type=\"text-editor.default\">\n\t\t\t\t\t\t\t\t\t<p>Cette carte est d\u00e9livr\u00e9e par l\u2019ITEMM et donne \u00e9galement droit \u00e0 des r\u00e9ductions tarifaires (\u00e9quipements sportifs et culturels\u2026)<\/p><p><strong>Cette carte est gratuite et valable sur tout le territoire national.<\/strong><\/p><p>La carte d\u2019\u00e9tudiant ITEMM est accessible aux titulaires d\u2019une formation facture instrumentale en 9 mois.<\/p>\t\t\t\t\t\t\t\t<\/div>\n\t\t\t\t\t<\/div>\n\t\t<\/div>\n\t\t\t\t\t<\/div>\n\t\t<\/section>\n\t\t\t\t<\/div>\n\t\t","protected":false},"excerpt":{"rendered":"<p>Accompagnements et services L\u2019ITEMM met en place un suivi personnalis\u00e9 pour chaque apprenant. Cet accompagnement intervient \u00e0 plusieurs moments de la formation et se traduit par diff\u00e9rentes actions. Pour les apprentis 1. Proposer une formation professionnalisante en collaboration avec l\u2019entrepriseLe CFA assure la formation g\u00e9n\u00e9rale, technique, th\u00e9orique et pratique des apprenti.e.s et pr\u00e9pare les candidats&hellip;<\/p>\n","protected":false},"author":3004,"featured_media":0,"parent":17130,"menu_order":0,"comment_status":"closed","ping_status":"closed","template":"elementor_header_footer","meta":{"_acf_changed":false,"footnotes":""},"categories":[],"class_list":["post-22169","page","type-page","status-publish","hentry"],"acf":[],"yoast_head":"<!-- This site is optimized with the Yoast SEO plugin v27.6 - https:\/\/yoast.com\/product\/yoast-seo-wordpress\/ -->\n<title>Accompagnements et services | Itemm -<\/title>\n<meta name=\"robots\" content=\"index, follow, max-snippet:-1, max-image-preview:large, max-video-preview:-1\" \/>\n<link rel=\"canonical\" href=\"https:\/\/itemm.fr\/itemm\/campus-itemm\/accompagnements-et-services\/\" \/>\n<meta property=\"og:locale\" content=\"fr_FR\" \/>\n<meta property=\"og:type\" content=\"article\" \/>\n<meta property=\"og:title\" content=\"Accompagnements et services | Itemm -\" \/>\n<meta property=\"og:description\" content=\"Accompagnements et services L\u2019ITEMM met en place un suivi personnalis\u00e9 pour chaque apprenant. Cet accompagnement intervient \u00e0 plusieurs moments de la formation et se traduit par diff\u00e9rentes actions. Pour les apprentis 1. Proposer une formation professionnalisante en collaboration avec l\u2019entrepriseLe CFA assure la formation g\u00e9n\u00e9rale, technique, th\u00e9orique et pratique des apprenti.e.s et pr\u00e9pare les candidats&hellip;\" \/>\n<meta property=\"og:url\" content=\"https:\/\/itemm.fr\/itemm\/campus-itemm\/accompagnements-et-services\/\" \/>\n<meta property=\"og:site_name\" content=\"Itemm -\" \/>\n<meta property=\"article:publisher\" content=\"https:\/\/www.facebook.com\/itemm.lemans\" \/>\n<meta property=\"article:modified_time\" content=\"2025-11-21T14:13:03+00:00\" \/>\n<meta property=\"og:image\" content=\"https:\/\/itemm.fr\/itemm\/wp-content\/uploads\/2023\/02\/undraw_Educator_re_ju47.png\" \/>\n\t<meta property=\"og:image:width\" content=\"1091\" \/>\n\t<meta property=\"og:image:height\" content=\"717\" \/>\n\t<meta property=\"og:image:type\" content=\"image\/png\" \/>\n<script type=\"application\/ld+json\" class=\"yoast-schema-graph\">{\"@context\":\"https:\\\/\\\/schema.org\",\"@graph\":[{\"@type\":\"WebPage\",\"@id\":\"https:\\\/\\\/itemm.fr\\\/itemm\\\/campus-itemm\\\/accompagnements-et-services\\\/\",\"url\":\"https:\\\/\\\/itemm.fr\\\/itemm\\\/campus-itemm\\\/accompagnements-et-services\\\/\",\"name\":\"Accompagnements et services | Itemm -\",\"isPartOf\":{\"@id\":\"https:\\\/\\\/itemm.fr\\\/itemm\\\/#website\"},\"primaryImageOfPage\":{\"@id\":\"https:\\\/\\\/itemm.fr\\\/itemm\\\/campus-itemm\\\/accompagnements-et-services\\\/#primaryimage\"},\"image\":{\"@id\":\"https:\\\/\\\/itemm.fr\\\/itemm\\\/campus-itemm\\\/accompagnements-et-services\\\/#primaryimage\"},\"thumbnailUrl\":\"https:\\\/\\\/itemm.fr\\\/itemm\\\/wp-content\\\/uploads\\\/2023\\\/02\\\/undraw_Educator_re_ju47-1024x673.png\",\"datePublished\":\"2020-11-24T14:03:56+00:00\",\"dateModified\":\"2025-11-21T14:13:03+00:00\",\"breadcrumb\":{\"@id\":\"https:\\\/\\\/itemm.fr\\\/itemm\\\/campus-itemm\\\/accompagnements-et-services\\\/#breadcrumb\"},\"inLanguage\":\"fr-FR\",\"potentialAction\":[{\"@type\":\"ReadAction\",\"target\":[\"https:\\\/\\\/itemm.fr\\\/itemm\\\/campus-itemm\\\/accompagnements-et-services\\\/\"]}]},{\"@type\":\"ImageObject\",\"inLanguage\":\"fr-FR\",\"@id\":\"https:\\\/\\\/itemm.fr\\\/itemm\\\/campus-itemm\\\/accompagnements-et-services\\\/#primaryimage\",\"url\":\"https:\\\/\\\/itemm.fr\\\/itemm\\\/wp-content\\\/uploads\\\/2023\\\/02\\\/undraw_Educator_re_ju47.png\",\"contentUrl\":\"https:\\\/\\\/itemm.fr\\\/itemm\\\/wp-content\\\/uploads\\\/2023\\\/02\\\/undraw_Educator_re_ju47.png\",\"width\":1091,\"height\":717},{\"@type\":\"BreadcrumbList\",\"@id\":\"https:\\\/\\\/itemm.fr\\\/itemm\\\/campus-itemm\\\/accompagnements-et-services\\\/#breadcrumb\",\"itemListElement\":[{\"@type\":\"ListItem\",\"position\":1,\"name\":\"Accueil\",\"item\":\"https:\\\/\\\/itemm.fr\\\/itemm\\\/\"},{\"@type\":\"ListItem\",\"position\":2,\"name\":\"campus ITEMM\",\"item\":\"https:\\\/\\\/itemm.fr\\\/itemm\\\/campus-itemm\\\/\"},{\"@type\":\"ListItem\",\"position\":3,\"name\":\"Accompagnements et services\"}]},{\"@type\":\"WebSite\",\"@id\":\"https:\\\/\\\/itemm.fr\\\/itemm\\\/#website\",\"url\":\"https:\\\/\\\/itemm.fr\\\/itemm\\\/\",\"name\":\"Itemm\",\"description\":\"Institut technologique europ\u00e9en des m\u00e9tiers de la musique au Mans (72)\",\"publisher\":{\"@id\":\"https:\\\/\\\/itemm.fr\\\/itemm\\\/#organization\"},\"potentialAction\":[{\"@type\":\"SearchAction\",\"target\":{\"@type\":\"EntryPoint\",\"urlTemplate\":\"https:\\\/\\\/itemm.fr\\\/itemm\\\/?s={search_term_string}\"},\"query-input\":{\"@type\":\"PropertyValueSpecification\",\"valueRequired\":true,\"valueName\":\"search_term_string\"}}],\"inLanguage\":\"fr-FR\"},{\"@type\":\"Organization\",\"@id\":\"https:\\\/\\\/itemm.fr\\\/itemm\\\/#organization\",\"name\":\"ITEMM\",\"alternateName\":\"ITEMM\",\"url\":\"https:\\\/\\\/itemm.fr\\\/itemm\\\/\",\"logo\":{\"@type\":\"ImageObject\",\"inLanguage\":\"fr-FR\",\"@id\":\"https:\\\/\\\/itemm.fr\\\/itemm\\\/#\\\/schema\\\/logo\\\/image\\\/\",\"url\":\"https:\\\/\\\/itemm.fr\\\/itemm\\\/wp-content\\\/uploads\\\/2021\\\/12\\\/logo-itemm-piano-on.png\",\"contentUrl\":\"https:\\\/\\\/itemm.fr\\\/itemm\\\/wp-content\\\/uploads\\\/2021\\\/12\\\/logo-itemm-piano-on.png\",\"width\":446,\"height\":294,\"caption\":\"ITEMM\"},\"image\":{\"@id\":\"https:\\\/\\\/itemm.fr\\\/itemm\\\/#\\\/schema\\\/logo\\\/image\\\/\"},\"sameAs\":[\"https:\\\/\\\/www.facebook.com\\\/itemm.lemans\",\"https:\\\/\\\/www.instagram.com\\\/itemmlemans\\\/\",\"https:\\\/\\\/www.linkedin.com\\\/in\\\/itemm\\\/\"]}]}<\/script>\n<!-- \/ Yoast SEO plugin. -->","yoast_head_json":{"title":"Accompagnements et services | Itemm -","robots":{"index":"index","follow":"follow","max-snippet":"max-snippet:-1","max-image-preview":"max-image-preview:large","max-video-preview":"max-video-preview:-1"},"canonical":"https:\/\/itemm.fr\/itemm\/campus-itemm\/accompagnements-et-services\/","og_locale":"fr_FR","og_type":"article","og_title":"Accompagnements et services | Itemm -","og_description":"Accompagnements et services L\u2019ITEMM met en place un suivi personnalis\u00e9 pour chaque apprenant. Cet accompagnement intervient \u00e0 plusieurs moments de la formation et se traduit par diff\u00e9rentes actions. Pour les apprentis 1. Proposer une formation professionnalisante en collaboration avec l\u2019entrepriseLe CFA assure la formation g\u00e9n\u00e9rale, technique, th\u00e9orique et pratique des apprenti.e.s et pr\u00e9pare les candidats&hellip;","og_url":"https:\/\/itemm.fr\/itemm\/campus-itemm\/accompagnements-et-services\/","og_site_name":"Itemm -","article_publisher":"https:\/\/www.facebook.com\/itemm.lemans","article_modified_time":"2025-11-21T14:13:03+00:00","og_image":[{"width":1091,"height":717,"url":"https:\/\/itemm.fr\/itemm\/wp-content\/uploads\/2023\/02\/undraw_Educator_re_ju47.png","type":"image\/png"}],"schema":{"@context":"https:\/\/schema.org","@graph":[{"@type":"WebPage","@id":"https:\/\/itemm.fr\/itemm\/campus-itemm\/accompagnements-et-services\/","url":"https:\/\/itemm.fr\/itemm\/campus-itemm\/accompagnements-et-services\/","name":"Accompagnements et services | Itemm -","isPartOf":{"@id":"https:\/\/itemm.fr\/itemm\/#website"},"primaryImageOfPage":{"@id":"https:\/\/itemm.fr\/itemm\/campus-itemm\/accompagnements-et-services\/#primaryimage"},"image":{"@id":"https:\/\/itemm.fr\/itemm\/campus-itemm\/accompagnements-et-services\/#primaryimage"},"thumbnailUrl":"https:\/\/itemm.fr\/itemm\/wp-content\/uploads\/2023\/02\/undraw_Educator_re_ju47-1024x673.png","datePublished":"2020-11-24T14:03:56+00:00","dateModified":"2025-11-21T14:13:03+00:00","breadcrumb":{"@id":"https:\/\/itemm.fr\/itemm\/campus-itemm\/accompagnements-et-services\/#breadcrumb"},"inLanguage":"fr-FR","potentialAction":[{"@type":"ReadAction","target":["https:\/\/itemm.fr\/itemm\/campus-itemm\/accompagnements-et-services\/"]}]},{"@type":"ImageObject","inLanguage":"fr-FR","@id":"https:\/\/itemm.fr\/itemm\/campus-itemm\/accompagnements-et-services\/#primaryimage","url":"https:\/\/itemm.fr\/itemm\/wp-content\/uploads\/2023\/02\/undraw_Educator_re_ju47.png","contentUrl":"https:\/\/itemm.fr\/itemm\/wp-content\/uploads\/2023\/02\/undraw_Educator_re_ju47.png","width":1091,"height":717},{"@type":"BreadcrumbList","@id":"https:\/\/itemm.fr\/itemm\/campus-itemm\/accompagnements-et-services\/#breadcrumb","itemListElement":[{"@type":"ListItem","position":1,"name":"Accueil","item":"https:\/\/itemm.fr\/itemm\/"},{"@type":"ListItem","position":2,"name":"campus ITEMM","item":"https:\/\/itemm.fr\/itemm\/campus-itemm\/"},{"@type":"ListItem","position":3,"name":"Accompagnements et services"}]},{"@type":"WebSite","@id":"https:\/\/itemm.fr\/itemm\/#website","url":"https:\/\/itemm.fr\/itemm\/","name":"Itemm","description":"Institut technologique europ\u00e9en des m\u00e9tiers de la musique au Mans (72)","publisher":{"@id":"https:\/\/itemm.fr\/itemm\/#organization"},"potentialAction":[{"@type":"SearchAction","target":{"@type":"EntryPoint","urlTemplate":"https:\/\/itemm.fr\/itemm\/?s={search_term_string}"},"query-input":{"@type":"PropertyValueSpecification","valueRequired":true,"valueName":"search_term_string"}}],"inLanguage":"fr-FR"},{"@type":"Organization","@id":"https:\/\/itemm.fr\/itemm\/#organization","name":"ITEMM","alternateName":"ITEMM","url":"https:\/\/itemm.fr\/itemm\/","logo":{"@type":"ImageObject","inLanguage":"fr-FR","@id":"https:\/\/itemm.fr\/itemm\/#\/schema\/logo\/image\/","url":"https:\/\/itemm.fr\/itemm\/wp-content\/uploads\/2021\/12\/logo-itemm-piano-on.png","contentUrl":"https:\/\/itemm.fr\/itemm\/wp-content\/uploads\/2021\/12\/logo-itemm-piano-on.png","width":446,"height":294,"caption":"ITEMM"},"image":{"@id":"https:\/\/itemm.fr\/itemm\/#\/schema\/logo\/image\/"},"sameAs":["https:\/\/www.facebook.com\/itemm.lemans","https:\/\/www.instagram.com\/itemmlemans\/","https:\/\/www.linkedin.com\/in\/itemm\/"]}]}},"_links":{"self":[{"href":"https:\/\/itemm.fr\/itemm\/wp-json\/wp\/v2\/pages\/22169","targetHints":{"allow":["GET"]}}],"collection":[{"href":"https:\/\/itemm.fr\/itemm\/wp-json\/wp\/v2\/pages"}],"about":[{"href":"https:\/\/itemm.fr\/itemm\/wp-json\/wp\/v2\/types\/page"}],"author":[{"embeddable":true,"href":"https:\/\/itemm.fr\/itemm\/wp-json\/wp\/v2\/users\/3004"}],"replies":[{"embeddable":true,"href":"https:\/\/itemm.fr\/itemm\/wp-json\/wp\/v2\/comments?post=22169"}],"version-history":[{"count":0,"href":"https:\/\/itemm.fr\/itemm\/wp-json\/wp\/v2\/pages\/22169\/revisions"}],"up":[{"embeddable":true,"href":"https:\/\/itemm.fr\/itemm\/wp-json\/wp\/v2\/pages\/17130"}],"wp:attachment":[{"href":"https:\/\/itemm.fr\/itemm\/wp-json\/wp\/v2\/media?parent=22169"}],"wp:term":[{"taxonomy":"category","embeddable":true,"href":"https:\/\/itemm.fr\/itemm\/wp-json\/wp\/v2\/categories?post=22169"}],"curies":[{"name":"wp","href":"https:\/\/api.w.org\/{rel}","templated":true}]}}