{"id":21864,"date":"2020-10-12T14:17:07","date_gmt":"2020-10-12T12:17:07","guid":{"rendered":"https:\/\/itemm.fr\/itemm\/?page_id=21864"},"modified":"2020-10-12T14:40:41","modified_gmt":"2020-10-12T12:40:41","slug":"itemm-404","status":"publish","type":"page","link":"https:\/\/itemm.fr\/itemm\/itemm-404\/","title":{"rendered":"ITEMM &#8211; 404"},"content":{"rendered":"\t\t<div data-elementor-type=\"wp-page\" data-elementor-id=\"21864\" class=\"elementor elementor-21864\" data-elementor-post-type=\"page\">\n\t\t\t\t\t\t<section class=\"elementor-section elementor-top-section elementor-element elementor-element-e55b065 elementor-section-full_width elementor-section-stretched elementor-section-height-default elementor-section-height-default\" data-id=\"e55b065\" data-element_type=\"section\" data-e-type=\"section\" data-settings=\"{&quot;stretch_section&quot;:&quot;section-stretched&quot;,&quot;background_background&quot;:&quot;gradient&quot;,&quot;ekit_has_onepagescroll_dot&quot;:&quot;yes&quot;}\">\n\t\t\t\t\t\t<div class=\"elementor-container elementor-column-gap-default\">\n\t\t\t\t\t<div class=\"elementor-column elementor-col-100 elementor-top-column elementor-element elementor-element-2bef434\" data-id=\"2bef434\" data-element_type=\"column\" data-e-type=\"column\">\n\t\t\t<div class=\"elementor-widget-wrap elementor-element-populated\">\n\t\t\t\t\t\t<section class=\"elementor-section elementor-inner-section elementor-element elementor-element-b276d9f elementor-section-full_width elementor-section-height-default elementor-section-height-default\" data-id=\"b276d9f\" data-element_type=\"section\" data-e-type=\"section\" data-settings=\"{&quot;ekit_has_onepagescroll_dot&quot;:&quot;yes&quot;}\">\n\t\t\t\t\t\t<div class=\"elementor-container elementor-column-gap-default\">\n\t\t\t\t\t<div class=\"elementor-column elementor-col-50 elementor-inner-column elementor-element elementor-element-5a4d4b5\" data-id=\"5a4d4b5\" data-element_type=\"column\" data-e-type=\"column\">\n\t\t\t<div class=\"elementor-widget-wrap elementor-element-populated\">\n\t\t\t\t\t\t<div class=\"elementor-element elementor-element-5617d49 elementor-widget elementor-widget-heading\" data-id=\"5617d49\" data-element_type=\"widget\" data-e-type=\"widget\" data-settings=\"{&quot;ekit_we_effect_on&quot;:&quot;none&quot;}\" data-widget_type=\"heading.default\">\n\t\t\t\t\t<h1 class=\"elementor-heading-title elementor-size-default\">OUPS !<\/h1>\t\t\t\t<\/div>\n\t\t\t\t<div class=\"elementor-element elementor-element-79565bb elementor-widget elementor-widget-text-editor\" data-id=\"79565bb\" data-element_type=\"widget\" data-e-type=\"widget\" data-settings=\"{&quot;ekit_we_effect_on&quot;:&quot;none&quot;}\" data-widget_type=\"text-editor.default\">\n\t\t\t\t\t\t\t\t\t<p>La page que vous cherchez semble introuvable<\/p>\t\t\t\t\t\t\t\t<\/div>\n\t\t\t\t<div class=\"elementor-element elementor-element-75dc10f elementor-widget elementor-widget-wp-widget-search\" data-id=\"75dc10f\" data-element_type=\"widget\" data-e-type=\"widget\" data-settings=\"{&quot;ekit_we_effect_on&quot;:&quot;none&quot;}\" data-widget_type=\"wp-widget-search.default\">\n\t\t\t\t<div class=\"elementor-widget-container\">\n\t\t\t\t\t<h5>Rechercher sur le site de l&#8217;ITEMM<\/h5><form class=\"searchform\" role=\"search\" method=\"get\" action=\"https:\/\/itemm.fr\/itemm\/\">\n    <label for=\"the7-search\" class=\"screen-reader-text\">Recherche :<\/label>\n    <input type=\"text\" id=\"the7-search\" class=\"field searchform-s\" name=\"s\" value=\"\" placeholder=\"Tapez et appuyez sur entr\u00e9e\u2026\" \/>\n    <input type=\"submit\" class=\"assistive-text searchsubmit\" value=\"Aller !\" \/>\n    <a href=\"\" class=\"submit\"><svg version=\"1.1\" xmlns=\"http:\/\/www.w3.org\/2000\/svg\" xmlns:xlink=\"http:\/\/www.w3.org\/1999\/xlink\" x=\"0px\" y=\"0px\" viewBox=\"0 0 16 16\" style=\"enable-background:new 0 0 16 16;\" xml:space=\"preserve\"><path d=\"M11.7,10.3c2.1-2.9,1.5-7-1.4-9.1s-7-1.5-9.1,1.4s-1.5,7,1.4,9.1c2.3,1.7,5.4,1.7,7.7,0h0c0,0,0.1,0.1,0.1,0.1l3.8,3.8c0.4,0.4,1,0.4,1.4,0s0.4-1,0-1.4l-3.8-3.9C11.8,10.4,11.8,10.4,11.7,10.3L11.7,10.3z M12,6.5c0,3-2.5,5.5-5.5,5.5S1,9.5,1,6.5S3.5,1,6.5,1S12,3.5,12,6.5z\"\/><\/svg><\/a>\n<\/form>\n\t\t\t\t<\/div>\n\t\t\t\t<\/div>\n\t\t\t\t\t<\/div>\n\t\t<\/div>\n\t\t\t\t<div class=\"elementor-column elementor-col-50 elementor-inner-column elementor-element elementor-element-9df56d6\" data-id=\"9df56d6\" data-element_type=\"column\" data-e-type=\"column\">\n\t\t\t<div class=\"elementor-widget-wrap elementor-element-populated\">\n\t\t\t\t\t\t<div class=\"elementor-element elementor-element-baa18ea elementor-widget elementor-widget-heading\" data-id=\"baa18ea\" data-element_type=\"widget\" data-e-type=\"widget\" data-settings=\"{&quot;ekit_we_effect_on&quot;:&quot;none&quot;}\" data-widget_type=\"heading.default\">\n\t\t\t\t\t<h2 class=\"elementor-heading-title elementor-size-default\">Essayez ici : <\/h2>\t\t\t\t<\/div>\n\t\t\t\t<div class=\"elementor-element elementor-element-5b44162 elementor-grid-3 elementor-grid-tablet-2 elementor-grid-mobile-1 elementor-posts--thumbnail-top elementor-widget elementor-widget-posts\" data-id=\"5b44162\" data-element_type=\"widget\" data-e-type=\"widget\" data-settings=\"{&quot;classic_row_gap&quot;:{&quot;unit&quot;:&quot;px&quot;,&quot;size&quot;:24,&quot;sizes&quot;:[]},&quot;classic_columns&quot;:&quot;3&quot;,&quot;classic_columns_tablet&quot;:&quot;2&quot;,&quot;classic_columns_mobile&quot;:&quot;1&quot;,&quot;classic_row_gap_tablet&quot;:{&quot;unit&quot;:&quot;px&quot;,&quot;size&quot;:&quot;&quot;,&quot;sizes&quot;:[]},&quot;classic_row_gap_mobile&quot;:{&quot;unit&quot;:&quot;px&quot;,&quot;size&quot;:&quot;&quot;,&quot;sizes&quot;:[]},&quot;ekit_we_effect_on&quot;:&quot;none&quot;}\" data-widget_type=\"posts.classic\">\n\t\t\t\t<div class=\"elementor-widget-container\">\n\t\t\t\t\t\t\t<div class=\"elementor-posts-container elementor-posts elementor-posts--skin-classic elementor-grid\" role=\"list\">\n\t\t\t\t<article class=\"elementor-post elementor-grid-item post-61978 post type-post status-publish format-standard has-post-thumbnail hentry category-anciens-eleves tag-ancien-eleve category-101 description-off\" role=\"listitem\">\n\t\t\t\t<a class=\"elementor-post__thumbnail__link\" href=\"https:\/\/itemm.fr\/itemm\/portrait-dalumni-charly-lart-de-la-lutherie-sur-mesure-a-montauban\/\" tabindex=\"-1\" >\n\t\t\t<div class=\"elementor-post__thumbnail\"><img fetchpriority=\"high\" decoding=\"async\" width=\"300\" height=\"169\" src=\"https:\/\/itemm.fr\/itemm\/wp-content\/uploads\/2025\/09\/article-ancien-eleve-300x169.jpg\" class=\"attachment-medium size-medium wp-image-61517\" alt=\"\" srcset=\"https:\/\/itemm.fr\/itemm\/wp-content\/uploads\/2025\/09\/article-ancien-eleve-300x169.jpg 300w, https:\/\/itemm.fr\/itemm\/wp-content\/uploads\/2025\/09\/article-ancien-eleve-768x432.jpg 768w, https:\/\/itemm.fr\/itemm\/wp-content\/uploads\/2025\/09\/article-ancien-eleve-600x337.jpg 600w, https:\/\/itemm.fr\/itemm\/wp-content\/uploads\/2025\/09\/article-ancien-eleve.jpg 970w\" sizes=\"(max-width: 300px) 100vw, 300px\" \/><\/div>\n\t\t<\/a>\n\t\t\t\t<div class=\"elementor-post__text\">\n\t\t\t\t<h3 class=\"elementor-post__title\">\n\t\t\t<a href=\"https:\/\/itemm.fr\/itemm\/portrait-dalumni-charly-lart-de-la-lutherie-sur-mesure-a-montauban\/\" >\n\t\t\t\tPortrait d&#8217;Alumni : Charly, l&#8217;art de la lutherie sur mesure \u00e0 Montauban\t\t\t<\/a>\n\t\t<\/h3>\n\t\t\t\t<div class=\"elementor-post__meta-data\">\n\t\t\t\t\t<span class=\"elementor-post-date\">\n\t\t\t9 avril 2026\t\t<\/span>\n\t\t\t\t<\/div>\n\t\t\t\t<div class=\"elementor-post__excerpt\">\n\t\t\t<p>Passer de l&#8217;\u00e9tabli de l&#8217;ITEMM \u00e0 son propre atelier : c&#8217;est le parcours de Charly, luthier passionn\u00e9 qui fait aujourd&#8217;hui rayonner l&#8217;artisanat de la guitare<\/p>\n\t\t<\/div>\n\t\t\n\t\t<a class=\"elementor-post__read-more\" href=\"https:\/\/itemm.fr\/itemm\/portrait-dalumni-charly-lart-de-la-lutherie-sur-mesure-a-montauban\/\" aria-label=\"En savoir plus sur Portrait d&#8217;Alumni : Charly, l&#8217;art de la lutherie sur mesure \u00e0 Montauban\" tabindex=\"-1\" >\n\t\t\tLire la suite \u00bb\t\t<\/a>\n\n\t\t\t\t<\/div>\n\t\t\t\t<\/article>\n\t\t\t\t<article class=\"elementor-post elementor-grid-item post-61863 post type-post status-publish format-standard has-post-thumbnail hentry category-actualites category-recrutement tag-formation-continue tag-recrutement category-2197 category-2085 description-off\" role=\"listitem\">\n\t\t\t\t<a class=\"elementor-post__thumbnail__link\" href=\"https:\/\/itemm.fr\/itemm\/rejoignez-litemm-responsable-formation-professionelle-continue\/\" tabindex=\"-1\" >\n\t\t\t<div class=\"elementor-post__thumbnail\"><img decoding=\"async\" width=\"300\" height=\"169\" src=\"https:\/\/itemm.fr\/itemm\/wp-content\/uploads\/2022\/02\/pablita-perfect-candidates-cv-found-300x169.png\" class=\"attachment-medium size-medium wp-image-46271\" alt=\"\" srcset=\"https:\/\/itemm.fr\/itemm\/wp-content\/uploads\/2022\/02\/pablita-perfect-candidates-cv-found-300x169.png 300w, https:\/\/itemm.fr\/itemm\/wp-content\/uploads\/2022\/02\/pablita-perfect-candidates-cv-found-600x337.png 600w, https:\/\/itemm.fr\/itemm\/wp-content\/uploads\/2022\/02\/pablita-perfect-candidates-cv-found-1024x576.png 1024w, https:\/\/itemm.fr\/itemm\/wp-content\/uploads\/2022\/02\/pablita-perfect-candidates-cv-found-768x432.png 768w, https:\/\/itemm.fr\/itemm\/wp-content\/uploads\/2022\/02\/pablita-perfect-candidates-cv-found-1536x864.png 1536w, https:\/\/itemm.fr\/itemm\/wp-content\/uploads\/2022\/02\/pablita-perfect-candidates-cv-found.png 1622w\" sizes=\"(max-width: 300px) 100vw, 300px\" \/><\/div>\n\t\t<\/a>\n\t\t\t\t<div class=\"elementor-post__text\">\n\t\t\t\t<h3 class=\"elementor-post__title\">\n\t\t\t<a href=\"https:\/\/itemm.fr\/itemm\/rejoignez-litemm-responsable-formation-professionelle-continue\/\" >\n\t\t\t\tRejoignez l&#8217;ITEMM : Responsable Formation professionelle continue H\/F-CDI\t\t\t<\/a>\n\t\t<\/h3>\n\t\t\t\t<div class=\"elementor-post__meta-data\">\n\t\t\t\t\t<span class=\"elementor-post-date\">\n\t\t\t2 avril 2026\t\t<\/span>\n\t\t\t\t<\/div>\n\t\t\t\t<div class=\"elementor-post__excerpt\">\n\t\t\t<p>L&#8217;ITEMM recherche son\/sa future Responsable Formation Professionnelle Continue<\/p>\n\t\t<\/div>\n\t\t\n\t\t<a class=\"elementor-post__read-more\" href=\"https:\/\/itemm.fr\/itemm\/rejoignez-litemm-responsable-formation-professionelle-continue\/\" aria-label=\"En savoir plus sur Rejoignez l&#8217;ITEMM : Responsable Formation professionelle continue H\/F-CDI\" tabindex=\"-1\" >\n\t\t\tLire la suite \u00bb\t\t<\/a>\n\n\t\t\t\t<\/div>\n\t\t\t\t<\/article>\n\t\t\t\t<article class=\"elementor-post elementor-grid-item post-61833 post type-post status-publish format-standard has-post-thumbnail hentry category-actualites category-recrutement tag-emploi category-2197 category-2085 description-off\" role=\"listitem\">\n\t\t\t\t<a class=\"elementor-post__thumbnail__link\" href=\"https:\/\/itemm.fr\/itemm\/litemm-responsable-pole-innovation-materiaux-instruments-de-musique\/\" tabindex=\"-1\" >\n\t\t\t<div class=\"elementor-post__thumbnail\"><img decoding=\"async\" width=\"300\" height=\"169\" src=\"https:\/\/itemm.fr\/itemm\/wp-content\/uploads\/2022\/02\/pablita-perfect-candidates-cv-found-300x169.png\" class=\"attachment-medium size-medium wp-image-46271\" alt=\"\" srcset=\"https:\/\/itemm.fr\/itemm\/wp-content\/uploads\/2022\/02\/pablita-perfect-candidates-cv-found-300x169.png 300w, https:\/\/itemm.fr\/itemm\/wp-content\/uploads\/2022\/02\/pablita-perfect-candidates-cv-found-600x337.png 600w, https:\/\/itemm.fr\/itemm\/wp-content\/uploads\/2022\/02\/pablita-perfect-candidates-cv-found-1024x576.png 1024w, https:\/\/itemm.fr\/itemm\/wp-content\/uploads\/2022\/02\/pablita-perfect-candidates-cv-found-768x432.png 768w, https:\/\/itemm.fr\/itemm\/wp-content\/uploads\/2022\/02\/pablita-perfect-candidates-cv-found-1536x864.png 1536w, https:\/\/itemm.fr\/itemm\/wp-content\/uploads\/2022\/02\/pablita-perfect-candidates-cv-found.png 1622w\" sizes=\"(max-width: 300px) 100vw, 300px\" \/><\/div>\n\t\t<\/a>\n\t\t\t\t<div class=\"elementor-post__text\">\n\t\t\t\t<h3 class=\"elementor-post__title\">\n\t\t\t<a href=\"https:\/\/itemm.fr\/itemm\/litemm-responsable-pole-innovation-materiaux-instruments-de-musique\/\" >\n\t\t\t\tRejoignez l\u2019ITEMM : Responsable du P\u00f4le Innovation (H\/F) #SoundOfScience\t\t\t<\/a>\n\t\t<\/h3>\n\t\t\t\t<div class=\"elementor-post__meta-data\">\n\t\t\t\t\t<span class=\"elementor-post-date\">\n\t\t\t19 mars 2026\t\t<\/span>\n\t\t\t\t<\/div>\n\t\t\t\t<div class=\"elementor-post__excerpt\">\n\t\t\t<p>\u00c0 la crois\u00e9e de la recherche scientifique et de la facture instrumentale, vous pilotez les projets qui dessinent la musique de demain. Votre mission ? Allier expertise technique (mat\u00e9riaux, bois, acoustique) et d\u00e9veloppement strat\u00e9gique pour faire rayonner l&#8217;innovation au sein de notre institut.<\/p>\n\t\t<\/div>\n\t\t\n\t\t<a class=\"elementor-post__read-more\" href=\"https:\/\/itemm.fr\/itemm\/litemm-responsable-pole-innovation-materiaux-instruments-de-musique\/\" aria-label=\"En savoir plus sur Rejoignez l\u2019ITEMM : Responsable du P\u00f4le Innovation (H\/F) #SoundOfScience\" tabindex=\"-1\" >\n\t\t\tLire la suite \u00bb\t\t<\/a>\n\n\t\t\t\t<\/div>\n\t\t\t\t<\/article>\n\t\t\t\t<\/div>\n\t\t\n\t\t\t\t\t\t<\/div>\n\t\t\t\t<\/div>\n\t\t\t\t\t<\/div>\n\t\t<\/div>\n\t\t\t\t\t<\/div>\n\t\t<\/section>\n\t\t\t\t<div class=\"elementor-element elementor-element-8fa689f elementor-widget elementor-widget-spacer\" data-id=\"8fa689f\" data-element_type=\"widget\" data-e-type=\"widget\" data-settings=\"{&quot;ekit_we_effect_on&quot;:&quot;none&quot;}\" data-widget_type=\"spacer.default\">\n\t\t\t\t\t\t\t<div class=\"elementor-spacer\">\n\t\t\t<div class=\"elementor-spacer-inner\"><\/div>\n\t\t<\/div>\n\t\t\t\t\t\t<\/div>\n\t\t\t\t\t<\/div>\n\t\t<\/div>\n\t\t\t\t\t<\/div>\n\t\t<\/section>\n\t\t\t\t<\/div>\n\t\t","protected":false},"excerpt":{"rendered":"<p>OUPS ! La page que vous cherchez semble introuvable Essayez ici :<\/p>\n","protected":false},"author":3004,"featured_media":0,"parent":0,"menu_order":0,"comment_status":"closed","ping_status":"closed","template":"","meta":{"_acf_changed":false,"footnotes":""},"categories":[],"class_list":["post-21864","page","type-page","status-publish","hentry","category-2197","category-2085","description-off"],"acf":[],"yoast_head":"<!-- This site is optimized with the Yoast SEO plugin v27.3 - https:\/\/yoast.com\/product\/yoast-seo-wordpress\/ -->\n<title>ITEMM - 404 | Itemm -<\/title>\n<meta name=\"robots\" content=\"index, follow, max-snippet:-1, max-image-preview:large, max-video-preview:-1\" \/>\n<link rel=\"canonical\" href=\"https:\/\/itemm.fr\/itemm\/itemm-404\/\" \/>\n<meta property=\"og:locale\" content=\"fr_FR\" \/>\n<meta property=\"og:type\" content=\"article\" \/>\n<meta property=\"og:title\" content=\"ITEMM - 404 | Itemm -\" \/>\n<meta property=\"og:description\" content=\"OUPS ! La page que vous cherchez semble introuvable Essayez ici :\" \/>\n<meta property=\"og:url\" content=\"https:\/\/itemm.fr\/itemm\/itemm-404\/\" \/>\n<meta property=\"og:site_name\" content=\"Itemm -\" \/>\n<meta property=\"article:publisher\" content=\"https:\/\/www.facebook.com\/itemm.lemans\" \/>\n<meta property=\"article:modified_time\" content=\"2020-10-12T12:40:41+00:00\" \/>\n<meta property=\"og:image\" content=\"https:\/\/itemm.fr\/itemm\/wp-content\/uploads\/2023\/02\/DRONE-ITEMM-\u00a9-BDVA-9.jpg\" \/>\n\t<meta property=\"og:image:width\" content=\"2048\" \/>\n\t<meta property=\"og:image:height\" content=\"1152\" \/>\n\t<meta property=\"og:image:type\" content=\"image\/jpeg\" \/>\n<script type=\"application\/ld+json\" class=\"yoast-schema-graph\">{\"@context\":\"https:\\\/\\\/schema.org\",\"@graph\":[{\"@type\":\"WebPage\",\"@id\":\"https:\\\/\\\/itemm.fr\\\/itemm\\\/itemm-404\\\/\",\"url\":\"https:\\\/\\\/itemm.fr\\\/itemm\\\/itemm-404\\\/\",\"name\":\"ITEMM - 404 | Itemm -\",\"isPartOf\":{\"@id\":\"https:\\\/\\\/itemm.fr\\\/itemm\\\/#website\"},\"datePublished\":\"2020-10-12T12:17:07+00:00\",\"dateModified\":\"2020-10-12T12:40:41+00:00\",\"breadcrumb\":{\"@id\":\"https:\\\/\\\/itemm.fr\\\/itemm\\\/itemm-404\\\/#breadcrumb\"},\"inLanguage\":\"fr-FR\",\"potentialAction\":[{\"@type\":\"ReadAction\",\"target\":[\"https:\\\/\\\/itemm.fr\\\/itemm\\\/itemm-404\\\/\"]}]},{\"@type\":\"BreadcrumbList\",\"@id\":\"https:\\\/\\\/itemm.fr\\\/itemm\\\/itemm-404\\\/#breadcrumb\",\"itemListElement\":[{\"@type\":\"ListItem\",\"position\":1,\"name\":\"Accueil\",\"item\":\"https:\\\/\\\/itemm.fr\\\/itemm\\\/\"},{\"@type\":\"ListItem\",\"position\":2,\"name\":\"ITEMM &#8211; 404\"}]},{\"@type\":\"WebSite\",\"@id\":\"https:\\\/\\\/itemm.fr\\\/itemm\\\/#website\",\"url\":\"https:\\\/\\\/itemm.fr\\\/itemm\\\/\",\"name\":\"Itemm\",\"description\":\"Institut technologique europ\u00e9en des m\u00e9tiers de la musique au Mans (72)\",\"publisher\":{\"@id\":\"https:\\\/\\\/itemm.fr\\\/itemm\\\/#organization\"},\"potentialAction\":[{\"@type\":\"SearchAction\",\"target\":{\"@type\":\"EntryPoint\",\"urlTemplate\":\"https:\\\/\\\/itemm.fr\\\/itemm\\\/?s={search_term_string}\"},\"query-input\":{\"@type\":\"PropertyValueSpecification\",\"valueRequired\":true,\"valueName\":\"search_term_string\"}}],\"inLanguage\":\"fr-FR\"},{\"@type\":\"Organization\",\"@id\":\"https:\\\/\\\/itemm.fr\\\/itemm\\\/#organization\",\"name\":\"ITEMM\",\"alternateName\":\"ITEMM\",\"url\":\"https:\\\/\\\/itemm.fr\\\/itemm\\\/\",\"logo\":{\"@type\":\"ImageObject\",\"inLanguage\":\"fr-FR\",\"@id\":\"https:\\\/\\\/itemm.fr\\\/itemm\\\/#\\\/schema\\\/logo\\\/image\\\/\",\"url\":\"https:\\\/\\\/itemm.fr\\\/itemm\\\/wp-content\\\/uploads\\\/2021\\\/12\\\/logo-itemm-piano-on.png\",\"contentUrl\":\"https:\\\/\\\/itemm.fr\\\/itemm\\\/wp-content\\\/uploads\\\/2021\\\/12\\\/logo-itemm-piano-on.png\",\"width\":446,\"height\":294,\"caption\":\"ITEMM\"},\"image\":{\"@id\":\"https:\\\/\\\/itemm.fr\\\/itemm\\\/#\\\/schema\\\/logo\\\/image\\\/\"},\"sameAs\":[\"https:\\\/\\\/www.facebook.com\\\/itemm.lemans\",\"https:\\\/\\\/www.instagram.com\\\/itemmlemans\\\/\",\"https:\\\/\\\/www.linkedin.com\\\/in\\\/itemm\\\/\"]}]}<\/script>\n<!-- \/ Yoast SEO plugin. -->","yoast_head_json":{"title":"ITEMM - 404 | Itemm -","robots":{"index":"index","follow":"follow","max-snippet":"max-snippet:-1","max-image-preview":"max-image-preview:large","max-video-preview":"max-video-preview:-1"},"canonical":"https:\/\/itemm.fr\/itemm\/itemm-404\/","og_locale":"fr_FR","og_type":"article","og_title":"ITEMM - 404 | Itemm -","og_description":"OUPS ! La page que vous cherchez semble introuvable Essayez ici :","og_url":"https:\/\/itemm.fr\/itemm\/itemm-404\/","og_site_name":"Itemm -","article_publisher":"https:\/\/www.facebook.com\/itemm.lemans","article_modified_time":"2020-10-12T12:40:41+00:00","og_image":[{"width":2048,"height":1152,"url":"https:\/\/itemm.fr\/itemm\/wp-content\/uploads\/2023\/02\/DRONE-ITEMM-\u00a9-BDVA-9.jpg","type":"image\/jpeg"}],"schema":{"@context":"https:\/\/schema.org","@graph":[{"@type":"WebPage","@id":"https:\/\/itemm.fr\/itemm\/itemm-404\/","url":"https:\/\/itemm.fr\/itemm\/itemm-404\/","name":"ITEMM - 404 | Itemm -","isPartOf":{"@id":"https:\/\/itemm.fr\/itemm\/#website"},"datePublished":"2020-10-12T12:17:07+00:00","dateModified":"2020-10-12T12:40:41+00:00","breadcrumb":{"@id":"https:\/\/itemm.fr\/itemm\/itemm-404\/#breadcrumb"},"inLanguage":"fr-FR","potentialAction":[{"@type":"ReadAction","target":["https:\/\/itemm.fr\/itemm\/itemm-404\/"]}]},{"@type":"BreadcrumbList","@id":"https:\/\/itemm.fr\/itemm\/itemm-404\/#breadcrumb","itemListElement":[{"@type":"ListItem","position":1,"name":"Accueil","item":"https:\/\/itemm.fr\/itemm\/"},{"@type":"ListItem","position":2,"name":"ITEMM &#8211; 404"}]},{"@type":"WebSite","@id":"https:\/\/itemm.fr\/itemm\/#website","url":"https:\/\/itemm.fr\/itemm\/","name":"Itemm","description":"Institut technologique europ\u00e9en des m\u00e9tiers de la musique au Mans (72)","publisher":{"@id":"https:\/\/itemm.fr\/itemm\/#organization"},"potentialAction":[{"@type":"SearchAction","target":{"@type":"EntryPoint","urlTemplate":"https:\/\/itemm.fr\/itemm\/?s={search_term_string}"},"query-input":{"@type":"PropertyValueSpecification","valueRequired":true,"valueName":"search_term_string"}}],"inLanguage":"fr-FR"},{"@type":"Organization","@id":"https:\/\/itemm.fr\/itemm\/#organization","name":"ITEMM","alternateName":"ITEMM","url":"https:\/\/itemm.fr\/itemm\/","logo":{"@type":"ImageObject","inLanguage":"fr-FR","@id":"https:\/\/itemm.fr\/itemm\/#\/schema\/logo\/image\/","url":"https:\/\/itemm.fr\/itemm\/wp-content\/uploads\/2021\/12\/logo-itemm-piano-on.png","contentUrl":"https:\/\/itemm.fr\/itemm\/wp-content\/uploads\/2021\/12\/logo-itemm-piano-on.png","width":446,"height":294,"caption":"ITEMM"},"image":{"@id":"https:\/\/itemm.fr\/itemm\/#\/schema\/logo\/image\/"},"sameAs":["https:\/\/www.facebook.com\/itemm.lemans","https:\/\/www.instagram.com\/itemmlemans\/","https:\/\/www.linkedin.com\/in\/itemm\/"]}]}},"_links":{"self":[{"href":"https:\/\/itemm.fr\/itemm\/wp-json\/wp\/v2\/pages\/21864","targetHints":{"allow":["GET"]}}],"collection":[{"href":"https:\/\/itemm.fr\/itemm\/wp-json\/wp\/v2\/pages"}],"about":[{"href":"https:\/\/itemm.fr\/itemm\/wp-json\/wp\/v2\/types\/page"}],"author":[{"embeddable":true,"href":"https:\/\/itemm.fr\/itemm\/wp-json\/wp\/v2\/users\/3004"}],"replies":[{"embeddable":true,"href":"https:\/\/itemm.fr\/itemm\/wp-json\/wp\/v2\/comments?post=21864"}],"version-history":[{"count":0,"href":"https:\/\/itemm.fr\/itemm\/wp-json\/wp\/v2\/pages\/21864\/revisions"}],"wp:attachment":[{"href":"https:\/\/itemm.fr\/itemm\/wp-json\/wp\/v2\/media?parent=21864"}],"wp:term":[{"taxonomy":"category","embeddable":true,"href":"https:\/\/itemm.fr\/itemm\/wp-json\/wp\/v2\/categories?post=21864"}],"curies":[{"name":"wp","href":"https:\/\/api.w.org\/{rel}","templated":true}]}}