{"id":21062,"date":"2020-09-21T12:19:26","date_gmt":"2020-09-21T10:19:26","guid":{"rendered":"https:\/\/itemm.fr\/itemm\/?page_id=21062"},"modified":"2026-02-09T14:48:52","modified_gmt":"2026-02-09T13:48:52","slug":"recherche-appliquee-organologie","status":"publish","type":"page","link":"https:\/\/itemm.fr\/itemm\/pole-dinnovation\/recherche\/recherche-appliquee-organologie\/","title":{"rendered":"Recherche appliqu\u00e9e organologie"},"content":{"rendered":"\t\t<div data-elementor-type=\"wp-page\" data-elementor-id=\"21062\" class=\"elementor elementor-21062\" data-elementor-post-type=\"page\">\n\t\t\t\t<div class=\"elementor-element elementor-element-2d6bd80a e-flex e-con-boxed e-con e-parent\" data-id=\"2d6bd80a\" data-element_type=\"container\" data-e-type=\"container\" data-settings=\"{&quot;ekit_has_onepagescroll_dot&quot;:&quot;yes&quot;}\">\n\t\t\t\t\t<div class=\"e-con-inner\">\n\t\t\t\t<div class=\"elementor-element elementor-element-1cc35af7 elementor-widget elementor-widget-theme-post-title elementor-page-title elementor-widget-heading\" data-id=\"1cc35af7\" data-element_type=\"widget\" data-e-type=\"widget\" data-settings=\"{&quot;ekit_we_effect_on&quot;:&quot;none&quot;}\" data-widget_type=\"theme-post-title.default\">\n\t\t\t\t\t<h2 class=\"elementor-heading-title elementor-size-default\">Recherche appliqu\u00e9e organologie<\/h2>\t\t\t\t<\/div>\n\t\t\t\t<div class=\"elementor-element elementor-element-2dafa21a elementor-align-center elementor-widget elementor-widget-post-info\" data-id=\"2dafa21a\" data-element_type=\"widget\" data-e-type=\"widget\" data-settings=\"{&quot;ekit_we_effect_on&quot;:&quot;none&quot;}\" data-widget_type=\"post-info.default\">\n\t\t\t\t\t\t\t<ul class=\"elementor-inline-items elementor-icon-list-items elementor-post-info\">\n\t\t\t\t\t\t\t\t<li class=\"elementor-icon-list-item elementor-repeater-item-7f530f1 elementor-inline-item\" itemprop=\"datePublished\">\n\t\t\t\t\t\t<a href=\"https:\/\/itemm.fr\/itemm\/2020\/09\/21\/\">\n\t\t\t\t\t\t\t\t\t\t\t<span class=\"elementor-icon-list-icon\">\n\t\t\t\t\t\t\t\t<i aria-hidden=\"true\" class=\"fas fa-calendar\"><\/i>\t\t\t\t\t\t\t<\/span>\n\t\t\t\t\t\t\t\t\t<span class=\"elementor-icon-list-text elementor-post-info__item elementor-post-info__item--type-date\">\n\t\t\t\t\t\t\t\t\t\t<time>21 septembre 2020<\/time>\t\t\t\t\t<\/span>\n\t\t\t\t\t\t\t\t\t<\/a>\n\t\t\t\t<\/li>\n\t\t\t\t<\/ul>\n\t\t\t\t\t\t<\/div>\n\t\t\t\t\t<\/div>\n\t\t\t\t<\/div>\n\t\t\t\t<section class=\"elementor-section elementor-top-section elementor-element elementor-element-2a75b63 elementor-section-boxed elementor-section-height-default elementor-section-height-default\" data-id=\"2a75b63\" data-element_type=\"section\" data-e-type=\"section\" data-settings=\"{&quot;ekit_has_onepagescroll_dot&quot;:&quot;yes&quot;}\">\n\t\t\t\t\t\t<div class=\"elementor-container elementor-column-gap-default\">\n\t\t\t\t\t<div class=\"elementor-column elementor-col-100 elementor-top-column elementor-element elementor-element-67c2d52\" data-id=\"67c2d52\" data-element_type=\"column\" data-e-type=\"column\">\n\t\t\t<div class=\"elementor-widget-wrap elementor-element-populated\">\n\t\t\t\t\t\t<div class=\"elementor-element elementor-element-a579575 elementor-widget elementor-widget-text-editor\" data-id=\"a579575\" data-element_type=\"widget\" data-e-type=\"widget\" data-settings=\"{&quot;ekit_we_effect_on&quot;:&quot;none&quot;}\" data-widget_type=\"text-editor.default\">\n\t\t\t\t\t\t\t\t\t<p><strong>Recherche appliqu\u00e9e Organologie<\/strong><\/p><p>Le P\u00f4le Recherche et Innovation participe \u00e0 des \u00e9tudes autour des instruments de musique, leur fabrication, conception, et le lien entre mati\u00e8re, comportement vibratoire et sonorit\u00e9.<\/p><p>En particulier,les domaines suivants sont \u00e9tudi\u00e9s :<\/p><ul><li>Dynamique : le comportement vibratoire des instruments, soit la propagation du son dans la mati\u00e8re solide<\/li><li>Statique : le comportement m\u00e9canique, soit la contrainte \u00e0 l&#8217;int\u00e9rieur de la mati\u00e8re, en fonction de la tension des cordes, de l&#8217;humidit\u00e9 relative et des pr\u00e9contraintes.<\/li><li>Acoustique : le champ acoustique rayonn\u00e9 par l&#8217;instrument (d\u00fb aux vibrations des plaques ou de la colonne d&#8217;air)<\/li><\/ul><p>Pour ce faire, des outils de mesures sont adapt\u00e9s puis transf\u00e9r\u00e9s aux fabricants, mais aussi des mod\u00e8les num\u00e9riques permettent de simuler le comportement m\u00e9canique et acoustique.<\/p><p>Ces d\u00e9veloppements permettent d&#8217;\u00eatre en appui aux \u00e9tudes pour approfondir la connaissances des instruments de musique, \u00e9tudier leur \u00e9volution et tester des hypoth\u00e8ses ou affirmations.<\/p><p style=\"text-align: center;\">\u00c9tude de cas de barrages de tables de guitare par mod\u00e9lisation. De gauche \u00e0 droite : vue de face, constante pour chaque cas, barrage type classique, barrage type folk, barrage type Selmer. Les mod\u00e8les sont utilis\u00e9s pour simuler le comportement vibratoire des tables de guitare. Le son de telles guitares et ensuite simul\u00e9. \u00c9tude effectu\u00e9e avec le LAUM.<\/p><p style=\"margin-left: 24pt; text-indent: -24.0pt;\">\u00a0<\/p>\t\t\t\t\t\t\t\t<\/div>\n\t\t\t\t<div class=\"elementor-element elementor-element-7caefd3 elementor-widget elementor-widget-heading\" data-id=\"7caefd3\" data-element_type=\"widget\" data-e-type=\"widget\" data-settings=\"{&quot;ekit_we_effect_on&quot;:&quot;none&quot;}\" data-widget_type=\"heading.default\">\n\t\t\t\t\t<h4 class=\"elementor-heading-title elementor-size-default\">Laboratoires partenaires :<\/h4>\t\t\t\t<\/div>\n\t\t\t\t<div class=\"elementor-element elementor-element-399972b elementor-widget elementor-widget-text-editor\" data-id=\"399972b\" data-element_type=\"widget\" data-e-type=\"widget\" data-settings=\"{&quot;ekit_we_effect_on&quot;:&quot;none&quot;}\" data-widget_type=\"text-editor.default\">\n\t\t\t\t\t\t\t\t\t<p><img decoding=\"async\" src=\"https:\/\/itemm.fr\/itemm\/wp-content\/uploads\/2020\/10\/LOGO_FEMTO-300x117.jpg\" alt=\"\" width=\"149\" height=\"58\" \/><img decoding=\"async\" src=\"https:\/\/itemm.fr\/itemm\/wp-content\/uploads\/2020\/10\/LOGO_LAUM-300x137.jpg\" alt=\"\" width=\"160\" height=\"73\" \/><\/p>\t\t\t\t\t\t\t\t<\/div>\n\t\t\t\t<div class=\"elementor-element elementor-element-ff88b62 elementor-widget elementor-widget-heading\" data-id=\"ff88b62\" data-element_type=\"widget\" data-e-type=\"widget\" data-settings=\"{&quot;ekit_we_effect_on&quot;:&quot;none&quot;}\" data-widget_type=\"heading.default\">\n\t\t\t\t\t<h4 class=\"elementor-heading-title elementor-size-default\">Publications r\u00e9centes :<\/h4>\t\t\t\t<\/div>\n\t\t\t\t<div class=\"elementor-element elementor-element-14d3ff4 elementor-widget elementor-widget-text-editor\" data-id=\"14d3ff4\" data-element_type=\"widget\" data-e-type=\"widget\" data-settings=\"{&quot;ekit_we_effect_on&quot;:&quot;none&quot;}\" data-widget_type=\"text-editor.default\">\n\t\t\t\t\t\t\t\t\t<p>R. Viala, V. Placet, S. Cogan, Model-based evidence of the dominance of the guitar brace design over material and climatic variability for dynamic behaviors, Appl. Acoust. 182 (2021) 108275. https:\/\/doi.org\/10.1016\/j.apacoust.2021.108275.<\/p><p>Viala, R., Perez, M. A., Placet, V., Manjon, A., Folt\u00eate, E., &amp; Cogan, S. (2020). Towards model-based approaches for musical instruments making: validation of the model of a Spanish guitar soundboard and characterization features proposal. <i>Applied Acoustics<\/i>, <i>172<\/i>, 107591. https:\/\/doi.org\/10.1016\/j.apacoust.2020.107591<\/p><p>Viala, R., Placet, V., &amp; Cogan, S. (2020). Simultaneous non-destructive identification of multiple elastic and damping properties of spruce tonewood to improve grading. <i>Journal of Cultural Heritage<\/i>, <i>42<\/i>, 108\u2013116. https:\/\/doi.org\/10.1016\/j.culher.2019.09.004<\/p><p>Viala, R., Placet, V., &amp; Cogan, S. (2019). Model-based quantification of the effect of wood modifications on the dynamics of the violin. <i>International Symposium on Music Acoustics, ISMA 2019<\/i>, (September).<\/p>\t\t\t\t\t\t\t\t<\/div>\n\t\t\t\t\t<\/div>\n\t\t<\/div>\n\t\t\t\t\t<\/div>\n\t\t<\/section>\n\t\t<div class=\"elementor-element elementor-element-53ff7235 e-flex e-con-boxed e-con e-parent\" data-id=\"53ff7235\" data-element_type=\"container\" data-e-type=\"container\" data-settings=\"{&quot;ekit_has_onepagescroll_dot&quot;:&quot;yes&quot;}\">\n\t\t\t\t\t<div class=\"e-con-inner\">\n\t\t\t\t<div class=\"elementor-element elementor-element-40bef769 elementor-widget elementor-widget-heading\" data-id=\"40bef769\" data-element_type=\"widget\" data-e-type=\"widget\" data-settings=\"{&quot;ekit_we_effect_on&quot;:&quot;none&quot;}\" data-widget_type=\"heading.default\">\n\t\t\t\t\t<h2 class=\"elementor-heading-title elementor-size-default\">Autres articles<\/h2>\t\t\t\t<\/div>\n\t\t\t\t<div class=\"elementor-element elementor-element-29c02d05 elementor-posts__hover-none elementor-grid-4 elementor-grid-tablet-2 elementor-grid-mobile-1 elementor-posts--thumbnail-top elementor-widget elementor-widget-posts\" data-id=\"29c02d05\" data-element_type=\"widget\" data-e-type=\"widget\" data-settings=\"{&quot;cards_row_gap&quot;:{&quot;unit&quot;:&quot;px&quot;,&quot;size&quot;:0,&quot;sizes&quot;:[]},&quot;cards_row_gap_tablet&quot;:{&quot;unit&quot;:&quot;px&quot;,&quot;size&quot;:71,&quot;sizes&quot;:[]},&quot;cards_row_gap_mobile&quot;:{&quot;unit&quot;:&quot;px&quot;,&quot;size&quot;:30,&quot;sizes&quot;:[]},&quot;cards_columns&quot;:&quot;4&quot;,&quot;cards_columns_tablet&quot;:&quot;2&quot;,&quot;cards_columns_mobile&quot;:&quot;1&quot;,&quot;ekit_we_effect_on&quot;:&quot;none&quot;}\" data-widget_type=\"posts.cards\">\n\t\t\t\t<div class=\"elementor-widget-container\">\n\t\t\t\t\t\t\t<div class=\"elementor-posts-container elementor-posts elementor-posts--skin-cards elementor-grid\" role=\"list\">\n\t\t\t\t<article class=\"elementor-post elementor-grid-item post-34323 post type-post status-publish format-standard has-post-thumbnail hentry category-innovation category-recherche-appliquee-organologie tag-prototypage tag-prototypage-virtuel\" role=\"listitem\">\n\t\t\t<div class=\"elementor-post__card\">\n\t\t\t\t<a class=\"elementor-post__thumbnail__link\" href=\"https:\/\/itemm.fr\/itemm\/prototypage-virtuel-3-entendre-des-guitares-virtuelles\/\" tabindex=\"-1\" ><div class=\"elementor-post__thumbnail\"><img fetchpriority=\"high\" decoding=\"async\" width=\"1920\" height=\"1080\" src=\"https:\/\/itemm.fr\/itemm\/wp-content\/uploads\/2022\/01\/prototypage-virtuel-3-entendre-des-guitares-virtuelles.jpg\" class=\"attachment-full size-full wp-image-34325\" alt=\"prototypage-virtuel-3-entendre-des-guitares-virtuelles\" srcset=\"https:\/\/itemm.fr\/itemm\/wp-content\/uploads\/2022\/01\/prototypage-virtuel-3-entendre-des-guitares-virtuelles.jpg 1920w, https:\/\/itemm.fr\/itemm\/wp-content\/uploads\/2022\/01\/prototypage-virtuel-3-entendre-des-guitares-virtuelles-600x338.jpg 600w, https:\/\/itemm.fr\/itemm\/wp-content\/uploads\/2022\/01\/prototypage-virtuel-3-entendre-des-guitares-virtuelles-300x169.jpg 300w, https:\/\/itemm.fr\/itemm\/wp-content\/uploads\/2022\/01\/prototypage-virtuel-3-entendre-des-guitares-virtuelles-1024x576.jpg 1024w, https:\/\/itemm.fr\/itemm\/wp-content\/uploads\/2022\/01\/prototypage-virtuel-3-entendre-des-guitares-virtuelles-768x432.jpg 768w, https:\/\/itemm.fr\/itemm\/wp-content\/uploads\/2022\/01\/prototypage-virtuel-3-entendre-des-guitares-virtuelles-1536x864.jpg 1536w\" sizes=\"(max-width: 1920px) 100vw, 1920px\" \/><\/div><\/a>\n\t\t\t\t<div class=\"elementor-post__text\">\n\t\t\t\t<h4 class=\"elementor-post__title\">\n\t\t\t<a href=\"https:\/\/itemm.fr\/itemm\/prototypage-virtuel-3-entendre-des-guitares-virtuelles\/\" >\n\t\t\t\tPrototypage virtuel #3 : entendre des guitares virtuelles\t\t\t<\/a>\n\t\t<\/h4>\n\t\t\n\t\t<a class=\"elementor-post__read-more\" href=\"https:\/\/itemm.fr\/itemm\/prototypage-virtuel-3-entendre-des-guitares-virtuelles\/\" aria-label=\"En savoir plus sur Prototypage virtuel #3 : entendre des guitares virtuelles\" tabindex=\"-1\" >\n\t\t\tLire l'article\t\t<\/a>\n\n\t\t\t\t<\/div>\n\t\t\t\t\t<\/div>\n\t\t<\/article>\n\t\t\t\t<article class=\"elementor-post elementor-grid-item post-33790 post type-post status-publish format-standard has-post-thumbnail hentry category-innovation category-recherche-appliquee-organologie tag-pole-innovation tag-projet-teach\" role=\"listitem\">\n\t\t\t<div class=\"elementor-post__card\">\n\t\t\t\t<a class=\"elementor-post__thumbnail__link\" href=\"https:\/\/itemm.fr\/itemm\/campagne-experimentale-pour-letude-du-geste-de-laccordeur-de-piano\/\" tabindex=\"-1\" ><div class=\"elementor-post__thumbnail\"><img loading=\"lazy\" decoding=\"async\" width=\"2560\" height=\"1422\" src=\"https:\/\/itemm.fr\/itemm\/wp-content\/uploads\/2021\/11\/Figure-2.png\" class=\"attachment-full size-full wp-image-33794\" alt=\"\" srcset=\"https:\/\/itemm.fr\/itemm\/wp-content\/uploads\/2021\/11\/Figure-2.png 2560w, https:\/\/itemm.fr\/itemm\/wp-content\/uploads\/2021\/11\/Figure-2-600x333.png 600w, https:\/\/itemm.fr\/itemm\/wp-content\/uploads\/2021\/11\/Figure-2-300x167.png 300w, https:\/\/itemm.fr\/itemm\/wp-content\/uploads\/2021\/11\/Figure-2-1024x569.png 1024w, https:\/\/itemm.fr\/itemm\/wp-content\/uploads\/2021\/11\/Figure-2-768x427.png 768w, https:\/\/itemm.fr\/itemm\/wp-content\/uploads\/2021\/11\/Figure-2-1536x853.png 1536w, https:\/\/itemm.fr\/itemm\/wp-content\/uploads\/2021\/11\/Figure-2-2048x1137.png 2048w\" sizes=\"(max-width: 2560px) 100vw, 2560px\" \/><\/div><\/a>\n\t\t\t\t<div class=\"elementor-post__text\">\n\t\t\t\t<h4 class=\"elementor-post__title\">\n\t\t\t<a href=\"https:\/\/itemm.fr\/itemm\/campagne-experimentale-pour-letude-du-geste-de-laccordeur-de-piano\/\" >\n\t\t\t\tCampagne exp\u00e9rimentale pour l\u2019\u00e9tude du geste de l\u2019accordeur de piano\t\t\t<\/a>\n\t\t<\/h4>\n\t\t\n\t\t<a class=\"elementor-post__read-more\" href=\"https:\/\/itemm.fr\/itemm\/campagne-experimentale-pour-letude-du-geste-de-laccordeur-de-piano\/\" aria-label=\"En savoir plus sur Campagne exp\u00e9rimentale pour l\u2019\u00e9tude du geste de l\u2019accordeur de piano\" tabindex=\"-1\" >\n\t\t\tLire l'article\t\t<\/a>\n\n\t\t\t\t<\/div>\n\t\t\t\t\t<\/div>\n\t\t<\/article>\n\t\t\t\t<article class=\"elementor-post elementor-grid-item post-28782 post type-post status-publish format-standard has-post-thumbnail hentry category-recherche-appliquee-organologie tag-prototypage-virtuel\" role=\"listitem\">\n\t\t\t<div class=\"elementor-post__card\">\n\t\t\t\t<a class=\"elementor-post__thumbnail__link\" href=\"https:\/\/itemm.fr\/itemm\/prototypage-virtuel-2-un-second-pas-vers-le-prototypage-virtuel-des-instruments\/\" tabindex=\"-1\" ><div class=\"elementor-post__thumbnail\"><img loading=\"lazy\" decoding=\"async\" width=\"1435\" height=\"713\" src=\"https:\/\/itemm.fr\/itemm\/wp-content\/uploads\/2021\/08\/Prototypage-virtuel-2.jpg\" class=\"attachment-full size-full wp-image-28594\" alt=\"Prototypage-virtuel-#2\" srcset=\"https:\/\/itemm.fr\/itemm\/wp-content\/uploads\/2021\/08\/Prototypage-virtuel-2.jpg 1435w, https:\/\/itemm.fr\/itemm\/wp-content\/uploads\/2021\/08\/Prototypage-virtuel-2-600x298.jpg 600w, https:\/\/itemm.fr\/itemm\/wp-content\/uploads\/2021\/08\/Prototypage-virtuel-2-300x149.jpg 300w, https:\/\/itemm.fr\/itemm\/wp-content\/uploads\/2021\/08\/Prototypage-virtuel-2-1024x509.jpg 1024w, https:\/\/itemm.fr\/itemm\/wp-content\/uploads\/2021\/08\/Prototypage-virtuel-2-768x382.jpg 768w\" sizes=\"(max-width: 1435px) 100vw, 1435px\" \/><\/div><\/a>\n\t\t\t\t<div class=\"elementor-post__text\">\n\t\t\t\t<h4 class=\"elementor-post__title\">\n\t\t\t<a href=\"https:\/\/itemm.fr\/itemm\/prototypage-virtuel-2-un-second-pas-vers-le-prototypage-virtuel-des-instruments\/\" >\n\t\t\t\tPrototypage virtuel #2 : Un second pas vers le prototypage virtuel des instruments\t\t\t<\/a>\n\t\t<\/h4>\n\t\t\n\t\t<a class=\"elementor-post__read-more\" href=\"https:\/\/itemm.fr\/itemm\/prototypage-virtuel-2-un-second-pas-vers-le-prototypage-virtuel-des-instruments\/\" aria-label=\"En savoir plus sur Prototypage virtuel #2 : Un second pas vers le prototypage virtuel des instruments\" tabindex=\"-1\" >\n\t\t\tLire l'article\t\t<\/a>\n\n\t\t\t\t<\/div>\n\t\t\t\t\t<\/div>\n\t\t<\/article>\n\t\t\t\t<\/div>\n\t\t\n\t\t\t\t\t\t<\/div>\n\t\t\t\t<\/div>\n\t\t\t\t\t<\/div>\n\t\t\t\t<\/div>\n\t\t\t\t<\/div>\n\t\t","protected":false},"excerpt":{"rendered":"<p>Recherche appliqu\u00e9e Organologie Le P\u00f4le Recherche et Innovation participe \u00e0 des \u00e9tudes autour des instruments de musique, leur fabrication, conception,<\/p>\n","protected":false},"author":3004,"featured_media":0,"parent":21017,"menu_order":0,"comment_status":"closed","ping_status":"closed","template":"","meta":{"_acf_changed":false,"footnotes":""},"categories":[],"class_list":["post-21062","page","type-page","status-publish","hentry"],"acf":[],"yoast_head":"<!-- This site is optimized with the Yoast SEO plugin v27.6 - https:\/\/yoast.com\/product\/yoast-seo-wordpress\/ -->\n<title>Recherche appliqu\u00e9e organologie | Itemm -<\/title>\n<meta name=\"robots\" content=\"index, follow, max-snippet:-1, max-image-preview:large, max-video-preview:-1\" \/>\n<link rel=\"canonical\" href=\"https:\/\/itemm.fr\/itemm\/pole-dinnovation\/recherche\/recherche-appliquee-organologie\/\" \/>\n<meta property=\"og:locale\" content=\"fr_FR\" \/>\n<meta property=\"og:type\" content=\"article\" \/>\n<meta property=\"og:title\" content=\"Recherche appliqu\u00e9e organologie | Itemm -\" \/>\n<meta property=\"og:description\" content=\"Recherche appliqu\u00e9e Organologie Le P\u00f4le Recherche et Innovation participe \u00e0 des \u00e9tudes autour des instruments de musique, leur fabrication, conception,\" \/>\n<meta property=\"og:url\" content=\"https:\/\/itemm.fr\/itemm\/pole-dinnovation\/recherche\/recherche-appliquee-organologie\/\" \/>\n<meta property=\"og:site_name\" content=\"Itemm -\" \/>\n<meta property=\"article:publisher\" content=\"https:\/\/www.facebook.com\/itemm.lemans\" \/>\n<meta property=\"article:modified_time\" content=\"2026-02-09T13:48:52+00:00\" \/>\n<meta property=\"og:image\" content=\"https:\/\/itemm.fr\/itemm\/wp-content\/uploads\/2020\/10\/LOGO_FEMTO-300x117.jpg\" \/>\n<script type=\"application\/ld+json\" class=\"yoast-schema-graph\">{\"@context\":\"https:\\\/\\\/schema.org\",\"@graph\":[{\"@type\":\"WebPage\",\"@id\":\"https:\\\/\\\/itemm.fr\\\/itemm\\\/pole-dinnovation\\\/recherche\\\/recherche-appliquee-organologie\\\/\",\"url\":\"https:\\\/\\\/itemm.fr\\\/itemm\\\/pole-dinnovation\\\/recherche\\\/recherche-appliquee-organologie\\\/\",\"name\":\"Recherche appliqu\u00e9e organologie | Itemm -\",\"isPartOf\":{\"@id\":\"https:\\\/\\\/itemm.fr\\\/itemm\\\/#website\"},\"primaryImageOfPage\":{\"@id\":\"https:\\\/\\\/itemm.fr\\\/itemm\\\/pole-dinnovation\\\/recherche\\\/recherche-appliquee-organologie\\\/#primaryimage\"},\"image\":{\"@id\":\"https:\\\/\\\/itemm.fr\\\/itemm\\\/pole-dinnovation\\\/recherche\\\/recherche-appliquee-organologie\\\/#primaryimage\"},\"thumbnailUrl\":\"https:\\\/\\\/itemm.fr\\\/itemm\\\/wp-content\\\/uploads\\\/2020\\\/10\\\/LOGO_FEMTO-300x117.jpg\",\"datePublished\":\"2020-09-21T10:19:26+00:00\",\"dateModified\":\"2026-02-09T13:48:52+00:00\",\"breadcrumb\":{\"@id\":\"https:\\\/\\\/itemm.fr\\\/itemm\\\/pole-dinnovation\\\/recherche\\\/recherche-appliquee-organologie\\\/#breadcrumb\"},\"inLanguage\":\"fr-FR\",\"potentialAction\":[{\"@type\":\"ReadAction\",\"target\":[\"https:\\\/\\\/itemm.fr\\\/itemm\\\/pole-dinnovation\\\/recherche\\\/recherche-appliquee-organologie\\\/\"]}]},{\"@type\":\"ImageObject\",\"inLanguage\":\"fr-FR\",\"@id\":\"https:\\\/\\\/itemm.fr\\\/itemm\\\/pole-dinnovation\\\/recherche\\\/recherche-appliquee-organologie\\\/#primaryimage\",\"url\":\"\",\"contentUrl\":\"\"},{\"@type\":\"BreadcrumbList\",\"@id\":\"https:\\\/\\\/itemm.fr\\\/itemm\\\/pole-dinnovation\\\/recherche\\\/recherche-appliquee-organologie\\\/#breadcrumb\",\"itemListElement\":[{\"@type\":\"ListItem\",\"position\":1,\"name\":\"Accueil\",\"item\":\"https:\\\/\\\/itemm.fr\\\/itemm\\\/\"},{\"@type\":\"ListItem\",\"position\":2,\"name\":\"P\u00f4le d&rsquo;innovation\",\"item\":\"https:\\\/\\\/itemm.fr\\\/itemm\\\/pole-dinnovation\\\/\"},{\"@type\":\"ListItem\",\"position\":3,\"name\":\"Recherche\",\"item\":\"https:\\\/\\\/itemm.fr\\\/itemm\\\/pole-dinnovation\\\/recherche\\\/\"},{\"@type\":\"ListItem\",\"position\":4,\"name\":\"Recherche appliqu\u00e9e organologie\"}]},{\"@type\":\"WebSite\",\"@id\":\"https:\\\/\\\/itemm.fr\\\/itemm\\\/#website\",\"url\":\"https:\\\/\\\/itemm.fr\\\/itemm\\\/\",\"name\":\"Itemm\",\"description\":\"Institut technologique europ\u00e9en des m\u00e9tiers de la musique au Mans (72)\",\"publisher\":{\"@id\":\"https:\\\/\\\/itemm.fr\\\/itemm\\\/#organization\"},\"potentialAction\":[{\"@type\":\"SearchAction\",\"target\":{\"@type\":\"EntryPoint\",\"urlTemplate\":\"https:\\\/\\\/itemm.fr\\\/itemm\\\/?s={search_term_string}\"},\"query-input\":{\"@type\":\"PropertyValueSpecification\",\"valueRequired\":true,\"valueName\":\"search_term_string\"}}],\"inLanguage\":\"fr-FR\"},{\"@type\":\"Organization\",\"@id\":\"https:\\\/\\\/itemm.fr\\\/itemm\\\/#organization\",\"name\":\"ITEMM\",\"alternateName\":\"ITEMM\",\"url\":\"https:\\\/\\\/itemm.fr\\\/itemm\\\/\",\"logo\":{\"@type\":\"ImageObject\",\"inLanguage\":\"fr-FR\",\"@id\":\"https:\\\/\\\/itemm.fr\\\/itemm\\\/#\\\/schema\\\/logo\\\/image\\\/\",\"url\":\"https:\\\/\\\/itemm.fr\\\/itemm\\\/wp-content\\\/uploads\\\/2021\\\/12\\\/logo-itemm-piano-on.png\",\"contentUrl\":\"https:\\\/\\\/itemm.fr\\\/itemm\\\/wp-content\\\/uploads\\\/2021\\\/12\\\/logo-itemm-piano-on.png\",\"width\":446,\"height\":294,\"caption\":\"ITEMM\"},\"image\":{\"@id\":\"https:\\\/\\\/itemm.fr\\\/itemm\\\/#\\\/schema\\\/logo\\\/image\\\/\"},\"sameAs\":[\"https:\\\/\\\/www.facebook.com\\\/itemm.lemans\",\"https:\\\/\\\/www.instagram.com\\\/itemmlemans\\\/\",\"https:\\\/\\\/www.linkedin.com\\\/in\\\/itemm\\\/\"]}]}<\/script>\n<!-- \/ Yoast SEO plugin. -->","yoast_head_json":{"title":"Recherche appliqu\u00e9e organologie | Itemm -","robots":{"index":"index","follow":"follow","max-snippet":"max-snippet:-1","max-image-preview":"max-image-preview:large","max-video-preview":"max-video-preview:-1"},"canonical":"https:\/\/itemm.fr\/itemm\/pole-dinnovation\/recherche\/recherche-appliquee-organologie\/","og_locale":"fr_FR","og_type":"article","og_title":"Recherche appliqu\u00e9e organologie | Itemm -","og_description":"Recherche appliqu\u00e9e Organologie Le P\u00f4le Recherche et Innovation participe \u00e0 des \u00e9tudes autour des instruments de musique, leur fabrication, conception,","og_url":"https:\/\/itemm.fr\/itemm\/pole-dinnovation\/recherche\/recherche-appliquee-organologie\/","og_site_name":"Itemm -","article_publisher":"https:\/\/www.facebook.com\/itemm.lemans","article_modified_time":"2026-02-09T13:48:52+00:00","og_image":[{"url":"https:\/\/itemm.fr\/itemm\/wp-content\/uploads\/2020\/10\/LOGO_FEMTO-300x117.jpg","type":"","width":"","height":""}],"schema":{"@context":"https:\/\/schema.org","@graph":[{"@type":"WebPage","@id":"https:\/\/itemm.fr\/itemm\/pole-dinnovation\/recherche\/recherche-appliquee-organologie\/","url":"https:\/\/itemm.fr\/itemm\/pole-dinnovation\/recherche\/recherche-appliquee-organologie\/","name":"Recherche appliqu\u00e9e organologie | Itemm -","isPartOf":{"@id":"https:\/\/itemm.fr\/itemm\/#website"},"primaryImageOfPage":{"@id":"https:\/\/itemm.fr\/itemm\/pole-dinnovation\/recherche\/recherche-appliquee-organologie\/#primaryimage"},"image":{"@id":"https:\/\/itemm.fr\/itemm\/pole-dinnovation\/recherche\/recherche-appliquee-organologie\/#primaryimage"},"thumbnailUrl":"https:\/\/itemm.fr\/itemm\/wp-content\/uploads\/2020\/10\/LOGO_FEMTO-300x117.jpg","datePublished":"2020-09-21T10:19:26+00:00","dateModified":"2026-02-09T13:48:52+00:00","breadcrumb":{"@id":"https:\/\/itemm.fr\/itemm\/pole-dinnovation\/recherche\/recherche-appliquee-organologie\/#breadcrumb"},"inLanguage":"fr-FR","potentialAction":[{"@type":"ReadAction","target":["https:\/\/itemm.fr\/itemm\/pole-dinnovation\/recherche\/recherche-appliquee-organologie\/"]}]},{"@type":"ImageObject","inLanguage":"fr-FR","@id":"https:\/\/itemm.fr\/itemm\/pole-dinnovation\/recherche\/recherche-appliquee-organologie\/#primaryimage","url":"","contentUrl":""},{"@type":"BreadcrumbList","@id":"https:\/\/itemm.fr\/itemm\/pole-dinnovation\/recherche\/recherche-appliquee-organologie\/#breadcrumb","itemListElement":[{"@type":"ListItem","position":1,"name":"Accueil","item":"https:\/\/itemm.fr\/itemm\/"},{"@type":"ListItem","position":2,"name":"P\u00f4le d&rsquo;innovation","item":"https:\/\/itemm.fr\/itemm\/pole-dinnovation\/"},{"@type":"ListItem","position":3,"name":"Recherche","item":"https:\/\/itemm.fr\/itemm\/pole-dinnovation\/recherche\/"},{"@type":"ListItem","position":4,"name":"Recherche appliqu\u00e9e organologie"}]},{"@type":"WebSite","@id":"https:\/\/itemm.fr\/itemm\/#website","url":"https:\/\/itemm.fr\/itemm\/","name":"Itemm","description":"Institut technologique europ\u00e9en des m\u00e9tiers de la musique au Mans (72)","publisher":{"@id":"https:\/\/itemm.fr\/itemm\/#organization"},"potentialAction":[{"@type":"SearchAction","target":{"@type":"EntryPoint","urlTemplate":"https:\/\/itemm.fr\/itemm\/?s={search_term_string}"},"query-input":{"@type":"PropertyValueSpecification","valueRequired":true,"valueName":"search_term_string"}}],"inLanguage":"fr-FR"},{"@type":"Organization","@id":"https:\/\/itemm.fr\/itemm\/#organization","name":"ITEMM","alternateName":"ITEMM","url":"https:\/\/itemm.fr\/itemm\/","logo":{"@type":"ImageObject","inLanguage":"fr-FR","@id":"https:\/\/itemm.fr\/itemm\/#\/schema\/logo\/image\/","url":"https:\/\/itemm.fr\/itemm\/wp-content\/uploads\/2021\/12\/logo-itemm-piano-on.png","contentUrl":"https:\/\/itemm.fr\/itemm\/wp-content\/uploads\/2021\/12\/logo-itemm-piano-on.png","width":446,"height":294,"caption":"ITEMM"},"image":{"@id":"https:\/\/itemm.fr\/itemm\/#\/schema\/logo\/image\/"},"sameAs":["https:\/\/www.facebook.com\/itemm.lemans","https:\/\/www.instagram.com\/itemmlemans\/","https:\/\/www.linkedin.com\/in\/itemm\/"]}]}},"_links":{"self":[{"href":"https:\/\/itemm.fr\/itemm\/wp-json\/wp\/v2\/pages\/21062","targetHints":{"allow":["GET"]}}],"collection":[{"href":"https:\/\/itemm.fr\/itemm\/wp-json\/wp\/v2\/pages"}],"about":[{"href":"https:\/\/itemm.fr\/itemm\/wp-json\/wp\/v2\/types\/page"}],"author":[{"embeddable":true,"href":"https:\/\/itemm.fr\/itemm\/wp-json\/wp\/v2\/users\/3004"}],"replies":[{"embeddable":true,"href":"https:\/\/itemm.fr\/itemm\/wp-json\/wp\/v2\/comments?post=21062"}],"version-history":[{"count":0,"href":"https:\/\/itemm.fr\/itemm\/wp-json\/wp\/v2\/pages\/21062\/revisions"}],"up":[{"embeddable":true,"href":"https:\/\/itemm.fr\/itemm\/wp-json\/wp\/v2\/pages\/21017"}],"wp:attachment":[{"href":"https:\/\/itemm.fr\/itemm\/wp-json\/wp\/v2\/media?parent=21062"}],"wp:term":[{"taxonomy":"category","embeddable":true,"href":"https:\/\/itemm.fr\/itemm\/wp-json\/wp\/v2\/categories?post=21062"}],"curies":[{"name":"wp","href":"https:\/\/api.w.org\/{rel}","templated":true}]}}