{"id":21056,"date":"2020-09-21T12:17:46","date_gmt":"2020-09-21T10:17:46","guid":{"rendered":"https:\/\/itemm.fr\/itemm\/?page_id=21056"},"modified":"2026-02-09T14:40:02","modified_gmt":"2026-02-09T13:40:02","slug":"recherche-appliquee-procedes","status":"publish","type":"page","link":"https:\/\/itemm.fr\/itemm\/pole-dinnovation\/recherche\/recherche-appliquee-procedes\/","title":{"rendered":"Recherche appliqu\u00e9e proc\u00e9d\u00e9s"},"content":{"rendered":"\t\t<div data-elementor-type=\"wp-page\" data-elementor-id=\"21056\" class=\"elementor elementor-21056\" data-elementor-post-type=\"page\">\n\t\t\t\t<div class=\"elementor-element elementor-element-7682dff3 e-flex e-con-boxed e-con e-parent\" data-id=\"7682dff3\" data-element_type=\"container\" data-e-type=\"container\" data-settings=\"{&quot;ekit_has_onepagescroll_dot&quot;:&quot;yes&quot;}\">\n\t\t\t\t\t<div class=\"e-con-inner\">\n\t\t\t\t<div class=\"elementor-element elementor-element-54d8f366 elementor-widget elementor-widget-theme-post-title elementor-page-title elementor-widget-heading\" data-id=\"54d8f366\" data-element_type=\"widget\" data-e-type=\"widget\" data-settings=\"{&quot;ekit_we_effect_on&quot;:&quot;none&quot;}\" data-widget_type=\"theme-post-title.default\">\n\t\t\t\t\t<h2 class=\"elementor-heading-title elementor-size-default\">Recherche appliqu\u00e9e proc\u00e9d\u00e9s<\/h2>\t\t\t\t<\/div>\n\t\t\t\t<div class=\"elementor-element elementor-element-1a0385a2 elementor-align-center elementor-widget elementor-widget-post-info\" data-id=\"1a0385a2\" data-element_type=\"widget\" data-e-type=\"widget\" data-settings=\"{&quot;ekit_we_effect_on&quot;:&quot;none&quot;}\" data-widget_type=\"post-info.default\">\n\t\t\t\t\t\t\t<ul class=\"elementor-inline-items elementor-icon-list-items elementor-post-info\">\n\t\t\t\t\t\t\t\t<li class=\"elementor-icon-list-item elementor-repeater-item-7f530f1 elementor-inline-item\" itemprop=\"datePublished\">\n\t\t\t\t\t\t<a href=\"https:\/\/itemm.fr\/itemm\/2020\/09\/21\/\">\n\t\t\t\t\t\t\t\t\t\t\t<span class=\"elementor-icon-list-icon\">\n\t\t\t\t\t\t\t\t<i aria-hidden=\"true\" class=\"fas fa-calendar\"><\/i>\t\t\t\t\t\t\t<\/span>\n\t\t\t\t\t\t\t\t\t<span class=\"elementor-icon-list-text elementor-post-info__item elementor-post-info__item--type-date\">\n\t\t\t\t\t\t\t\t\t\t<time>21 septembre 2020<\/time>\t\t\t\t\t<\/span>\n\t\t\t\t\t\t\t\t\t<\/a>\n\t\t\t\t<\/li>\n\t\t\t\t<\/ul>\n\t\t\t\t\t\t<\/div>\n\t\t\t\t\t<\/div>\n\t\t\t\t<\/div>\n\t\t\t\t<section class=\"elementor-section elementor-top-section elementor-element elementor-element-a8378ee elementor-section-boxed elementor-section-height-default elementor-section-height-default\" data-id=\"a8378ee\" data-element_type=\"section\" data-e-type=\"section\" data-settings=\"{&quot;ekit_has_onepagescroll_dot&quot;:&quot;yes&quot;}\">\n\t\t\t\t\t\t<div class=\"elementor-container elementor-column-gap-default\">\n\t\t\t\t\t<div class=\"elementor-column elementor-col-100 elementor-top-column elementor-element elementor-element-d12fc4a\" data-id=\"d12fc4a\" data-element_type=\"column\" data-e-type=\"column\">\n\t\t\t<div class=\"elementor-widget-wrap elementor-element-populated\">\n\t\t\t\t\t\t<div class=\"elementor-element elementor-element-9f158b3 elementor-widget elementor-widget-text-editor\" data-id=\"9f158b3\" data-element_type=\"widget\" data-e-type=\"widget\" data-settings=\"{&quot;ekit_we_effect_on&quot;:&quot;none&quot;}\" data-widget_type=\"text-editor.default\">\n\t\t\t\t\t\t\t\t\t<p><strong>L&#8217;ITEMM, p\u00f4le Recherche et Innovation est engag\u00e9 avec les organismes de recherche et d\u00e9veloppement pour transf\u00e9rer des proc\u00e9d\u00e9s de fabrication issus de la recherche ou utilis\u00e9s dans l&#8217;industrie de pointe pour la facture instrumentale. Depuis 2020, les activit\u00e9s sur les proc\u00e9d\u00e9s se concentrent sur :<\/strong><\/p>\t\t\t\t\t\t\t\t<\/div>\n\t\t\t\t<div class=\"elementor-element elementor-element-8d0b4f3 elementor-position-left elementor-vertical-align-top elementor-widget elementor-widget-image-box\" data-id=\"8d0b4f3\" data-element_type=\"widget\" data-e-type=\"widget\" data-settings=\"{&quot;ekit_we_effect_on&quot;:&quot;none&quot;}\" data-widget_type=\"image-box.default\">\n\t\t\t\t\t<div class=\"elementor-image-box-wrapper\"><figure class=\"elementor-image-box-img\"><img decoding=\"async\" src=\"https:\/\/itemm.fr\/itemm\/wp-content\/uploads\/elementor\/thumbs\/impression-3D-recherche-developpement-itemm-r77jeg1x2yxr9cuokuoeilok76nfcwsgdiy2r0g140.jpg\" title=\"impression-3D-recherche-developpement-itemm\" alt=\"impression-3D-recherche-developpement-itemm\" loading=\"lazy\" \/><\/figure><div class=\"elementor-image-box-content\"><h4 class=\"elementor-image-box-title\">Fabrication additive<\/h4><p class=\"elementor-image-box-description\">La fabrication additive par d\u00e9p\u00f4t de fil fondu (impression 3D) : nous fabriquons des prototypes et outils sp\u00e9cifiques \u00e0 la facture instrumentale avec des imprimantes de l'ITEMM<\/p><\/div><\/div>\t\t\t\t<\/div>\n\t\t\t\t<div class=\"elementor-element elementor-element-61bbbb2 elementor-position-left elementor-vertical-align-top elementor-widget elementor-widget-image-box\" data-id=\"61bbbb2\" data-element_type=\"widget\" data-e-type=\"widget\" data-settings=\"{&quot;ekit_we_effect_on&quot;:&quot;none&quot;}\" data-widget_type=\"image-box.default\">\n\t\t\t\t\t<div class=\"elementor-image-box-wrapper\"><figure class=\"elementor-image-box-img\"><img decoding=\"async\" src=\"https:\/\/itemm.fr\/itemm\/wp-content\/uploads\/2020\/10\/Soudage_1.png\" title=\"\" alt=\"\" loading=\"lazy\" \/><\/figure><div class=\"elementor-image-box-content\"><h4 class=\"elementor-image-box-title\">Soudage du bois <\/h4><p class=\"elementor-image-box-description\">Le soudage du bois : nous testons avec une \u00e9quipe de l'institut FEMTO-ST la compatibilit\u00e9 des diff\u00e9rentes essences et d\u00e9bits dans le cadre d'une op\u00e9ration de soudage du bois, appliqu\u00e9e au instruments de musique<\/p><\/div><\/div>\t\t\t\t<\/div>\n\t\t\t\t<div class=\"elementor-element elementor-element-25d66a3 elementor-position-left elementor-vertical-align-top elementor-widget elementor-widget-image-box\" data-id=\"25d66a3\" data-element_type=\"widget\" data-e-type=\"widget\" data-settings=\"{&quot;ekit_we_effect_on&quot;:&quot;none&quot;}\" data-widget_type=\"image-box.default\">\n\t\t\t\t\t<div class=\"elementor-image-box-wrapper\"><figure class=\"elementor-image-box-img\"><img decoding=\"async\" src=\"https:\/\/itemm.fr\/itemm\/wp-content\/uploads\/2020\/10\/COMP_VIDE-scaled.jpg\" title=\"\" alt=\"\" loading=\"lazy\" \/><\/figure><div class=\"elementor-image-box-content\"><h4 class=\"elementor-image-box-title\">Composites sandwichs<\/h4><p class=\"elementor-image-box-description\">La fabrication de composites sandwichs \u00e0 base de fibres de lin sous vide, avec des \u00e9quipements de l'ITEMM<\/p><\/div><\/div>\t\t\t\t<\/div>\n\t\t\t\t\t<\/div>\n\t\t<\/div>\n\t\t\t\t\t<\/div>\n\t\t<\/section>\n\t\t<div class=\"elementor-element elementor-element-72627318 e-flex e-con-boxed e-con e-parent\" data-id=\"72627318\" data-element_type=\"container\" data-e-type=\"container\" data-settings=\"{&quot;ekit_has_onepagescroll_dot&quot;:&quot;yes&quot;}\">\n\t\t\t\t\t<div class=\"e-con-inner\">\n\t\t\t\t<div class=\"elementor-element elementor-element-56526bac elementor-widget elementor-widget-heading\" data-id=\"56526bac\" data-element_type=\"widget\" data-e-type=\"widget\" data-settings=\"{&quot;ekit_we_effect_on&quot;:&quot;none&quot;}\" data-widget_type=\"heading.default\">\n\t\t\t\t\t<h2 class=\"elementor-heading-title elementor-size-default\">Autres articles<\/h2>\t\t\t\t<\/div>\n\t\t\t\t<div class=\"elementor-element elementor-element-70f1207f elementor-posts__hover-none elementor-grid-4 elementor-grid-tablet-2 elementor-grid-mobile-1 elementor-posts--thumbnail-top elementor-widget elementor-widget-posts\" data-id=\"70f1207f\" data-element_type=\"widget\" data-e-type=\"widget\" data-settings=\"{&quot;cards_row_gap&quot;:{&quot;unit&quot;:&quot;px&quot;,&quot;size&quot;:0,&quot;sizes&quot;:[]},&quot;cards_row_gap_tablet&quot;:{&quot;unit&quot;:&quot;px&quot;,&quot;size&quot;:71,&quot;sizes&quot;:[]},&quot;cards_row_gap_mobile&quot;:{&quot;unit&quot;:&quot;px&quot;,&quot;size&quot;:30,&quot;sizes&quot;:[]},&quot;cards_columns&quot;:&quot;4&quot;,&quot;cards_columns_tablet&quot;:&quot;2&quot;,&quot;cards_columns_mobile&quot;:&quot;1&quot;,&quot;ekit_we_effect_on&quot;:&quot;none&quot;}\" data-widget_type=\"posts.cards\">\n\t\t\t\t<div class=\"elementor-widget-container\">\n\t\t\t\t\t\t\t<div class=\"elementor-posts-container elementor-posts elementor-posts--skin-cards elementor-grid\" role=\"list\">\n\t\t\t\t<article class=\"elementor-post elementor-grid-item post-33866 post type-post status-publish format-standard has-post-thumbnail hentry category-innovation category-recherche-appliquee-materiaux category-recherche-appliquee-procedes\" role=\"listitem\">\n\t\t\t<div class=\"elementor-post__card\">\n\t\t\t\t<a class=\"elementor-post__thumbnail__link\" href=\"https:\/\/itemm.fr\/itemm\/a-linterieur-du-bois-impression-3d-et-anatomie-du-bois-de-lutherie-exemple-a-visee-pedagogique\/\" tabindex=\"-1\" ><div class=\"elementor-post__thumbnail\"><img fetchpriority=\"high\" decoding=\"async\" width=\"2000\" height=\"1127\" src=\"https:\/\/itemm.fr\/itemm\/wp-content\/uploads\/2022\/02\/impression-bois-7.jpg\" class=\"attachment-full size-full wp-image-34027\" alt=\"\" srcset=\"https:\/\/itemm.fr\/itemm\/wp-content\/uploads\/2022\/02\/impression-bois-7.jpg 2000w, https:\/\/itemm.fr\/itemm\/wp-content\/uploads\/2022\/02\/impression-bois-7-600x338.jpg 600w, https:\/\/itemm.fr\/itemm\/wp-content\/uploads\/2022\/02\/impression-bois-7-300x169.jpg 300w, https:\/\/itemm.fr\/itemm\/wp-content\/uploads\/2022\/02\/impression-bois-7-1024x577.jpg 1024w, https:\/\/itemm.fr\/itemm\/wp-content\/uploads\/2022\/02\/impression-bois-7-768x433.jpg 768w, https:\/\/itemm.fr\/itemm\/wp-content\/uploads\/2022\/02\/impression-bois-7-1536x866.jpg 1536w\" sizes=\"(max-width: 2000px) 100vw, 2000px\" \/><\/div><\/a>\n\t\t\t\t<div class=\"elementor-post__text\">\n\t\t\t\t<h4 class=\"elementor-post__title\">\n\t\t\t<a href=\"https:\/\/itemm.fr\/itemm\/a-linterieur-du-bois-impression-3d-et-anatomie-du-bois-de-lutherie-exemple-a-visee-pedagogique\/\" >\n\t\t\t\t\u00c0 l\u2019int\u00e9rieur du bois Impression 3D et anatomie du bois de lutherie\t\t\t<\/a>\n\t\t<\/h4>\n\t\t\n\t\t<a class=\"elementor-post__read-more\" href=\"https:\/\/itemm.fr\/itemm\/a-linterieur-du-bois-impression-3d-et-anatomie-du-bois-de-lutherie-exemple-a-visee-pedagogique\/\" aria-label=\"En savoir plus sur \u00c0 l\u2019int\u00e9rieur du bois Impression 3D et anatomie du bois de lutherie\" tabindex=\"-1\" >\n\t\t\tLire l'article\t\t<\/a>\n\n\t\t\t\t<\/div>\n\t\t\t\t\t<\/div>\n\t\t<\/article>\n\t\t\t\t<\/div>\n\t\t\n\t\t\t\t\t\t<\/div>\n\t\t\t\t<\/div>\n\t\t\t\t\t<\/div>\n\t\t\t\t<\/div>\n\t\t\t\t<\/div>\n\t\t","protected":false},"excerpt":{"rendered":"<p>L&#8217;ITEMM, p\u00f4le Recherche et Innovation est engag\u00e9 avec les organismes de recherche et d\u00e9veloppement pour transf\u00e9rer des proc\u00e9d\u00e9s de fabrication<\/p>\n","protected":false},"author":3004,"featured_media":0,"parent":21017,"menu_order":0,"comment_status":"closed","ping_status":"closed","template":"","meta":{"_acf_changed":false,"footnotes":""},"categories":[],"class_list":["post-21056","page","type-page","status-publish","hentry"],"acf":[],"yoast_head":"<!-- This site is optimized with the Yoast SEO plugin v27.3 - https:\/\/yoast.com\/product\/yoast-seo-wordpress\/ -->\n<title>Recherche appliqu\u00e9e proc\u00e9d\u00e9s | Itemm -<\/title>\n<meta name=\"robots\" content=\"index, follow, max-snippet:-1, max-image-preview:large, max-video-preview:-1\" \/>\n<link rel=\"canonical\" href=\"https:\/\/itemm.fr\/itemm\/pole-dinnovation\/recherche\/recherche-appliquee-procedes\/\" \/>\n<meta property=\"og:locale\" content=\"fr_FR\" \/>\n<meta property=\"og:type\" content=\"article\" \/>\n<meta property=\"og:title\" content=\"Recherche appliqu\u00e9e proc\u00e9d\u00e9s | Itemm -\" \/>\n<meta property=\"og:description\" content=\"L&#8217;ITEMM, p\u00f4le Recherche et Innovation est engag\u00e9 avec les organismes de recherche et d\u00e9veloppement pour transf\u00e9rer des proc\u00e9d\u00e9s de fabrication\" \/>\n<meta property=\"og:url\" content=\"https:\/\/itemm.fr\/itemm\/pole-dinnovation\/recherche\/recherche-appliquee-procedes\/\" \/>\n<meta property=\"og:site_name\" content=\"Itemm -\" \/>\n<meta property=\"article:publisher\" content=\"https:\/\/www.facebook.com\/itemm.lemans\" \/>\n<meta property=\"article:modified_time\" content=\"2026-02-09T13:40:02+00:00\" \/>\n<meta property=\"og:image\" content=\"https:\/\/itemm.fr\/itemm\/wp-content\/uploads\/elementor\/thumbs\/impression-3D-recherche-developpement-itemm-r77jeg1x2yxr9cuokuoeilok76nfcwsgdiy2r0g140.jpg\" \/>\n<script type=\"application\/ld+json\" class=\"yoast-schema-graph\">{\"@context\":\"https:\\\/\\\/schema.org\",\"@graph\":[{\"@type\":\"WebPage\",\"@id\":\"https:\\\/\\\/itemm.fr\\\/itemm\\\/pole-dinnovation\\\/recherche\\\/recherche-appliquee-procedes\\\/\",\"url\":\"https:\\\/\\\/itemm.fr\\\/itemm\\\/pole-dinnovation\\\/recherche\\\/recherche-appliquee-procedes\\\/\",\"name\":\"Recherche appliqu\u00e9e proc\u00e9d\u00e9s | Itemm -\",\"isPartOf\":{\"@id\":\"https:\\\/\\\/itemm.fr\\\/itemm\\\/#website\"},\"primaryImageOfPage\":{\"@id\":\"https:\\\/\\\/itemm.fr\\\/itemm\\\/pole-dinnovation\\\/recherche\\\/recherche-appliquee-procedes\\\/#primaryimage\"},\"image\":{\"@id\":\"https:\\\/\\\/itemm.fr\\\/itemm\\\/pole-dinnovation\\\/recherche\\\/recherche-appliquee-procedes\\\/#primaryimage\"},\"thumbnailUrl\":\"https:\\\/\\\/itemm.fr\\\/itemm\\\/wp-content\\\/uploads\\\/elementor\\\/thumbs\\\/impression-3D-recherche-developpement-itemm-r77jeg1x2yxr9cuokuoeilok76nfcwsgdiy2r0g140.jpg\",\"datePublished\":\"2020-09-21T10:17:46+00:00\",\"dateModified\":\"2026-02-09T13:40:02+00:00\",\"breadcrumb\":{\"@id\":\"https:\\\/\\\/itemm.fr\\\/itemm\\\/pole-dinnovation\\\/recherche\\\/recherche-appliquee-procedes\\\/#breadcrumb\"},\"inLanguage\":\"fr-FR\",\"potentialAction\":[{\"@type\":\"ReadAction\",\"target\":[\"https:\\\/\\\/itemm.fr\\\/itemm\\\/pole-dinnovation\\\/recherche\\\/recherche-appliquee-procedes\\\/\"]}]},{\"@type\":\"ImageObject\",\"inLanguage\":\"fr-FR\",\"@id\":\"https:\\\/\\\/itemm.fr\\\/itemm\\\/pole-dinnovation\\\/recherche\\\/recherche-appliquee-procedes\\\/#primaryimage\",\"url\":\"https:\\\/\\\/itemm.fr\\\/itemm\\\/wp-content\\\/uploads\\\/elementor\\\/thumbs\\\/impression-3D-recherche-developpement-itemm-r77jeg1x2yxr9cuokuoeilok76nfcwsgdiy2r0g140.jpg\",\"contentUrl\":\"https:\\\/\\\/itemm.fr\\\/itemm\\\/wp-content\\\/uploads\\\/elementor\\\/thumbs\\\/impression-3D-recherche-developpement-itemm-r77jeg1x2yxr9cuokuoeilok76nfcwsgdiy2r0g140.jpg\"},{\"@type\":\"BreadcrumbList\",\"@id\":\"https:\\\/\\\/itemm.fr\\\/itemm\\\/pole-dinnovation\\\/recherche\\\/recherche-appliquee-procedes\\\/#breadcrumb\",\"itemListElement\":[{\"@type\":\"ListItem\",\"position\":1,\"name\":\"Accueil\",\"item\":\"https:\\\/\\\/itemm.fr\\\/itemm\\\/\"},{\"@type\":\"ListItem\",\"position\":2,\"name\":\"P\u00f4le d&rsquo;innovation\",\"item\":\"https:\\\/\\\/itemm.fr\\\/itemm\\\/pole-dinnovation\\\/\"},{\"@type\":\"ListItem\",\"position\":3,\"name\":\"Recherche\",\"item\":\"https:\\\/\\\/itemm.fr\\\/itemm\\\/pole-dinnovation\\\/recherche\\\/\"},{\"@type\":\"ListItem\",\"position\":4,\"name\":\"Recherche appliqu\u00e9e proc\u00e9d\u00e9s\"}]},{\"@type\":\"WebSite\",\"@id\":\"https:\\\/\\\/itemm.fr\\\/itemm\\\/#website\",\"url\":\"https:\\\/\\\/itemm.fr\\\/itemm\\\/\",\"name\":\"Itemm\",\"description\":\"Institut technologique europ\u00e9en des m\u00e9tiers de la musique au Mans (72)\",\"publisher\":{\"@id\":\"https:\\\/\\\/itemm.fr\\\/itemm\\\/#organization\"},\"potentialAction\":[{\"@type\":\"SearchAction\",\"target\":{\"@type\":\"EntryPoint\",\"urlTemplate\":\"https:\\\/\\\/itemm.fr\\\/itemm\\\/?s={search_term_string}\"},\"query-input\":{\"@type\":\"PropertyValueSpecification\",\"valueRequired\":true,\"valueName\":\"search_term_string\"}}],\"inLanguage\":\"fr-FR\"},{\"@type\":\"Organization\",\"@id\":\"https:\\\/\\\/itemm.fr\\\/itemm\\\/#organization\",\"name\":\"ITEMM\",\"alternateName\":\"ITEMM\",\"url\":\"https:\\\/\\\/itemm.fr\\\/itemm\\\/\",\"logo\":{\"@type\":\"ImageObject\",\"inLanguage\":\"fr-FR\",\"@id\":\"https:\\\/\\\/itemm.fr\\\/itemm\\\/#\\\/schema\\\/logo\\\/image\\\/\",\"url\":\"https:\\\/\\\/itemm.fr\\\/itemm\\\/wp-content\\\/uploads\\\/2021\\\/12\\\/logo-itemm-piano-on.png\",\"contentUrl\":\"https:\\\/\\\/itemm.fr\\\/itemm\\\/wp-content\\\/uploads\\\/2021\\\/12\\\/logo-itemm-piano-on.png\",\"width\":446,\"height\":294,\"caption\":\"ITEMM\"},\"image\":{\"@id\":\"https:\\\/\\\/itemm.fr\\\/itemm\\\/#\\\/schema\\\/logo\\\/image\\\/\"},\"sameAs\":[\"https:\\\/\\\/www.facebook.com\\\/itemm.lemans\",\"https:\\\/\\\/www.instagram.com\\\/itemmlemans\\\/\",\"https:\\\/\\\/www.linkedin.com\\\/in\\\/itemm\\\/\"]}]}<\/script>\n<!-- \/ Yoast SEO plugin. -->","yoast_head_json":{"title":"Recherche appliqu\u00e9e proc\u00e9d\u00e9s | Itemm -","robots":{"index":"index","follow":"follow","max-snippet":"max-snippet:-1","max-image-preview":"max-image-preview:large","max-video-preview":"max-video-preview:-1"},"canonical":"https:\/\/itemm.fr\/itemm\/pole-dinnovation\/recherche\/recherche-appliquee-procedes\/","og_locale":"fr_FR","og_type":"article","og_title":"Recherche appliqu\u00e9e proc\u00e9d\u00e9s | Itemm -","og_description":"L&#8217;ITEMM, p\u00f4le Recherche et Innovation est engag\u00e9 avec les organismes de recherche et d\u00e9veloppement pour transf\u00e9rer des proc\u00e9d\u00e9s de fabrication","og_url":"https:\/\/itemm.fr\/itemm\/pole-dinnovation\/recherche\/recherche-appliquee-procedes\/","og_site_name":"Itemm -","article_publisher":"https:\/\/www.facebook.com\/itemm.lemans","article_modified_time":"2026-02-09T13:40:02+00:00","og_image":[{"url":"https:\/\/itemm.fr\/itemm\/wp-content\/uploads\/elementor\/thumbs\/impression-3D-recherche-developpement-itemm-r77jeg1x2yxr9cuokuoeilok76nfcwsgdiy2r0g140.jpg","type":"","width":"","height":""}],"schema":{"@context":"https:\/\/schema.org","@graph":[{"@type":"WebPage","@id":"https:\/\/itemm.fr\/itemm\/pole-dinnovation\/recherche\/recherche-appliquee-procedes\/","url":"https:\/\/itemm.fr\/itemm\/pole-dinnovation\/recherche\/recherche-appliquee-procedes\/","name":"Recherche appliqu\u00e9e proc\u00e9d\u00e9s | Itemm -","isPartOf":{"@id":"https:\/\/itemm.fr\/itemm\/#website"},"primaryImageOfPage":{"@id":"https:\/\/itemm.fr\/itemm\/pole-dinnovation\/recherche\/recherche-appliquee-procedes\/#primaryimage"},"image":{"@id":"https:\/\/itemm.fr\/itemm\/pole-dinnovation\/recherche\/recherche-appliquee-procedes\/#primaryimage"},"thumbnailUrl":"https:\/\/itemm.fr\/itemm\/wp-content\/uploads\/elementor\/thumbs\/impression-3D-recherche-developpement-itemm-r77jeg1x2yxr9cuokuoeilok76nfcwsgdiy2r0g140.jpg","datePublished":"2020-09-21T10:17:46+00:00","dateModified":"2026-02-09T13:40:02+00:00","breadcrumb":{"@id":"https:\/\/itemm.fr\/itemm\/pole-dinnovation\/recherche\/recherche-appliquee-procedes\/#breadcrumb"},"inLanguage":"fr-FR","potentialAction":[{"@type":"ReadAction","target":["https:\/\/itemm.fr\/itemm\/pole-dinnovation\/recherche\/recherche-appliquee-procedes\/"]}]},{"@type":"ImageObject","inLanguage":"fr-FR","@id":"https:\/\/itemm.fr\/itemm\/pole-dinnovation\/recherche\/recherche-appliquee-procedes\/#primaryimage","url":"https:\/\/itemm.fr\/itemm\/wp-content\/uploads\/elementor\/thumbs\/impression-3D-recherche-developpement-itemm-r77jeg1x2yxr9cuokuoeilok76nfcwsgdiy2r0g140.jpg","contentUrl":"https:\/\/itemm.fr\/itemm\/wp-content\/uploads\/elementor\/thumbs\/impression-3D-recherche-developpement-itemm-r77jeg1x2yxr9cuokuoeilok76nfcwsgdiy2r0g140.jpg"},{"@type":"BreadcrumbList","@id":"https:\/\/itemm.fr\/itemm\/pole-dinnovation\/recherche\/recherche-appliquee-procedes\/#breadcrumb","itemListElement":[{"@type":"ListItem","position":1,"name":"Accueil","item":"https:\/\/itemm.fr\/itemm\/"},{"@type":"ListItem","position":2,"name":"P\u00f4le d&rsquo;innovation","item":"https:\/\/itemm.fr\/itemm\/pole-dinnovation\/"},{"@type":"ListItem","position":3,"name":"Recherche","item":"https:\/\/itemm.fr\/itemm\/pole-dinnovation\/recherche\/"},{"@type":"ListItem","position":4,"name":"Recherche appliqu\u00e9e proc\u00e9d\u00e9s"}]},{"@type":"WebSite","@id":"https:\/\/itemm.fr\/itemm\/#website","url":"https:\/\/itemm.fr\/itemm\/","name":"Itemm","description":"Institut technologique europ\u00e9en des m\u00e9tiers de la musique au Mans (72)","publisher":{"@id":"https:\/\/itemm.fr\/itemm\/#organization"},"potentialAction":[{"@type":"SearchAction","target":{"@type":"EntryPoint","urlTemplate":"https:\/\/itemm.fr\/itemm\/?s={search_term_string}"},"query-input":{"@type":"PropertyValueSpecification","valueRequired":true,"valueName":"search_term_string"}}],"inLanguage":"fr-FR"},{"@type":"Organization","@id":"https:\/\/itemm.fr\/itemm\/#organization","name":"ITEMM","alternateName":"ITEMM","url":"https:\/\/itemm.fr\/itemm\/","logo":{"@type":"ImageObject","inLanguage":"fr-FR","@id":"https:\/\/itemm.fr\/itemm\/#\/schema\/logo\/image\/","url":"https:\/\/itemm.fr\/itemm\/wp-content\/uploads\/2021\/12\/logo-itemm-piano-on.png","contentUrl":"https:\/\/itemm.fr\/itemm\/wp-content\/uploads\/2021\/12\/logo-itemm-piano-on.png","width":446,"height":294,"caption":"ITEMM"},"image":{"@id":"https:\/\/itemm.fr\/itemm\/#\/schema\/logo\/image\/"},"sameAs":["https:\/\/www.facebook.com\/itemm.lemans","https:\/\/www.instagram.com\/itemmlemans\/","https:\/\/www.linkedin.com\/in\/itemm\/"]}]}},"_links":{"self":[{"href":"https:\/\/itemm.fr\/itemm\/wp-json\/wp\/v2\/pages\/21056","targetHints":{"allow":["GET"]}}],"collection":[{"href":"https:\/\/itemm.fr\/itemm\/wp-json\/wp\/v2\/pages"}],"about":[{"href":"https:\/\/itemm.fr\/itemm\/wp-json\/wp\/v2\/types\/page"}],"author":[{"embeddable":true,"href":"https:\/\/itemm.fr\/itemm\/wp-json\/wp\/v2\/users\/3004"}],"replies":[{"embeddable":true,"href":"https:\/\/itemm.fr\/itemm\/wp-json\/wp\/v2\/comments?post=21056"}],"version-history":[{"count":0,"href":"https:\/\/itemm.fr\/itemm\/wp-json\/wp\/v2\/pages\/21056\/revisions"}],"up":[{"embeddable":true,"href":"https:\/\/itemm.fr\/itemm\/wp-json\/wp\/v2\/pages\/21017"}],"wp:attachment":[{"href":"https:\/\/itemm.fr\/itemm\/wp-json\/wp\/v2\/media?parent=21056"}],"wp:term":[{"taxonomy":"category","embeddable":true,"href":"https:\/\/itemm.fr\/itemm\/wp-json\/wp\/v2\/categories?post=21056"}],"curies":[{"name":"wp","href":"https:\/\/api.w.org\/{rel}","templated":true}]}}