{"id":19262,"date":"2020-02-07T11:25:10","date_gmt":"2020-02-07T10:25:10","guid":{"rendered":"https:\/\/itemm.fr\/itemm\/?page_id=19262"},"modified":"2025-10-15T11:17:18","modified_gmt":"2025-10-15T09:17:18","slug":"recrutement","status":"publish","type":"page","link":"https:\/\/itemm.fr\/itemm\/recrutement\/","title":{"rendered":"Recrutement"},"content":{"rendered":"\t\t<div data-elementor-type=\"wp-page\" data-elementor-id=\"19262\" class=\"elementor elementor-19262\" data-elementor-post-type=\"page\">\n\t\t\t\t\t\t<section class=\"elementor-section elementor-top-section elementor-element elementor-element-2b07720b elementor-section-boxed elementor-section-height-default elementor-section-height-default\" data-id=\"2b07720b\" data-element_type=\"section\" data-e-type=\"section\" data-settings=\"{&quot;ekit_has_onepagescroll_dot&quot;:&quot;yes&quot;}\">\n\t\t\t\t\t\t<div class=\"elementor-container elementor-column-gap-default\">\n\t\t\t\t\t<div class=\"elementor-column elementor-col-50 elementor-top-column elementor-element elementor-element-19677b3a\" data-id=\"19677b3a\" data-element_type=\"column\" data-e-type=\"column\">\n\t\t\t<div class=\"elementor-widget-wrap elementor-element-populated\">\n\t\t\t\t\t\t<div class=\"elementor-element elementor-element-4f491277 elementor-widget elementor-widget-theme-post-title elementor-page-title elementor-widget-heading\" data-id=\"4f491277\" data-element_type=\"widget\" data-e-type=\"widget\" data-settings=\"{&quot;ekit_we_effect_on&quot;:&quot;none&quot;}\" data-widget_type=\"theme-post-title.default\">\n\t\t\t\t\t<h1 class=\"elementor-heading-title elementor-size-default\">Recrutement<\/h1>\t\t\t\t<\/div>\n\t\t\t\t<div class=\"elementor-element elementor-element-41ab2db elementor-widget elementor-widget-text-editor\" data-id=\"41ab2db\" data-element_type=\"widget\" data-e-type=\"widget\" data-settings=\"{&quot;ekit_we_effect_on&quot;:&quot;none&quot;}\" data-widget_type=\"text-editor.default\">\n\t\t\t\t\t\t\t\t\t<p>Envie d\u2019\u00e9voluer dans un environnement dans lequel la musique, la technique et la p\u00e9dagogie se rencontrent ?<br \/>\u00c0 l\u2019ITEMM, nous valorisons la collaboration, la cr\u00e9ativit\u00e9 et le partage des savoirs. Travailler ici, c\u2019est rejoindre une \u00e9quipe passionn\u00e9e au service des m\u00e9tiers de la musique, dans un cadre humain et stimulant.<\/p><p>Les atouts :<\/p><ul><li>Un environnement de travail cr\u00e9atif, verdoyant,&#8230;<\/li><li>Des projets p\u00e9dagogiques \/ innovation auxquels participer<\/li><li>Une \u00e9quipe passionn\u00e9e<\/li><li><span style=\"word-spacing: normal;\">T\u00e9l\u00e9travail possible<\/span><\/li><\/ul>\t\t\t\t\t\t\t\t<\/div>\n\t\t\t\t<div class=\"elementor-element elementor-element-27dbfdb6 elementor-widget elementor-widget-text-editor\" data-id=\"27dbfdb6\" data-element_type=\"widget\" data-e-type=\"widget\" data-settings=\"{&quot;ekit_we_effect_on&quot;:&quot;none&quot;}\" data-widget_type=\"text-editor.default\">\n\t\t\t\t\t\t\t\t\t<p><strong>Vous souhaitez d\u00e9poser une candidature spontan\u00e9e pour un emploi, un stage<\/strong>, transmettez-nous votre CV et votre lettre de motivation sur ressources.humaines@itemm.fr<\/p>\t\t\t\t\t\t\t\t<\/div>\n\t\t\t\t\t<\/div>\n\t\t<\/div>\n\t\t\t\t<div class=\"elementor-column elementor-col-50 elementor-top-column elementor-element elementor-element-3f7cbef8\" data-id=\"3f7cbef8\" data-element_type=\"column\" data-e-type=\"column\">\n\t\t\t<div class=\"elementor-widget-wrap elementor-element-populated\">\n\t\t\t\t\t\t<div class=\"elementor-element elementor-element-5e533d1c elementor-invisible elementor-widget elementor-widget-theme-post-featured-image elementor-widget-image\" data-id=\"5e533d1c\" data-element_type=\"widget\" data-e-type=\"widget\" data-settings=\"{&quot;_animation&quot;:&quot;fadeInDown&quot;,&quot;ekit_we_effect_on&quot;:&quot;none&quot;}\" data-widget_type=\"theme-post-featured-image.default\">\n\t\t\t\t\t\t\t\t\t\t\t\t\t\t\t<img fetchpriority=\"high\" decoding=\"async\" width=\"1536\" height=\"1097\" src=\"https:\/\/itemm.fr\/itemm\/wp-content\/uploads\/2023\/04\/vecteezy_hiring-employee-open-recruitment-concept-job-vacancy_20811045-1536x1097.webp\" class=\"attachment-1536x1536 size-1536x1536 wp-image-48567\" alt=\"\" srcset=\"https:\/\/itemm.fr\/itemm\/wp-content\/uploads\/2023\/04\/vecteezy_hiring-employee-open-recruitment-concept-job-vacancy_20811045-1536x1097.webp 1536w, https:\/\/itemm.fr\/itemm\/wp-content\/uploads\/2023\/04\/vecteezy_hiring-employee-open-recruitment-concept-job-vacancy_20811045-jpg-600x428.webp 600w, https:\/\/itemm.fr\/itemm\/wp-content\/uploads\/2023\/04\/vecteezy_hiring-employee-open-recruitment-concept-job-vacancy_20811045-300x214.webp 300w, https:\/\/itemm.fr\/itemm\/wp-content\/uploads\/2023\/04\/vecteezy_hiring-employee-open-recruitment-concept-job-vacancy_20811045-1024x731.webp 1024w, https:\/\/itemm.fr\/itemm\/wp-content\/uploads\/2023\/04\/vecteezy_hiring-employee-open-recruitment-concept-job-vacancy_20811045-768x548.webp 768w, https:\/\/itemm.fr\/itemm\/wp-content\/uploads\/2023\/04\/vecteezy_hiring-employee-open-recruitment-concept-job-vacancy_20811045-jpg.webp 1920w\" sizes=\"(max-width: 1536px) 100vw, 1536px\" \/>\t\t\t\t\t\t\t\t\t\t\t\t\t\t\t<\/div>\n\t\t\t\t\t<\/div>\n\t\t<\/div>\n\t\t\t\t\t<\/div>\n\t\t<\/section>\n\t\t\t\t<section class=\"elementor-section elementor-top-section elementor-element elementor-element-2509f5e1 elementor-section-stretched elementor-section-boxed elementor-section-height-default elementor-section-height-default\" data-id=\"2509f5e1\" data-element_type=\"section\" data-e-type=\"section\" data-settings=\"{&quot;stretch_section&quot;:&quot;section-stretched&quot;,&quot;background_background&quot;:&quot;classic&quot;,&quot;ekit_has_onepagescroll_dot&quot;:&quot;yes&quot;}\">\n\t\t\t\t\t\t<div class=\"elementor-container elementor-column-gap-default\">\n\t\t\t\t\t<div class=\"elementor-column elementor-col-100 elementor-top-column elementor-element elementor-element-1023835c\" data-id=\"1023835c\" data-element_type=\"column\" data-e-type=\"column\">\n\t\t\t<div class=\"elementor-widget-wrap elementor-element-populated\">\n\t\t\t\t\t\t<div class=\"elementor-element elementor-element-f11ad76 elementor-widget elementor-widget-heading\" data-id=\"f11ad76\" data-element_type=\"widget\" data-e-type=\"widget\" data-settings=\"{&quot;ekit_we_effect_on&quot;:&quot;none&quot;}\" data-widget_type=\"heading.default\">\n\t\t\t\t\t<h2 class=\"elementor-heading-title elementor-size-default\">Offres propos\u00e9es<\/h2>\t\t\t\t<\/div>\n\t\t\t\t<div class=\"elementor-element elementor-element-75eda3f elementor-grid-3 elementor-grid-tablet-2 elementor-grid-mobile-1 elementor-posts--thumbnail-top elementor-widget elementor-widget-posts\" data-id=\"75eda3f\" data-element_type=\"widget\" data-e-type=\"widget\" data-settings=\"{&quot;classic_columns&quot;:&quot;3&quot;,&quot;classic_columns_tablet&quot;:&quot;2&quot;,&quot;classic_columns_mobile&quot;:&quot;1&quot;,&quot;classic_row_gap&quot;:{&quot;unit&quot;:&quot;px&quot;,&quot;size&quot;:35,&quot;sizes&quot;:[]},&quot;classic_row_gap_tablet&quot;:{&quot;unit&quot;:&quot;px&quot;,&quot;size&quot;:&quot;&quot;,&quot;sizes&quot;:[]},&quot;classic_row_gap_mobile&quot;:{&quot;unit&quot;:&quot;px&quot;,&quot;size&quot;:&quot;&quot;,&quot;sizes&quot;:[]},&quot;ekit_we_effect_on&quot;:&quot;none&quot;}\" data-widget_type=\"posts.classic\">\n\t\t\t\t<div class=\"elementor-widget-container\">\n\t\t\t\t\t\t\t<div class=\"elementor-posts-container elementor-posts elementor-posts--skin-classic elementor-grid\" role=\"list\">\n\t\t\t\t<article class=\"elementor-post elementor-grid-item post-61863 post type-post status-publish format-standard has-post-thumbnail hentry category-actualites category-recrutement tag-formation-continue tag-recrutement category-2197 category-2085 description-off\" role=\"listitem\">\n\t\t\t\t<a class=\"elementor-post__thumbnail__link\" href=\"https:\/\/itemm.fr\/itemm\/rejoignez-litemm-responsable-formation-professionelle-continue\/\" tabindex=\"-1\" >\n\t\t\t<div class=\"elementor-post__thumbnail\"><img decoding=\"async\" width=\"1024\" height=\"576\" src=\"https:\/\/itemm.fr\/itemm\/wp-content\/uploads\/2022\/02\/pablita-perfect-candidates-cv-found-1024x576.png\" class=\"attachment-large size-large wp-image-46271\" alt=\"\" srcset=\"https:\/\/itemm.fr\/itemm\/wp-content\/uploads\/2022\/02\/pablita-perfect-candidates-cv-found-1024x576.png 1024w, https:\/\/itemm.fr\/itemm\/wp-content\/uploads\/2022\/02\/pablita-perfect-candidates-cv-found-600x337.png 600w, https:\/\/itemm.fr\/itemm\/wp-content\/uploads\/2022\/02\/pablita-perfect-candidates-cv-found-300x169.png 300w, https:\/\/itemm.fr\/itemm\/wp-content\/uploads\/2022\/02\/pablita-perfect-candidates-cv-found-768x432.png 768w, https:\/\/itemm.fr\/itemm\/wp-content\/uploads\/2022\/02\/pablita-perfect-candidates-cv-found-1536x864.png 1536w, https:\/\/itemm.fr\/itemm\/wp-content\/uploads\/2022\/02\/pablita-perfect-candidates-cv-found.png 1622w\" sizes=\"(max-width: 1024px) 100vw, 1024px\" \/><\/div>\n\t\t<\/a>\n\t\t\t\t<div class=\"elementor-post__text\">\n\t\t\t\t<h3 class=\"elementor-post__title\">\n\t\t\t<a href=\"https:\/\/itemm.fr\/itemm\/rejoignez-litemm-responsable-formation-professionelle-continue\/\" >\n\t\t\t\tRejoignez l&#8217;ITEMM : Responsable Formation professionelle continue H\/F-CDI\t\t\t<\/a>\n\t\t<\/h3>\n\t\t\t\t<div class=\"elementor-post__excerpt\">\n\t\t\t<p>L&#8217;ITEMM recherche son\/sa future Responsable Formation Professionnelle Continue<\/p>\n\t\t<\/div>\n\t\t\n\t\t<a class=\"elementor-post__read-more\" href=\"https:\/\/itemm.fr\/itemm\/rejoignez-litemm-responsable-formation-professionelle-continue\/\" aria-label=\"En savoir plus sur Rejoignez l&#8217;ITEMM : Responsable Formation professionelle continue H\/F-CDI\" tabindex=\"-1\" >\n\t\t\tLire plus \u00bb\t\t<\/a>\n\n\t\t\t\t<\/div>\n\t\t\t\t<\/article>\n\t\t\t\t<article class=\"elementor-post elementor-grid-item post-61833 post type-post status-publish format-standard has-post-thumbnail hentry category-actualites category-recrutement tag-emploi category-2197 category-2085 description-off\" role=\"listitem\">\n\t\t\t\t<a class=\"elementor-post__thumbnail__link\" href=\"https:\/\/itemm.fr\/itemm\/litemm-responsable-pole-innovation-materiaux-instruments-de-musique\/\" tabindex=\"-1\" >\n\t\t\t<div class=\"elementor-post__thumbnail\"><img decoding=\"async\" width=\"1024\" height=\"576\" src=\"https:\/\/itemm.fr\/itemm\/wp-content\/uploads\/2022\/02\/pablita-perfect-candidates-cv-found-1024x576.png\" class=\"attachment-large size-large wp-image-46271\" alt=\"\" srcset=\"https:\/\/itemm.fr\/itemm\/wp-content\/uploads\/2022\/02\/pablita-perfect-candidates-cv-found-1024x576.png 1024w, https:\/\/itemm.fr\/itemm\/wp-content\/uploads\/2022\/02\/pablita-perfect-candidates-cv-found-600x337.png 600w, https:\/\/itemm.fr\/itemm\/wp-content\/uploads\/2022\/02\/pablita-perfect-candidates-cv-found-300x169.png 300w, https:\/\/itemm.fr\/itemm\/wp-content\/uploads\/2022\/02\/pablita-perfect-candidates-cv-found-768x432.png 768w, https:\/\/itemm.fr\/itemm\/wp-content\/uploads\/2022\/02\/pablita-perfect-candidates-cv-found-1536x864.png 1536w, https:\/\/itemm.fr\/itemm\/wp-content\/uploads\/2022\/02\/pablita-perfect-candidates-cv-found.png 1622w\" sizes=\"(max-width: 1024px) 100vw, 1024px\" \/><\/div>\n\t\t<\/a>\n\t\t\t\t<div class=\"elementor-post__text\">\n\t\t\t\t<h3 class=\"elementor-post__title\">\n\t\t\t<a href=\"https:\/\/itemm.fr\/itemm\/litemm-responsable-pole-innovation-materiaux-instruments-de-musique\/\" >\n\t\t\t\tRejoignez l\u2019ITEMM : Responsable du P\u00f4le Innovation (H\/F) #SoundOfScience\t\t\t<\/a>\n\t\t<\/h3>\n\t\t\t\t<div class=\"elementor-post__excerpt\">\n\t\t\t<p>\u00c0 la crois\u00e9e de la recherche scientifique et de la facture instrumentale, vous pilotez les projets qui dessinent la musique de demain. Votre mission ? Allier expertise technique (mat\u00e9riaux, bois, acoustique) et d\u00e9veloppement strat\u00e9gique pour faire rayonner l&#8217;innovation au sein de notre institut.<\/p>\n\t\t<\/div>\n\t\t\n\t\t<a class=\"elementor-post__read-more\" href=\"https:\/\/itemm.fr\/itemm\/litemm-responsable-pole-innovation-materiaux-instruments-de-musique\/\" aria-label=\"En savoir plus sur Rejoignez l\u2019ITEMM : Responsable du P\u00f4le Innovation (H\/F) #SoundOfScience\" tabindex=\"-1\" >\n\t\t\tLire plus \u00bb\t\t<\/a>\n\n\t\t\t\t<\/div>\n\t\t\t\t<\/article>\n\t\t\t\t<\/div>\n\t\t\n\t\t\t\t\t\t<\/div>\n\t\t\t\t<\/div>\n\t\t\t\t\t<\/div>\n\t\t<\/div>\n\t\t\t\t\t<\/div>\n\t\t<\/section>\n\t\t\t\t<\/div>\n\t\t","protected":false},"excerpt":{"rendered":"<p>Envie d\u2019\u00e9voluer dans un environnement dans lequel la musique, la technique et la p\u00e9dagogie se rencontrent ?\u00c0 l\u2019ITEMM, nous valorisons la collaboration, la cr\u00e9ativit\u00e9 et le partage des savoirs. Travailler ici, c\u2019est rejoindre une \u00e9quipe passionn\u00e9e au service des m\u00e9tiers de la musique, dans un cadre humain et stimulant. Les atouts : Un environnement de&hellip;<\/p>\n","protected":false},"author":3004,"featured_media":48567,"parent":0,"menu_order":0,"comment_status":"closed","ping_status":"closed","template":"","meta":{"_acf_changed":false,"footnotes":""},"categories":[],"class_list":["post-19262","page","type-page","status-publish","has-post-thumbnail","hentry","category-2197","category-2085","description-off"],"acf":[],"yoast_head":"<!-- This site is optimized with the Yoast SEO plugin v27.4 - https:\/\/yoast.com\/product\/yoast-seo-wordpress\/ -->\n<title>Recrutement | Itemm -<\/title>\n<meta name=\"robots\" content=\"index, follow, max-snippet:-1, max-image-preview:large, max-video-preview:-1\" \/>\n<link rel=\"canonical\" href=\"https:\/\/itemm.fr\/itemm\/recrutement\/\" \/>\n<meta property=\"og:locale\" content=\"fr_FR\" \/>\n<meta property=\"og:type\" content=\"article\" \/>\n<meta property=\"og:title\" content=\"Recrutement | Itemm -\" \/>\n<meta property=\"og:description\" content=\"Envie d\u2019\u00e9voluer dans un environnement dans lequel la musique, la technique et la p\u00e9dagogie se rencontrent ?\u00c0 l\u2019ITEMM, nous valorisons la collaboration, la cr\u00e9ativit\u00e9 et le partage des savoirs. Travailler ici, c\u2019est rejoindre une \u00e9quipe passionn\u00e9e au service des m\u00e9tiers de la musique, dans un cadre humain et stimulant. Les atouts : Un environnement de&hellip;\" \/>\n<meta property=\"og:url\" content=\"https:\/\/itemm.fr\/itemm\/recrutement\/\" \/>\n<meta property=\"og:site_name\" content=\"Itemm -\" \/>\n<meta property=\"article:publisher\" content=\"https:\/\/www.facebook.com\/itemm.lemans\" \/>\n<meta property=\"article:modified_time\" content=\"2025-10-15T09:17:18+00:00\" \/>\n<meta property=\"og:image\" content=\"https:\/\/itemm.fr\/itemm\/wp-content\/uploads\/2023\/04\/vecteezy_hiring-employee-open-recruitment-concept-job-vacancy_20811045-jpg.webp\" \/>\n\t<meta property=\"og:image:width\" content=\"1920\" \/>\n\t<meta property=\"og:image:height\" content=\"1371\" \/>\n\t<meta property=\"og:image:type\" content=\"image\/jpeg\" \/>\n<script type=\"application\/ld+json\" class=\"yoast-schema-graph\">{\"@context\":\"https:\\\/\\\/schema.org\",\"@graph\":[{\"@type\":\"WebPage\",\"@id\":\"https:\\\/\\\/itemm.fr\\\/itemm\\\/recrutement\\\/\",\"url\":\"https:\\\/\\\/itemm.fr\\\/itemm\\\/recrutement\\\/\",\"name\":\"Recrutement | Itemm -\",\"isPartOf\":{\"@id\":\"https:\\\/\\\/itemm.fr\\\/itemm\\\/#website\"},\"primaryImageOfPage\":{\"@id\":\"https:\\\/\\\/itemm.fr\\\/itemm\\\/recrutement\\\/#primaryimage\"},\"image\":{\"@id\":\"https:\\\/\\\/itemm.fr\\\/itemm\\\/recrutement\\\/#primaryimage\"},\"thumbnailUrl\":\"https:\\\/\\\/itemm.fr\\\/itemm\\\/wp-content\\\/uploads\\\/2023\\\/04\\\/vecteezy_hiring-employee-open-recruitment-concept-job-vacancy_20811045-jpg.webp\",\"datePublished\":\"2020-02-07T10:25:10+00:00\",\"dateModified\":\"2025-10-15T09:17:18+00:00\",\"breadcrumb\":{\"@id\":\"https:\\\/\\\/itemm.fr\\\/itemm\\\/recrutement\\\/#breadcrumb\"},\"inLanguage\":\"fr-FR\",\"potentialAction\":[{\"@type\":\"ReadAction\",\"target\":[\"https:\\\/\\\/itemm.fr\\\/itemm\\\/recrutement\\\/\"]}]},{\"@type\":\"ImageObject\",\"inLanguage\":\"fr-FR\",\"@id\":\"https:\\\/\\\/itemm.fr\\\/itemm\\\/recrutement\\\/#primaryimage\",\"url\":\"https:\\\/\\\/itemm.fr\\\/itemm\\\/wp-content\\\/uploads\\\/2023\\\/04\\\/vecteezy_hiring-employee-open-recruitment-concept-job-vacancy_20811045-jpg.webp\",\"contentUrl\":\"https:\\\/\\\/itemm.fr\\\/itemm\\\/wp-content\\\/uploads\\\/2023\\\/04\\\/vecteezy_hiring-employee-open-recruitment-concept-job-vacancy_20811045-jpg.webp\",\"width\":1920,\"height\":1371},{\"@type\":\"BreadcrumbList\",\"@id\":\"https:\\\/\\\/itemm.fr\\\/itemm\\\/recrutement\\\/#breadcrumb\",\"itemListElement\":[{\"@type\":\"ListItem\",\"position\":1,\"name\":\"Accueil\",\"item\":\"https:\\\/\\\/itemm.fr\\\/itemm\\\/\"},{\"@type\":\"ListItem\",\"position\":2,\"name\":\"Recrutement\"}]},{\"@type\":\"WebSite\",\"@id\":\"https:\\\/\\\/itemm.fr\\\/itemm\\\/#website\",\"url\":\"https:\\\/\\\/itemm.fr\\\/itemm\\\/\",\"name\":\"Itemm\",\"description\":\"Institut technologique europ\u00e9en des m\u00e9tiers de la musique au Mans (72)\",\"publisher\":{\"@id\":\"https:\\\/\\\/itemm.fr\\\/itemm\\\/#organization\"},\"potentialAction\":[{\"@type\":\"SearchAction\",\"target\":{\"@type\":\"EntryPoint\",\"urlTemplate\":\"https:\\\/\\\/itemm.fr\\\/itemm\\\/?s={search_term_string}\"},\"query-input\":{\"@type\":\"PropertyValueSpecification\",\"valueRequired\":true,\"valueName\":\"search_term_string\"}}],\"inLanguage\":\"fr-FR\"},{\"@type\":\"Organization\",\"@id\":\"https:\\\/\\\/itemm.fr\\\/itemm\\\/#organization\",\"name\":\"ITEMM\",\"alternateName\":\"ITEMM\",\"url\":\"https:\\\/\\\/itemm.fr\\\/itemm\\\/\",\"logo\":{\"@type\":\"ImageObject\",\"inLanguage\":\"fr-FR\",\"@id\":\"https:\\\/\\\/itemm.fr\\\/itemm\\\/#\\\/schema\\\/logo\\\/image\\\/\",\"url\":\"https:\\\/\\\/itemm.fr\\\/itemm\\\/wp-content\\\/uploads\\\/2021\\\/12\\\/logo-itemm-piano-on.png\",\"contentUrl\":\"https:\\\/\\\/itemm.fr\\\/itemm\\\/wp-content\\\/uploads\\\/2021\\\/12\\\/logo-itemm-piano-on.png\",\"width\":446,\"height\":294,\"caption\":\"ITEMM\"},\"image\":{\"@id\":\"https:\\\/\\\/itemm.fr\\\/itemm\\\/#\\\/schema\\\/logo\\\/image\\\/\"},\"sameAs\":[\"https:\\\/\\\/www.facebook.com\\\/itemm.lemans\",\"https:\\\/\\\/www.instagram.com\\\/itemmlemans\\\/\",\"https:\\\/\\\/www.linkedin.com\\\/in\\\/itemm\\\/\"]}]}<\/script>\n<!-- \/ Yoast SEO plugin. -->","yoast_head_json":{"title":"Recrutement | Itemm -","robots":{"index":"index","follow":"follow","max-snippet":"max-snippet:-1","max-image-preview":"max-image-preview:large","max-video-preview":"max-video-preview:-1"},"canonical":"https:\/\/itemm.fr\/itemm\/recrutement\/","og_locale":"fr_FR","og_type":"article","og_title":"Recrutement | Itemm -","og_description":"Envie d\u2019\u00e9voluer dans un environnement dans lequel la musique, la technique et la p\u00e9dagogie se rencontrent ?\u00c0 l\u2019ITEMM, nous valorisons la collaboration, la cr\u00e9ativit\u00e9 et le partage des savoirs. Travailler ici, c\u2019est rejoindre une \u00e9quipe passionn\u00e9e au service des m\u00e9tiers de la musique, dans un cadre humain et stimulant. Les atouts : Un environnement de&hellip;","og_url":"https:\/\/itemm.fr\/itemm\/recrutement\/","og_site_name":"Itemm -","article_publisher":"https:\/\/www.facebook.com\/itemm.lemans","article_modified_time":"2025-10-15T09:17:18+00:00","og_image":[{"width":1920,"height":1371,"url":"https:\/\/itemm.fr\/itemm\/wp-content\/uploads\/2023\/04\/vecteezy_hiring-employee-open-recruitment-concept-job-vacancy_20811045-jpg.webp","type":"image\/jpeg"}],"schema":{"@context":"https:\/\/schema.org","@graph":[{"@type":"WebPage","@id":"https:\/\/itemm.fr\/itemm\/recrutement\/","url":"https:\/\/itemm.fr\/itemm\/recrutement\/","name":"Recrutement | Itemm -","isPartOf":{"@id":"https:\/\/itemm.fr\/itemm\/#website"},"primaryImageOfPage":{"@id":"https:\/\/itemm.fr\/itemm\/recrutement\/#primaryimage"},"image":{"@id":"https:\/\/itemm.fr\/itemm\/recrutement\/#primaryimage"},"thumbnailUrl":"https:\/\/itemm.fr\/itemm\/wp-content\/uploads\/2023\/04\/vecteezy_hiring-employee-open-recruitment-concept-job-vacancy_20811045-jpg.webp","datePublished":"2020-02-07T10:25:10+00:00","dateModified":"2025-10-15T09:17:18+00:00","breadcrumb":{"@id":"https:\/\/itemm.fr\/itemm\/recrutement\/#breadcrumb"},"inLanguage":"fr-FR","potentialAction":[{"@type":"ReadAction","target":["https:\/\/itemm.fr\/itemm\/recrutement\/"]}]},{"@type":"ImageObject","inLanguage":"fr-FR","@id":"https:\/\/itemm.fr\/itemm\/recrutement\/#primaryimage","url":"https:\/\/itemm.fr\/itemm\/wp-content\/uploads\/2023\/04\/vecteezy_hiring-employee-open-recruitment-concept-job-vacancy_20811045-jpg.webp","contentUrl":"https:\/\/itemm.fr\/itemm\/wp-content\/uploads\/2023\/04\/vecteezy_hiring-employee-open-recruitment-concept-job-vacancy_20811045-jpg.webp","width":1920,"height":1371},{"@type":"BreadcrumbList","@id":"https:\/\/itemm.fr\/itemm\/recrutement\/#breadcrumb","itemListElement":[{"@type":"ListItem","position":1,"name":"Accueil","item":"https:\/\/itemm.fr\/itemm\/"},{"@type":"ListItem","position":2,"name":"Recrutement"}]},{"@type":"WebSite","@id":"https:\/\/itemm.fr\/itemm\/#website","url":"https:\/\/itemm.fr\/itemm\/","name":"Itemm","description":"Institut technologique europ\u00e9en des m\u00e9tiers de la musique au Mans (72)","publisher":{"@id":"https:\/\/itemm.fr\/itemm\/#organization"},"potentialAction":[{"@type":"SearchAction","target":{"@type":"EntryPoint","urlTemplate":"https:\/\/itemm.fr\/itemm\/?s={search_term_string}"},"query-input":{"@type":"PropertyValueSpecification","valueRequired":true,"valueName":"search_term_string"}}],"inLanguage":"fr-FR"},{"@type":"Organization","@id":"https:\/\/itemm.fr\/itemm\/#organization","name":"ITEMM","alternateName":"ITEMM","url":"https:\/\/itemm.fr\/itemm\/","logo":{"@type":"ImageObject","inLanguage":"fr-FR","@id":"https:\/\/itemm.fr\/itemm\/#\/schema\/logo\/image\/","url":"https:\/\/itemm.fr\/itemm\/wp-content\/uploads\/2021\/12\/logo-itemm-piano-on.png","contentUrl":"https:\/\/itemm.fr\/itemm\/wp-content\/uploads\/2021\/12\/logo-itemm-piano-on.png","width":446,"height":294,"caption":"ITEMM"},"image":{"@id":"https:\/\/itemm.fr\/itemm\/#\/schema\/logo\/image\/"},"sameAs":["https:\/\/www.facebook.com\/itemm.lemans","https:\/\/www.instagram.com\/itemmlemans\/","https:\/\/www.linkedin.com\/in\/itemm\/"]}]}},"_links":{"self":[{"href":"https:\/\/itemm.fr\/itemm\/wp-json\/wp\/v2\/pages\/19262","targetHints":{"allow":["GET"]}}],"collection":[{"href":"https:\/\/itemm.fr\/itemm\/wp-json\/wp\/v2\/pages"}],"about":[{"href":"https:\/\/itemm.fr\/itemm\/wp-json\/wp\/v2\/types\/page"}],"author":[{"embeddable":true,"href":"https:\/\/itemm.fr\/itemm\/wp-json\/wp\/v2\/users\/3004"}],"replies":[{"embeddable":true,"href":"https:\/\/itemm.fr\/itemm\/wp-json\/wp\/v2\/comments?post=19262"}],"version-history":[{"count":0,"href":"https:\/\/itemm.fr\/itemm\/wp-json\/wp\/v2\/pages\/19262\/revisions"}],"wp:featuredmedia":[{"embeddable":true,"href":"https:\/\/itemm.fr\/itemm\/wp-json\/wp\/v2\/media\/48567"}],"wp:attachment":[{"href":"https:\/\/itemm.fr\/itemm\/wp-json\/wp\/v2\/media?parent=19262"}],"wp:term":[{"taxonomy":"category","embeddable":true,"href":"https:\/\/itemm.fr\/itemm\/wp-json\/wp\/v2\/categories?post=19262"}],"curies":[{"name":"wp","href":"https:\/\/api.w.org\/{rel}","templated":true}]}}