{"id":17119,"date":"2017-10-09T16:20:13","date_gmt":"2017-10-09T14:20:13","guid":{"rendered":"https:\/\/itemm.fr\/itemm\/?page_id=15691"},"modified":"2020-11-25T18:09:21","modified_gmt":"2020-11-25T17:09:21","slug":"formation-initiale","status":"publish","type":"page","link":"https:\/\/itemm.fr\/itemm\/formation-initiale\/","title":{"rendered":"Formation initiale"},"content":{"rendered":"\t\t<div data-elementor-type=\"wp-post\" data-elementor-id=\"17119\" class=\"elementor elementor-17119\" data-elementor-post-type=\"page\">\n\t\t\t\t\t\t<section class=\"elementor-section elementor-top-section elementor-element elementor-element-e78ece2 elementor-section-boxed elementor-section-height-default elementor-section-height-default\" data-id=\"e78ece2\" data-element_type=\"section\" data-e-type=\"section\" data-settings=\"{&quot;ekit_has_onepagescroll_dot&quot;:&quot;yes&quot;}\">\n\t\t\t\t\t\t<div class=\"elementor-container elementor-column-gap-default\">\n\t\t\t\t\t<div class=\"elementor-column elementor-col-100 elementor-top-column elementor-element elementor-element-31adbb4\" data-id=\"31adbb4\" data-element_type=\"column\" data-e-type=\"column\">\n\t\t\t<div class=\"elementor-widget-wrap elementor-element-populated\">\n\t\t\t\t\t\t<div class=\"elementor-element elementor-element-7b59e17 elementor-widget elementor-widget-text-editor\" data-id=\"7b59e17\" data-element_type=\"widget\" data-e-type=\"widget\" data-settings=\"{&quot;ekit_we_effect_on&quot;:&quot;none&quot;}\" data-widget_type=\"text-editor.default\">\n\t\t\t\t\t\t\t\t\t<div><div><div><div><div><h3>Publics concern\u00e9s et formations<\/h3><p>Les formations \u00e0 temps plein s\u2019adressent plus sp\u00e9cifiquement aux publics adultes avec un projet professionnel identifi\u00e9. Elles permettent de passer le Bac Pro <em>Commerce sp\u00e9cialit\u00e9 Vente de Produits Musicaux<\/em>, <em>R\u00e9gie du Son du Spectacle Vivant<\/em> ou le CAP <em>Assistant Technique en Instrument de Musique (ATIM)<\/em> en 9 mois, quelle que soit l\u2019option choisie : <em>piano, guitare, accord\u00e9on et instruments \u00e0 vent<\/em>.<\/p><p><strong>La formation \u00e0 temps plein est possible pour : <\/strong><\/p><p>CAP <em>Assistant Technique en Instrument de Musique (ATIM)<\/em> option <em>guitare<\/em> ou <em>instruments \u00e0 vent.<\/em><\/p><p><strong>La formation \u00e0 temps plein est obligatoire pour :<\/strong><\/p><p>CAP <em>Accordeur piano<\/em>, CAP<em> ATIM option accord\u00e9on<\/em>, Bac Pro <em>Commerce sp\u00e9cialit\u00e9 Vente de Produits Musicaux<\/em>, le titre RNCP de niveau III (Bac +2) <em>R\u00e9gie du Son du Spectacle Vivant et de <\/em><i>l\u2019\u00c9v\u00e9nementiel<\/i>.<\/p><p>Ces formations comprennent des p\u00e9riodes de stage en entreprise.<\/p><p>Une description d\u00e9taill\u00e9e de chacune de ces formations est disponible \u00e0 partir de <a title=\"Apprendre un m\u00e9tier\" href=\"https:\/\/itemm.fr\/itemm\/formations\/\">cette page<\/a>.<\/p><h3>Admissibilit\u00e9 et s\u00e9lection<\/h3><p>A chaque formation vis\u00e9e correspond un niveau d\u2019\u00e9tudes minimum requis :<\/p><ul><li><strong>CAP<\/strong> : niveau 3\u00e8me\u00a0; le niveau Bac ou sup\u00e9rieur est un plus<\/li><li><strong>Bac Pro<\/strong> : niveau terminale<\/li><li><strong>R\u00e9gie du son<\/strong> : \u00eatre titulaire d\u2019un dipl\u00f4me Bac (\u00e0 dominante scientifique de pr\u00e9f\u00e9rence) ou justifier d\u2019une exp\u00e9rience professionnelle<\/li><\/ul><p>Les formations dites \u00ab \u00e0 temps plein \u00bb de l\u2019ITEMM sont accessibles sur <strong>s\u00e9lection <\/strong>selon la proc\u00e9dure suivante :<\/p><p><a href=\"https:\/\/itemm.fr\/itemm\/\/formulaire-de-candidature-ligne\/\"><strong>Le dossier de candidature<\/strong><\/a> d\u00e9crit le parcours, le niveau de qualification et le projet professionnel du candidat.<\/p><p>Le niveau musical demand\u00e9 reste \u00e9l\u00e9mentaire (c\u2019est-\u00e0-dire de type fin de premier cycle de conservatoire). Cependant, une pratique musicale personnelle est vivement recommand\u00e9e.<\/p><\/div><\/div><\/div><\/div><\/div>\t\t\t\t\t\t\t\t<\/div>\n\t\t\t\t\t<\/div>\n\t\t<\/div>\n\t\t\t\t\t<\/div>\n\t\t<\/section>\n\t\t\t\t<\/div>\n\t\t","protected":false},"excerpt":{"rendered":"<p>Publics concern\u00e9s et formations Les formations \u00e0 temps plein s\u2019adressent plus sp\u00e9cifiquement aux publics adultes avec un projet professionnel identifi\u00e9. Elles permettent de passer le Bac Pro Commerce sp\u00e9cialit\u00e9 Vente de Produits Musicaux, R\u00e9gie du Son du Spectacle Vivant ou le CAP Assistant Technique en Instrument de Musique (ATIM) en 9 mois, quelle que soit&hellip;<\/p>\n","protected":false},"author":3004,"featured_media":0,"parent":0,"menu_order":0,"comment_status":"closed","ping_status":"closed","template":"","meta":{"_acf_changed":false,"footnotes":""},"categories":[],"class_list":["post-17119","page","type-page","status-publish","hentry"],"acf":[],"yoast_head":"<!-- This site is optimized with the Yoast SEO plugin v27.5 - https:\/\/yoast.com\/product\/yoast-seo-wordpress\/ -->\n<title>Formation initiale | Itemm -<\/title>\n<meta name=\"robots\" content=\"index, follow, max-snippet:-1, max-image-preview:large, max-video-preview:-1\" \/>\n<link rel=\"canonical\" href=\"https:\/\/itemm.fr\/itemm\/formation-initiale\/\" \/>\n<meta property=\"og:locale\" content=\"fr_FR\" \/>\n<meta property=\"og:type\" content=\"article\" \/>\n<meta property=\"og:title\" content=\"Formation initiale | Itemm -\" \/>\n<meta property=\"og:description\" content=\"Publics concern\u00e9s et formations Les formations \u00e0 temps plein s\u2019adressent plus sp\u00e9cifiquement aux publics adultes avec un projet professionnel identifi\u00e9. Elles permettent de passer le Bac Pro Commerce sp\u00e9cialit\u00e9 Vente de Produits Musicaux, R\u00e9gie du Son du Spectacle Vivant ou le CAP Assistant Technique en Instrument de Musique (ATIM) en 9 mois, quelle que soit&hellip;\" \/>\n<meta property=\"og:url\" content=\"https:\/\/itemm.fr\/itemm\/formation-initiale\/\" \/>\n<meta property=\"og:site_name\" content=\"Itemm -\" \/>\n<meta property=\"article:publisher\" content=\"https:\/\/www.facebook.com\/itemm.lemans\" \/>\n<meta property=\"article:modified_time\" content=\"2020-11-25T17:09:21+00:00\" \/>\n<meta property=\"og:image\" content=\"https:\/\/itemm.fr\/itemm\/wp-content\/uploads\/2023\/02\/DRONE-ITEMM-\u00a9-BDVA-9.jpg\" \/>\n\t<meta property=\"og:image:width\" content=\"2048\" \/>\n\t<meta property=\"og:image:height\" content=\"1152\" \/>\n\t<meta property=\"og:image:type\" content=\"image\/jpeg\" \/>\n<script type=\"application\/ld+json\" class=\"yoast-schema-graph\">{\"@context\":\"https:\\\/\\\/schema.org\",\"@graph\":[{\"@type\":\"WebPage\",\"@id\":\"https:\\\/\\\/itemm.fr\\\/itemm\\\/formation-initiale\\\/\",\"url\":\"https:\\\/\\\/itemm.fr\\\/itemm\\\/formation-initiale\\\/\",\"name\":\"Formation initiale | Itemm -\",\"isPartOf\":{\"@id\":\"https:\\\/\\\/itemm.fr\\\/itemm\\\/#website\"},\"datePublished\":\"2017-10-09T14:20:13+00:00\",\"dateModified\":\"2020-11-25T17:09:21+00:00\",\"breadcrumb\":{\"@id\":\"https:\\\/\\\/itemm.fr\\\/itemm\\\/formation-initiale\\\/#breadcrumb\"},\"inLanguage\":\"fr-FR\",\"potentialAction\":[{\"@type\":\"ReadAction\",\"target\":[\"https:\\\/\\\/itemm.fr\\\/itemm\\\/formation-initiale\\\/\"]}]},{\"@type\":\"BreadcrumbList\",\"@id\":\"https:\\\/\\\/itemm.fr\\\/itemm\\\/formation-initiale\\\/#breadcrumb\",\"itemListElement\":[{\"@type\":\"ListItem\",\"position\":1,\"name\":\"Accueil\",\"item\":\"https:\\\/\\\/itemm.fr\\\/itemm\\\/\"},{\"@type\":\"ListItem\",\"position\":2,\"name\":\"Formation initiale\"}]},{\"@type\":\"WebSite\",\"@id\":\"https:\\\/\\\/itemm.fr\\\/itemm\\\/#website\",\"url\":\"https:\\\/\\\/itemm.fr\\\/itemm\\\/\",\"name\":\"Itemm\",\"description\":\"Institut technologique europ\u00e9en des m\u00e9tiers de la musique au Mans (72)\",\"publisher\":{\"@id\":\"https:\\\/\\\/itemm.fr\\\/itemm\\\/#organization\"},\"potentialAction\":[{\"@type\":\"SearchAction\",\"target\":{\"@type\":\"EntryPoint\",\"urlTemplate\":\"https:\\\/\\\/itemm.fr\\\/itemm\\\/?s={search_term_string}\"},\"query-input\":{\"@type\":\"PropertyValueSpecification\",\"valueRequired\":true,\"valueName\":\"search_term_string\"}}],\"inLanguage\":\"fr-FR\"},{\"@type\":\"Organization\",\"@id\":\"https:\\\/\\\/itemm.fr\\\/itemm\\\/#organization\",\"name\":\"ITEMM\",\"alternateName\":\"ITEMM\",\"url\":\"https:\\\/\\\/itemm.fr\\\/itemm\\\/\",\"logo\":{\"@type\":\"ImageObject\",\"inLanguage\":\"fr-FR\",\"@id\":\"https:\\\/\\\/itemm.fr\\\/itemm\\\/#\\\/schema\\\/logo\\\/image\\\/\",\"url\":\"https:\\\/\\\/itemm.fr\\\/itemm\\\/wp-content\\\/uploads\\\/2021\\\/12\\\/logo-itemm-piano-on.png\",\"contentUrl\":\"https:\\\/\\\/itemm.fr\\\/itemm\\\/wp-content\\\/uploads\\\/2021\\\/12\\\/logo-itemm-piano-on.png\",\"width\":446,\"height\":294,\"caption\":\"ITEMM\"},\"image\":{\"@id\":\"https:\\\/\\\/itemm.fr\\\/itemm\\\/#\\\/schema\\\/logo\\\/image\\\/\"},\"sameAs\":[\"https:\\\/\\\/www.facebook.com\\\/itemm.lemans\",\"https:\\\/\\\/www.instagram.com\\\/itemmlemans\\\/\",\"https:\\\/\\\/www.linkedin.com\\\/in\\\/itemm\\\/\"]}]}<\/script>\n<!-- \/ Yoast SEO plugin. -->","yoast_head_json":{"title":"Formation initiale | Itemm -","robots":{"index":"index","follow":"follow","max-snippet":"max-snippet:-1","max-image-preview":"max-image-preview:large","max-video-preview":"max-video-preview:-1"},"canonical":"https:\/\/itemm.fr\/itemm\/formation-initiale\/","og_locale":"fr_FR","og_type":"article","og_title":"Formation initiale | Itemm -","og_description":"Publics concern\u00e9s et formations Les formations \u00e0 temps plein s\u2019adressent plus sp\u00e9cifiquement aux publics adultes avec un projet professionnel identifi\u00e9. Elles permettent de passer le Bac Pro Commerce sp\u00e9cialit\u00e9 Vente de Produits Musicaux, R\u00e9gie du Son du Spectacle Vivant ou le CAP Assistant Technique en Instrument de Musique (ATIM) en 9 mois, quelle que soit&hellip;","og_url":"https:\/\/itemm.fr\/itemm\/formation-initiale\/","og_site_name":"Itemm -","article_publisher":"https:\/\/www.facebook.com\/itemm.lemans","article_modified_time":"2020-11-25T17:09:21+00:00","og_image":[{"width":2048,"height":1152,"url":"https:\/\/itemm.fr\/itemm\/wp-content\/uploads\/2023\/02\/DRONE-ITEMM-\u00a9-BDVA-9.jpg","type":"image\/jpeg"}],"schema":{"@context":"https:\/\/schema.org","@graph":[{"@type":"WebPage","@id":"https:\/\/itemm.fr\/itemm\/formation-initiale\/","url":"https:\/\/itemm.fr\/itemm\/formation-initiale\/","name":"Formation initiale | Itemm -","isPartOf":{"@id":"https:\/\/itemm.fr\/itemm\/#website"},"datePublished":"2017-10-09T14:20:13+00:00","dateModified":"2020-11-25T17:09:21+00:00","breadcrumb":{"@id":"https:\/\/itemm.fr\/itemm\/formation-initiale\/#breadcrumb"},"inLanguage":"fr-FR","potentialAction":[{"@type":"ReadAction","target":["https:\/\/itemm.fr\/itemm\/formation-initiale\/"]}]},{"@type":"BreadcrumbList","@id":"https:\/\/itemm.fr\/itemm\/formation-initiale\/#breadcrumb","itemListElement":[{"@type":"ListItem","position":1,"name":"Accueil","item":"https:\/\/itemm.fr\/itemm\/"},{"@type":"ListItem","position":2,"name":"Formation initiale"}]},{"@type":"WebSite","@id":"https:\/\/itemm.fr\/itemm\/#website","url":"https:\/\/itemm.fr\/itemm\/","name":"Itemm","description":"Institut technologique europ\u00e9en des m\u00e9tiers de la musique au Mans (72)","publisher":{"@id":"https:\/\/itemm.fr\/itemm\/#organization"},"potentialAction":[{"@type":"SearchAction","target":{"@type":"EntryPoint","urlTemplate":"https:\/\/itemm.fr\/itemm\/?s={search_term_string}"},"query-input":{"@type":"PropertyValueSpecification","valueRequired":true,"valueName":"search_term_string"}}],"inLanguage":"fr-FR"},{"@type":"Organization","@id":"https:\/\/itemm.fr\/itemm\/#organization","name":"ITEMM","alternateName":"ITEMM","url":"https:\/\/itemm.fr\/itemm\/","logo":{"@type":"ImageObject","inLanguage":"fr-FR","@id":"https:\/\/itemm.fr\/itemm\/#\/schema\/logo\/image\/","url":"https:\/\/itemm.fr\/itemm\/wp-content\/uploads\/2021\/12\/logo-itemm-piano-on.png","contentUrl":"https:\/\/itemm.fr\/itemm\/wp-content\/uploads\/2021\/12\/logo-itemm-piano-on.png","width":446,"height":294,"caption":"ITEMM"},"image":{"@id":"https:\/\/itemm.fr\/itemm\/#\/schema\/logo\/image\/"},"sameAs":["https:\/\/www.facebook.com\/itemm.lemans","https:\/\/www.instagram.com\/itemmlemans\/","https:\/\/www.linkedin.com\/in\/itemm\/"]}]}},"_links":{"self":[{"href":"https:\/\/itemm.fr\/itemm\/wp-json\/wp\/v2\/pages\/17119","targetHints":{"allow":["GET"]}}],"collection":[{"href":"https:\/\/itemm.fr\/itemm\/wp-json\/wp\/v2\/pages"}],"about":[{"href":"https:\/\/itemm.fr\/itemm\/wp-json\/wp\/v2\/types\/page"}],"author":[{"embeddable":true,"href":"https:\/\/itemm.fr\/itemm\/wp-json\/wp\/v2\/users\/3004"}],"replies":[{"embeddable":true,"href":"https:\/\/itemm.fr\/itemm\/wp-json\/wp\/v2\/comments?post=17119"}],"version-history":[{"count":0,"href":"https:\/\/itemm.fr\/itemm\/wp-json\/wp\/v2\/pages\/17119\/revisions"}],"wp:attachment":[{"href":"https:\/\/itemm.fr\/itemm\/wp-json\/wp\/v2\/media?parent=17119"}],"wp:term":[{"taxonomy":"category","embeddable":true,"href":"https:\/\/itemm.fr\/itemm\/wp-json\/wp\/v2\/categories?post=17119"}],"curies":[{"name":"wp","href":"https:\/\/api.w.org\/{rel}","templated":true}]}}