{"id":12915,"date":"2015-11-17T16:20:56","date_gmt":"2015-11-17T15:20:56","guid":{"rendered":"https:\/\/itemm.fr\/itemm\/?page_id=12915"},"modified":"2025-09-19T13:47:45","modified_gmt":"2025-09-19T11:47:45","slug":"centre-de-ressources-pedagogiques","status":"publish","type":"page","link":"https:\/\/itemm.fr\/itemm\/campus-itemm\/centre-de-ressources-pedagogiques\/","title":{"rendered":"Centre de Ressources P\u00e9dagogiques"},"content":{"rendered":"\t\t<div data-elementor-type=\"wp-post\" data-elementor-id=\"12915\" class=\"elementor elementor-12915\" data-elementor-post-type=\"page\">\n\t\t\t\t\t\t<section class=\"elementor-section elementor-top-section elementor-element elementor-element-a5ebab7 elementor-section-boxed elementor-section-height-default elementor-section-height-default\" data-id=\"a5ebab7\" data-element_type=\"section\" data-e-type=\"section\" data-settings=\"{&quot;ekit_has_onepagescroll_dot&quot;:&quot;yes&quot;}\">\n\t\t\t\t\t\t<div class=\"elementor-container elementor-column-gap-default\">\n\t\t\t\t\t<div class=\"elementor-column elementor-col-50 elementor-top-column elementor-element elementor-element-446b410\" data-id=\"446b410\" data-element_type=\"column\" data-e-type=\"column\">\n\t\t\t<div class=\"elementor-widget-wrap elementor-element-populated\">\n\t\t\t\t\t\t<div class=\"elementor-element elementor-element-6f54218 elementor-widget elementor-widget-heading\" data-id=\"6f54218\" data-element_type=\"widget\" data-e-type=\"widget\" data-settings=\"{&quot;ekit_we_effect_on&quot;:&quot;none&quot;}\" data-widget_type=\"heading.default\">\n\t\t\t\t\t<h3 class=\"elementor-heading-title elementor-size-default\">\nPoint de connexion, de ressource et d\u2019\u00e9volution pour les formateurs et les apprenants, l'ITEMM b\u00e9n\u00e9ficie d'un Centre de Ressources P\u00e9dagogiques (CDRP).\n<\/h3>\t\t\t\t<\/div>\n\t\t\t\t<div class=\"elementor-element elementor-element-2cae4be elementor-widget elementor-widget-text-editor\" data-id=\"2cae4be\" data-element_type=\"widget\" data-e-type=\"widget\" data-settings=\"{&quot;ekit_we_effect_on&quot;:&quot;none&quot;}\" data-widget_type=\"text-editor.default\">\n\t\t\t\t\t\t\t\t\t<p>L&#8217;ITEMM, est dot\u00e9 d&#8217;un Centre de Ressources P\u00e9dagogiques (CDRP). Ce lieu espac\u00e9 \u00e0 l&#8217;entr\u00e9e de l&#8217;\u00e9tablissement ne se limite pas uniquement \u00e0 fournir un espace physique de ressources ; il s&#8217;\u00e9tend \u00e9galement dans le domaine digital \u00e0 travers un outil de veille. Cet outil permet de maintenir une continuit\u00e9 dans l&#8217;acc\u00e8s aux ressources p\u00e9dagogiques, garantissant ainsi une mise \u00e0 jour constante et une disponibilit\u00e9 accrue des informations pour tous les utilisateurs.<\/p><p>Le CDRP propose ainsi des sessions de r\u00e9flexion et de formation sur les techniques p\u00e9dagogiques, tout en offrant des modules sp\u00e9cialement con\u00e7us pour les apprenants, comme l&#8217;aide \u00e0 la connexion, la veille digitale, ou l&#8217;accompagnement pour les dossiers de BMA. L&#8217;accent est \u00e9galement mis sur l&#8217;individualisation, un des piliers essentiels de l&#8217;approche p\u00e9dagogique du centre.<\/p><p>En compl\u00e9ment de ses services num\u00e9riques, le CDRP conserve une riche collection de plusieurs centaines d&#8217;ouvrages, de monographies et de dossiers documentaires, parfois tr\u00e8s rares, enrichissant ainsi son offre physique. Des documents plus cibl\u00e9s tels que des travaux individualis\u00e9s ou des rapports de stage sont \u00e9galement mis \u00e0 disposition.<\/p><p>En s&#8217;engageant dans la digitalisation de ses ressources, l\u2019ITEMM renforce son engagement envers une p\u00e9dagogie moderne et adaptative, r\u00e9pondant ainsi aux besoins changeants du monde de la formation professionnelle.<\/p>\t\t\t\t\t\t\t\t<\/div>\n\t\t\t\t\t<\/div>\n\t\t<\/div>\n\t\t\t\t<div class=\"elementor-column elementor-col-50 elementor-top-column elementor-element elementor-element-a6ae841\" data-id=\"a6ae841\" data-element_type=\"column\" data-e-type=\"column\">\n\t\t\t<div class=\"elementor-widget-wrap elementor-element-populated\">\n\t\t\t\t\t\t<div class=\"elementor-element elementor-element-b69261c elementor-widget elementor-widget-image\" data-id=\"b69261c\" data-element_type=\"widget\" data-e-type=\"widget\" data-settings=\"{&quot;ekit_we_effect_on&quot;:&quot;none&quot;}\" data-widget_type=\"image.default\">\n\t\t\t\t\t\t\t\t\t\t\t\t\t\t\t<img fetchpriority=\"high\" decoding=\"async\" width=\"2048\" height=\"1365\" src=\"https:\/\/itemm.fr\/itemm\/wp-content\/uploads\/2022\/04\/itemm-cdrp-2048x1365.jpg\" class=\"attachment-2048x2048 size-2048x2048 wp-image-36471\" alt=\"\" srcset=\"https:\/\/itemm.fr\/itemm\/wp-content\/uploads\/2022\/04\/itemm-cdrp-2048x1365.jpg 2048w, https:\/\/itemm.fr\/itemm\/wp-content\/uploads\/2022\/04\/itemm-cdrp-scaled-600x400.jpg 600w, https:\/\/itemm.fr\/itemm\/wp-content\/uploads\/2022\/04\/itemm-cdrp-300x200.jpg 300w, https:\/\/itemm.fr\/itemm\/wp-content\/uploads\/2022\/04\/itemm-cdrp-1024x683.jpg 1024w, https:\/\/itemm.fr\/itemm\/wp-content\/uploads\/2022\/04\/itemm-cdrp-768x512.jpg 768w, https:\/\/itemm.fr\/itemm\/wp-content\/uploads\/2022\/04\/itemm-cdrp-391x260.jpg 391w, https:\/\/itemm.fr\/itemm\/wp-content\/uploads\/2022\/04\/itemm-cdrp-1536x1024.jpg 1536w\" sizes=\"(max-width: 2048px) 100vw, 2048px\" \/>\t\t\t\t\t\t\t\t\t\t\t\t\t\t\t<\/div>\n\t\t\t\t\t<\/div>\n\t\t<\/div>\n\t\t\t\t\t<\/div>\n\t\t<\/section>\n\t\t\t\t<section class=\"elementor-section elementor-top-section elementor-element elementor-element-152a93b elementor-section-boxed elementor-section-height-default elementor-section-height-default\" data-id=\"152a93b\" data-element_type=\"section\" data-e-type=\"section\" data-settings=\"{&quot;ekit_has_onepagescroll_dot&quot;:&quot;yes&quot;}\">\n\t\t\t\t\t\t<div class=\"elementor-container elementor-column-gap-default\">\n\t\t\t\t\t<div class=\"elementor-column elementor-col-50 elementor-top-column elementor-element elementor-element-bd52753\" data-id=\"bd52753\" data-element_type=\"column\" data-e-type=\"column\">\n\t\t\t<div class=\"elementor-widget-wrap elementor-element-populated\">\n\t\t\t\t\t\t<div class=\"elementor-element elementor-element-debb7af elementor-widget elementor-widget-image\" data-id=\"debb7af\" data-element_type=\"widget\" data-e-type=\"widget\" data-settings=\"{&quot;ekit_we_effect_on&quot;:&quot;none&quot;}\" data-widget_type=\"image.default\">\n\t\t\t\t\t\t\t\t\t\t\t\t\t\t\t<img decoding=\"async\" width=\"300\" height=\"199\" src=\"https:\/\/itemm.fr\/itemm\/wp-content\/uploads\/2022\/04\/itemm-cdrp-2-300x199.png\" class=\"attachment-medium size-medium wp-image-36479\" alt=\"\" srcset=\"https:\/\/itemm.fr\/itemm\/wp-content\/uploads\/2022\/04\/itemm-cdrp-2-300x199.png 300w, https:\/\/itemm.fr\/itemm\/wp-content\/uploads\/2022\/04\/itemm-cdrp-2-600x397.png 600w, https:\/\/itemm.fr\/itemm\/wp-content\/uploads\/2022\/04\/itemm-cdrp-2-1024x678.png 1024w, https:\/\/itemm.fr\/itemm\/wp-content\/uploads\/2022\/04\/itemm-cdrp-2-768x508.png 768w, https:\/\/itemm.fr\/itemm\/wp-content\/uploads\/2022\/04\/itemm-cdrp-2-391x260.png 391w, https:\/\/itemm.fr\/itemm\/wp-content\/uploads\/2022\/04\/itemm-cdrp-2-1536x1017.png 1536w, https:\/\/itemm.fr\/itemm\/wp-content\/uploads\/2022\/04\/itemm-cdrp-2-2048x1356.png 2048w\" sizes=\"(max-width: 300px) 100vw, 300px\" \/>\t\t\t\t\t\t\t\t\t\t\t\t\t\t\t<\/div>\n\t\t\t\t\t<\/div>\n\t\t<\/div>\n\t\t\t\t<div class=\"elementor-column elementor-col-50 elementor-top-column elementor-element elementor-element-ca9ba14\" data-id=\"ca9ba14\" data-element_type=\"column\" data-e-type=\"column\">\n\t\t\t<div class=\"elementor-widget-wrap elementor-element-populated\">\n\t\t\t\t\t\t<div class=\"elementor-element elementor-element-7a3b973 elementor-widget elementor-widget-text-editor\" data-id=\"7a3b973\" data-element_type=\"widget\" data-e-type=\"widget\" data-settings=\"{&quot;ekit_we_effect_on&quot;:&quot;none&quot;}\" data-widget_type=\"text-editor.default\">\n\t\t\t\t\t\t\t\t\t<ul>\n<li>4 335 documents<\/li>\n<li>1 400 ouvrages techniques (facture instrumentale, physique des instruments, acoustique, techniques du son\u2026)&nbsp;<\/li>\n<li>295 partitions-m\u00e9thodes&nbsp;<\/li>\n<li>25 p\u00e9riodiques<\/li>\n<\/ul>\t\t\t\t\t\t\t\t<\/div>\n\t\t\t\t\t<\/div>\n\t\t<\/div>\n\t\t\t\t\t<\/div>\n\t\t<\/section>\n\t\t\t\t<section class=\"elementor-section elementor-top-section elementor-element elementor-element-dcc0882 elementor-section-stretched elementor-section-boxed elementor-section-height-default elementor-section-height-default\" data-id=\"dcc0882\" data-element_type=\"section\" data-e-type=\"section\" data-settings=\"{&quot;stretch_section&quot;:&quot;section-stretched&quot;,&quot;background_background&quot;:&quot;classic&quot;,&quot;ekit_has_onepagescroll_dot&quot;:&quot;yes&quot;}\">\n\t\t\t\t\t\t<div class=\"elementor-container elementor-column-gap-default\">\n\t\t\t\t\t<div class=\"elementor-column elementor-col-50 elementor-top-column elementor-element elementor-element-637fb03\" data-id=\"637fb03\" data-element_type=\"column\" data-e-type=\"column\">\n\t\t\t<div class=\"elementor-widget-wrap elementor-element-populated\">\n\t\t\t\t\t\t<div class=\"elementor-element elementor-element-6c1e241 elementor-widget elementor-widget-heading\" data-id=\"6c1e241\" data-element_type=\"widget\" data-e-type=\"widget\" data-settings=\"{&quot;ekit_we_effect_on&quot;:&quot;none&quot;}\" data-widget_type=\"heading.default\">\n\t\t\t\t\t<h3 class=\"elementor-heading-title elementor-size-default\">Infos pratiques<\/h3>\t\t\t\t<\/div>\n\t\t\t\t<div class=\"elementor-element elementor-element-b181839 elementor-widget elementor-widget-text-editor\" data-id=\"b181839\" data-element_type=\"widget\" data-e-type=\"widget\" data-settings=\"{&quot;ekit_we_effect_on&quot;:&quot;none&quot;}\" data-widget_type=\"text-editor.default\">\n\t\t\t\t\t\t\t\t\t<ul><li>Pr\u00eats de 1 jour \u00e0 2 semaines en fonction des supports. Les pr\u00eats sont r\u00e9serv\u00e9s aux personnes suivant une formation \u00e0 l&#8217;ITEMM.<\/li><\/ul><ul><li>Ouverture \u00e0 tous les publics :<\/li><\/ul><ul><li style=\"list-style-type: none;\"><ul><li>du lundi au vendredi de 8 h \u00e0 18 h<\/li><li>permanence le matin de 8 h \u00e0 13 h\u00a0 \/ l&#8217;apr\u00e8s-midi sur rendez-vous<\/li><\/ul><\/li><\/ul><p>Pour toute information compl\u00e9mentaire, veuillez contacter Antoine BERTRAND-BOULANGER, Responsable du CDRP : +33 (0)2 43 39 39 07 \/ documentation@itemm.fr<\/p>\t\t\t\t\t\t\t\t<\/div>\n\t\t\t\t\t<\/div>\n\t\t<\/div>\n\t\t\t\t<div class=\"elementor-column elementor-col-50 elementor-top-column elementor-element elementor-element-1e51366\" data-id=\"1e51366\" data-element_type=\"column\" data-e-type=\"column\">\n\t\t\t<div class=\"elementor-widget-wrap\">\n\t\t\t\t\t\t\t<\/div>\n\t\t<\/div>\n\t\t\t\t\t<\/div>\n\t\t<\/section>\n\t\t\t\t<\/div>\n\t\t","protected":false},"excerpt":{"rendered":"<p>Point de connexion, de ressource et d\u2019\u00e9volution pour les formateurs et les apprenants, l&#8217;ITEMM b\u00e9n\u00e9ficie d&#8217;un Centre de Ressources P\u00e9dagogiques (CDRP). L&#8217;ITEMM, est dot\u00e9 d&#8217;un Centre de Ressources P\u00e9dagogiques (CDRP). Ce lieu espac\u00e9 \u00e0 l&#8217;entr\u00e9e de l&#8217;\u00e9tablissement ne se limite pas uniquement \u00e0 fournir un espace physique de ressources ; il s&#8217;\u00e9tend \u00e9galement dans le&hellip;<\/p>\n","protected":false},"author":3004,"featured_media":0,"parent":17130,"menu_order":0,"comment_status":"closed","ping_status":"closed","template":"","meta":{"_acf_changed":false,"footnotes":""},"categories":[],"class_list":["post-12915","page","type-page","status-publish","hentry"],"acf":[],"yoast_head":"<!-- This site is optimized with the Yoast SEO plugin v27.5 - https:\/\/yoast.com\/product\/yoast-seo-wordpress\/ -->\n<title>Centre de documentation - Itemm<\/title>\n<meta name=\"description\" content=\"le centre de documentation et d\u2019information (CDI) de l&#039;Itemm est sp\u00e9cialis\u00e9 dans les domaines des m\u00e9tiers techniques de la musique\" \/>\n<meta name=\"robots\" content=\"index, follow, max-snippet:-1, max-image-preview:large, max-video-preview:-1\" \/>\n<link rel=\"canonical\" href=\"https:\/\/itemm.fr\/itemm\/campus-itemm\/centre-de-ressources-pedagogiques\/\" \/>\n<meta property=\"og:locale\" content=\"fr_FR\" \/>\n<meta property=\"og:type\" content=\"article\" \/>\n<meta property=\"og:title\" content=\"Centre de documentation - Itemm\" \/>\n<meta property=\"og:description\" content=\"le centre de documentation et d\u2019information (CDI) de l&#039;Itemm est sp\u00e9cialis\u00e9 dans les domaines des m\u00e9tiers techniques de la musique\" \/>\n<meta property=\"og:url\" content=\"https:\/\/itemm.fr\/itemm\/campus-itemm\/centre-de-ressources-pedagogiques\/\" \/>\n<meta property=\"og:site_name\" content=\"Itemm -\" \/>\n<meta property=\"article:publisher\" content=\"https:\/\/www.facebook.com\/itemm.lemans\" \/>\n<meta property=\"article:modified_time\" content=\"2025-09-19T11:47:45+00:00\" \/>\n<meta property=\"og:image\" content=\"https:\/\/itemm.fr\/itemm\/wp-content\/uploads\/2022\/04\/itemm-cdrp-scaled.jpg\" \/>\n\t<meta property=\"og:image:width\" content=\"2560\" \/>\n\t<meta property=\"og:image:height\" content=\"1707\" \/>\n\t<meta property=\"og:image:type\" content=\"image\/jpeg\" \/>\n<script type=\"application\/ld+json\" class=\"yoast-schema-graph\">{\"@context\":\"https:\\\/\\\/schema.org\",\"@graph\":[{\"@type\":\"WebPage\",\"@id\":\"https:\\\/\\\/itemm.fr\\\/itemm\\\/campus-itemm\\\/centre-de-ressources-pedagogiques\\\/\",\"url\":\"https:\\\/\\\/itemm.fr\\\/itemm\\\/campus-itemm\\\/centre-de-ressources-pedagogiques\\\/\",\"name\":\"Centre de documentation - Itemm\",\"isPartOf\":{\"@id\":\"https:\\\/\\\/itemm.fr\\\/itemm\\\/#website\"},\"primaryImageOfPage\":{\"@id\":\"https:\\\/\\\/itemm.fr\\\/itemm\\\/campus-itemm\\\/centre-de-ressources-pedagogiques\\\/#primaryimage\"},\"image\":{\"@id\":\"https:\\\/\\\/itemm.fr\\\/itemm\\\/campus-itemm\\\/centre-de-ressources-pedagogiques\\\/#primaryimage\"},\"thumbnailUrl\":\"https:\\\/\\\/itemm.fr\\\/itemm\\\/wp-content\\\/uploads\\\/2022\\\/04\\\/itemm-cdrp-2048x1365.jpg\",\"datePublished\":\"2015-11-17T15:20:56+00:00\",\"dateModified\":\"2025-09-19T11:47:45+00:00\",\"description\":\"le centre de documentation et d\u2019information (CDI) de l'Itemm est sp\u00e9cialis\u00e9 dans les domaines des m\u00e9tiers techniques de la musique\",\"breadcrumb\":{\"@id\":\"https:\\\/\\\/itemm.fr\\\/itemm\\\/campus-itemm\\\/centre-de-ressources-pedagogiques\\\/#breadcrumb\"},\"inLanguage\":\"fr-FR\",\"potentialAction\":[{\"@type\":\"ReadAction\",\"target\":[\"https:\\\/\\\/itemm.fr\\\/itemm\\\/campus-itemm\\\/centre-de-ressources-pedagogiques\\\/\"]}]},{\"@type\":\"ImageObject\",\"inLanguage\":\"fr-FR\",\"@id\":\"https:\\\/\\\/itemm.fr\\\/itemm\\\/campus-itemm\\\/centre-de-ressources-pedagogiques\\\/#primaryimage\",\"url\":\"https:\\\/\\\/itemm.fr\\\/itemm\\\/wp-content\\\/uploads\\\/2022\\\/04\\\/itemm-cdrp-2048x1365.jpg\",\"contentUrl\":\"https:\\\/\\\/itemm.fr\\\/itemm\\\/wp-content\\\/uploads\\\/2022\\\/04\\\/itemm-cdrp-2048x1365.jpg\"},{\"@type\":\"BreadcrumbList\",\"@id\":\"https:\\\/\\\/itemm.fr\\\/itemm\\\/campus-itemm\\\/centre-de-ressources-pedagogiques\\\/#breadcrumb\",\"itemListElement\":[{\"@type\":\"ListItem\",\"position\":1,\"name\":\"Accueil\",\"item\":\"https:\\\/\\\/itemm.fr\\\/itemm\\\/\"},{\"@type\":\"ListItem\",\"position\":2,\"name\":\"campus ITEMM\",\"item\":\"https:\\\/\\\/itemm.fr\\\/itemm\\\/campus-itemm\\\/\"},{\"@type\":\"ListItem\",\"position\":3,\"name\":\"Centre de Ressources P\u00e9dagogiques\"}]},{\"@type\":\"WebSite\",\"@id\":\"https:\\\/\\\/itemm.fr\\\/itemm\\\/#website\",\"url\":\"https:\\\/\\\/itemm.fr\\\/itemm\\\/\",\"name\":\"Itemm\",\"description\":\"Institut technologique europ\u00e9en des m\u00e9tiers de la musique au Mans (72)\",\"publisher\":{\"@id\":\"https:\\\/\\\/itemm.fr\\\/itemm\\\/#organization\"},\"potentialAction\":[{\"@type\":\"SearchAction\",\"target\":{\"@type\":\"EntryPoint\",\"urlTemplate\":\"https:\\\/\\\/itemm.fr\\\/itemm\\\/?s={search_term_string}\"},\"query-input\":{\"@type\":\"PropertyValueSpecification\",\"valueRequired\":true,\"valueName\":\"search_term_string\"}}],\"inLanguage\":\"fr-FR\"},{\"@type\":\"Organization\",\"@id\":\"https:\\\/\\\/itemm.fr\\\/itemm\\\/#organization\",\"name\":\"ITEMM\",\"alternateName\":\"ITEMM\",\"url\":\"https:\\\/\\\/itemm.fr\\\/itemm\\\/\",\"logo\":{\"@type\":\"ImageObject\",\"inLanguage\":\"fr-FR\",\"@id\":\"https:\\\/\\\/itemm.fr\\\/itemm\\\/#\\\/schema\\\/logo\\\/image\\\/\",\"url\":\"https:\\\/\\\/itemm.fr\\\/itemm\\\/wp-content\\\/uploads\\\/2021\\\/12\\\/logo-itemm-piano-on.png\",\"contentUrl\":\"https:\\\/\\\/itemm.fr\\\/itemm\\\/wp-content\\\/uploads\\\/2021\\\/12\\\/logo-itemm-piano-on.png\",\"width\":446,\"height\":294,\"caption\":\"ITEMM\"},\"image\":{\"@id\":\"https:\\\/\\\/itemm.fr\\\/itemm\\\/#\\\/schema\\\/logo\\\/image\\\/\"},\"sameAs\":[\"https:\\\/\\\/www.facebook.com\\\/itemm.lemans\",\"https:\\\/\\\/www.instagram.com\\\/itemmlemans\\\/\",\"https:\\\/\\\/www.linkedin.com\\\/in\\\/itemm\\\/\"]}]}<\/script>\n<!-- \/ Yoast SEO plugin. -->","yoast_head_json":{"title":"Centre de documentation - Itemm","description":"le centre de documentation et d\u2019information (CDI) de l'Itemm est sp\u00e9cialis\u00e9 dans les domaines des m\u00e9tiers techniques de la musique","robots":{"index":"index","follow":"follow","max-snippet":"max-snippet:-1","max-image-preview":"max-image-preview:large","max-video-preview":"max-video-preview:-1"},"canonical":"https:\/\/itemm.fr\/itemm\/campus-itemm\/centre-de-ressources-pedagogiques\/","og_locale":"fr_FR","og_type":"article","og_title":"Centre de documentation - Itemm","og_description":"le centre de documentation et d\u2019information (CDI) de l'Itemm est sp\u00e9cialis\u00e9 dans les domaines des m\u00e9tiers techniques de la musique","og_url":"https:\/\/itemm.fr\/itemm\/campus-itemm\/centre-de-ressources-pedagogiques\/","og_site_name":"Itemm -","article_publisher":"https:\/\/www.facebook.com\/itemm.lemans","article_modified_time":"2025-09-19T11:47:45+00:00","og_image":[{"width":2560,"height":1707,"url":"https:\/\/itemm.fr\/itemm\/wp-content\/uploads\/2022\/04\/itemm-cdrp-scaled.jpg","type":"image\/jpeg"}],"schema":{"@context":"https:\/\/schema.org","@graph":[{"@type":"WebPage","@id":"https:\/\/itemm.fr\/itemm\/campus-itemm\/centre-de-ressources-pedagogiques\/","url":"https:\/\/itemm.fr\/itemm\/campus-itemm\/centre-de-ressources-pedagogiques\/","name":"Centre de documentation - Itemm","isPartOf":{"@id":"https:\/\/itemm.fr\/itemm\/#website"},"primaryImageOfPage":{"@id":"https:\/\/itemm.fr\/itemm\/campus-itemm\/centre-de-ressources-pedagogiques\/#primaryimage"},"image":{"@id":"https:\/\/itemm.fr\/itemm\/campus-itemm\/centre-de-ressources-pedagogiques\/#primaryimage"},"thumbnailUrl":"https:\/\/itemm.fr\/itemm\/wp-content\/uploads\/2022\/04\/itemm-cdrp-2048x1365.jpg","datePublished":"2015-11-17T15:20:56+00:00","dateModified":"2025-09-19T11:47:45+00:00","description":"le centre de documentation et d\u2019information (CDI) de l'Itemm est sp\u00e9cialis\u00e9 dans les domaines des m\u00e9tiers techniques de la musique","breadcrumb":{"@id":"https:\/\/itemm.fr\/itemm\/campus-itemm\/centre-de-ressources-pedagogiques\/#breadcrumb"},"inLanguage":"fr-FR","potentialAction":[{"@type":"ReadAction","target":["https:\/\/itemm.fr\/itemm\/campus-itemm\/centre-de-ressources-pedagogiques\/"]}]},{"@type":"ImageObject","inLanguage":"fr-FR","@id":"https:\/\/itemm.fr\/itemm\/campus-itemm\/centre-de-ressources-pedagogiques\/#primaryimage","url":"https:\/\/itemm.fr\/itemm\/wp-content\/uploads\/2022\/04\/itemm-cdrp-2048x1365.jpg","contentUrl":"https:\/\/itemm.fr\/itemm\/wp-content\/uploads\/2022\/04\/itemm-cdrp-2048x1365.jpg"},{"@type":"BreadcrumbList","@id":"https:\/\/itemm.fr\/itemm\/campus-itemm\/centre-de-ressources-pedagogiques\/#breadcrumb","itemListElement":[{"@type":"ListItem","position":1,"name":"Accueil","item":"https:\/\/itemm.fr\/itemm\/"},{"@type":"ListItem","position":2,"name":"campus ITEMM","item":"https:\/\/itemm.fr\/itemm\/campus-itemm\/"},{"@type":"ListItem","position":3,"name":"Centre de Ressources P\u00e9dagogiques"}]},{"@type":"WebSite","@id":"https:\/\/itemm.fr\/itemm\/#website","url":"https:\/\/itemm.fr\/itemm\/","name":"Itemm","description":"Institut technologique europ\u00e9en des m\u00e9tiers de la musique au Mans (72)","publisher":{"@id":"https:\/\/itemm.fr\/itemm\/#organization"},"potentialAction":[{"@type":"SearchAction","target":{"@type":"EntryPoint","urlTemplate":"https:\/\/itemm.fr\/itemm\/?s={search_term_string}"},"query-input":{"@type":"PropertyValueSpecification","valueRequired":true,"valueName":"search_term_string"}}],"inLanguage":"fr-FR"},{"@type":"Organization","@id":"https:\/\/itemm.fr\/itemm\/#organization","name":"ITEMM","alternateName":"ITEMM","url":"https:\/\/itemm.fr\/itemm\/","logo":{"@type":"ImageObject","inLanguage":"fr-FR","@id":"https:\/\/itemm.fr\/itemm\/#\/schema\/logo\/image\/","url":"https:\/\/itemm.fr\/itemm\/wp-content\/uploads\/2021\/12\/logo-itemm-piano-on.png","contentUrl":"https:\/\/itemm.fr\/itemm\/wp-content\/uploads\/2021\/12\/logo-itemm-piano-on.png","width":446,"height":294,"caption":"ITEMM"},"image":{"@id":"https:\/\/itemm.fr\/itemm\/#\/schema\/logo\/image\/"},"sameAs":["https:\/\/www.facebook.com\/itemm.lemans","https:\/\/www.instagram.com\/itemmlemans\/","https:\/\/www.linkedin.com\/in\/itemm\/"]}]}},"_links":{"self":[{"href":"https:\/\/itemm.fr\/itemm\/wp-json\/wp\/v2\/pages\/12915","targetHints":{"allow":["GET"]}}],"collection":[{"href":"https:\/\/itemm.fr\/itemm\/wp-json\/wp\/v2\/pages"}],"about":[{"href":"https:\/\/itemm.fr\/itemm\/wp-json\/wp\/v2\/types\/page"}],"author":[{"embeddable":true,"href":"https:\/\/itemm.fr\/itemm\/wp-json\/wp\/v2\/users\/3004"}],"replies":[{"embeddable":true,"href":"https:\/\/itemm.fr\/itemm\/wp-json\/wp\/v2\/comments?post=12915"}],"version-history":[{"count":0,"href":"https:\/\/itemm.fr\/itemm\/wp-json\/wp\/v2\/pages\/12915\/revisions"}],"up":[{"embeddable":true,"href":"https:\/\/itemm.fr\/itemm\/wp-json\/wp\/v2\/pages\/17130"}],"wp:attachment":[{"href":"https:\/\/itemm.fr\/itemm\/wp-json\/wp\/v2\/media?parent=12915"}],"wp:term":[{"taxonomy":"category","embeddable":true,"href":"https:\/\/itemm.fr\/itemm\/wp-json\/wp\/v2\/categories?post=12915"}],"curies":[{"name":"wp","href":"https:\/\/api.w.org\/{rel}","templated":true}]}}