{"id":10305,"date":"2013-10-17T11:12:41","date_gmt":"2013-10-17T09:12:41","guid":{"rendered":"https:\/\/itemm.fr\/itemm\/?page_id=10305"},"modified":"2025-09-24T11:57:03","modified_gmt":"2025-09-24T09:57:03","slug":"informations-pratiques","status":"publish","type":"page","link":"https:\/\/itemm.fr\/itemm\/a-propos-de-litemm\/informations-pratiques\/","title":{"rendered":"Informations pratiques"},"content":{"rendered":"\t\t<div data-elementor-type=\"wp-post\" data-elementor-id=\"10305\" class=\"elementor elementor-10305\" data-elementor-post-type=\"page\">\n\t\t\t\t\t\t<section class=\"elementor-section elementor-top-section elementor-element elementor-element-d5a9d8c elementor-section-boxed elementor-section-height-default elementor-section-height-default\" data-id=\"d5a9d8c\" data-element_type=\"section\" data-e-type=\"section\" data-settings=\"{&quot;ekit_has_onepagescroll_dot&quot;:&quot;yes&quot;}\">\n\t\t\t\t\t\t<div class=\"elementor-container elementor-column-gap-wide\">\n\t\t\t\t\t<div class=\"elementor-column elementor-col-50 elementor-top-column elementor-element elementor-element-41e1341\" data-id=\"41e1341\" data-element_type=\"column\" data-e-type=\"column\">\n\t\t\t<div class=\"elementor-widget-wrap elementor-element-populated\">\n\t\t\t\t\t\t<div class=\"elementor-element elementor-element-c7d1cb1 elementor-widget elementor-widget-text-editor\" data-id=\"c7d1cb1\" data-element_type=\"widget\" data-e-type=\"widget\" data-settings=\"{&quot;ekit_we_effect_on&quot;:&quot;none&quot;}\" data-widget_type=\"text-editor.default\">\n\t\t\t\t\t\t\t\t\t<h4>Nous contacter<\/h4><p>Institut Technologique Europ\u00e9en des M\u00e9tiers de la Musique<br \/>71, avenue Olivier Messiaen<br \/>72000 Le Mans \u2013 FRANCE<br \/>t\u00e9l\u00e9phone : +33 (0)2 43 39 39 00<\/p><h4>Venir \u00e0 l\u2019ITEMM<\/h4><p><strong>Horaires d\u2019ouverture :<\/strong><\/p><p>8 h &#8211; 18 h du lundi au vendredi<\/p><div><p><strong>Plan d\u2019acc\u00e8s :<\/strong><br \/><iframe style=\"border: 0;\" src=\"https:\/\/www.google.com\/maps\/embed?pb=!1m14!1m8!1m3!1d10675.788582888888!2d0.154538!3d48.014731!3m2!1i1024!2i768!4f13.1!3m3!1m2!1s0x0%3A0x6ba4e98d4a1be259!2sITEMM!5e0!3m2!1sfr!2sfr!4v1557395950263!5m2!1sfr!2sfr\" width=\"600\" height=\"250\" frameborder=\"0\" allowfullscreen=\"allowfullscreen\"><\/iframe><br \/>\u00a0<strong>Par l\u2019autoroute\u00a0:<\/strong><\/p><ul><li>en venant de Paris ou de Nantes par l\u2019autoroute A11, prendre la sortie 8 Le Mans-Ouest \/ Universit\u00e9<\/li><li>en venant de l\u2019autoroute A81 (Rennes) ou de l\u2019autoroute A28 (Alen\u00e7on-Tours), rejoindre l\u2019autoroute A11 (direction Nantes) et prendre la sortie 8 Le Mans Ouest\/Universit\u00e9<\/li><\/ul><p><strong>Par la route nationale\u00a0:<\/strong><\/p><ul><li>depuis le centre-ville ou la rocade prendre la direction Laval-Rennes (RN 157), l\u2019ITEMM se situe pr\u00e8s du rond-point de la patinoire<\/li><\/ul><p><strong>Par le train\u00a0:<\/strong><\/p><ul><li>connexion avec Paris : 50 min<\/li><li>\u00e0 la gare du Mans prendre la sortie Gare Nord pour la liaison par tramway<\/li><li>tramway direction\u00a0 \u00ab\u00a0Universit\u00e9\u00a0\u00bb jusqu\u2019au terminus (Universit\u00e9) \u2013 25 min.<\/li><\/ul><p><strong>En tramway\u00a0:<\/strong><\/p><ul><li>direction\u00a0 \u00ab\u00a0Universit\u00e9\u00a0\u00bb jusqu\u2019au terminus (Universit\u00e9) \u2013 25 min.<\/li><\/ul><p>Plus d\u2019informations sur le site de la Setram : <a href=\"http:\/\/www.setram.fr\" target=\"_blank\" rel=\"noopener\">http:\/\/www.setram.fr<\/a><\/p><\/div>\t\t\t\t\t\t\t\t<\/div>\n\t\t\t\t\t<\/div>\n\t\t<\/div>\n\t\t\t\t<div class=\"elementor-column elementor-col-50 elementor-top-column elementor-element elementor-element-0d49cd1\" data-id=\"0d49cd1\" data-element_type=\"column\" data-e-type=\"column\" data-settings=\"{&quot;background_background&quot;:&quot;classic&quot;}\">\n\t\t\t<div class=\"elementor-widget-wrap elementor-element-populated\">\n\t\t\t\t\t\t<div class=\"elementor-element elementor-element-b11308d elementor-widget elementor-widget-wpforms\" data-id=\"b11308d\" data-element_type=\"widget\" data-e-type=\"widget\" data-settings=\"{&quot;ekit_we_effect_on&quot;:&quot;none&quot;}\" data-widget_type=\"wpforms.default\">\n\t\t\t\t<div class=\"elementor-widget-container\">\n\t\t\t\t\t<div class=\"wpforms-container wpforms-container-full wpforms-render-modern\" id=\"wpforms-26032\"><form id=\"wpforms-form-26032\" class=\"wpforms-validate wpforms-form\" data-formid=\"26032\" method=\"post\" enctype=\"multipart\/form-data\" action=\"\/itemm\/wp-json\/wp\/v2\/pages\/10305\" data-token=\"cd7a68f3719f467c1d51b4e617647b2a\" data-token-time=\"1776204880\"><noscript class=\"wpforms-error-noscript\">Veuillez activer JavaScript dans votre navigateur pour remplir ce formulaire.<\/noscript><div id=\"wpforms-error-noscript\" style=\"display: none;\">Veuillez activer JavaScript dans votre navigateur pour remplir ce formulaire.<\/div><div class=\"wpforms-field-container\"><div id=\"wpforms-26032-field_2-container\" class=\"wpforms-field wpforms-field-radio wpforms-list-inline\" data-field-id=\"2\"><fieldset><legend class=\"wpforms-field-label\">Civilit\u00e9 <span class=\"wpforms-required-label\" aria-hidden=\"true\">*<\/span><\/legend><ul id=\"wpforms-26032-field_2\" class=\"wpforms-field-required\"><li class=\"choice-0 depth-1\"><input type=\"radio\" id=\"wpforms-26032-field_2_0\" name=\"wpforms[fields][2]\" value=\"Mlle\" aria-errormessage=\"wpforms-26032-field_2_0-error\" required ><label class=\"wpforms-field-label-inline\" for=\"wpforms-26032-field_2_0\">Mlle<\/label><\/li><li class=\"choice-1 depth-1\"><input type=\"radio\" id=\"wpforms-26032-field_2_1\" name=\"wpforms[fields][2]\" value=\"Mme\" aria-errormessage=\"wpforms-26032-field_2_1-error\" required ><label class=\"wpforms-field-label-inline\" for=\"wpforms-26032-field_2_1\">Mme<\/label><\/li><li class=\"choice-2 depth-1\"><input type=\"radio\" id=\"wpforms-26032-field_2_2\" name=\"wpforms[fields][2]\" value=\"M\" aria-errormessage=\"wpforms-26032-field_2_2-error\" required ><label class=\"wpforms-field-label-inline\" for=\"wpforms-26032-field_2_2\">M<\/label><\/li><\/ul><\/fieldset><\/div><div id=\"wpforms-26032-field_3-container\" class=\"wpforms-field wpforms-field-text wpforms-one-half wpforms-first\" data-field-id=\"3\"><label class=\"wpforms-field-label\" for=\"wpforms-26032-field_3\">Nom <span class=\"wpforms-required-label\" aria-hidden=\"true\">*<\/span><\/label><input type=\"text\" id=\"wpforms-26032-field_3\" class=\"wpforms-field-large wpforms-field-required\" name=\"wpforms[fields][3]\" aria-errormessage=\"wpforms-26032-field_3-error\" required><\/div><div id=\"wpforms-26032-field_4-container\" class=\"wpforms-field wpforms-field-text wpforms-one-half\" data-field-id=\"4\"><label class=\"wpforms-field-label\" for=\"wpforms-26032-field_4\">Pr\u00e9nom <span class=\"wpforms-required-label\" aria-hidden=\"true\">*<\/span><\/label><input type=\"text\" id=\"wpforms-26032-field_4\" class=\"wpforms-field-large wpforms-field-required\" name=\"wpforms[fields][4]\" aria-errormessage=\"wpforms-26032-field_4-error\" required><\/div><div id=\"wpforms-26032-field_22-container\" class=\"wpforms-field wpforms-field-layout\" data-field-id=\"22\"><div class=\"wpforms-field-layout-rows wpforms-field-large\"><div class=\"wpforms-layout-row\"><div class=\"wpforms-layout-column wpforms-layout-column-50\"><div id=\"wpforms-26032-field_10-container\" class=\"wpforms-field wpforms-field-email\" data-field-id=\"10\"><label class=\"wpforms-field-label\" for=\"wpforms-26032-field_10\">Email <span class=\"wpforms-required-label\" aria-hidden=\"true\">*<\/span><\/label><input type=\"email\" id=\"wpforms-26032-field_10\" class=\"wpforms-field-small wpforms-field-required\" name=\"wpforms[fields][10]\" spellcheck=\"false\" aria-errormessage=\"wpforms-26032-field_10-error\" required><\/div><\/div><div class=\"wpforms-layout-column wpforms-layout-column-50\"><div id=\"wpforms-26032-field_17-container\" class=\"wpforms-field wpforms-field-phone\" data-field-id=\"17\"><label class=\"wpforms-field-label\" for=\"wpforms-26032-field_17\">T\u00e9l\u00e9phone <span class=\"wpforms-required-label\" aria-hidden=\"true\">*<\/span><\/label><input type=\"tel\" id=\"wpforms-26032-field_17\" class=\"wpforms-field-small wpforms-field-required\" data-rule-int-phone-field=\"true\" name=\"wpforms[fields][17]\" aria-label=\"T\u00e9l\u00e9phone\" aria-errormessage=\"wpforms-26032-field_17-error\" required><\/div><\/div><\/div><\/div><\/div><div id=\"wpforms-26032-field_11-container\" class=\"wpforms-field wpforms-field-select wpforms-field-select-style-modern\" data-field-id=\"11\"><label class=\"wpforms-field-label\" for=\"wpforms-26032-field_11\">Votre interlocuteur <span class=\"wpforms-required-label\" aria-hidden=\"true\">*<\/span><\/label><select id=\"wpforms-26032-field_11\" class=\"wpforms-field-large wpforms-field-required choicesjs-select\" data-size-class=\"wpforms-field-row wpforms-field-large\" data-search-enabled=\"1\" name=\"wpforms[fields][11]\" required=\"required\"><option value=\"\" class=\"placeholder\" disabled  selected='selected'><\/option><option value=\"Direction g\u00e9n\u00e9rale\"  class=\"choice-0 depth-1\"  >Direction g\u00e9n\u00e9rale<\/option><option value=\"Direction administrative et financi\u00e8re\"  class=\"choice-1 depth-1\"  >Direction administrative et financi\u00e8re<\/option><option value=\"Service formation intensive\"  class=\"choice-4 depth-1\"  >Service formation intensive<\/option><option value=\"Service formation alternance\/apprentissage\"  class=\"choice-10 depth-1\"  >Service formation alternance\/apprentissage<\/option><option value=\"Formation professionnelle continue\"  class=\"choice-6 depth-1\"  >Formation professionnelle continue<\/option><option value=\"Service communication\"  class=\"choice-5 depth-1\"  >Service communication<\/option><option value=\"P\u00f4le recherche et innovation\"  class=\"choice-9 depth-1\"  >P\u00f4le recherche et innovation<\/option><option value=\"Centre de ressources\"  class=\"choice-7 depth-1\"  >Centre de ressources<\/option><option value=\"D\u00e9l\u00e9gu\u00e9 \u00e0 la protection des donn\u00e9es\"  class=\"choice-8 depth-1\"  >D\u00e9l\u00e9gu\u00e9 \u00e0 la protection des donn\u00e9es<\/option><\/select><\/div><div id=\"wpforms-26032-field_1-container\" class=\"wpforms-field wpforms-field-text\" data-field-id=\"1\"><label class=\"wpforms-field-label\" for=\"wpforms-26032-field_1\">Sujet <span class=\"wpforms-required-label\" aria-hidden=\"true\">*<\/span><\/label><input type=\"text\" id=\"wpforms-26032-field_1\" class=\"wpforms-field-large wpforms-field-required\" name=\"wpforms[fields][1]\" aria-errormessage=\"wpforms-26032-field_1-error\" required><\/div><div id=\"wpforms-26032-field_14-container\" class=\"wpforms-field wpforms-field-textarea\" data-field-id=\"14\"><label class=\"wpforms-field-label\" for=\"wpforms-26032-field_14\">Votre message <span class=\"wpforms-required-label\" aria-hidden=\"true\">*<\/span><\/label><textarea id=\"wpforms-26032-field_14\" class=\"wpforms-field-medium wpforms-field-required\" name=\"wpforms[fields][14]\" aria-errormessage=\"wpforms-26032-field_14-error\" required><\/textarea><\/div><div id=\"wpforms-26032-field_15-container\" class=\"wpforms-field wpforms-field-gdpr-checkbox\" data-field-id=\"15\"><label class=\"wpforms-field-label\">Accord RGPD <span class=\"wpforms-required-label\" aria-hidden=\"true\">*<\/span><\/label><ul id=\"wpforms-26032-field_15\" class=\"wpforms-field-required\"><li class=\"choice-1\"><input type=\"checkbox\" id=\"wpforms-26032-field_15_1\" name=\"wpforms[fields][15][]\" value=\"Je consens \u00e0 ce que ce site stocke mes informations envoy\u00e9es afin qu\u2019ils puissent r\u00e9pondre \u00e0 ma requ\u00eate.\" aria-errormessage=\"wpforms-26032-field_15_1-error\" required ><label class=\"wpforms-field-label-inline\" for=\"wpforms-26032-field_15_1\">Je consens \u00e0 ce que ce site stocke mes informations envoy\u00e9es afin qu\u2019ils puissent r\u00e9pondre \u00e0 ma requ\u00eate.<\/label><\/li><\/ul><\/div><\/div><!-- .wpforms-field-container --><div class=\"wpforms-field wpforms-field-hp\"><label for=\"wpforms-26032-field-hp\" class=\"wpforms-field-label\">Message<\/label><input type=\"text\" name=\"wpforms[hp]\" id=\"wpforms-26032-field-hp\" class=\"wpforms-field-medium\"><\/div><div class=\"wpforms-recaptcha-container wpforms-is-recaptcha wpforms-is-recaptcha-type-v3\" ><input type=\"hidden\" name=\"wpforms[recaptcha]\" value=\"\"><\/div><div class=\"wpforms-submit-container\" ><input type=\"hidden\" name=\"wpforms[id]\" value=\"26032\"><input type=\"hidden\" name=\"page_title\" value=\"\"><input type=\"hidden\" name=\"page_url\" value=\"https:\/\/itemm.fr\/itemm\/wp-json\/wp\/v2\/pages\/10305\"><input type=\"hidden\" name=\"url_referer\" value=\"\"><button type=\"submit\" name=\"wpforms[submit]\" id=\"wpforms-submit-26032\" class=\"wpforms-submit\" data-alt-text=\"Sending\" data-submit-text=\"Envoyer\" aria-live=\"assertive\" value=\"wpforms-submit\">Envoyer<\/button><\/div><\/form><\/div>  <!-- .wpforms-container -->\t\t\t\t<\/div>\n\t\t\t\t<\/div>\n\t\t\t\t\t<\/div>\n\t\t<\/div>\n\t\t\t\t\t<\/div>\n\t\t<\/section>\n\t\t\t\t<\/div>\n\t\t","protected":false},"excerpt":{"rendered":"<p>Nous contacter Institut Technologique Europ\u00e9en des M\u00e9tiers de la Musique71, avenue Olivier Messiaen72000 Le Mans \u2013 FRANCEt\u00e9l\u00e9phone : +33 (0)2 43 39 39 00 Venir \u00e0 l\u2019ITEMM Horaires d\u2019ouverture : 8 h &#8211; 18 h du lundi au vendredi Plan d\u2019acc\u00e8s :\u00a0Par l\u2019autoroute\u00a0: en venant de Paris ou de Nantes par l\u2019autoroute A11, prendre la&hellip;<\/p>\n","protected":false},"author":3004,"featured_media":0,"parent":7,"menu_order":0,"comment_status":"closed","ping_status":"open","template":"","meta":{"_acf_changed":false,"footnotes":""},"categories":[],"class_list":["post-10305","page","type-page","status-publish","hentry"],"acf":[],"yoast_head":"<!-- This site is optimized with the Yoast SEO plugin v27.4 - https:\/\/yoast.com\/product\/yoast-seo-wordpress\/ -->\n<title>Informations pratiques | Itemm -<\/title>\n<meta name=\"robots\" content=\"index, follow, max-snippet:-1, max-image-preview:large, max-video-preview:-1\" \/>\n<link rel=\"canonical\" href=\"https:\/\/itemm.fr\/itemm\/a-propos-de-litemm\/informations-pratiques\/\" \/>\n<meta property=\"og:locale\" content=\"fr_FR\" \/>\n<meta property=\"og:type\" content=\"article\" \/>\n<meta property=\"og:title\" content=\"Informations pratiques | Itemm -\" \/>\n<meta property=\"og:description\" content=\"Nous contacter Institut Technologique Europ\u00e9en des M\u00e9tiers de la Musique71, avenue Olivier Messiaen72000 Le Mans \u2013 FRANCEt\u00e9l\u00e9phone : +33 (0)2 43 39 39 00 Venir \u00e0 l\u2019ITEMM Horaires d\u2019ouverture : 8 h &#8211; 18 h du lundi au vendredi Plan d\u2019acc\u00e8s :\u00a0Par l\u2019autoroute\u00a0: en venant de Paris ou de Nantes par l\u2019autoroute A11, prendre la&hellip;\" \/>\n<meta property=\"og:url\" content=\"https:\/\/itemm.fr\/itemm\/a-propos-de-litemm\/informations-pratiques\/\" \/>\n<meta property=\"og:site_name\" content=\"Itemm -\" \/>\n<meta property=\"article:publisher\" content=\"https:\/\/www.facebook.com\/itemm.lemans\" \/>\n<meta property=\"article:modified_time\" content=\"2025-09-24T09:57:03+00:00\" \/>\n<meta property=\"og:image\" content=\"https:\/\/itemm.fr\/itemm\/wp-content\/uploads\/2023\/02\/DRONE-ITEMM-\u00a9-BDVA-9.jpg\" \/>\n\t<meta property=\"og:image:width\" content=\"2048\" \/>\n\t<meta property=\"og:image:height\" content=\"1152\" \/>\n\t<meta property=\"og:image:type\" content=\"image\/jpeg\" \/>\n<script type=\"application\/ld+json\" class=\"yoast-schema-graph\">{\"@context\":\"https:\\\/\\\/schema.org\",\"@graph\":[{\"@type\":\"WebPage\",\"@id\":\"https:\\\/\\\/itemm.fr\\\/itemm\\\/a-propos-de-litemm\\\/informations-pratiques\\\/\",\"url\":\"https:\\\/\\\/itemm.fr\\\/itemm\\\/a-propos-de-litemm\\\/informations-pratiques\\\/\",\"name\":\"Informations pratiques | Itemm -\",\"isPartOf\":{\"@id\":\"https:\\\/\\\/itemm.fr\\\/itemm\\\/#website\"},\"datePublished\":\"2013-10-17T09:12:41+00:00\",\"dateModified\":\"2025-09-24T09:57:03+00:00\",\"breadcrumb\":{\"@id\":\"https:\\\/\\\/itemm.fr\\\/itemm\\\/a-propos-de-litemm\\\/informations-pratiques\\\/#breadcrumb\"},\"inLanguage\":\"fr-FR\",\"potentialAction\":[{\"@type\":\"ReadAction\",\"target\":[\"https:\\\/\\\/itemm.fr\\\/itemm\\\/a-propos-de-litemm\\\/informations-pratiques\\\/\"]}]},{\"@type\":\"BreadcrumbList\",\"@id\":\"https:\\\/\\\/itemm.fr\\\/itemm\\\/a-propos-de-litemm\\\/informations-pratiques\\\/#breadcrumb\",\"itemListElement\":[{\"@type\":\"ListItem\",\"position\":1,\"name\":\"Accueil\",\"item\":\"https:\\\/\\\/itemm.fr\\\/itemm\\\/\"},{\"@type\":\"ListItem\",\"position\":2,\"name\":\"\u00c0 propos de l&#8217;Itemm\",\"item\":\"https:\\\/\\\/itemm.fr\\\/itemm\\\/a-propos-de-litemm\\\/\"},{\"@type\":\"ListItem\",\"position\":3,\"name\":\"Informations pratiques\"}]},{\"@type\":\"WebSite\",\"@id\":\"https:\\\/\\\/itemm.fr\\\/itemm\\\/#website\",\"url\":\"https:\\\/\\\/itemm.fr\\\/itemm\\\/\",\"name\":\"Itemm\",\"description\":\"Institut technologique europ\u00e9en des m\u00e9tiers de la musique au Mans (72)\",\"publisher\":{\"@id\":\"https:\\\/\\\/itemm.fr\\\/itemm\\\/#organization\"},\"potentialAction\":[{\"@type\":\"SearchAction\",\"target\":{\"@type\":\"EntryPoint\",\"urlTemplate\":\"https:\\\/\\\/itemm.fr\\\/itemm\\\/?s={search_term_string}\"},\"query-input\":{\"@type\":\"PropertyValueSpecification\",\"valueRequired\":true,\"valueName\":\"search_term_string\"}}],\"inLanguage\":\"fr-FR\"},{\"@type\":\"Organization\",\"@id\":\"https:\\\/\\\/itemm.fr\\\/itemm\\\/#organization\",\"name\":\"ITEMM\",\"alternateName\":\"ITEMM\",\"url\":\"https:\\\/\\\/itemm.fr\\\/itemm\\\/\",\"logo\":{\"@type\":\"ImageObject\",\"inLanguage\":\"fr-FR\",\"@id\":\"https:\\\/\\\/itemm.fr\\\/itemm\\\/#\\\/schema\\\/logo\\\/image\\\/\",\"url\":\"https:\\\/\\\/itemm.fr\\\/itemm\\\/wp-content\\\/uploads\\\/2021\\\/12\\\/logo-itemm-piano-on.png\",\"contentUrl\":\"https:\\\/\\\/itemm.fr\\\/itemm\\\/wp-content\\\/uploads\\\/2021\\\/12\\\/logo-itemm-piano-on.png\",\"width\":446,\"height\":294,\"caption\":\"ITEMM\"},\"image\":{\"@id\":\"https:\\\/\\\/itemm.fr\\\/itemm\\\/#\\\/schema\\\/logo\\\/image\\\/\"},\"sameAs\":[\"https:\\\/\\\/www.facebook.com\\\/itemm.lemans\",\"https:\\\/\\\/www.instagram.com\\\/itemmlemans\\\/\",\"https:\\\/\\\/www.linkedin.com\\\/in\\\/itemm\\\/\"]}]}<\/script>\n<!-- \/ Yoast SEO plugin. -->","yoast_head_json":{"title":"Informations pratiques | Itemm -","robots":{"index":"index","follow":"follow","max-snippet":"max-snippet:-1","max-image-preview":"max-image-preview:large","max-video-preview":"max-video-preview:-1"},"canonical":"https:\/\/itemm.fr\/itemm\/a-propos-de-litemm\/informations-pratiques\/","og_locale":"fr_FR","og_type":"article","og_title":"Informations pratiques | Itemm -","og_description":"Nous contacter Institut Technologique Europ\u00e9en des M\u00e9tiers de la Musique71, avenue Olivier Messiaen72000 Le Mans \u2013 FRANCEt\u00e9l\u00e9phone : +33 (0)2 43 39 39 00 Venir \u00e0 l\u2019ITEMM Horaires d\u2019ouverture : 8 h &#8211; 18 h du lundi au vendredi Plan d\u2019acc\u00e8s :\u00a0Par l\u2019autoroute\u00a0: en venant de Paris ou de Nantes par l\u2019autoroute A11, prendre la&hellip;","og_url":"https:\/\/itemm.fr\/itemm\/a-propos-de-litemm\/informations-pratiques\/","og_site_name":"Itemm -","article_publisher":"https:\/\/www.facebook.com\/itemm.lemans","article_modified_time":"2025-09-24T09:57:03+00:00","og_image":[{"width":2048,"height":1152,"url":"https:\/\/itemm.fr\/itemm\/wp-content\/uploads\/2023\/02\/DRONE-ITEMM-\u00a9-BDVA-9.jpg","type":"image\/jpeg"}],"schema":{"@context":"https:\/\/schema.org","@graph":[{"@type":"WebPage","@id":"https:\/\/itemm.fr\/itemm\/a-propos-de-litemm\/informations-pratiques\/","url":"https:\/\/itemm.fr\/itemm\/a-propos-de-litemm\/informations-pratiques\/","name":"Informations pratiques | Itemm -","isPartOf":{"@id":"https:\/\/itemm.fr\/itemm\/#website"},"datePublished":"2013-10-17T09:12:41+00:00","dateModified":"2025-09-24T09:57:03+00:00","breadcrumb":{"@id":"https:\/\/itemm.fr\/itemm\/a-propos-de-litemm\/informations-pratiques\/#breadcrumb"},"inLanguage":"fr-FR","potentialAction":[{"@type":"ReadAction","target":["https:\/\/itemm.fr\/itemm\/a-propos-de-litemm\/informations-pratiques\/"]}]},{"@type":"BreadcrumbList","@id":"https:\/\/itemm.fr\/itemm\/a-propos-de-litemm\/informations-pratiques\/#breadcrumb","itemListElement":[{"@type":"ListItem","position":1,"name":"Accueil","item":"https:\/\/itemm.fr\/itemm\/"},{"@type":"ListItem","position":2,"name":"\u00c0 propos de l&#8217;Itemm","item":"https:\/\/itemm.fr\/itemm\/a-propos-de-litemm\/"},{"@type":"ListItem","position":3,"name":"Informations pratiques"}]},{"@type":"WebSite","@id":"https:\/\/itemm.fr\/itemm\/#website","url":"https:\/\/itemm.fr\/itemm\/","name":"Itemm","description":"Institut technologique europ\u00e9en des m\u00e9tiers de la musique au Mans (72)","publisher":{"@id":"https:\/\/itemm.fr\/itemm\/#organization"},"potentialAction":[{"@type":"SearchAction","target":{"@type":"EntryPoint","urlTemplate":"https:\/\/itemm.fr\/itemm\/?s={search_term_string}"},"query-input":{"@type":"PropertyValueSpecification","valueRequired":true,"valueName":"search_term_string"}}],"inLanguage":"fr-FR"},{"@type":"Organization","@id":"https:\/\/itemm.fr\/itemm\/#organization","name":"ITEMM","alternateName":"ITEMM","url":"https:\/\/itemm.fr\/itemm\/","logo":{"@type":"ImageObject","inLanguage":"fr-FR","@id":"https:\/\/itemm.fr\/itemm\/#\/schema\/logo\/image\/","url":"https:\/\/itemm.fr\/itemm\/wp-content\/uploads\/2021\/12\/logo-itemm-piano-on.png","contentUrl":"https:\/\/itemm.fr\/itemm\/wp-content\/uploads\/2021\/12\/logo-itemm-piano-on.png","width":446,"height":294,"caption":"ITEMM"},"image":{"@id":"https:\/\/itemm.fr\/itemm\/#\/schema\/logo\/image\/"},"sameAs":["https:\/\/www.facebook.com\/itemm.lemans","https:\/\/www.instagram.com\/itemmlemans\/","https:\/\/www.linkedin.com\/in\/itemm\/"]}]}},"_links":{"self":[{"href":"https:\/\/itemm.fr\/itemm\/wp-json\/wp\/v2\/pages\/10305","targetHints":{"allow":["GET"]}}],"collection":[{"href":"https:\/\/itemm.fr\/itemm\/wp-json\/wp\/v2\/pages"}],"about":[{"href":"https:\/\/itemm.fr\/itemm\/wp-json\/wp\/v2\/types\/page"}],"author":[{"embeddable":true,"href":"https:\/\/itemm.fr\/itemm\/wp-json\/wp\/v2\/users\/3004"}],"replies":[{"embeddable":true,"href":"https:\/\/itemm.fr\/itemm\/wp-json\/wp\/v2\/comments?post=10305"}],"version-history":[{"count":0,"href":"https:\/\/itemm.fr\/itemm\/wp-json\/wp\/v2\/pages\/10305\/revisions"}],"up":[{"embeddable":true,"href":"https:\/\/itemm.fr\/itemm\/wp-json\/wp\/v2\/pages\/7"}],"wp:attachment":[{"href":"https:\/\/itemm.fr\/itemm\/wp-json\/wp\/v2\/media?parent=10305"}],"wp:term":[{"taxonomy":"category","embeddable":true,"href":"https:\/\/itemm.fr\/itemm\/wp-json\/wp\/v2\/categories?post=10305"}],"curies":[{"name":"wp","href":"https:\/\/api.w.org\/{rel}","templated":true}]}}